{"id":27657,"date":"2025-03-10T05:02:42","date_gmt":"2025-03-10T03:02:42","guid":{"rendered":"https:\/\/vinilozona.lt\/?post_type=product&#038;p=27657"},"modified":"2025-03-09T07:24:38","modified_gmt":"2025-03-09T05:24:38","slug":"john-mayall-new-year-new-band-new-company","status":"publish","type":"product","link":"https:\/\/vinilozona.lt\/en\/parduotuve\/rock-pop\/john-mayall-new-year-new-band-new-company\/","title":{"rendered":"John Mayall \u2013 New Year, New Band, New Company"},"content":{"rendered":"<p>A1\t\tSitting On The Outside\t6:01<br \/>\nA2\t\tCan&#8217;t Get Home\t4:03<br \/>\nA3\t\tStep In The Sun\t3:13<br \/>\nA4\t\tTo Match The Wind\t4:32<br \/>\nA5\t\tSweet Scorpio\t3:20<br \/>\nB1\t\tDriving On\t2:23<br \/>\nB2\t\tTaxman Blues\t3:10<br \/>\nB3\t\tSo Much To Do\t6:25<br \/>\nB4\t\tMy Train Time\t4:42<br \/>\nB5\t\tRespectfully Yours\t5:20<\/p>","protected":false},"excerpt":{"rendered":"<p>ABC Blue Thumb \u2013 88 834 XOT<br \/>\nFormat:<br \/>\nVinyl, LP, Album, Stereo, Gatefold Sleeve<br \/>\nCountry:<br \/>\nGermany<br \/>\nReleased:<br \/>\n1975<\/p>","protected":false},"featured_media":27658,"template":"","meta":[],"product_cat":[15],"product_tag":[44],"yoast_head":"<!-- This site is optimized with the Yoast SEO plugin v23.5 - https:\/\/yoast.com\/wordpress\/plugins\/seo\/ -->\n<title>John Mayall \u2013 New Year, New Band, New Company Vinilin\u0117 Plok\u0161tel\u0117 | Vinilozona.lt<\/title>\n<meta name=\"robots\" content=\"index, follow, max-snippet:-1, max-image-preview:large, max-video-preview:-1\" \/>\n<link rel=\"canonical\" href=\"https:\/\/vinilozona.lt\/en\/parduotuve\/rock-pop\/john-mayall-new-year-new-band-new-company\/\" \/>\n<meta property=\"og:locale\" content=\"en_GB\" \/>\n<meta property=\"og:type\" content=\"article\" \/>\n<meta property=\"og:title\" content=\"John Mayall \u2013 New Year, New Band, New Company Vinilin\u0117 Plok\u0161tel\u0117 | Vinilozona.lt\" \/>\n<meta property=\"og:description\" content=\"ABC Blue Thumb \u2013 88 834 XOT Format: Vinyl, LP, Album, Stereo, Gatefold Sleeve Country: Germany Released: 1975\" \/>\n<meta property=\"og:url\" content=\"https:\/\/vinilozona.lt\/en\/parduotuve\/rock-pop\/john-mayall-new-year-new-band-new-company\/\" \/>\n<meta property=\"og:site_name\" content=\"Vinilo Zona\" \/>\n<meta property=\"article:modified_time\" content=\"2025-03-09T05:24:38+00:00\" \/>\n<meta property=\"og:image\" content=\"https:\/\/vinilozona.lt\/wp-content\/uploads\/2025\/03\/R-3547276-1505033676-8296.jpg\" \/>\n\t<meta property=\"og:image:width\" content=\"453\" \/>\n\t<meta property=\"og:image:height\" content=\"444\" \/>\n\t<meta property=\"og:image:type\" content=\"image\/jpeg\" \/>\n<meta name=\"twitter:card\" content=\"summary_large_image\" \/>\n<meta name=\"twitter:label1\" content=\"Estimated reading time\" \/>\n\t<meta name=\"twitter:data1\" content=\"1 minute\" \/>\n<script type=\"application\/ld+json\" class=\"yoast-schema-graph\">{\"@context\":\"https:\/\/schema.org\",\"@graph\":[{\"@type\":\"WebPage\",\"@id\":\"https:\/\/vinilozona.lt\/parduotuve\/rock-pop\/john-mayall-new-year-new-band-new-company\/\",\"url\":\"https:\/\/vinilozona.lt\/parduotuve\/rock-pop\/john-mayall-new-year-new-band-new-company\/\",\"name\":\"John Mayall \u2013 New Year, New Band, New Company Vinilin\u0117 Plok\u0161tel\u0117 | Vinilozona.lt\",\"isPartOf\":{\"@id\":\"https:\/\/vinilozona.lt\/#website\"},\"primaryImageOfPage\":{\"@id\":\"https:\/\/vinilozona.lt\/parduotuve\/rock-pop\/john-mayall-new-year-new-band-new-company\/#primaryimage\"},\"image\":{\"@id\":\"https:\/\/vinilozona.lt\/parduotuve\/rock-pop\/john-mayall-new-year-new-band-new-company\/#primaryimage\"},\"thumbnailUrl\":\"https:\/\/vinilozona.lt\/wp-content\/uploads\/2025\/03\/R-3547276-1505033676-8296.jpg\",\"datePublished\":\"2025-03-10T03:02:42+00:00\",\"dateModified\":\"2025-03-09T05:24:38+00:00\",\"breadcrumb\":{\"@id\":\"https:\/\/vinilozona.lt\/parduotuve\/rock-pop\/john-mayall-new-year-new-band-new-company\/#breadcrumb\"},\"inLanguage\":\"en-GB\",\"potentialAction\":[{\"@type\":\"ReadAction\",\"target\":[\"https:\/\/vinilozona.lt\/parduotuve\/rock-pop\/john-mayall-new-year-new-band-new-company\/\"]}]},{\"@type\":\"ImageObject\",\"inLanguage\":\"en-GB\",\"@id\":\"https:\/\/vinilozona.lt\/parduotuve\/rock-pop\/john-mayall-new-year-new-band-new-company\/#primaryimage\",\"url\":\"https:\/\/vinilozona.lt\/wp-content\/uploads\/2025\/03\/R-3547276-1505033676-8296.jpg\",\"contentUrl\":\"https:\/\/vinilozona.lt\/wp-content\/uploads\/2025\/03\/R-3547276-1505033676-8296.jpg\",\"width\":453,\"height\":444},{\"@type\":\"BreadcrumbList\",\"@id\":\"https:\/\/vinilozona.lt\/parduotuve\/rock-pop\/john-mayall-new-year-new-band-new-company\/#breadcrumb\",\"itemListElement\":[{\"@type\":\"ListItem\",\"position\":1,\"name\":\"Home\",\"item\":\"https:\/\/vinilozona.lt\/\"},{\"@type\":\"ListItem\",\"position\":2,\"name\":\"Parduotuv\u0117\",\"item\":\"https:\/\/vinilozona.lt\/parduotuve\/\"},{\"@type\":\"ListItem\",\"position\":3,\"name\":\"John Mayall \u2013 New Year, New Band, New Company\"}]},{\"@type\":\"WebSite\",\"@id\":\"https:\/\/vinilozona.lt\/#website\",\"url\":\"https:\/\/vinilozona.lt\/\",\"name\":\"Vinilo Zona\",\"description\":\"Nup\u016bsk dulkes ir klausyk LP\",\"potentialAction\":[{\"@type\":\"SearchAction\",\"target\":{\"@type\":\"EntryPoint\",\"urlTemplate\":\"https:\/\/vinilozona.lt\/?s={search_term_string}\"},\"query-input\":{\"@type\":\"PropertyValueSpecification\",\"valueRequired\":true,\"valueName\":\"search_term_string\"}}],\"inLanguage\":\"en-GB\"}]}<\/script>\n<!-- \/ Yoast SEO plugin. -->","yoast_head_json":{"title":"John Mayall \u2013 New Year, New Band, New Company Vinilin\u0117 Plok\u0161tel\u0117 | Vinilozona.lt","robots":{"index":"index","follow":"follow","max-snippet":"max-snippet:-1","max-image-preview":"max-image-preview:large","max-video-preview":"max-video-preview:-1"},"canonical":"https:\/\/vinilozona.lt\/en\/parduotuve\/rock-pop\/john-mayall-new-year-new-band-new-company\/","og_locale":"en_GB","og_type":"article","og_title":"John Mayall \u2013 New Year, New Band, New Company Vinilin\u0117 Plok\u0161tel\u0117 | Vinilozona.lt","og_description":"ABC Blue Thumb \u2013 88 834 XOT Format: Vinyl, LP, Album, Stereo, Gatefold Sleeve Country: Germany Released: 1975","og_url":"https:\/\/vinilozona.lt\/en\/parduotuve\/rock-pop\/john-mayall-new-year-new-band-new-company\/","og_site_name":"Vinilo Zona","article_modified_time":"2025-03-09T05:24:38+00:00","og_image":[{"width":453,"height":444,"url":"https:\/\/vinilozona.lt\/wp-content\/uploads\/2025\/03\/R-3547276-1505033676-8296.jpg","type":"image\/jpeg"}],"twitter_card":"summary_large_image","twitter_misc":{"Estimated reading time":"1 minute"},"schema":{"@context":"https:\/\/schema.org","@graph":[{"@type":"WebPage","@id":"https:\/\/vinilozona.lt\/parduotuve\/rock-pop\/john-mayall-new-year-new-band-new-company\/","url":"https:\/\/vinilozona.lt\/parduotuve\/rock-pop\/john-mayall-new-year-new-band-new-company\/","name":"John Mayall \u2013 New Year, New Band, New Company Vinilin\u0117 Plok\u0161tel\u0117 | Vinilozona.lt","isPartOf":{"@id":"https:\/\/vinilozona.lt\/#website"},"primaryImageOfPage":{"@id":"https:\/\/vinilozona.lt\/parduotuve\/rock-pop\/john-mayall-new-year-new-band-new-company\/#primaryimage"},"image":{"@id":"https:\/\/vinilozona.lt\/parduotuve\/rock-pop\/john-mayall-new-year-new-band-new-company\/#primaryimage"},"thumbnailUrl":"https:\/\/vinilozona.lt\/wp-content\/uploads\/2025\/03\/R-3547276-1505033676-8296.jpg","datePublished":"2025-03-10T03:02:42+00:00","dateModified":"2025-03-09T05:24:38+00:00","breadcrumb":{"@id":"https:\/\/vinilozona.lt\/parduotuve\/rock-pop\/john-mayall-new-year-new-band-new-company\/#breadcrumb"},"inLanguage":"en-GB","potentialAction":[{"@type":"ReadAction","target":["https:\/\/vinilozona.lt\/parduotuve\/rock-pop\/john-mayall-new-year-new-band-new-company\/"]}]},{"@type":"ImageObject","inLanguage":"en-GB","@id":"https:\/\/vinilozona.lt\/parduotuve\/rock-pop\/john-mayall-new-year-new-band-new-company\/#primaryimage","url":"https:\/\/vinilozona.lt\/wp-content\/uploads\/2025\/03\/R-3547276-1505033676-8296.jpg","contentUrl":"https:\/\/vinilozona.lt\/wp-content\/uploads\/2025\/03\/R-3547276-1505033676-8296.jpg","width":453,"height":444},{"@type":"BreadcrumbList","@id":"https:\/\/vinilozona.lt\/parduotuve\/rock-pop\/john-mayall-new-year-new-band-new-company\/#breadcrumb","itemListElement":[{"@type":"ListItem","position":1,"name":"Home","item":"https:\/\/vinilozona.lt\/"},{"@type":"ListItem","position":2,"name":"Parduotuv\u0117","item":"https:\/\/vinilozona.lt\/parduotuve\/"},{"@type":"ListItem","position":3,"name":"John Mayall \u2013 New Year, New Band, New Company"}]},{"@type":"WebSite","@id":"https:\/\/vinilozona.lt\/#website","url":"https:\/\/vinilozona.lt\/","name":"Vinilo Zona","description":"Nup\u016bsk dulkes ir klausyk LP","potentialAction":[{"@type":"SearchAction","target":{"@type":"EntryPoint","urlTemplate":"https:\/\/vinilozona.lt\/?s={search_term_string}"},"query-input":{"@type":"PropertyValueSpecification","valueRequired":true,"valueName":"search_term_string"}}],"inLanguage":"en-GB"}]}},"_links":{"self":[{"href":"https:\/\/vinilozona.lt\/en\/wp-json\/wp\/v2\/product\/27657"}],"collection":[{"href":"https:\/\/vinilozona.lt\/en\/wp-json\/wp\/v2\/product"}],"about":[{"href":"https:\/\/vinilozona.lt\/en\/wp-json\/wp\/v2\/types\/product"}],"wp:featuredmedia":[{"embeddable":true,"href":"https:\/\/vinilozona.lt\/en\/wp-json\/wp\/v2\/media\/27658"}],"wp:attachment":[{"href":"https:\/\/vinilozona.lt\/en\/wp-json\/wp\/v2\/media?parent=27657"}],"wp:term":[{"taxonomy":"product_cat","embeddable":true,"href":"https:\/\/vinilozona.lt\/en\/wp-json\/wp\/v2\/product_cat?post=27657"},{"taxonomy":"product_tag","embeddable":true,"href":"https:\/\/vinilozona.lt\/en\/wp-json\/wp\/v2\/product_tag?post=27657"}],"curies":[{"name":"wp","href":"https:\/\/api.w.org\/{rel}","templated":true}]}}