{"id":27638,"date":"2025-03-07T05:03:16","date_gmt":"2025-03-07T03:03:16","guid":{"rendered":"https:\/\/vinilozona.lt\/?post_type=product&#038;p=27638"},"modified":"2025-03-06T20:53:57","modified_gmt":"2025-03-06T18:53:57","slug":"pantera-official-live-101-proof","status":"publish","type":"product","link":"https:\/\/vinilozona.lt\/en\/parduotuve\/naujos-lp\/pantera-official-live-101-proof\/","title":{"rendered":"Pantera \u2013 Official Live: 101 Proof"},"content":{"rendered":"<p>A1\t\tNew Level\t4:26<br \/>\nA2\t\tWalk\t5:50<br \/>\nA3\t\tBecoming\t3:59<br \/>\nA4\t\t5 Minutes Alone\t5:09<br \/>\nB1\t\tSandblasted Skin\t5:47<br \/>\nB2\t\tSuicide Note Pt. 2\t4:20<br \/>\nB3\t\tWar Nerve\t5:02<br \/>\nB4\t\tThis Love\t6:39<br \/>\nC1\t\tDom\/Hollow\t4:38<br \/>\nC2\t\tI&#8217;m Broken\t4:25<br \/>\nC3\t\tCowboys From Hell\t4:36<br \/>\nC4\t\tCemetery Gates\t7:15<br \/>\nD1\t\tStrength Beyond Strength\t5:20<br \/>\nD2\t\tHostile\t3:56<br \/>\nStudio Recording May 97<br \/>\nD3\t\tWhere You Come From\t5:11<br \/>\nD4\t\tI Can&#8217;t Hide\t2:16<\/p>","protected":false},"excerpt":{"rendered":"<p>EastWest Records America \u2013 8122-79743-1<br \/>\nFormat:<br \/>\n2 x Vinyl, LP, Album, Reissue, 180 Gram<br \/>\nCountry:<br \/>\nEurope<br \/>\nReleased:<br \/>\nJul 24, 2012<\/p>","protected":false},"featured_media":27639,"template":"","meta":[],"product_cat":[23],"product_tag":[74],"yoast_head":"<!-- This site is optimized with the Yoast SEO plugin v23.5 - https:\/\/yoast.com\/wordpress\/plugins\/seo\/ -->\n<title>Pantera \u2013 Official Live: 101 Proof Vinilin\u0117 Plok\u0161tel\u0117 | Vinilozona.lt<\/title>\n<meta name=\"robots\" content=\"index, follow, max-snippet:-1, max-image-preview:large, max-video-preview:-1\" \/>\n<link rel=\"canonical\" href=\"https:\/\/vinilozona.lt\/en\/parduotuve\/naujos-lp\/pantera-official-live-101-proof\/\" \/>\n<meta property=\"og:locale\" content=\"en_GB\" \/>\n<meta property=\"og:type\" content=\"article\" \/>\n<meta property=\"og:title\" content=\"Pantera \u2013 Official Live: 101 Proof Vinilin\u0117 Plok\u0161tel\u0117 | Vinilozona.lt\" \/>\n<meta property=\"og:description\" content=\"EastWest Records America \u2013 8122-79743-1 Format: 2 x Vinyl, LP, Album, Reissue, 180 Gram Country: Europe Released: Jul 24, 2012\" \/>\n<meta property=\"og:url\" content=\"https:\/\/vinilozona.lt\/en\/parduotuve\/naujos-lp\/pantera-official-live-101-proof\/\" \/>\n<meta property=\"og:site_name\" content=\"Vinilo Zona\" \/>\n<meta property=\"article:modified_time\" content=\"2025-03-06T18:53:57+00:00\" \/>\n<meta property=\"og:image\" content=\"https:\/\/vinilozona.lt\/wp-content\/uploads\/2025\/03\/R-3758952-1516167361-9105.jpg\" \/>\n\t<meta property=\"og:image:width\" content=\"599\" \/>\n\t<meta property=\"og:image:height\" content=\"600\" \/>\n\t<meta property=\"og:image:type\" content=\"image\/jpeg\" \/>\n<meta name=\"twitter:card\" content=\"summary_large_image\" \/>\n<meta name=\"twitter:label1\" content=\"Estimated reading time\" \/>\n\t<meta name=\"twitter:data1\" content=\"1 minute\" \/>\n<script type=\"application\/ld+json\" class=\"yoast-schema-graph\">{\"@context\":\"https:\/\/schema.org\",\"@graph\":[{\"@type\":\"WebPage\",\"@id\":\"https:\/\/vinilozona.lt\/parduotuve\/naujos-lp\/pantera-official-live-101-proof\/\",\"url\":\"https:\/\/vinilozona.lt\/parduotuve\/naujos-lp\/pantera-official-live-101-proof\/\",\"name\":\"Pantera \u2013 Official Live: 101 Proof Vinilin\u0117 Plok\u0161tel\u0117 | Vinilozona.lt\",\"isPartOf\":{\"@id\":\"https:\/\/vinilozona.lt\/#website\"},\"primaryImageOfPage\":{\"@id\":\"https:\/\/vinilozona.lt\/parduotuve\/naujos-lp\/pantera-official-live-101-proof\/#primaryimage\"},\"image\":{\"@id\":\"https:\/\/vinilozona.lt\/parduotuve\/naujos-lp\/pantera-official-live-101-proof\/#primaryimage\"},\"thumbnailUrl\":\"https:\/\/vinilozona.lt\/wp-content\/uploads\/2025\/03\/R-3758952-1516167361-9105.jpg\",\"datePublished\":\"2025-03-07T03:03:16+00:00\",\"dateModified\":\"2025-03-06T18:53:57+00:00\",\"breadcrumb\":{\"@id\":\"https:\/\/vinilozona.lt\/parduotuve\/naujos-lp\/pantera-official-live-101-proof\/#breadcrumb\"},\"inLanguage\":\"en-GB\",\"potentialAction\":[{\"@type\":\"ReadAction\",\"target\":[\"https:\/\/vinilozona.lt\/parduotuve\/naujos-lp\/pantera-official-live-101-proof\/\"]}]},{\"@type\":\"ImageObject\",\"inLanguage\":\"en-GB\",\"@id\":\"https:\/\/vinilozona.lt\/parduotuve\/naujos-lp\/pantera-official-live-101-proof\/#primaryimage\",\"url\":\"https:\/\/vinilozona.lt\/wp-content\/uploads\/2025\/03\/R-3758952-1516167361-9105.jpg\",\"contentUrl\":\"https:\/\/vinilozona.lt\/wp-content\/uploads\/2025\/03\/R-3758952-1516167361-9105.jpg\",\"width\":599,\"height\":600},{\"@type\":\"BreadcrumbList\",\"@id\":\"https:\/\/vinilozona.lt\/parduotuve\/naujos-lp\/pantera-official-live-101-proof\/#breadcrumb\",\"itemListElement\":[{\"@type\":\"ListItem\",\"position\":1,\"name\":\"Home\",\"item\":\"https:\/\/vinilozona.lt\/\"},{\"@type\":\"ListItem\",\"position\":2,\"name\":\"Parduotuv\u0117\",\"item\":\"https:\/\/vinilozona.lt\/parduotuve\/\"},{\"@type\":\"ListItem\",\"position\":3,\"name\":\"Pantera \u2013 Official Live: 101 Proof\"}]},{\"@type\":\"WebSite\",\"@id\":\"https:\/\/vinilozona.lt\/#website\",\"url\":\"https:\/\/vinilozona.lt\/\",\"name\":\"Vinilo Zona\",\"description\":\"Nup\u016bsk dulkes ir klausyk LP\",\"potentialAction\":[{\"@type\":\"SearchAction\",\"target\":{\"@type\":\"EntryPoint\",\"urlTemplate\":\"https:\/\/vinilozona.lt\/?s={search_term_string}\"},\"query-input\":{\"@type\":\"PropertyValueSpecification\",\"valueRequired\":true,\"valueName\":\"search_term_string\"}}],\"inLanguage\":\"en-GB\"}]}<\/script>\n<!-- \/ Yoast SEO plugin. -->","yoast_head_json":{"title":"Pantera \u2013 Official Live: 101 Proof Vinilin\u0117 Plok\u0161tel\u0117 | Vinilozona.lt","robots":{"index":"index","follow":"follow","max-snippet":"max-snippet:-1","max-image-preview":"max-image-preview:large","max-video-preview":"max-video-preview:-1"},"canonical":"https:\/\/vinilozona.lt\/en\/parduotuve\/naujos-lp\/pantera-official-live-101-proof\/","og_locale":"en_GB","og_type":"article","og_title":"Pantera \u2013 Official Live: 101 Proof Vinilin\u0117 Plok\u0161tel\u0117 | Vinilozona.lt","og_description":"EastWest Records America \u2013 8122-79743-1 Format: 2 x Vinyl, LP, Album, Reissue, 180 Gram Country: Europe Released: Jul 24, 2012","og_url":"https:\/\/vinilozona.lt\/en\/parduotuve\/naujos-lp\/pantera-official-live-101-proof\/","og_site_name":"Vinilo Zona","article_modified_time":"2025-03-06T18:53:57+00:00","og_image":[{"width":599,"height":600,"url":"https:\/\/vinilozona.lt\/wp-content\/uploads\/2025\/03\/R-3758952-1516167361-9105.jpg","type":"image\/jpeg"}],"twitter_card":"summary_large_image","twitter_misc":{"Estimated reading time":"1 minute"},"schema":{"@context":"https:\/\/schema.org","@graph":[{"@type":"WebPage","@id":"https:\/\/vinilozona.lt\/parduotuve\/naujos-lp\/pantera-official-live-101-proof\/","url":"https:\/\/vinilozona.lt\/parduotuve\/naujos-lp\/pantera-official-live-101-proof\/","name":"Pantera \u2013 Official Live: 101 Proof Vinilin\u0117 Plok\u0161tel\u0117 | Vinilozona.lt","isPartOf":{"@id":"https:\/\/vinilozona.lt\/#website"},"primaryImageOfPage":{"@id":"https:\/\/vinilozona.lt\/parduotuve\/naujos-lp\/pantera-official-live-101-proof\/#primaryimage"},"image":{"@id":"https:\/\/vinilozona.lt\/parduotuve\/naujos-lp\/pantera-official-live-101-proof\/#primaryimage"},"thumbnailUrl":"https:\/\/vinilozona.lt\/wp-content\/uploads\/2025\/03\/R-3758952-1516167361-9105.jpg","datePublished":"2025-03-07T03:03:16+00:00","dateModified":"2025-03-06T18:53:57+00:00","breadcrumb":{"@id":"https:\/\/vinilozona.lt\/parduotuve\/naujos-lp\/pantera-official-live-101-proof\/#breadcrumb"},"inLanguage":"en-GB","potentialAction":[{"@type":"ReadAction","target":["https:\/\/vinilozona.lt\/parduotuve\/naujos-lp\/pantera-official-live-101-proof\/"]}]},{"@type":"ImageObject","inLanguage":"en-GB","@id":"https:\/\/vinilozona.lt\/parduotuve\/naujos-lp\/pantera-official-live-101-proof\/#primaryimage","url":"https:\/\/vinilozona.lt\/wp-content\/uploads\/2025\/03\/R-3758952-1516167361-9105.jpg","contentUrl":"https:\/\/vinilozona.lt\/wp-content\/uploads\/2025\/03\/R-3758952-1516167361-9105.jpg","width":599,"height":600},{"@type":"BreadcrumbList","@id":"https:\/\/vinilozona.lt\/parduotuve\/naujos-lp\/pantera-official-live-101-proof\/#breadcrumb","itemListElement":[{"@type":"ListItem","position":1,"name":"Home","item":"https:\/\/vinilozona.lt\/"},{"@type":"ListItem","position":2,"name":"Parduotuv\u0117","item":"https:\/\/vinilozona.lt\/parduotuve\/"},{"@type":"ListItem","position":3,"name":"Pantera \u2013 Official Live: 101 Proof"}]},{"@type":"WebSite","@id":"https:\/\/vinilozona.lt\/#website","url":"https:\/\/vinilozona.lt\/","name":"Vinilo Zona","description":"Nup\u016bsk dulkes ir klausyk LP","potentialAction":[{"@type":"SearchAction","target":{"@type":"EntryPoint","urlTemplate":"https:\/\/vinilozona.lt\/?s={search_term_string}"},"query-input":{"@type":"PropertyValueSpecification","valueRequired":true,"valueName":"search_term_string"}}],"inLanguage":"en-GB"}]}},"_links":{"self":[{"href":"https:\/\/vinilozona.lt\/en\/wp-json\/wp\/v2\/product\/27638"}],"collection":[{"href":"https:\/\/vinilozona.lt\/en\/wp-json\/wp\/v2\/product"}],"about":[{"href":"https:\/\/vinilozona.lt\/en\/wp-json\/wp\/v2\/types\/product"}],"wp:featuredmedia":[{"embeddable":true,"href":"https:\/\/vinilozona.lt\/en\/wp-json\/wp\/v2\/media\/27639"}],"wp:attachment":[{"href":"https:\/\/vinilozona.lt\/en\/wp-json\/wp\/v2\/media?parent=27638"}],"wp:term":[{"taxonomy":"product_cat","embeddable":true,"href":"https:\/\/vinilozona.lt\/en\/wp-json\/wp\/v2\/product_cat?post=27638"},{"taxonomy":"product_tag","embeddable":true,"href":"https:\/\/vinilozona.lt\/en\/wp-json\/wp\/v2\/product_tag?post=27638"}],"curies":[{"name":"wp","href":"https:\/\/api.w.org\/{rel}","templated":true}]}}