{"id":27636,"date":"2025-03-07T05:01:06","date_gmt":"2025-03-07T03:01:06","guid":{"rendered":"https:\/\/vinilozona.lt\/?post_type=product&#038;p=27636"},"modified":"2025-03-12T14:22:16","modified_gmt":"2025-03-12T12:22:16","slug":"pantera-far-beyond-driven","status":"publish","type":"product","link":"https:\/\/vinilozona.lt\/en\/parduotuve\/naujos-lp\/pantera-far-beyond-driven\/","title":{"rendered":"Pantera \u2013 Far Beyond Driven"},"content":{"rendered":"<p>A1\t\tStrength Beyond Strength\t3:39<br \/>\nA2\t\tBecoming\t3:05<br \/>\nA3\t\t5 Minutes Alone\t5:50<br \/>\nB1\t\tI&#8217;m Broken\t4:25<br \/>\nB2\t\tGood Friends And A Bottle Of Pills\t2:54<br \/>\nB3\t\tHard Lines, Sunken Cheeks\t7:01<br \/>\nC1\t\tSlaughtered\t3:57<br \/>\nC2\t\t25 Years\t6:06<br \/>\nC3\t\tShedding Skin\t5:37<br \/>\nD1\t\tUse My Third Arm\t4:52<br \/>\nD2\t\tThroes Of Rejection\t5:01<br \/>\nD3\t\tPlanet Caravan<br \/>\nWritten-By \u2013 William Ward*, Terence Butler*, John Osbourne*, Frank Iommi*<br \/>\n4:04<\/p>","protected":false},"excerpt":{"rendered":"<p>EastWest \u2013 8122-79812-8, EastWest \u2013 8122798128, Rhino Records (2) \u2013 8122-79812-8, Rhino Records (2) \u2013 8122798128<br \/>\nFormat:<br \/>\n2 x Vinyl, LP, Album, Reissue, Gatefold<br \/>\nCountry:<br \/>\nEurope<br \/>\nReleased:<br \/>\nMar 2014<\/p>","protected":false},"featured_media":27637,"template":"","meta":[],"product_cat":[23],"product_tag":[74],"yoast_head":"<!-- This site is optimized with the Yoast SEO plugin v23.5 - https:\/\/yoast.com\/wordpress\/plugins\/seo\/ -->\n<title>Pantera \u2013 Far Beyond Driven Vinilin\u0117 Plok\u0161tel\u0117 | Vinilozona.lt<\/title>\n<meta name=\"robots\" content=\"index, follow, max-snippet:-1, max-image-preview:large, max-video-preview:-1\" \/>\n<link rel=\"canonical\" href=\"https:\/\/vinilozona.lt\/en\/parduotuve\/naujos-lp\/pantera-far-beyond-driven\/\" \/>\n<meta property=\"og:locale\" content=\"en_GB\" \/>\n<meta property=\"og:type\" content=\"article\" \/>\n<meta property=\"og:title\" content=\"Pantera \u2013 Far Beyond Driven Vinilin\u0117 Plok\u0161tel\u0117 | Vinilozona.lt\" \/>\n<meta property=\"og:description\" content=\"EastWest \u2013 8122-79812-8, EastWest \u2013 8122798128, Rhino Records (2) \u2013 8122-79812-8, Rhino Records (2) \u2013 8122798128 Format: 2 x Vinyl, LP, Album, Reissue, Gatefold Country: Europe Released: Mar 2014\" \/>\n<meta property=\"og:url\" content=\"https:\/\/vinilozona.lt\/en\/parduotuve\/naujos-lp\/pantera-far-beyond-driven\/\" \/>\n<meta property=\"og:site_name\" content=\"Vinilo Zona\" \/>\n<meta property=\"article:modified_time\" content=\"2025-03-12T12:22:16+00:00\" \/>\n<meta property=\"og:image\" content=\"https:\/\/vinilozona.lt\/wp-content\/uploads\/2025\/03\/R-5549562-1648214898-3929.jpg\" \/>\n\t<meta property=\"og:image:width\" content=\"600\" \/>\n\t<meta property=\"og:image:height\" content=\"600\" \/>\n\t<meta property=\"og:image:type\" content=\"image\/jpeg\" \/>\n<meta name=\"twitter:card\" content=\"summary_large_image\" \/>\n<meta name=\"twitter:label1\" content=\"Estimated reading time\" \/>\n\t<meta name=\"twitter:data1\" content=\"1 minute\" \/>\n<script type=\"application\/ld+json\" class=\"yoast-schema-graph\">{\"@context\":\"https:\/\/schema.org\",\"@graph\":[{\"@type\":\"WebPage\",\"@id\":\"https:\/\/vinilozona.lt\/parduotuve\/naujos-lp\/pantera-far-beyond-driven\/\",\"url\":\"https:\/\/vinilozona.lt\/parduotuve\/naujos-lp\/pantera-far-beyond-driven\/\",\"name\":\"Pantera \u2013 Far Beyond Driven Vinilin\u0117 Plok\u0161tel\u0117 | Vinilozona.lt\",\"isPartOf\":{\"@id\":\"https:\/\/vinilozona.lt\/#website\"},\"primaryImageOfPage\":{\"@id\":\"https:\/\/vinilozona.lt\/parduotuve\/naujos-lp\/pantera-far-beyond-driven\/#primaryimage\"},\"image\":{\"@id\":\"https:\/\/vinilozona.lt\/parduotuve\/naujos-lp\/pantera-far-beyond-driven\/#primaryimage\"},\"thumbnailUrl\":\"https:\/\/vinilozona.lt\/wp-content\/uploads\/2025\/03\/R-5549562-1648214898-3929.jpg\",\"datePublished\":\"2025-03-07T03:01:06+00:00\",\"dateModified\":\"2025-03-12T12:22:16+00:00\",\"breadcrumb\":{\"@id\":\"https:\/\/vinilozona.lt\/parduotuve\/naujos-lp\/pantera-far-beyond-driven\/#breadcrumb\"},\"inLanguage\":\"en-GB\",\"potentialAction\":[{\"@type\":\"ReadAction\",\"target\":[\"https:\/\/vinilozona.lt\/parduotuve\/naujos-lp\/pantera-far-beyond-driven\/\"]}]},{\"@type\":\"ImageObject\",\"inLanguage\":\"en-GB\",\"@id\":\"https:\/\/vinilozona.lt\/parduotuve\/naujos-lp\/pantera-far-beyond-driven\/#primaryimage\",\"url\":\"https:\/\/vinilozona.lt\/wp-content\/uploads\/2025\/03\/R-5549562-1648214898-3929.jpg\",\"contentUrl\":\"https:\/\/vinilozona.lt\/wp-content\/uploads\/2025\/03\/R-5549562-1648214898-3929.jpg\",\"width\":600,\"height\":600},{\"@type\":\"BreadcrumbList\",\"@id\":\"https:\/\/vinilozona.lt\/parduotuve\/naujos-lp\/pantera-far-beyond-driven\/#breadcrumb\",\"itemListElement\":[{\"@type\":\"ListItem\",\"position\":1,\"name\":\"Home\",\"item\":\"https:\/\/vinilozona.lt\/\"},{\"@type\":\"ListItem\",\"position\":2,\"name\":\"Parduotuv\u0117\",\"item\":\"https:\/\/vinilozona.lt\/parduotuve\/\"},{\"@type\":\"ListItem\",\"position\":3,\"name\":\"Pantera \u2013 Far Beyond Driven\"}]},{\"@type\":\"WebSite\",\"@id\":\"https:\/\/vinilozona.lt\/#website\",\"url\":\"https:\/\/vinilozona.lt\/\",\"name\":\"Vinilo Zona\",\"description\":\"Nup\u016bsk dulkes ir klausyk LP\",\"potentialAction\":[{\"@type\":\"SearchAction\",\"target\":{\"@type\":\"EntryPoint\",\"urlTemplate\":\"https:\/\/vinilozona.lt\/?s={search_term_string}\"},\"query-input\":{\"@type\":\"PropertyValueSpecification\",\"valueRequired\":true,\"valueName\":\"search_term_string\"}}],\"inLanguage\":\"en-GB\"}]}<\/script>\n<!-- \/ Yoast SEO plugin. -->","yoast_head_json":{"title":"Pantera \u2013 Far Beyond Driven Vinilin\u0117 Plok\u0161tel\u0117 | Vinilozona.lt","robots":{"index":"index","follow":"follow","max-snippet":"max-snippet:-1","max-image-preview":"max-image-preview:large","max-video-preview":"max-video-preview:-1"},"canonical":"https:\/\/vinilozona.lt\/en\/parduotuve\/naujos-lp\/pantera-far-beyond-driven\/","og_locale":"en_GB","og_type":"article","og_title":"Pantera \u2013 Far Beyond Driven Vinilin\u0117 Plok\u0161tel\u0117 | Vinilozona.lt","og_description":"EastWest \u2013 8122-79812-8, EastWest \u2013 8122798128, Rhino Records (2) \u2013 8122-79812-8, Rhino Records (2) \u2013 8122798128 Format: 2 x Vinyl, LP, Album, Reissue, Gatefold Country: Europe Released: Mar 2014","og_url":"https:\/\/vinilozona.lt\/en\/parduotuve\/naujos-lp\/pantera-far-beyond-driven\/","og_site_name":"Vinilo Zona","article_modified_time":"2025-03-12T12:22:16+00:00","og_image":[{"width":600,"height":600,"url":"https:\/\/vinilozona.lt\/wp-content\/uploads\/2025\/03\/R-5549562-1648214898-3929.jpg","type":"image\/jpeg"}],"twitter_card":"summary_large_image","twitter_misc":{"Estimated reading time":"1 minute"},"schema":{"@context":"https:\/\/schema.org","@graph":[{"@type":"WebPage","@id":"https:\/\/vinilozona.lt\/parduotuve\/naujos-lp\/pantera-far-beyond-driven\/","url":"https:\/\/vinilozona.lt\/parduotuve\/naujos-lp\/pantera-far-beyond-driven\/","name":"Pantera \u2013 Far Beyond Driven Vinilin\u0117 Plok\u0161tel\u0117 | Vinilozona.lt","isPartOf":{"@id":"https:\/\/vinilozona.lt\/#website"},"primaryImageOfPage":{"@id":"https:\/\/vinilozona.lt\/parduotuve\/naujos-lp\/pantera-far-beyond-driven\/#primaryimage"},"image":{"@id":"https:\/\/vinilozona.lt\/parduotuve\/naujos-lp\/pantera-far-beyond-driven\/#primaryimage"},"thumbnailUrl":"https:\/\/vinilozona.lt\/wp-content\/uploads\/2025\/03\/R-5549562-1648214898-3929.jpg","datePublished":"2025-03-07T03:01:06+00:00","dateModified":"2025-03-12T12:22:16+00:00","breadcrumb":{"@id":"https:\/\/vinilozona.lt\/parduotuve\/naujos-lp\/pantera-far-beyond-driven\/#breadcrumb"},"inLanguage":"en-GB","potentialAction":[{"@type":"ReadAction","target":["https:\/\/vinilozona.lt\/parduotuve\/naujos-lp\/pantera-far-beyond-driven\/"]}]},{"@type":"ImageObject","inLanguage":"en-GB","@id":"https:\/\/vinilozona.lt\/parduotuve\/naujos-lp\/pantera-far-beyond-driven\/#primaryimage","url":"https:\/\/vinilozona.lt\/wp-content\/uploads\/2025\/03\/R-5549562-1648214898-3929.jpg","contentUrl":"https:\/\/vinilozona.lt\/wp-content\/uploads\/2025\/03\/R-5549562-1648214898-3929.jpg","width":600,"height":600},{"@type":"BreadcrumbList","@id":"https:\/\/vinilozona.lt\/parduotuve\/naujos-lp\/pantera-far-beyond-driven\/#breadcrumb","itemListElement":[{"@type":"ListItem","position":1,"name":"Home","item":"https:\/\/vinilozona.lt\/"},{"@type":"ListItem","position":2,"name":"Parduotuv\u0117","item":"https:\/\/vinilozona.lt\/parduotuve\/"},{"@type":"ListItem","position":3,"name":"Pantera \u2013 Far Beyond Driven"}]},{"@type":"WebSite","@id":"https:\/\/vinilozona.lt\/#website","url":"https:\/\/vinilozona.lt\/","name":"Vinilo Zona","description":"Nup\u016bsk dulkes ir klausyk LP","potentialAction":[{"@type":"SearchAction","target":{"@type":"EntryPoint","urlTemplate":"https:\/\/vinilozona.lt\/?s={search_term_string}"},"query-input":{"@type":"PropertyValueSpecification","valueRequired":true,"valueName":"search_term_string"}}],"inLanguage":"en-GB"}]}},"_links":{"self":[{"href":"https:\/\/vinilozona.lt\/en\/wp-json\/wp\/v2\/product\/27636"}],"collection":[{"href":"https:\/\/vinilozona.lt\/en\/wp-json\/wp\/v2\/product"}],"about":[{"href":"https:\/\/vinilozona.lt\/en\/wp-json\/wp\/v2\/types\/product"}],"wp:featuredmedia":[{"embeddable":true,"href":"https:\/\/vinilozona.lt\/en\/wp-json\/wp\/v2\/media\/27637"}],"wp:attachment":[{"href":"https:\/\/vinilozona.lt\/en\/wp-json\/wp\/v2\/media?parent=27636"}],"wp:term":[{"taxonomy":"product_cat","embeddable":true,"href":"https:\/\/vinilozona.lt\/en\/wp-json\/wp\/v2\/product_cat?post=27636"},{"taxonomy":"product_tag","embeddable":true,"href":"https:\/\/vinilozona.lt\/en\/wp-json\/wp\/v2\/product_tag?post=27636"}],"curies":[{"name":"wp","href":"https:\/\/api.w.org\/{rel}","templated":true}]}}