{"id":27621,"date":"2025-03-04T05:15:56","date_gmt":"2025-03-04T03:15:56","guid":{"rendered":"https:\/\/vinilozona.lt\/?post_type=product&#038;p=27621"},"modified":"2026-01-31T14:50:26","modified_gmt":"2026-01-31T12:50:26","slug":"eric-clapton-time-pieces-the-best-of-eric-clapton","status":"publish","type":"product","link":"https:\/\/vinilozona.lt\/en\/parduotuve\/rock-pop\/eric-clapton-time-pieces-the-best-of-eric-clapton\/","title":{"rendered":"Eric Clapton \u2013 Time Pieces &#8211; The Best Of Eric Clapton"},"content":{"rendered":"<p>A1\t\tI Shot The Sheriff  4:30<br \/>\nA2\t\tAfter Midnight  3:15<br \/>\nA3\t\tKnockin&#8217; On Heaven&#8217;s Door  4:30<br \/>\nA4\t\tWonderful Tonight  3:41<br \/>\nA5\t\tLayla  7:06<br \/>\nB1\t\tCocaine  3:38<br \/>\nB2\t\tLay Down Sally  3:52<br \/>\nB3\t\tWillie And The Hand Jive  3:46<br \/>\nB4\t\tPromises  3:01<br \/>\nB5\t\tSwing Low Sweet Chariot  3:32<br \/>\nB6\t\tLet It Grow  4:57<\/p>","protected":false},"excerpt":{"rendered":"<p>RSO \u2013 2394 303<br \/>\nFormat:<br \/>\nVinyl, LP, Compilation<br \/>\nCountry:<br \/>\nFrance<br \/>\nReleased:<br \/>\nNov 1982<\/p>","protected":false},"featured_media":27622,"template":"","meta":[],"product_cat":[15],"product_tag":[55],"yoast_head":"<!-- This site is optimized with the Yoast SEO plugin v23.5 - https:\/\/yoast.com\/wordpress\/plugins\/seo\/ -->\n<title>Eric Clapton \u2013 Time Pieces - The Best Of Eric Clapton Vinilin\u0117 Plok\u0161tel\u0117 | Vinilozona.lt<\/title>\n<meta name=\"robots\" content=\"index, follow, max-snippet:-1, max-image-preview:large, max-video-preview:-1\" \/>\n<link rel=\"canonical\" href=\"https:\/\/vinilozona.lt\/en\/parduotuve\/rock-pop\/eric-clapton-time-pieces-the-best-of-eric-clapton\/\" \/>\n<meta property=\"og:locale\" content=\"en_GB\" \/>\n<meta property=\"og:type\" content=\"article\" \/>\n<meta property=\"og:title\" content=\"Eric Clapton \u2013 Time Pieces - The Best Of Eric Clapton Vinilin\u0117 Plok\u0161tel\u0117 | Vinilozona.lt\" \/>\n<meta property=\"og:description\" content=\"RSO \u2013 2394 303 Format: Vinyl, LP, Compilation Country: France Released: Nov 1982\" \/>\n<meta property=\"og:url\" content=\"https:\/\/vinilozona.lt\/en\/parduotuve\/rock-pop\/eric-clapton-time-pieces-the-best-of-eric-clapton\/\" \/>\n<meta property=\"og:site_name\" content=\"Vinilo Zona\" \/>\n<meta property=\"article:modified_time\" content=\"2026-01-31T12:50:26+00:00\" \/>\n<meta property=\"og:image\" content=\"https:\/\/vinilozona.lt\/wp-content\/uploads\/2025\/03\/R-2908727-1339147551-8242.jpg\" \/>\n\t<meta property=\"og:image:width\" content=\"493\" \/>\n\t<meta property=\"og:image:height\" content=\"485\" \/>\n\t<meta property=\"og:image:type\" content=\"image\/jpeg\" \/>\n<meta name=\"twitter:card\" content=\"summary_large_image\" \/>\n<meta name=\"twitter:label1\" content=\"Estimated reading time\" \/>\n\t<meta name=\"twitter:data1\" content=\"1 minute\" \/>\n<script type=\"application\/ld+json\" class=\"yoast-schema-graph\">{\"@context\":\"https:\/\/schema.org\",\"@graph\":[{\"@type\":\"WebPage\",\"@id\":\"https:\/\/vinilozona.lt\/parduotuve\/rock-pop\/eric-clapton-time-pieces-the-best-of-eric-clapton\/\",\"url\":\"https:\/\/vinilozona.lt\/parduotuve\/rock-pop\/eric-clapton-time-pieces-the-best-of-eric-clapton\/\",\"name\":\"Eric Clapton \u2013 Time Pieces - The Best Of Eric Clapton Vinilin\u0117 Plok\u0161tel\u0117 | Vinilozona.lt\",\"isPartOf\":{\"@id\":\"https:\/\/vinilozona.lt\/#website\"},\"primaryImageOfPage\":{\"@id\":\"https:\/\/vinilozona.lt\/parduotuve\/rock-pop\/eric-clapton-time-pieces-the-best-of-eric-clapton\/#primaryimage\"},\"image\":{\"@id\":\"https:\/\/vinilozona.lt\/parduotuve\/rock-pop\/eric-clapton-time-pieces-the-best-of-eric-clapton\/#primaryimage\"},\"thumbnailUrl\":\"https:\/\/vinilozona.lt\/wp-content\/uploads\/2025\/03\/R-2908727-1339147551-8242.jpg\",\"datePublished\":\"2025-03-04T03:15:56+00:00\",\"dateModified\":\"2026-01-31T12:50:26+00:00\",\"breadcrumb\":{\"@id\":\"https:\/\/vinilozona.lt\/parduotuve\/rock-pop\/eric-clapton-time-pieces-the-best-of-eric-clapton\/#breadcrumb\"},\"inLanguage\":\"en-GB\",\"potentialAction\":[{\"@type\":\"ReadAction\",\"target\":[\"https:\/\/vinilozona.lt\/parduotuve\/rock-pop\/eric-clapton-time-pieces-the-best-of-eric-clapton\/\"]}]},{\"@type\":\"ImageObject\",\"inLanguage\":\"en-GB\",\"@id\":\"https:\/\/vinilozona.lt\/parduotuve\/rock-pop\/eric-clapton-time-pieces-the-best-of-eric-clapton\/#primaryimage\",\"url\":\"https:\/\/vinilozona.lt\/wp-content\/uploads\/2025\/03\/R-2908727-1339147551-8242.jpg\",\"contentUrl\":\"https:\/\/vinilozona.lt\/wp-content\/uploads\/2025\/03\/R-2908727-1339147551-8242.jpg\",\"width\":493,\"height\":485},{\"@type\":\"BreadcrumbList\",\"@id\":\"https:\/\/vinilozona.lt\/parduotuve\/rock-pop\/eric-clapton-time-pieces-the-best-of-eric-clapton\/#breadcrumb\",\"itemListElement\":[{\"@type\":\"ListItem\",\"position\":1,\"name\":\"Home\",\"item\":\"https:\/\/vinilozona.lt\/\"},{\"@type\":\"ListItem\",\"position\":2,\"name\":\"Parduotuv\u0117\",\"item\":\"https:\/\/vinilozona.lt\/parduotuve\/\"},{\"@type\":\"ListItem\",\"position\":3,\"name\":\"Eric Clapton \u2013 Time Pieces &#8211; The Best Of Eric Clapton\"}]},{\"@type\":\"WebSite\",\"@id\":\"https:\/\/vinilozona.lt\/#website\",\"url\":\"https:\/\/vinilozona.lt\/\",\"name\":\"Vinilo Zona\",\"description\":\"Nup\u016bsk dulkes ir klausyk LP\",\"potentialAction\":[{\"@type\":\"SearchAction\",\"target\":{\"@type\":\"EntryPoint\",\"urlTemplate\":\"https:\/\/vinilozona.lt\/?s={search_term_string}\"},\"query-input\":{\"@type\":\"PropertyValueSpecification\",\"valueRequired\":true,\"valueName\":\"search_term_string\"}}],\"inLanguage\":\"en-GB\"}]}<\/script>\n<!-- \/ Yoast SEO plugin. -->","yoast_head_json":{"title":"Eric Clapton \u2013 Time Pieces - The Best Of Eric Clapton Vinilin\u0117 Plok\u0161tel\u0117 | Vinilozona.lt","robots":{"index":"index","follow":"follow","max-snippet":"max-snippet:-1","max-image-preview":"max-image-preview:large","max-video-preview":"max-video-preview:-1"},"canonical":"https:\/\/vinilozona.lt\/en\/parduotuve\/rock-pop\/eric-clapton-time-pieces-the-best-of-eric-clapton\/","og_locale":"en_GB","og_type":"article","og_title":"Eric Clapton \u2013 Time Pieces - The Best Of Eric Clapton Vinilin\u0117 Plok\u0161tel\u0117 | Vinilozona.lt","og_description":"RSO \u2013 2394 303 Format: Vinyl, LP, Compilation Country: France Released: Nov 1982","og_url":"https:\/\/vinilozona.lt\/en\/parduotuve\/rock-pop\/eric-clapton-time-pieces-the-best-of-eric-clapton\/","og_site_name":"Vinilo Zona","article_modified_time":"2026-01-31T12:50:26+00:00","og_image":[{"width":493,"height":485,"url":"https:\/\/vinilozona.lt\/wp-content\/uploads\/2025\/03\/R-2908727-1339147551-8242.jpg","type":"image\/jpeg"}],"twitter_card":"summary_large_image","twitter_misc":{"Estimated reading time":"1 minute"},"schema":{"@context":"https:\/\/schema.org","@graph":[{"@type":"WebPage","@id":"https:\/\/vinilozona.lt\/parduotuve\/rock-pop\/eric-clapton-time-pieces-the-best-of-eric-clapton\/","url":"https:\/\/vinilozona.lt\/parduotuve\/rock-pop\/eric-clapton-time-pieces-the-best-of-eric-clapton\/","name":"Eric Clapton \u2013 Time Pieces - The Best Of Eric Clapton Vinilin\u0117 Plok\u0161tel\u0117 | Vinilozona.lt","isPartOf":{"@id":"https:\/\/vinilozona.lt\/#website"},"primaryImageOfPage":{"@id":"https:\/\/vinilozona.lt\/parduotuve\/rock-pop\/eric-clapton-time-pieces-the-best-of-eric-clapton\/#primaryimage"},"image":{"@id":"https:\/\/vinilozona.lt\/parduotuve\/rock-pop\/eric-clapton-time-pieces-the-best-of-eric-clapton\/#primaryimage"},"thumbnailUrl":"https:\/\/vinilozona.lt\/wp-content\/uploads\/2025\/03\/R-2908727-1339147551-8242.jpg","datePublished":"2025-03-04T03:15:56+00:00","dateModified":"2026-01-31T12:50:26+00:00","breadcrumb":{"@id":"https:\/\/vinilozona.lt\/parduotuve\/rock-pop\/eric-clapton-time-pieces-the-best-of-eric-clapton\/#breadcrumb"},"inLanguage":"en-GB","potentialAction":[{"@type":"ReadAction","target":["https:\/\/vinilozona.lt\/parduotuve\/rock-pop\/eric-clapton-time-pieces-the-best-of-eric-clapton\/"]}]},{"@type":"ImageObject","inLanguage":"en-GB","@id":"https:\/\/vinilozona.lt\/parduotuve\/rock-pop\/eric-clapton-time-pieces-the-best-of-eric-clapton\/#primaryimage","url":"https:\/\/vinilozona.lt\/wp-content\/uploads\/2025\/03\/R-2908727-1339147551-8242.jpg","contentUrl":"https:\/\/vinilozona.lt\/wp-content\/uploads\/2025\/03\/R-2908727-1339147551-8242.jpg","width":493,"height":485},{"@type":"BreadcrumbList","@id":"https:\/\/vinilozona.lt\/parduotuve\/rock-pop\/eric-clapton-time-pieces-the-best-of-eric-clapton\/#breadcrumb","itemListElement":[{"@type":"ListItem","position":1,"name":"Home","item":"https:\/\/vinilozona.lt\/"},{"@type":"ListItem","position":2,"name":"Parduotuv\u0117","item":"https:\/\/vinilozona.lt\/parduotuve\/"},{"@type":"ListItem","position":3,"name":"Eric Clapton \u2013 Time Pieces &#8211; The Best Of Eric Clapton"}]},{"@type":"WebSite","@id":"https:\/\/vinilozona.lt\/#website","url":"https:\/\/vinilozona.lt\/","name":"Vinilo Zona","description":"Nup\u016bsk dulkes ir klausyk LP","potentialAction":[{"@type":"SearchAction","target":{"@type":"EntryPoint","urlTemplate":"https:\/\/vinilozona.lt\/?s={search_term_string}"},"query-input":{"@type":"PropertyValueSpecification","valueRequired":true,"valueName":"search_term_string"}}],"inLanguage":"en-GB"}]}},"_links":{"self":[{"href":"https:\/\/vinilozona.lt\/en\/wp-json\/wp\/v2\/product\/27621"}],"collection":[{"href":"https:\/\/vinilozona.lt\/en\/wp-json\/wp\/v2\/product"}],"about":[{"href":"https:\/\/vinilozona.lt\/en\/wp-json\/wp\/v2\/types\/product"}],"wp:featuredmedia":[{"embeddable":true,"href":"https:\/\/vinilozona.lt\/en\/wp-json\/wp\/v2\/media\/27622"}],"wp:attachment":[{"href":"https:\/\/vinilozona.lt\/en\/wp-json\/wp\/v2\/media?parent=27621"}],"wp:term":[{"taxonomy":"product_cat","embeddable":true,"href":"https:\/\/vinilozona.lt\/en\/wp-json\/wp\/v2\/product_cat?post=27621"},{"taxonomy":"product_tag","embeddable":true,"href":"https:\/\/vinilozona.lt\/en\/wp-json\/wp\/v2\/product_tag?post=27621"}],"curies":[{"name":"wp","href":"https:\/\/api.w.org\/{rel}","templated":true}]}}