{"id":2762,"date":"2023-03-12T14:29:09","date_gmt":"2023-03-12T12:29:09","guid":{"rendered":"https:\/\/vinylhome.lt\/?post_type=product&#038;p=2762"},"modified":"2024-11-22T20:15:43","modified_gmt":"2024-11-22T18:15:43","slug":"johnny-winter-and-johnny-winter-and","status":"publish","type":"product","link":"https:\/\/vinilozona.lt\/en\/parduotuve\/rock-pop\/johnny-winter-and-johnny-winter-and\/","title":{"rendered":"Johnny Winter And &#8211; Johnny Winter And"},"content":{"rendered":"<p>A1\t\tGuess I&#8217;ll Go Away 3:26<br \/>\nA2\t\tAin&#8217;t That A Kindness 3:26<br \/>\nA3\t\tNo Time To Live 4:34<br \/>\nA4\t\tRock And Roll Hootchie Koo 3:29<br \/>\nA5\t\tAm I Here? 3:23<br \/>\nA6\t\tLook Up 3:32<br \/>\nB1\t\tProdigal Son 4:15<br \/>\nB2\t\tOn The Limb 3:34<br \/>\nB3\t\tLet The Music Play 3:12<br \/>\nB4\t\tNothing Left 3:29<br \/>\nB5\t\tFunky Music 4:54<\/p>","protected":false},"excerpt":{"rendered":"<p>15AP 622<\/p>","protected":false},"featured_media":2763,"template":"","meta":[],"product_cat":[15,39],"product_tag":[55],"yoast_head":"<!-- This site is optimized with the Yoast SEO plugin v23.5 - https:\/\/yoast.com\/wordpress\/plugins\/seo\/ -->\n<title>Johnny Winter And - Johnny Winter And Vinilin\u0117 Plok\u0161tel\u0117 | Vinilozona.lt<\/title>\n<meta name=\"robots\" content=\"index, follow, max-snippet:-1, max-image-preview:large, max-video-preview:-1\" \/>\n<link rel=\"canonical\" href=\"https:\/\/vinilozona.lt\/en\/parduotuve\/rock-pop\/johnny-winter-and-johnny-winter-and\/\" \/>\n<meta property=\"og:locale\" content=\"en_GB\" \/>\n<meta property=\"og:type\" content=\"article\" \/>\n<meta property=\"og:title\" content=\"Johnny Winter And - Johnny Winter And Vinilin\u0117 Plok\u0161tel\u0117 | Vinilozona.lt\" \/>\n<meta property=\"og:description\" content=\"15AP 622\" \/>\n<meta property=\"og:url\" content=\"https:\/\/vinilozona.lt\/en\/parduotuve\/rock-pop\/johnny-winter-and-johnny-winter-and\/\" \/>\n<meta property=\"og:site_name\" content=\"Vinilo Zona\" \/>\n<meta property=\"article:modified_time\" content=\"2024-11-22T18:15:43+00:00\" \/>\n<meta property=\"og:image\" content=\"https:\/\/vinilozona.lt\/wp-content\/uploads\/2020\/01\/johnny-winter-and-johnny-winter-and-1.jpg\" \/>\n\t<meta property=\"og:image:width\" content=\"661\" \/>\n\t<meta property=\"og:image:height\" content=\"496\" \/>\n\t<meta property=\"og:image:type\" content=\"image\/jpeg\" \/>\n<meta name=\"twitter:card\" content=\"summary_large_image\" \/>\n<script type=\"application\/ld+json\" class=\"yoast-schema-graph\">{\"@context\":\"https:\/\/schema.org\",\"@graph\":[{\"@type\":\"WebPage\",\"@id\":\"https:\/\/vinilozona.lt\/parduotuve\/rock-pop\/johnny-winter-and-johnny-winter-and\/\",\"url\":\"https:\/\/vinilozona.lt\/parduotuve\/rock-pop\/johnny-winter-and-johnny-winter-and\/\",\"name\":\"Johnny Winter And - Johnny Winter And Vinilin\u0117 Plok\u0161tel\u0117 | Vinilozona.lt\",\"isPartOf\":{\"@id\":\"https:\/\/vinilozona.lt\/#website\"},\"primaryImageOfPage\":{\"@id\":\"https:\/\/vinilozona.lt\/parduotuve\/rock-pop\/johnny-winter-and-johnny-winter-and\/#primaryimage\"},\"image\":{\"@id\":\"https:\/\/vinilozona.lt\/parduotuve\/rock-pop\/johnny-winter-and-johnny-winter-and\/#primaryimage\"},\"thumbnailUrl\":\"https:\/\/vinilozona.lt\/wp-content\/uploads\/2020\/01\/johnny-winter-and-johnny-winter-and-1.jpg\",\"datePublished\":\"2023-03-12T12:29:09+00:00\",\"dateModified\":\"2024-11-22T18:15:43+00:00\",\"breadcrumb\":{\"@id\":\"https:\/\/vinilozona.lt\/parduotuve\/rock-pop\/johnny-winter-and-johnny-winter-and\/#breadcrumb\"},\"inLanguage\":\"en-GB\",\"potentialAction\":[{\"@type\":\"ReadAction\",\"target\":[\"https:\/\/vinilozona.lt\/parduotuve\/rock-pop\/johnny-winter-and-johnny-winter-and\/\"]}]},{\"@type\":\"ImageObject\",\"inLanguage\":\"en-GB\",\"@id\":\"https:\/\/vinilozona.lt\/parduotuve\/rock-pop\/johnny-winter-and-johnny-winter-and\/#primaryimage\",\"url\":\"https:\/\/vinilozona.lt\/wp-content\/uploads\/2020\/01\/johnny-winter-and-johnny-winter-and-1.jpg\",\"contentUrl\":\"https:\/\/vinilozona.lt\/wp-content\/uploads\/2020\/01\/johnny-winter-and-johnny-winter-and-1.jpg\",\"width\":661,\"height\":496},{\"@type\":\"BreadcrumbList\",\"@id\":\"https:\/\/vinilozona.lt\/parduotuve\/rock-pop\/johnny-winter-and-johnny-winter-and\/#breadcrumb\",\"itemListElement\":[{\"@type\":\"ListItem\",\"position\":1,\"name\":\"Home\",\"item\":\"https:\/\/vinilozona.lt\/\"},{\"@type\":\"ListItem\",\"position\":2,\"name\":\"Parduotuv\u0117\",\"item\":\"https:\/\/vinilozona.lt\/parduotuve\/\"},{\"@type\":\"ListItem\",\"position\":3,\"name\":\"Johnny Winter And &#8211; Johnny Winter And\"}]},{\"@type\":\"WebSite\",\"@id\":\"https:\/\/vinilozona.lt\/#website\",\"url\":\"https:\/\/vinilozona.lt\/\",\"name\":\"Vinilo Zona\",\"description\":\"Nup\u016bsk dulkes ir klausyk LP\",\"potentialAction\":[{\"@type\":\"SearchAction\",\"target\":{\"@type\":\"EntryPoint\",\"urlTemplate\":\"https:\/\/vinilozona.lt\/?s={search_term_string}\"},\"query-input\":{\"@type\":\"PropertyValueSpecification\",\"valueRequired\":true,\"valueName\":\"search_term_string\"}}],\"inLanguage\":\"en-GB\"}]}<\/script>\n<!-- \/ Yoast SEO plugin. -->","yoast_head_json":{"title":"Johnny Winter And - Johnny Winter And Vinilin\u0117 Plok\u0161tel\u0117 | Vinilozona.lt","robots":{"index":"index","follow":"follow","max-snippet":"max-snippet:-1","max-image-preview":"max-image-preview:large","max-video-preview":"max-video-preview:-1"},"canonical":"https:\/\/vinilozona.lt\/en\/parduotuve\/rock-pop\/johnny-winter-and-johnny-winter-and\/","og_locale":"en_GB","og_type":"article","og_title":"Johnny Winter And - Johnny Winter And Vinilin\u0117 Plok\u0161tel\u0117 | Vinilozona.lt","og_description":"15AP 622","og_url":"https:\/\/vinilozona.lt\/en\/parduotuve\/rock-pop\/johnny-winter-and-johnny-winter-and\/","og_site_name":"Vinilo Zona","article_modified_time":"2024-11-22T18:15:43+00:00","og_image":[{"width":661,"height":496,"url":"https:\/\/vinilozona.lt\/wp-content\/uploads\/2020\/01\/johnny-winter-and-johnny-winter-and-1.jpg","type":"image\/jpeg"}],"twitter_card":"summary_large_image","schema":{"@context":"https:\/\/schema.org","@graph":[{"@type":"WebPage","@id":"https:\/\/vinilozona.lt\/parduotuve\/rock-pop\/johnny-winter-and-johnny-winter-and\/","url":"https:\/\/vinilozona.lt\/parduotuve\/rock-pop\/johnny-winter-and-johnny-winter-and\/","name":"Johnny Winter And - Johnny Winter And Vinilin\u0117 Plok\u0161tel\u0117 | Vinilozona.lt","isPartOf":{"@id":"https:\/\/vinilozona.lt\/#website"},"primaryImageOfPage":{"@id":"https:\/\/vinilozona.lt\/parduotuve\/rock-pop\/johnny-winter-and-johnny-winter-and\/#primaryimage"},"image":{"@id":"https:\/\/vinilozona.lt\/parduotuve\/rock-pop\/johnny-winter-and-johnny-winter-and\/#primaryimage"},"thumbnailUrl":"https:\/\/vinilozona.lt\/wp-content\/uploads\/2020\/01\/johnny-winter-and-johnny-winter-and-1.jpg","datePublished":"2023-03-12T12:29:09+00:00","dateModified":"2024-11-22T18:15:43+00:00","breadcrumb":{"@id":"https:\/\/vinilozona.lt\/parduotuve\/rock-pop\/johnny-winter-and-johnny-winter-and\/#breadcrumb"},"inLanguage":"en-GB","potentialAction":[{"@type":"ReadAction","target":["https:\/\/vinilozona.lt\/parduotuve\/rock-pop\/johnny-winter-and-johnny-winter-and\/"]}]},{"@type":"ImageObject","inLanguage":"en-GB","@id":"https:\/\/vinilozona.lt\/parduotuve\/rock-pop\/johnny-winter-and-johnny-winter-and\/#primaryimage","url":"https:\/\/vinilozona.lt\/wp-content\/uploads\/2020\/01\/johnny-winter-and-johnny-winter-and-1.jpg","contentUrl":"https:\/\/vinilozona.lt\/wp-content\/uploads\/2020\/01\/johnny-winter-and-johnny-winter-and-1.jpg","width":661,"height":496},{"@type":"BreadcrumbList","@id":"https:\/\/vinilozona.lt\/parduotuve\/rock-pop\/johnny-winter-and-johnny-winter-and\/#breadcrumb","itemListElement":[{"@type":"ListItem","position":1,"name":"Home","item":"https:\/\/vinilozona.lt\/"},{"@type":"ListItem","position":2,"name":"Parduotuv\u0117","item":"https:\/\/vinilozona.lt\/parduotuve\/"},{"@type":"ListItem","position":3,"name":"Johnny Winter And &#8211; Johnny Winter And"}]},{"@type":"WebSite","@id":"https:\/\/vinilozona.lt\/#website","url":"https:\/\/vinilozona.lt\/","name":"Vinilo Zona","description":"Nup\u016bsk dulkes ir klausyk LP","potentialAction":[{"@type":"SearchAction","target":{"@type":"EntryPoint","urlTemplate":"https:\/\/vinilozona.lt\/?s={search_term_string}"},"query-input":{"@type":"PropertyValueSpecification","valueRequired":true,"valueName":"search_term_string"}}],"inLanguage":"en-GB"}]}},"_links":{"self":[{"href":"https:\/\/vinilozona.lt\/en\/wp-json\/wp\/v2\/product\/2762"}],"collection":[{"href":"https:\/\/vinilozona.lt\/en\/wp-json\/wp\/v2\/product"}],"about":[{"href":"https:\/\/vinilozona.lt\/en\/wp-json\/wp\/v2\/types\/product"}],"wp:featuredmedia":[{"embeddable":true,"href":"https:\/\/vinilozona.lt\/en\/wp-json\/wp\/v2\/media\/2763"}],"wp:attachment":[{"href":"https:\/\/vinilozona.lt\/en\/wp-json\/wp\/v2\/media?parent=2762"}],"wp:term":[{"taxonomy":"product_cat","embeddable":true,"href":"https:\/\/vinilozona.lt\/en\/wp-json\/wp\/v2\/product_cat?post=2762"},{"taxonomy":"product_tag","embeddable":true,"href":"https:\/\/vinilozona.lt\/en\/wp-json\/wp\/v2\/product_tag?post=2762"}],"curies":[{"name":"wp","href":"https:\/\/api.w.org\/{rel}","templated":true}]}}