{"id":27613,"date":"2025-03-04T05:09:51","date_gmt":"2025-03-04T03:09:51","guid":{"rendered":"https:\/\/vinilozona.lt\/?post_type=product&#038;p=27613"},"modified":"2026-03-25T23:34:26","modified_gmt":"2026-03-25T21:34:26","slug":"chris-norman-different-shades","status":"publish","type":"product","link":"https:\/\/vinilozona.lt\/en\/parduotuve\/rock-pop\/chris-norman-different-shades\/","title":{"rendered":"Chris Norman \u2013 Different Shades"},"content":{"rendered":"<p>Sarah (You Take My Breath Away)\t4:42<br \/>\nHands Tied\t4:13<br \/>\nWheels Of Fire\t4:45<br \/>\nFor The Good Years\t4:42<br \/>\nShe Said She Was A Lucky Girl\t3:16<br \/>\nWoman In Love\t4:25<br \/>\nA Bridge At Midnight\t4:32<br \/>\nOrdinary Heart\t3:53<br \/>\nHearts Livin&#8217; On Emotion\t4:12<br \/>\nHere Comes The Night\t4:45<br \/>\nNever Make My Angel Cry\t4:05<br \/>\nWings Of Love\t4:25<\/p>","protected":false},"excerpt":{"rendered":"<p>Hansa \u2013 208 688<br \/>\nFormat: Vinyl, LP, Album<br \/>\nCountry: Europe<br \/>\nReleased: 1987<br \/>\nYRA GARSO KOKYB\u0116S NE\u012eTAKOJANTI DEFORMACIJA<\/p>","protected":false},"featured_media":27614,"template":"","meta":[],"product_cat":[15],"product_tag":[44],"yoast_head":"<!-- This site is optimized with the Yoast SEO plugin v23.5 - https:\/\/yoast.com\/wordpress\/plugins\/seo\/ -->\n<title>Chris Norman \u2013 Different Shades Vinilin\u0117 Plok\u0161tel\u0117 | Vinilozona.lt<\/title>\n<meta name=\"robots\" content=\"index, follow, max-snippet:-1, max-image-preview:large, max-video-preview:-1\" \/>\n<link rel=\"canonical\" href=\"https:\/\/vinilozona.lt\/en\/parduotuve\/rock-pop\/chris-norman-different-shades\/\" \/>\n<meta property=\"og:locale\" content=\"en_GB\" \/>\n<meta property=\"og:type\" content=\"article\" \/>\n<meta property=\"og:title\" content=\"Chris Norman \u2013 Different Shades Vinilin\u0117 Plok\u0161tel\u0117 | Vinilozona.lt\" \/>\n<meta property=\"og:description\" content=\"Hansa \u2013 208 688 Format: Vinyl, LP, Album Country: Europe Released: 1987 YRA GARSO KOKYB\u0116S NE\u012eTAKOJANTI DEFORMACIJA\" \/>\n<meta property=\"og:url\" content=\"https:\/\/vinilozona.lt\/en\/parduotuve\/rock-pop\/chris-norman-different-shades\/\" \/>\n<meta property=\"og:site_name\" content=\"Vinilo Zona\" \/>\n<meta property=\"article:modified_time\" content=\"2026-03-25T21:34:26+00:00\" \/>\n<meta property=\"og:image\" content=\"https:\/\/vinilozona.lt\/wp-content\/uploads\/2025\/03\/R-1911566-1252919303.jpg\" \/>\n\t<meta property=\"og:image:width\" content=\"600\" \/>\n\t<meta property=\"og:image:height\" content=\"592\" \/>\n\t<meta property=\"og:image:type\" content=\"image\/jpeg\" \/>\n<meta name=\"twitter:card\" content=\"summary_large_image\" \/>\n<meta name=\"twitter:label1\" content=\"Estimated reading time\" \/>\n\t<meta name=\"twitter:data1\" content=\"1 minute\" \/>\n<script type=\"application\/ld+json\" class=\"yoast-schema-graph\">{\"@context\":\"https:\/\/schema.org\",\"@graph\":[{\"@type\":\"WebPage\",\"@id\":\"https:\/\/vinilozona.lt\/parduotuve\/rock-pop\/chris-norman-different-shades\/\",\"url\":\"https:\/\/vinilozona.lt\/parduotuve\/rock-pop\/chris-norman-different-shades\/\",\"name\":\"Chris Norman \u2013 Different Shades Vinilin\u0117 Plok\u0161tel\u0117 | Vinilozona.lt\",\"isPartOf\":{\"@id\":\"https:\/\/vinilozona.lt\/#website\"},\"primaryImageOfPage\":{\"@id\":\"https:\/\/vinilozona.lt\/parduotuve\/rock-pop\/chris-norman-different-shades\/#primaryimage\"},\"image\":{\"@id\":\"https:\/\/vinilozona.lt\/parduotuve\/rock-pop\/chris-norman-different-shades\/#primaryimage\"},\"thumbnailUrl\":\"https:\/\/vinilozona.lt\/wp-content\/uploads\/2025\/03\/R-1911566-1252919303.jpg\",\"datePublished\":\"2025-03-04T03:09:51+00:00\",\"dateModified\":\"2026-03-25T21:34:26+00:00\",\"breadcrumb\":{\"@id\":\"https:\/\/vinilozona.lt\/parduotuve\/rock-pop\/chris-norman-different-shades\/#breadcrumb\"},\"inLanguage\":\"en-GB\",\"potentialAction\":[{\"@type\":\"ReadAction\",\"target\":[\"https:\/\/vinilozona.lt\/parduotuve\/rock-pop\/chris-norman-different-shades\/\"]}]},{\"@type\":\"ImageObject\",\"inLanguage\":\"en-GB\",\"@id\":\"https:\/\/vinilozona.lt\/parduotuve\/rock-pop\/chris-norman-different-shades\/#primaryimage\",\"url\":\"https:\/\/vinilozona.lt\/wp-content\/uploads\/2025\/03\/R-1911566-1252919303.jpg\",\"contentUrl\":\"https:\/\/vinilozona.lt\/wp-content\/uploads\/2025\/03\/R-1911566-1252919303.jpg\",\"width\":600,\"height\":592},{\"@type\":\"BreadcrumbList\",\"@id\":\"https:\/\/vinilozona.lt\/parduotuve\/rock-pop\/chris-norman-different-shades\/#breadcrumb\",\"itemListElement\":[{\"@type\":\"ListItem\",\"position\":1,\"name\":\"Home\",\"item\":\"https:\/\/vinilozona.lt\/\"},{\"@type\":\"ListItem\",\"position\":2,\"name\":\"Parduotuv\u0117\",\"item\":\"https:\/\/vinilozona.lt\/parduotuve\/\"},{\"@type\":\"ListItem\",\"position\":3,\"name\":\"Chris Norman \u2013 Different Shades\"}]},{\"@type\":\"WebSite\",\"@id\":\"https:\/\/vinilozona.lt\/#website\",\"url\":\"https:\/\/vinilozona.lt\/\",\"name\":\"Vinilo Zona\",\"description\":\"Nup\u016bsk dulkes ir klausyk LP\",\"potentialAction\":[{\"@type\":\"SearchAction\",\"target\":{\"@type\":\"EntryPoint\",\"urlTemplate\":\"https:\/\/vinilozona.lt\/?s={search_term_string}\"},\"query-input\":{\"@type\":\"PropertyValueSpecification\",\"valueRequired\":true,\"valueName\":\"search_term_string\"}}],\"inLanguage\":\"en-GB\"}]}<\/script>\n<!-- \/ Yoast SEO plugin. -->","yoast_head_json":{"title":"Chris Norman \u2013 Different Shades Vinilin\u0117 Plok\u0161tel\u0117 | Vinilozona.lt","robots":{"index":"index","follow":"follow","max-snippet":"max-snippet:-1","max-image-preview":"max-image-preview:large","max-video-preview":"max-video-preview:-1"},"canonical":"https:\/\/vinilozona.lt\/en\/parduotuve\/rock-pop\/chris-norman-different-shades\/","og_locale":"en_GB","og_type":"article","og_title":"Chris Norman \u2013 Different Shades Vinilin\u0117 Plok\u0161tel\u0117 | Vinilozona.lt","og_description":"Hansa \u2013 208 688 Format: Vinyl, LP, Album Country: Europe Released: 1987 YRA GARSO KOKYB\u0116S NE\u012eTAKOJANTI DEFORMACIJA","og_url":"https:\/\/vinilozona.lt\/en\/parduotuve\/rock-pop\/chris-norman-different-shades\/","og_site_name":"Vinilo Zona","article_modified_time":"2026-03-25T21:34:26+00:00","og_image":[{"width":600,"height":592,"url":"https:\/\/vinilozona.lt\/wp-content\/uploads\/2025\/03\/R-1911566-1252919303.jpg","type":"image\/jpeg"}],"twitter_card":"summary_large_image","twitter_misc":{"Estimated reading time":"1 minute"},"schema":{"@context":"https:\/\/schema.org","@graph":[{"@type":"WebPage","@id":"https:\/\/vinilozona.lt\/parduotuve\/rock-pop\/chris-norman-different-shades\/","url":"https:\/\/vinilozona.lt\/parduotuve\/rock-pop\/chris-norman-different-shades\/","name":"Chris Norman \u2013 Different Shades Vinilin\u0117 Plok\u0161tel\u0117 | Vinilozona.lt","isPartOf":{"@id":"https:\/\/vinilozona.lt\/#website"},"primaryImageOfPage":{"@id":"https:\/\/vinilozona.lt\/parduotuve\/rock-pop\/chris-norman-different-shades\/#primaryimage"},"image":{"@id":"https:\/\/vinilozona.lt\/parduotuve\/rock-pop\/chris-norman-different-shades\/#primaryimage"},"thumbnailUrl":"https:\/\/vinilozona.lt\/wp-content\/uploads\/2025\/03\/R-1911566-1252919303.jpg","datePublished":"2025-03-04T03:09:51+00:00","dateModified":"2026-03-25T21:34:26+00:00","breadcrumb":{"@id":"https:\/\/vinilozona.lt\/parduotuve\/rock-pop\/chris-norman-different-shades\/#breadcrumb"},"inLanguage":"en-GB","potentialAction":[{"@type":"ReadAction","target":["https:\/\/vinilozona.lt\/parduotuve\/rock-pop\/chris-norman-different-shades\/"]}]},{"@type":"ImageObject","inLanguage":"en-GB","@id":"https:\/\/vinilozona.lt\/parduotuve\/rock-pop\/chris-norman-different-shades\/#primaryimage","url":"https:\/\/vinilozona.lt\/wp-content\/uploads\/2025\/03\/R-1911566-1252919303.jpg","contentUrl":"https:\/\/vinilozona.lt\/wp-content\/uploads\/2025\/03\/R-1911566-1252919303.jpg","width":600,"height":592},{"@type":"BreadcrumbList","@id":"https:\/\/vinilozona.lt\/parduotuve\/rock-pop\/chris-norman-different-shades\/#breadcrumb","itemListElement":[{"@type":"ListItem","position":1,"name":"Home","item":"https:\/\/vinilozona.lt\/"},{"@type":"ListItem","position":2,"name":"Parduotuv\u0117","item":"https:\/\/vinilozona.lt\/parduotuve\/"},{"@type":"ListItem","position":3,"name":"Chris Norman \u2013 Different Shades"}]},{"@type":"WebSite","@id":"https:\/\/vinilozona.lt\/#website","url":"https:\/\/vinilozona.lt\/","name":"Vinilo Zona","description":"Nup\u016bsk dulkes ir klausyk LP","potentialAction":[{"@type":"SearchAction","target":{"@type":"EntryPoint","urlTemplate":"https:\/\/vinilozona.lt\/?s={search_term_string}"},"query-input":{"@type":"PropertyValueSpecification","valueRequired":true,"valueName":"search_term_string"}}],"inLanguage":"en-GB"}]}},"_links":{"self":[{"href":"https:\/\/vinilozona.lt\/en\/wp-json\/wp\/v2\/product\/27613"}],"collection":[{"href":"https:\/\/vinilozona.lt\/en\/wp-json\/wp\/v2\/product"}],"about":[{"href":"https:\/\/vinilozona.lt\/en\/wp-json\/wp\/v2\/types\/product"}],"wp:featuredmedia":[{"embeddable":true,"href":"https:\/\/vinilozona.lt\/en\/wp-json\/wp\/v2\/media\/27614"}],"wp:attachment":[{"href":"https:\/\/vinilozona.lt\/en\/wp-json\/wp\/v2\/media?parent=27613"}],"wp:term":[{"taxonomy":"product_cat","embeddable":true,"href":"https:\/\/vinilozona.lt\/en\/wp-json\/wp\/v2\/product_cat?post=27613"},{"taxonomy":"product_tag","embeddable":true,"href":"https:\/\/vinilozona.lt\/en\/wp-json\/wp\/v2\/product_tag?post=27613"}],"curies":[{"name":"wp","href":"https:\/\/api.w.org\/{rel}","templated":true}]}}