{"id":27610,"date":"2025-03-04T05:10:29","date_gmt":"2025-03-04T03:10:29","guid":{"rendered":"https:\/\/vinilozona.lt\/?post_type=product&#038;p=27610"},"modified":"2025-03-04T06:34:28","modified_gmt":"2025-03-04T04:34:28","slug":"amanda-lear-i-am-a-photograph","status":"publish","type":"product","link":"https:\/\/vinilozona.lt\/en\/parduotuve\/rock-pop\/amanda-lear-i-am-a-photograph\/","title":{"rendered":"Amanda Lear \u200e\u2013 I Am A Photograph"},"content":{"rendered":"<p>Blood And Honey\t4:50<br \/>\nAlphabet (Prelude In C By J.S. Bach)\t4:00<br \/>\nThese Boots Are Made For Walkin&#8217;\t3:18<br \/>\nTomorrow\t4:10<br \/>\nPretty Boys\t2:55<br \/>\nAlligator\t4:35<br \/>\nThe Lady In Black\t3:30<br \/>\nI Am A Photograph\t4:25<br \/>\nLa Bagarre\t3:27<br \/>\nBlue Tango\t2:40<\/p>","protected":false},"excerpt":{"rendered":"<p>Ariola \u2013 28 866 OT<br \/>\nFormat:<br \/>\nVinyl, LP, Album, First Edition<br \/>\nCountry:<br \/>\nGermany<br \/>\nReleased:<br \/>\nMay 1977<\/p>","protected":false},"featured_media":27611,"template":"","meta":[],"product_cat":[15],"product_tag":[44],"yoast_head":"<!-- This site is optimized with the Yoast SEO plugin v23.5 - https:\/\/yoast.com\/wordpress\/plugins\/seo\/ -->\n<title>Amanda Lear \u200e\u2013 I Am A Photograph Vinilin\u0117 Plok\u0161tel\u0117 | Vinilozona.lt<\/title>\n<meta name=\"robots\" content=\"index, follow, max-snippet:-1, max-image-preview:large, max-video-preview:-1\" \/>\n<link rel=\"canonical\" href=\"https:\/\/vinilozona.lt\/en\/parduotuve\/rock-pop\/amanda-lear-i-am-a-photograph\/\" \/>\n<meta property=\"og:locale\" content=\"en_GB\" \/>\n<meta property=\"og:type\" content=\"article\" \/>\n<meta property=\"og:title\" content=\"Amanda Lear \u200e\u2013 I Am A Photograph Vinilin\u0117 Plok\u0161tel\u0117 | Vinilozona.lt\" \/>\n<meta property=\"og:description\" content=\"Ariola \u2013 28 866 OT Format: Vinyl, LP, Album, First Edition Country: Germany Released: May 1977\" \/>\n<meta property=\"og:url\" content=\"https:\/\/vinilozona.lt\/en\/parduotuve\/rock-pop\/amanda-lear-i-am-a-photograph\/\" \/>\n<meta property=\"og:site_name\" content=\"Vinilo Zona\" \/>\n<meta property=\"article:modified_time\" content=\"2025-03-04T04:34:28+00:00\" \/>\n<meta property=\"og:image\" content=\"https:\/\/vinilozona.lt\/wp-content\/uploads\/2025\/03\/R-2993843-1461605949-7049.jpg\" \/>\n\t<meta property=\"og:image:width\" content=\"599\" \/>\n\t<meta property=\"og:image:height\" content=\"586\" \/>\n\t<meta property=\"og:image:type\" content=\"image\/jpeg\" \/>\n<meta name=\"twitter:card\" content=\"summary_large_image\" \/>\n<meta name=\"twitter:label1\" content=\"Estimated reading time\" \/>\n\t<meta name=\"twitter:data1\" content=\"1 minute\" \/>\n<script type=\"application\/ld+json\" class=\"yoast-schema-graph\">{\"@context\":\"https:\/\/schema.org\",\"@graph\":[{\"@type\":\"WebPage\",\"@id\":\"https:\/\/vinilozona.lt\/parduotuve\/rock-pop\/amanda-lear-i-am-a-photograph\/\",\"url\":\"https:\/\/vinilozona.lt\/parduotuve\/rock-pop\/amanda-lear-i-am-a-photograph\/\",\"name\":\"Amanda Lear \u200e\u2013 I Am A Photograph Vinilin\u0117 Plok\u0161tel\u0117 | Vinilozona.lt\",\"isPartOf\":{\"@id\":\"https:\/\/vinilozona.lt\/#website\"},\"primaryImageOfPage\":{\"@id\":\"https:\/\/vinilozona.lt\/parduotuve\/rock-pop\/amanda-lear-i-am-a-photograph\/#primaryimage\"},\"image\":{\"@id\":\"https:\/\/vinilozona.lt\/parduotuve\/rock-pop\/amanda-lear-i-am-a-photograph\/#primaryimage\"},\"thumbnailUrl\":\"https:\/\/vinilozona.lt\/wp-content\/uploads\/2025\/03\/R-2993843-1461605949-7049.jpg\",\"datePublished\":\"2025-03-04T03:10:29+00:00\",\"dateModified\":\"2025-03-04T04:34:28+00:00\",\"breadcrumb\":{\"@id\":\"https:\/\/vinilozona.lt\/parduotuve\/rock-pop\/amanda-lear-i-am-a-photograph\/#breadcrumb\"},\"inLanguage\":\"en-GB\",\"potentialAction\":[{\"@type\":\"ReadAction\",\"target\":[\"https:\/\/vinilozona.lt\/parduotuve\/rock-pop\/amanda-lear-i-am-a-photograph\/\"]}]},{\"@type\":\"ImageObject\",\"inLanguage\":\"en-GB\",\"@id\":\"https:\/\/vinilozona.lt\/parduotuve\/rock-pop\/amanda-lear-i-am-a-photograph\/#primaryimage\",\"url\":\"https:\/\/vinilozona.lt\/wp-content\/uploads\/2025\/03\/R-2993843-1461605949-7049.jpg\",\"contentUrl\":\"https:\/\/vinilozona.lt\/wp-content\/uploads\/2025\/03\/R-2993843-1461605949-7049.jpg\",\"width\":599,\"height\":586},{\"@type\":\"BreadcrumbList\",\"@id\":\"https:\/\/vinilozona.lt\/parduotuve\/rock-pop\/amanda-lear-i-am-a-photograph\/#breadcrumb\",\"itemListElement\":[{\"@type\":\"ListItem\",\"position\":1,\"name\":\"Home\",\"item\":\"https:\/\/vinilozona.lt\/\"},{\"@type\":\"ListItem\",\"position\":2,\"name\":\"Parduotuv\u0117\",\"item\":\"https:\/\/vinilozona.lt\/parduotuve\/\"},{\"@type\":\"ListItem\",\"position\":3,\"name\":\"Amanda Lear \u200e\u2013 I Am A Photograph\"}]},{\"@type\":\"WebSite\",\"@id\":\"https:\/\/vinilozona.lt\/#website\",\"url\":\"https:\/\/vinilozona.lt\/\",\"name\":\"Vinilo Zona\",\"description\":\"Nup\u016bsk dulkes ir klausyk LP\",\"potentialAction\":[{\"@type\":\"SearchAction\",\"target\":{\"@type\":\"EntryPoint\",\"urlTemplate\":\"https:\/\/vinilozona.lt\/?s={search_term_string}\"},\"query-input\":{\"@type\":\"PropertyValueSpecification\",\"valueRequired\":true,\"valueName\":\"search_term_string\"}}],\"inLanguage\":\"en-GB\"}]}<\/script>\n<!-- \/ Yoast SEO plugin. -->","yoast_head_json":{"title":"Amanda Lear \u200e\u2013 I Am A Photograph Vinilin\u0117 Plok\u0161tel\u0117 | Vinilozona.lt","robots":{"index":"index","follow":"follow","max-snippet":"max-snippet:-1","max-image-preview":"max-image-preview:large","max-video-preview":"max-video-preview:-1"},"canonical":"https:\/\/vinilozona.lt\/en\/parduotuve\/rock-pop\/amanda-lear-i-am-a-photograph\/","og_locale":"en_GB","og_type":"article","og_title":"Amanda Lear \u200e\u2013 I Am A Photograph Vinilin\u0117 Plok\u0161tel\u0117 | Vinilozona.lt","og_description":"Ariola \u2013 28 866 OT Format: Vinyl, LP, Album, First Edition Country: Germany Released: May 1977","og_url":"https:\/\/vinilozona.lt\/en\/parduotuve\/rock-pop\/amanda-lear-i-am-a-photograph\/","og_site_name":"Vinilo Zona","article_modified_time":"2025-03-04T04:34:28+00:00","og_image":[{"width":599,"height":586,"url":"https:\/\/vinilozona.lt\/wp-content\/uploads\/2025\/03\/R-2993843-1461605949-7049.jpg","type":"image\/jpeg"}],"twitter_card":"summary_large_image","twitter_misc":{"Estimated reading time":"1 minute"},"schema":{"@context":"https:\/\/schema.org","@graph":[{"@type":"WebPage","@id":"https:\/\/vinilozona.lt\/parduotuve\/rock-pop\/amanda-lear-i-am-a-photograph\/","url":"https:\/\/vinilozona.lt\/parduotuve\/rock-pop\/amanda-lear-i-am-a-photograph\/","name":"Amanda Lear \u200e\u2013 I Am A Photograph Vinilin\u0117 Plok\u0161tel\u0117 | Vinilozona.lt","isPartOf":{"@id":"https:\/\/vinilozona.lt\/#website"},"primaryImageOfPage":{"@id":"https:\/\/vinilozona.lt\/parduotuve\/rock-pop\/amanda-lear-i-am-a-photograph\/#primaryimage"},"image":{"@id":"https:\/\/vinilozona.lt\/parduotuve\/rock-pop\/amanda-lear-i-am-a-photograph\/#primaryimage"},"thumbnailUrl":"https:\/\/vinilozona.lt\/wp-content\/uploads\/2025\/03\/R-2993843-1461605949-7049.jpg","datePublished":"2025-03-04T03:10:29+00:00","dateModified":"2025-03-04T04:34:28+00:00","breadcrumb":{"@id":"https:\/\/vinilozona.lt\/parduotuve\/rock-pop\/amanda-lear-i-am-a-photograph\/#breadcrumb"},"inLanguage":"en-GB","potentialAction":[{"@type":"ReadAction","target":["https:\/\/vinilozona.lt\/parduotuve\/rock-pop\/amanda-lear-i-am-a-photograph\/"]}]},{"@type":"ImageObject","inLanguage":"en-GB","@id":"https:\/\/vinilozona.lt\/parduotuve\/rock-pop\/amanda-lear-i-am-a-photograph\/#primaryimage","url":"https:\/\/vinilozona.lt\/wp-content\/uploads\/2025\/03\/R-2993843-1461605949-7049.jpg","contentUrl":"https:\/\/vinilozona.lt\/wp-content\/uploads\/2025\/03\/R-2993843-1461605949-7049.jpg","width":599,"height":586},{"@type":"BreadcrumbList","@id":"https:\/\/vinilozona.lt\/parduotuve\/rock-pop\/amanda-lear-i-am-a-photograph\/#breadcrumb","itemListElement":[{"@type":"ListItem","position":1,"name":"Home","item":"https:\/\/vinilozona.lt\/"},{"@type":"ListItem","position":2,"name":"Parduotuv\u0117","item":"https:\/\/vinilozona.lt\/parduotuve\/"},{"@type":"ListItem","position":3,"name":"Amanda Lear \u200e\u2013 I Am A Photograph"}]},{"@type":"WebSite","@id":"https:\/\/vinilozona.lt\/#website","url":"https:\/\/vinilozona.lt\/","name":"Vinilo Zona","description":"Nup\u016bsk dulkes ir klausyk LP","potentialAction":[{"@type":"SearchAction","target":{"@type":"EntryPoint","urlTemplate":"https:\/\/vinilozona.lt\/?s={search_term_string}"},"query-input":{"@type":"PropertyValueSpecification","valueRequired":true,"valueName":"search_term_string"}}],"inLanguage":"en-GB"}]}},"_links":{"self":[{"href":"https:\/\/vinilozona.lt\/en\/wp-json\/wp\/v2\/product\/27610"}],"collection":[{"href":"https:\/\/vinilozona.lt\/en\/wp-json\/wp\/v2\/product"}],"about":[{"href":"https:\/\/vinilozona.lt\/en\/wp-json\/wp\/v2\/types\/product"}],"wp:featuredmedia":[{"embeddable":true,"href":"https:\/\/vinilozona.lt\/en\/wp-json\/wp\/v2\/media\/27611"}],"wp:attachment":[{"href":"https:\/\/vinilozona.lt\/en\/wp-json\/wp\/v2\/media?parent=27610"}],"wp:term":[{"taxonomy":"product_cat","embeddable":true,"href":"https:\/\/vinilozona.lt\/en\/wp-json\/wp\/v2\/product_cat?post=27610"},{"taxonomy":"product_tag","embeddable":true,"href":"https:\/\/vinilozona.lt\/en\/wp-json\/wp\/v2\/product_tag?post=27610"}],"curies":[{"name":"wp","href":"https:\/\/api.w.org\/{rel}","templated":true}]}}