{"id":27599,"date":"2025-03-03T17:00:17","date_gmt":"2025-03-03T15:00:17","guid":{"rendered":"https:\/\/vinilozona.lt\/?post_type=product&#038;p=27599"},"modified":"2025-11-24T21:44:54","modified_gmt":"2025-11-24T19:44:54","slug":"vytautas-kernagis-dainos-teatras-baltas-paukstis-2lp","status":"publish","type":"product","link":"https:\/\/vinilozona.lt\/en\/parduotuve\/lietuviska\/vytautas-kernagis-dainos-teatras-baltas-paukstis-2lp\/","title":{"rendered":"Vytautas Kernagis, Dainos Teatras \u2013 Baltas Pauk\u0161tis 2LP"},"content":{"rendered":"<p>1\tVytautas Kernagis\u2013\tPenkios Giesm\u0117s I\u0161 S. Gedos Poemos &#8222;Strazdas&#8221; (Kar\u010diama, Moteris, Smurtas, Mai\u0161tas, Epilogas)<br \/>\n2\tVytautas Kernagis\u2013\t\u0160aukiu A\u0161 Taut\u0105<br \/>\n3\tDainos Teatras\u2013\tVakaras<br \/>\n4\tDainos Teatras\u2013\tGastrol\u0117s Amerikoje<br \/>\n5\tDainos Teatras\u2013\tRytiniame Autobuse<br \/>\n6\tVytautas Kernagis\u2013\tBalad\u0117 Apie Dvi Sraiges<br \/>\n7\tDainos Teatras\u2013\tAr Tu Lauki<br \/>\n8\tDainos Teatras\u2013\tLigonin\u0117<br \/>\n9\tDainos Teatras\u2013\tRugs\u0117jis<br \/>\n10\tVytautas Kernagis\u2013\tTies\u0105 \u017dinoti Geriau<br \/>\n11\tDainos Teatras\u2013\tPatekant Saulei<br \/>\n12\tVytautas Kernagis\u2013\tBaltas Pauk\u0161tis<\/p>","protected":false},"excerpt":{"rendered":"<p>Leid\u0117jas:<br \/>\nVytauto Kernagio fondas<br \/>\n2025 metai<\/p>","protected":false},"featured_media":27600,"template":"","meta":[],"product_cat":[19,23],"product_tag":[772],"yoast_head":"<!-- This site is optimized with the Yoast SEO plugin v23.5 - https:\/\/yoast.com\/wordpress\/plugins\/seo\/ -->\n<title>Vytautas Kernagis, Dainos Teatras \u2013 Baltas Pauk\u0161tis 2LP Vinilin\u0117 Plok\u0161tel\u0117 | Vinilozona.lt<\/title>\n<meta name=\"robots\" content=\"index, follow, max-snippet:-1, max-image-preview:large, max-video-preview:-1\" \/>\n<link rel=\"canonical\" href=\"https:\/\/vinilozona.lt\/en\/parduotuve\/lietuviska\/vytautas-kernagis-dainos-teatras-baltas-paukstis-2lp\/\" \/>\n<meta property=\"og:locale\" content=\"en_GB\" \/>\n<meta property=\"og:type\" content=\"article\" \/>\n<meta property=\"og:title\" content=\"Vytautas Kernagis, Dainos Teatras \u2013 Baltas Pauk\u0161tis 2LP Vinilin\u0117 Plok\u0161tel\u0117 | Vinilozona.lt\" \/>\n<meta property=\"og:description\" content=\"Leid\u0117jas: Vytauto Kernagio fondas 2025 metai\" \/>\n<meta property=\"og:url\" content=\"https:\/\/vinilozona.lt\/en\/parduotuve\/lietuviska\/vytautas-kernagis-dainos-teatras-baltas-paukstis-2lp\/\" \/>\n<meta property=\"og:site_name\" content=\"Vinilo Zona\" \/>\n<meta property=\"article:modified_time\" content=\"2025-11-24T19:44:54+00:00\" \/>\n<meta property=\"og:image\" content=\"https:\/\/vinilozona.lt\/wp-content\/uploads\/2025\/03\/R-5319229-1390434162-1663.jpg\" \/>\n\t<meta property=\"og:image:width\" content=\"400\" \/>\n\t<meta property=\"og:image:height\" content=\"359\" \/>\n\t<meta property=\"og:image:type\" content=\"image\/jpeg\" \/>\n<meta name=\"twitter:card\" content=\"summary_large_image\" \/>\n<meta name=\"twitter:label1\" content=\"Estimated reading time\" \/>\n\t<meta name=\"twitter:data1\" content=\"1 minute\" \/>\n<script type=\"application\/ld+json\" class=\"yoast-schema-graph\">{\"@context\":\"https:\/\/schema.org\",\"@graph\":[{\"@type\":\"WebPage\",\"@id\":\"https:\/\/vinilozona.lt\/parduotuve\/lietuviska\/vytautas-kernagis-dainos-teatras-baltas-paukstis-2lp\/\",\"url\":\"https:\/\/vinilozona.lt\/parduotuve\/lietuviska\/vytautas-kernagis-dainos-teatras-baltas-paukstis-2lp\/\",\"name\":\"Vytautas Kernagis, Dainos Teatras \u2013 Baltas Pauk\u0161tis 2LP Vinilin\u0117 Plok\u0161tel\u0117 | Vinilozona.lt\",\"isPartOf\":{\"@id\":\"https:\/\/vinilozona.lt\/#website\"},\"primaryImageOfPage\":{\"@id\":\"https:\/\/vinilozona.lt\/parduotuve\/lietuviska\/vytautas-kernagis-dainos-teatras-baltas-paukstis-2lp\/#primaryimage\"},\"image\":{\"@id\":\"https:\/\/vinilozona.lt\/parduotuve\/lietuviska\/vytautas-kernagis-dainos-teatras-baltas-paukstis-2lp\/#primaryimage\"},\"thumbnailUrl\":\"https:\/\/vinilozona.lt\/wp-content\/uploads\/2025\/03\/R-5319229-1390434162-1663.jpg\",\"datePublished\":\"2025-03-03T15:00:17+00:00\",\"dateModified\":\"2025-11-24T19:44:54+00:00\",\"breadcrumb\":{\"@id\":\"https:\/\/vinilozona.lt\/parduotuve\/lietuviska\/vytautas-kernagis-dainos-teatras-baltas-paukstis-2lp\/#breadcrumb\"},\"inLanguage\":\"en-GB\",\"potentialAction\":[{\"@type\":\"ReadAction\",\"target\":[\"https:\/\/vinilozona.lt\/parduotuve\/lietuviska\/vytautas-kernagis-dainos-teatras-baltas-paukstis-2lp\/\"]}]},{\"@type\":\"ImageObject\",\"inLanguage\":\"en-GB\",\"@id\":\"https:\/\/vinilozona.lt\/parduotuve\/lietuviska\/vytautas-kernagis-dainos-teatras-baltas-paukstis-2lp\/#primaryimage\",\"url\":\"https:\/\/vinilozona.lt\/wp-content\/uploads\/2025\/03\/R-5319229-1390434162-1663.jpg\",\"contentUrl\":\"https:\/\/vinilozona.lt\/wp-content\/uploads\/2025\/03\/R-5319229-1390434162-1663.jpg\",\"width\":400,\"height\":359},{\"@type\":\"BreadcrumbList\",\"@id\":\"https:\/\/vinilozona.lt\/parduotuve\/lietuviska\/vytautas-kernagis-dainos-teatras-baltas-paukstis-2lp\/#breadcrumb\",\"itemListElement\":[{\"@type\":\"ListItem\",\"position\":1,\"name\":\"Home\",\"item\":\"https:\/\/vinilozona.lt\/\"},{\"@type\":\"ListItem\",\"position\":2,\"name\":\"Parduotuv\u0117\",\"item\":\"https:\/\/vinilozona.lt\/parduotuve\/\"},{\"@type\":\"ListItem\",\"position\":3,\"name\":\"Vytautas Kernagis, Dainos Teatras \u2013 Baltas Pauk\u0161tis 2LP\"}]},{\"@type\":\"WebSite\",\"@id\":\"https:\/\/vinilozona.lt\/#website\",\"url\":\"https:\/\/vinilozona.lt\/\",\"name\":\"Vinilo Zona\",\"description\":\"Nup\u016bsk dulkes ir klausyk LP\",\"potentialAction\":[{\"@type\":\"SearchAction\",\"target\":{\"@type\":\"EntryPoint\",\"urlTemplate\":\"https:\/\/vinilozona.lt\/?s={search_term_string}\"},\"query-input\":{\"@type\":\"PropertyValueSpecification\",\"valueRequired\":true,\"valueName\":\"search_term_string\"}}],\"inLanguage\":\"en-GB\"}]}<\/script>\n<!-- \/ Yoast SEO plugin. -->","yoast_head_json":{"title":"Vytautas Kernagis, Dainos Teatras \u2013 Baltas Pauk\u0161tis 2LP Vinilin\u0117 Plok\u0161tel\u0117 | Vinilozona.lt","robots":{"index":"index","follow":"follow","max-snippet":"max-snippet:-1","max-image-preview":"max-image-preview:large","max-video-preview":"max-video-preview:-1"},"canonical":"https:\/\/vinilozona.lt\/en\/parduotuve\/lietuviska\/vytautas-kernagis-dainos-teatras-baltas-paukstis-2lp\/","og_locale":"en_GB","og_type":"article","og_title":"Vytautas Kernagis, Dainos Teatras \u2013 Baltas Pauk\u0161tis 2LP Vinilin\u0117 Plok\u0161tel\u0117 | Vinilozona.lt","og_description":"Leid\u0117jas: Vytauto Kernagio fondas 2025 metai","og_url":"https:\/\/vinilozona.lt\/en\/parduotuve\/lietuviska\/vytautas-kernagis-dainos-teatras-baltas-paukstis-2lp\/","og_site_name":"Vinilo Zona","article_modified_time":"2025-11-24T19:44:54+00:00","og_image":[{"width":400,"height":359,"url":"https:\/\/vinilozona.lt\/wp-content\/uploads\/2025\/03\/R-5319229-1390434162-1663.jpg","type":"image\/jpeg"}],"twitter_card":"summary_large_image","twitter_misc":{"Estimated reading time":"1 minute"},"schema":{"@context":"https:\/\/schema.org","@graph":[{"@type":"WebPage","@id":"https:\/\/vinilozona.lt\/parduotuve\/lietuviska\/vytautas-kernagis-dainos-teatras-baltas-paukstis-2lp\/","url":"https:\/\/vinilozona.lt\/parduotuve\/lietuviska\/vytautas-kernagis-dainos-teatras-baltas-paukstis-2lp\/","name":"Vytautas Kernagis, Dainos Teatras \u2013 Baltas Pauk\u0161tis 2LP Vinilin\u0117 Plok\u0161tel\u0117 | Vinilozona.lt","isPartOf":{"@id":"https:\/\/vinilozona.lt\/#website"},"primaryImageOfPage":{"@id":"https:\/\/vinilozona.lt\/parduotuve\/lietuviska\/vytautas-kernagis-dainos-teatras-baltas-paukstis-2lp\/#primaryimage"},"image":{"@id":"https:\/\/vinilozona.lt\/parduotuve\/lietuviska\/vytautas-kernagis-dainos-teatras-baltas-paukstis-2lp\/#primaryimage"},"thumbnailUrl":"https:\/\/vinilozona.lt\/wp-content\/uploads\/2025\/03\/R-5319229-1390434162-1663.jpg","datePublished":"2025-03-03T15:00:17+00:00","dateModified":"2025-11-24T19:44:54+00:00","breadcrumb":{"@id":"https:\/\/vinilozona.lt\/parduotuve\/lietuviska\/vytautas-kernagis-dainos-teatras-baltas-paukstis-2lp\/#breadcrumb"},"inLanguage":"en-GB","potentialAction":[{"@type":"ReadAction","target":["https:\/\/vinilozona.lt\/parduotuve\/lietuviska\/vytautas-kernagis-dainos-teatras-baltas-paukstis-2lp\/"]}]},{"@type":"ImageObject","inLanguage":"en-GB","@id":"https:\/\/vinilozona.lt\/parduotuve\/lietuviska\/vytautas-kernagis-dainos-teatras-baltas-paukstis-2lp\/#primaryimage","url":"https:\/\/vinilozona.lt\/wp-content\/uploads\/2025\/03\/R-5319229-1390434162-1663.jpg","contentUrl":"https:\/\/vinilozona.lt\/wp-content\/uploads\/2025\/03\/R-5319229-1390434162-1663.jpg","width":400,"height":359},{"@type":"BreadcrumbList","@id":"https:\/\/vinilozona.lt\/parduotuve\/lietuviska\/vytautas-kernagis-dainos-teatras-baltas-paukstis-2lp\/#breadcrumb","itemListElement":[{"@type":"ListItem","position":1,"name":"Home","item":"https:\/\/vinilozona.lt\/"},{"@type":"ListItem","position":2,"name":"Parduotuv\u0117","item":"https:\/\/vinilozona.lt\/parduotuve\/"},{"@type":"ListItem","position":3,"name":"Vytautas Kernagis, Dainos Teatras \u2013 Baltas Pauk\u0161tis 2LP"}]},{"@type":"WebSite","@id":"https:\/\/vinilozona.lt\/#website","url":"https:\/\/vinilozona.lt\/","name":"Vinilo Zona","description":"Nup\u016bsk dulkes ir klausyk LP","potentialAction":[{"@type":"SearchAction","target":{"@type":"EntryPoint","urlTemplate":"https:\/\/vinilozona.lt\/?s={search_term_string}"},"query-input":{"@type":"PropertyValueSpecification","valueRequired":true,"valueName":"search_term_string"}}],"inLanguage":"en-GB"}]}},"_links":{"self":[{"href":"https:\/\/vinilozona.lt\/en\/wp-json\/wp\/v2\/product\/27599"}],"collection":[{"href":"https:\/\/vinilozona.lt\/en\/wp-json\/wp\/v2\/product"}],"about":[{"href":"https:\/\/vinilozona.lt\/en\/wp-json\/wp\/v2\/types\/product"}],"wp:featuredmedia":[{"embeddable":true,"href":"https:\/\/vinilozona.lt\/en\/wp-json\/wp\/v2\/media\/27600"}],"wp:attachment":[{"href":"https:\/\/vinilozona.lt\/en\/wp-json\/wp\/v2\/media?parent=27599"}],"wp:term":[{"taxonomy":"product_cat","embeddable":true,"href":"https:\/\/vinilozona.lt\/en\/wp-json\/wp\/v2\/product_cat?post=27599"},{"taxonomy":"product_tag","embeddable":true,"href":"https:\/\/vinilozona.lt\/en\/wp-json\/wp\/v2\/product_tag?post=27599"}],"curies":[{"name":"wp","href":"https:\/\/api.w.org\/{rel}","templated":true}]}}