{"id":27565,"date":"2025-03-02T05:01:39","date_gmt":"2025-03-02T03:01:39","guid":{"rendered":"https:\/\/vinilozona.lt\/?post_type=product&#038;p=27565"},"modified":"2025-03-03T11:34:43","modified_gmt":"2025-03-03T09:34:43","slug":"marillion-the-thieving-magpie-la-gazza-ladra-2cd","status":"publish","type":"product","link":"https:\/\/vinilozona.lt\/en\/parduotuve\/cd\/naudoti-cd\/marillion-the-thieving-magpie-la-gazza-ladra-2cd\/","title":{"rendered":"Marillion \u2013 The Thieving Magpie (La Gazza Ladra)  2CD"},"content":{"rendered":"<p>1-01\t\tIntro &#8211; La Gazza Ladra  2:46<br \/>\n1-02\t\tSl\u00e0inte Mhath\t4:49<br \/>\n1-03\t\tHe Knows You Know\t5:13<br \/>\n1-04\t\tChelsea Monday\t8:01<br \/>\n1-05\t\tFreaks\t4:06<br \/>\n1-06\t\tJigsaw\t6:24<br \/>\n1-07\t\tPunch &#038; Judy\t3:23<br \/>\n1-08\t\tSugar Mice\t6:03<br \/>\n1-09\t\tFugazi\t8:39<br \/>\n1-10\t\tScript For A Jester&#8217;s Tear\t8:46<br \/>\n1-11\t\tIncommunicado\t5:23<br \/>\n1-12\t\tWhite Russian\t6:14<br \/>\nMisplaced Childhood Parts 1 &#038; 2<br \/>\n2-01\t\tPseudo Silk Kimono\t2:19<br \/>\n2-02\t\tKayleigh\t3:53<br \/>\n2-03\t\tLavender\t2:27<br \/>\n2-04\t\tBitter Suite\t7:38<br \/>\n2-05\t\tHeart Of Lothian\t5:13<br \/>\n2-06\t\tWaterhole (Expresso Bongo)\t2:17<br \/>\n2-07\t\tLords Of The Backstage\t6:07<br \/>\n2-08\t\tBlind Curve\t5:35<br \/>\n2-09\t\tChildhood&#8217;s End?\t2:48<br \/>\n2-10\t\tWhite Feather\t4:23<\/p>","protected":false},"excerpt":{"rendered":"<p>EMI \u2013 CDS 7914632, EMI \u2013 CDMARL 1<br \/>\nFormat:<br \/>\n2 x CD, Album, Stereo, Fat Box<br \/>\nCountry:<br \/>\nSwitzerland<br \/>\nReleased:<br \/>\n1988<\/p>","protected":false},"featured_media":27566,"template":"","meta":[],"product_cat":[24,946],"product_tag":[44],"yoast_head":"<!-- This site is optimized with the Yoast SEO plugin v23.5 - https:\/\/yoast.com\/wordpress\/plugins\/seo\/ -->\n<title>Marillion \u2013 The Thieving Magpie (La Gazza Ladra) 2CD Vinilin\u0117 Plok\u0161tel\u0117 | Vinilozona.lt<\/title>\n<meta name=\"robots\" content=\"index, follow, max-snippet:-1, max-image-preview:large, max-video-preview:-1\" \/>\n<link rel=\"canonical\" href=\"https:\/\/vinilozona.lt\/en\/parduotuve\/cd\/naudoti-cd\/marillion-the-thieving-magpie-la-gazza-ladra-2cd\/\" \/>\n<meta property=\"og:locale\" content=\"en_GB\" \/>\n<meta property=\"og:type\" content=\"article\" \/>\n<meta property=\"og:title\" content=\"Marillion \u2013 The Thieving Magpie (La Gazza Ladra) 2CD Vinilin\u0117 Plok\u0161tel\u0117 | Vinilozona.lt\" \/>\n<meta property=\"og:description\" content=\"EMI \u2013 CDS 7914632, EMI \u2013 CDMARL 1 Format: 2 x CD, Album, Stereo, Fat Box Country: Switzerland Released: 1988\" \/>\n<meta property=\"og:url\" content=\"https:\/\/vinilozona.lt\/en\/parduotuve\/cd\/naudoti-cd\/marillion-the-thieving-magpie-la-gazza-ladra-2cd\/\" \/>\n<meta property=\"og:site_name\" content=\"Vinilo Zona\" \/>\n<meta property=\"article:modified_time\" content=\"2025-03-03T09:34:43+00:00\" \/>\n<meta property=\"og:image\" content=\"https:\/\/vinilozona.lt\/wp-content\/uploads\/2025\/03\/R-4161094-1357308883-3869.jpg\" \/>\n\t<meta property=\"og:image:width\" content=\"600\" \/>\n\t<meta property=\"og:image:height\" content=\"600\" \/>\n\t<meta property=\"og:image:type\" content=\"image\/jpeg\" \/>\n<meta name=\"twitter:card\" content=\"summary_large_image\" \/>\n<meta name=\"twitter:label1\" content=\"Estimated reading time\" \/>\n\t<meta name=\"twitter:data1\" content=\"1 minute\" \/>\n<script type=\"application\/ld+json\" class=\"yoast-schema-graph\">{\"@context\":\"https:\/\/schema.org\",\"@graph\":[{\"@type\":\"WebPage\",\"@id\":\"https:\/\/vinilozona.lt\/parduotuve\/cd\/naudoti-cd\/marillion-the-thieving-magpie-la-gazza-ladra-2cd\/\",\"url\":\"https:\/\/vinilozona.lt\/parduotuve\/cd\/naudoti-cd\/marillion-the-thieving-magpie-la-gazza-ladra-2cd\/\",\"name\":\"Marillion \u2013 The Thieving Magpie (La Gazza Ladra) 2CD Vinilin\u0117 Plok\u0161tel\u0117 | Vinilozona.lt\",\"isPartOf\":{\"@id\":\"https:\/\/vinilozona.lt\/#website\"},\"primaryImageOfPage\":{\"@id\":\"https:\/\/vinilozona.lt\/parduotuve\/cd\/naudoti-cd\/marillion-the-thieving-magpie-la-gazza-ladra-2cd\/#primaryimage\"},\"image\":{\"@id\":\"https:\/\/vinilozona.lt\/parduotuve\/cd\/naudoti-cd\/marillion-the-thieving-magpie-la-gazza-ladra-2cd\/#primaryimage\"},\"thumbnailUrl\":\"https:\/\/vinilozona.lt\/wp-content\/uploads\/2025\/03\/R-4161094-1357308883-3869.jpg\",\"datePublished\":\"2025-03-02T03:01:39+00:00\",\"dateModified\":\"2025-03-03T09:34:43+00:00\",\"breadcrumb\":{\"@id\":\"https:\/\/vinilozona.lt\/parduotuve\/cd\/naudoti-cd\/marillion-the-thieving-magpie-la-gazza-ladra-2cd\/#breadcrumb\"},\"inLanguage\":\"en-GB\",\"potentialAction\":[{\"@type\":\"ReadAction\",\"target\":[\"https:\/\/vinilozona.lt\/parduotuve\/cd\/naudoti-cd\/marillion-the-thieving-magpie-la-gazza-ladra-2cd\/\"]}]},{\"@type\":\"ImageObject\",\"inLanguage\":\"en-GB\",\"@id\":\"https:\/\/vinilozona.lt\/parduotuve\/cd\/naudoti-cd\/marillion-the-thieving-magpie-la-gazza-ladra-2cd\/#primaryimage\",\"url\":\"https:\/\/vinilozona.lt\/wp-content\/uploads\/2025\/03\/R-4161094-1357308883-3869.jpg\",\"contentUrl\":\"https:\/\/vinilozona.lt\/wp-content\/uploads\/2025\/03\/R-4161094-1357308883-3869.jpg\",\"width\":600,\"height\":600},{\"@type\":\"BreadcrumbList\",\"@id\":\"https:\/\/vinilozona.lt\/parduotuve\/cd\/naudoti-cd\/marillion-the-thieving-magpie-la-gazza-ladra-2cd\/#breadcrumb\",\"itemListElement\":[{\"@type\":\"ListItem\",\"position\":1,\"name\":\"Home\",\"item\":\"https:\/\/vinilozona.lt\/\"},{\"@type\":\"ListItem\",\"position\":2,\"name\":\"Parduotuv\u0117\",\"item\":\"https:\/\/vinilozona.lt\/parduotuve\/\"},{\"@type\":\"ListItem\",\"position\":3,\"name\":\"Marillion \u2013 The Thieving Magpie (La Gazza Ladra) 2CD\"}]},{\"@type\":\"WebSite\",\"@id\":\"https:\/\/vinilozona.lt\/#website\",\"url\":\"https:\/\/vinilozona.lt\/\",\"name\":\"Vinilo Zona\",\"description\":\"Nup\u016bsk dulkes ir klausyk LP\",\"potentialAction\":[{\"@type\":\"SearchAction\",\"target\":{\"@type\":\"EntryPoint\",\"urlTemplate\":\"https:\/\/vinilozona.lt\/?s={search_term_string}\"},\"query-input\":{\"@type\":\"PropertyValueSpecification\",\"valueRequired\":true,\"valueName\":\"search_term_string\"}}],\"inLanguage\":\"en-GB\"}]}<\/script>\n<!-- \/ Yoast SEO plugin. -->","yoast_head_json":{"title":"Marillion \u2013 The Thieving Magpie (La Gazza Ladra) 2CD Vinilin\u0117 Plok\u0161tel\u0117 | Vinilozona.lt","robots":{"index":"index","follow":"follow","max-snippet":"max-snippet:-1","max-image-preview":"max-image-preview:large","max-video-preview":"max-video-preview:-1"},"canonical":"https:\/\/vinilozona.lt\/en\/parduotuve\/cd\/naudoti-cd\/marillion-the-thieving-magpie-la-gazza-ladra-2cd\/","og_locale":"en_GB","og_type":"article","og_title":"Marillion \u2013 The Thieving Magpie (La Gazza Ladra) 2CD Vinilin\u0117 Plok\u0161tel\u0117 | Vinilozona.lt","og_description":"EMI \u2013 CDS 7914632, EMI \u2013 CDMARL 1 Format: 2 x CD, Album, Stereo, Fat Box Country: Switzerland Released: 1988","og_url":"https:\/\/vinilozona.lt\/en\/parduotuve\/cd\/naudoti-cd\/marillion-the-thieving-magpie-la-gazza-ladra-2cd\/","og_site_name":"Vinilo Zona","article_modified_time":"2025-03-03T09:34:43+00:00","og_image":[{"width":600,"height":600,"url":"https:\/\/vinilozona.lt\/wp-content\/uploads\/2025\/03\/R-4161094-1357308883-3869.jpg","type":"image\/jpeg"}],"twitter_card":"summary_large_image","twitter_misc":{"Estimated reading time":"1 minute"},"schema":{"@context":"https:\/\/schema.org","@graph":[{"@type":"WebPage","@id":"https:\/\/vinilozona.lt\/parduotuve\/cd\/naudoti-cd\/marillion-the-thieving-magpie-la-gazza-ladra-2cd\/","url":"https:\/\/vinilozona.lt\/parduotuve\/cd\/naudoti-cd\/marillion-the-thieving-magpie-la-gazza-ladra-2cd\/","name":"Marillion \u2013 The Thieving Magpie (La Gazza Ladra) 2CD Vinilin\u0117 Plok\u0161tel\u0117 | Vinilozona.lt","isPartOf":{"@id":"https:\/\/vinilozona.lt\/#website"},"primaryImageOfPage":{"@id":"https:\/\/vinilozona.lt\/parduotuve\/cd\/naudoti-cd\/marillion-the-thieving-magpie-la-gazza-ladra-2cd\/#primaryimage"},"image":{"@id":"https:\/\/vinilozona.lt\/parduotuve\/cd\/naudoti-cd\/marillion-the-thieving-magpie-la-gazza-ladra-2cd\/#primaryimage"},"thumbnailUrl":"https:\/\/vinilozona.lt\/wp-content\/uploads\/2025\/03\/R-4161094-1357308883-3869.jpg","datePublished":"2025-03-02T03:01:39+00:00","dateModified":"2025-03-03T09:34:43+00:00","breadcrumb":{"@id":"https:\/\/vinilozona.lt\/parduotuve\/cd\/naudoti-cd\/marillion-the-thieving-magpie-la-gazza-ladra-2cd\/#breadcrumb"},"inLanguage":"en-GB","potentialAction":[{"@type":"ReadAction","target":["https:\/\/vinilozona.lt\/parduotuve\/cd\/naudoti-cd\/marillion-the-thieving-magpie-la-gazza-ladra-2cd\/"]}]},{"@type":"ImageObject","inLanguage":"en-GB","@id":"https:\/\/vinilozona.lt\/parduotuve\/cd\/naudoti-cd\/marillion-the-thieving-magpie-la-gazza-ladra-2cd\/#primaryimage","url":"https:\/\/vinilozona.lt\/wp-content\/uploads\/2025\/03\/R-4161094-1357308883-3869.jpg","contentUrl":"https:\/\/vinilozona.lt\/wp-content\/uploads\/2025\/03\/R-4161094-1357308883-3869.jpg","width":600,"height":600},{"@type":"BreadcrumbList","@id":"https:\/\/vinilozona.lt\/parduotuve\/cd\/naudoti-cd\/marillion-the-thieving-magpie-la-gazza-ladra-2cd\/#breadcrumb","itemListElement":[{"@type":"ListItem","position":1,"name":"Home","item":"https:\/\/vinilozona.lt\/"},{"@type":"ListItem","position":2,"name":"Parduotuv\u0117","item":"https:\/\/vinilozona.lt\/parduotuve\/"},{"@type":"ListItem","position":3,"name":"Marillion \u2013 The Thieving Magpie (La Gazza Ladra) 2CD"}]},{"@type":"WebSite","@id":"https:\/\/vinilozona.lt\/#website","url":"https:\/\/vinilozona.lt\/","name":"Vinilo Zona","description":"Nup\u016bsk dulkes ir klausyk LP","potentialAction":[{"@type":"SearchAction","target":{"@type":"EntryPoint","urlTemplate":"https:\/\/vinilozona.lt\/?s={search_term_string}"},"query-input":{"@type":"PropertyValueSpecification","valueRequired":true,"valueName":"search_term_string"}}],"inLanguage":"en-GB"}]}},"_links":{"self":[{"href":"https:\/\/vinilozona.lt\/en\/wp-json\/wp\/v2\/product\/27565"}],"collection":[{"href":"https:\/\/vinilozona.lt\/en\/wp-json\/wp\/v2\/product"}],"about":[{"href":"https:\/\/vinilozona.lt\/en\/wp-json\/wp\/v2\/types\/product"}],"wp:featuredmedia":[{"embeddable":true,"href":"https:\/\/vinilozona.lt\/en\/wp-json\/wp\/v2\/media\/27566"}],"wp:attachment":[{"href":"https:\/\/vinilozona.lt\/en\/wp-json\/wp\/v2\/media?parent=27565"}],"wp:term":[{"taxonomy":"product_cat","embeddable":true,"href":"https:\/\/vinilozona.lt\/en\/wp-json\/wp\/v2\/product_cat?post=27565"},{"taxonomy":"product_tag","embeddable":true,"href":"https:\/\/vinilozona.lt\/en\/wp-json\/wp\/v2\/product_tag?post=27565"}],"curies":[{"name":"wp","href":"https:\/\/api.w.org\/{rel}","templated":true}]}}