{"id":27557,"date":"2026-02-16T05:04:16","date_gmt":"2026-02-16T03:04:16","guid":{"rendered":"https:\/\/vinilozona.lt\/?post_type=product&#038;p=27557"},"modified":"2026-02-16T07:39:29","modified_gmt":"2026-02-16T05:39:29","slug":"various-fine-time-winter-love-songs-2lp","status":"publish","type":"product","link":"https:\/\/vinilozona.lt\/en\/parduotuve\/various-rinkiniai\/various-fine-time-winter-love-songs-2lp\/","title":{"rendered":"Various \u2013 Best of Rock Pop in Concert 2lp"},"content":{"rendered":"<p>U 2*\u2013\tPride (In The Name Of Love)\t3:45<br \/>\nRod Stewart\u2013\tLove Touch\t4:04<br \/>\nRick Springfield\u2013\tCelebrate Youth\t3:51<br \/>\nSaga \u2013\tTake A Chance\t3:52<br \/>\nUB 40* And Chrissie Hynde\u2013\tI Got You Babe\t3:08<br \/>\nSpandau Ballet\u2013\tTrue\t5:40<br \/>\nForeigner\u2013\tI Want To Know What Love Is\t4:58<br \/>\nStatus Quo\u2013\tRockin&#8217; All Over The World\t3:38<br \/>\nScorpions\u2013\tBig City Nights\t4:49<br \/>\nReo Speedwagon\u2013\tCan&#8217;t Fight This Feeling\t4:54<br \/>\nKlaus Lage Band\u2013\t1000 Und 1 Nacht (Zoom)\t3:23<br \/>\nNena\u2013\t99 Luftballons\t3:50<br \/>\nMarius M\u00fcller-Westernhagen\u2013\tMit Pfefferminz Bin Ich Dein Prinz\t2:45<br \/>\nPeter Maffay\u2013\tSonne In Der Nacht\t5:56<br \/>\nTina Turner\u2013\tWe Don&#8217;t Need Another Hero (Thunderdome)\t4:15<br \/>\nJohn Farnham\u2013\tYou&#8217;re The Voice\t4:58<br \/>\nJoe Cocker\u2013\tFeeling Alright\t3:58<br \/>\nBonfire\u2013\tReady 4 Reaction\t3:40<br \/>\nEurythmics\u2013\tWho&#8217;s That Girl\t4:37<br \/>\nRod Stewart\u2013\tEvery Beat Of My Heart\t5:18<br \/>\nHuey Lewis And The News*\u2013\tPower Of Love\t3:59<br \/>\nGianna Nannini\u2013\tI Maschi\t6:05<br \/>\nBob Geldof\u2013\tLove Like A Rocket\t4:50<br \/>\nBonfire\u2013\tNever Mind\t3:38<br \/>\nSpliff\u2013\tDeja Vu\t4:06<br \/>\nUltravox\u2013\tHymn\t4:25<\/p>","protected":false},"excerpt":{"rendered":"<p>Ariola \u2013 303 341<br \/>\nFormat:<br \/>\n2 x Vinyl, LP, Compilation<br \/>\nCountry:<br \/>\nGermany<br \/>\nReleased:<br \/>\n1988<\/p>","protected":false},"featured_media":30452,"template":"","meta":[],"product_cat":[906],"product_tag":[44],"yoast_head":"<!-- This site is optimized with the Yoast SEO plugin v23.5 - https:\/\/yoast.com\/wordpress\/plugins\/seo\/ -->\n<title>Various \u2013 Best of Rock Pop in Concert 2lp Vinilin\u0117 Plok\u0161tel\u0117 | Vinilozona.lt<\/title>\n<meta name=\"robots\" content=\"index, follow, max-snippet:-1, max-image-preview:large, max-video-preview:-1\" \/>\n<link rel=\"canonical\" href=\"https:\/\/vinilozona.lt\/en\/parduotuve\/various-rinkiniai\/various-fine-time-winter-love-songs-2lp\/\" \/>\n<meta property=\"og:locale\" content=\"en_GB\" \/>\n<meta property=\"og:type\" content=\"article\" \/>\n<meta property=\"og:title\" content=\"Various \u2013 Best of Rock Pop in Concert 2lp Vinilin\u0117 Plok\u0161tel\u0117 | Vinilozona.lt\" \/>\n<meta property=\"og:description\" content=\"Ariola \u2013 303 341 Format: 2 x Vinyl, LP, Compilation Country: Germany Released: 1988\" \/>\n<meta property=\"og:url\" content=\"https:\/\/vinilozona.lt\/en\/parduotuve\/various-rinkiniai\/various-fine-time-winter-love-songs-2lp\/\" \/>\n<meta property=\"og:site_name\" content=\"Vinilo Zona\" \/>\n<meta property=\"article:modified_time\" content=\"2026-02-16T05:39:29+00:00\" \/>\n<meta property=\"og:image\" content=\"https:\/\/vinilozona.lt\/wp-content\/uploads\/2025\/02\/R-1349230-1211799367.jpg\" \/>\n\t<meta property=\"og:image:width\" content=\"600\" \/>\n\t<meta property=\"og:image:height\" content=\"597\" \/>\n\t<meta property=\"og:image:type\" content=\"image\/jpeg\" \/>\n<meta name=\"twitter:card\" content=\"summary_large_image\" \/>\n<meta name=\"twitter:label1\" content=\"Estimated reading time\" \/>\n\t<meta name=\"twitter:data1\" content=\"2 minutes\" \/>\n<script type=\"application\/ld+json\" class=\"yoast-schema-graph\">{\"@context\":\"https:\/\/schema.org\",\"@graph\":[{\"@type\":\"WebPage\",\"@id\":\"https:\/\/vinilozona.lt\/parduotuve\/various-rinkiniai\/various-fine-time-winter-love-songs-2lp\/\",\"url\":\"https:\/\/vinilozona.lt\/parduotuve\/various-rinkiniai\/various-fine-time-winter-love-songs-2lp\/\",\"name\":\"Various \u2013 Best of Rock Pop in Concert 2lp Vinilin\u0117 Plok\u0161tel\u0117 | Vinilozona.lt\",\"isPartOf\":{\"@id\":\"https:\/\/vinilozona.lt\/#website\"},\"primaryImageOfPage\":{\"@id\":\"https:\/\/vinilozona.lt\/parduotuve\/various-rinkiniai\/various-fine-time-winter-love-songs-2lp\/#primaryimage\"},\"image\":{\"@id\":\"https:\/\/vinilozona.lt\/parduotuve\/various-rinkiniai\/various-fine-time-winter-love-songs-2lp\/#primaryimage\"},\"thumbnailUrl\":\"https:\/\/vinilozona.lt\/wp-content\/uploads\/2025\/02\/R-1349230-1211799367.jpg\",\"datePublished\":\"2026-02-16T03:04:16+00:00\",\"dateModified\":\"2026-02-16T05:39:29+00:00\",\"breadcrumb\":{\"@id\":\"https:\/\/vinilozona.lt\/parduotuve\/various-rinkiniai\/various-fine-time-winter-love-songs-2lp\/#breadcrumb\"},\"inLanguage\":\"en-GB\",\"potentialAction\":[{\"@type\":\"ReadAction\",\"target\":[\"https:\/\/vinilozona.lt\/parduotuve\/various-rinkiniai\/various-fine-time-winter-love-songs-2lp\/\"]}]},{\"@type\":\"ImageObject\",\"inLanguage\":\"en-GB\",\"@id\":\"https:\/\/vinilozona.lt\/parduotuve\/various-rinkiniai\/various-fine-time-winter-love-songs-2lp\/#primaryimage\",\"url\":\"https:\/\/vinilozona.lt\/wp-content\/uploads\/2025\/02\/R-1349230-1211799367.jpg\",\"contentUrl\":\"https:\/\/vinilozona.lt\/wp-content\/uploads\/2025\/02\/R-1349230-1211799367.jpg\",\"width\":600,\"height\":597},{\"@type\":\"BreadcrumbList\",\"@id\":\"https:\/\/vinilozona.lt\/parduotuve\/various-rinkiniai\/various-fine-time-winter-love-songs-2lp\/#breadcrumb\",\"itemListElement\":[{\"@type\":\"ListItem\",\"position\":1,\"name\":\"Home\",\"item\":\"https:\/\/vinilozona.lt\/\"},{\"@type\":\"ListItem\",\"position\":2,\"name\":\"Parduotuv\u0117\",\"item\":\"https:\/\/vinilozona.lt\/parduotuve\/\"},{\"@type\":\"ListItem\",\"position\":3,\"name\":\"Various \u2013 Best of Rock Pop in Concert 2lp\"}]},{\"@type\":\"WebSite\",\"@id\":\"https:\/\/vinilozona.lt\/#website\",\"url\":\"https:\/\/vinilozona.lt\/\",\"name\":\"Vinilo Zona\",\"description\":\"Nup\u016bsk dulkes ir klausyk LP\",\"potentialAction\":[{\"@type\":\"SearchAction\",\"target\":{\"@type\":\"EntryPoint\",\"urlTemplate\":\"https:\/\/vinilozona.lt\/?s={search_term_string}\"},\"query-input\":{\"@type\":\"PropertyValueSpecification\",\"valueRequired\":true,\"valueName\":\"search_term_string\"}}],\"inLanguage\":\"en-GB\"}]}<\/script>\n<!-- \/ Yoast SEO plugin. -->","yoast_head_json":{"title":"Various \u2013 Best of Rock Pop in Concert 2lp Vinilin\u0117 Plok\u0161tel\u0117 | Vinilozona.lt","robots":{"index":"index","follow":"follow","max-snippet":"max-snippet:-1","max-image-preview":"max-image-preview:large","max-video-preview":"max-video-preview:-1"},"canonical":"https:\/\/vinilozona.lt\/en\/parduotuve\/various-rinkiniai\/various-fine-time-winter-love-songs-2lp\/","og_locale":"en_GB","og_type":"article","og_title":"Various \u2013 Best of Rock Pop in Concert 2lp Vinilin\u0117 Plok\u0161tel\u0117 | Vinilozona.lt","og_description":"Ariola \u2013 303 341 Format: 2 x Vinyl, LP, Compilation Country: Germany Released: 1988","og_url":"https:\/\/vinilozona.lt\/en\/parduotuve\/various-rinkiniai\/various-fine-time-winter-love-songs-2lp\/","og_site_name":"Vinilo Zona","article_modified_time":"2026-02-16T05:39:29+00:00","og_image":[{"width":600,"height":597,"url":"https:\/\/vinilozona.lt\/wp-content\/uploads\/2025\/02\/R-1349230-1211799367.jpg","type":"image\/jpeg"}],"twitter_card":"summary_large_image","twitter_misc":{"Estimated reading time":"2 minutes"},"schema":{"@context":"https:\/\/schema.org","@graph":[{"@type":"WebPage","@id":"https:\/\/vinilozona.lt\/parduotuve\/various-rinkiniai\/various-fine-time-winter-love-songs-2lp\/","url":"https:\/\/vinilozona.lt\/parduotuve\/various-rinkiniai\/various-fine-time-winter-love-songs-2lp\/","name":"Various \u2013 Best of Rock Pop in Concert 2lp Vinilin\u0117 Plok\u0161tel\u0117 | Vinilozona.lt","isPartOf":{"@id":"https:\/\/vinilozona.lt\/#website"},"primaryImageOfPage":{"@id":"https:\/\/vinilozona.lt\/parduotuve\/various-rinkiniai\/various-fine-time-winter-love-songs-2lp\/#primaryimage"},"image":{"@id":"https:\/\/vinilozona.lt\/parduotuve\/various-rinkiniai\/various-fine-time-winter-love-songs-2lp\/#primaryimage"},"thumbnailUrl":"https:\/\/vinilozona.lt\/wp-content\/uploads\/2025\/02\/R-1349230-1211799367.jpg","datePublished":"2026-02-16T03:04:16+00:00","dateModified":"2026-02-16T05:39:29+00:00","breadcrumb":{"@id":"https:\/\/vinilozona.lt\/parduotuve\/various-rinkiniai\/various-fine-time-winter-love-songs-2lp\/#breadcrumb"},"inLanguage":"en-GB","potentialAction":[{"@type":"ReadAction","target":["https:\/\/vinilozona.lt\/parduotuve\/various-rinkiniai\/various-fine-time-winter-love-songs-2lp\/"]}]},{"@type":"ImageObject","inLanguage":"en-GB","@id":"https:\/\/vinilozona.lt\/parduotuve\/various-rinkiniai\/various-fine-time-winter-love-songs-2lp\/#primaryimage","url":"https:\/\/vinilozona.lt\/wp-content\/uploads\/2025\/02\/R-1349230-1211799367.jpg","contentUrl":"https:\/\/vinilozona.lt\/wp-content\/uploads\/2025\/02\/R-1349230-1211799367.jpg","width":600,"height":597},{"@type":"BreadcrumbList","@id":"https:\/\/vinilozona.lt\/parduotuve\/various-rinkiniai\/various-fine-time-winter-love-songs-2lp\/#breadcrumb","itemListElement":[{"@type":"ListItem","position":1,"name":"Home","item":"https:\/\/vinilozona.lt\/"},{"@type":"ListItem","position":2,"name":"Parduotuv\u0117","item":"https:\/\/vinilozona.lt\/parduotuve\/"},{"@type":"ListItem","position":3,"name":"Various \u2013 Best of Rock Pop in Concert 2lp"}]},{"@type":"WebSite","@id":"https:\/\/vinilozona.lt\/#website","url":"https:\/\/vinilozona.lt\/","name":"Vinilo Zona","description":"Nup\u016bsk dulkes ir klausyk LP","potentialAction":[{"@type":"SearchAction","target":{"@type":"EntryPoint","urlTemplate":"https:\/\/vinilozona.lt\/?s={search_term_string}"},"query-input":{"@type":"PropertyValueSpecification","valueRequired":true,"valueName":"search_term_string"}}],"inLanguage":"en-GB"}]}},"_links":{"self":[{"href":"https:\/\/vinilozona.lt\/en\/wp-json\/wp\/v2\/product\/27557"}],"collection":[{"href":"https:\/\/vinilozona.lt\/en\/wp-json\/wp\/v2\/product"}],"about":[{"href":"https:\/\/vinilozona.lt\/en\/wp-json\/wp\/v2\/types\/product"}],"wp:featuredmedia":[{"embeddable":true,"href":"https:\/\/vinilozona.lt\/en\/wp-json\/wp\/v2\/media\/30452"}],"wp:attachment":[{"href":"https:\/\/vinilozona.lt\/en\/wp-json\/wp\/v2\/media?parent=27557"}],"wp:term":[{"taxonomy":"product_cat","embeddable":true,"href":"https:\/\/vinilozona.lt\/en\/wp-json\/wp\/v2\/product_cat?post=27557"},{"taxonomy":"product_tag","embeddable":true,"href":"https:\/\/vinilozona.lt\/en\/wp-json\/wp\/v2\/product_tag?post=27557"}],"curies":[{"name":"wp","href":"https:\/\/api.w.org\/{rel}","templated":true}]}}