{"id":27549,"date":"2025-02-28T05:08:16","date_gmt":"2025-02-28T03:08:16","guid":{"rendered":"https:\/\/vinilozona.lt\/?post_type=product&#038;p=27549"},"modified":"2025-03-03T21:27:54","modified_gmt":"2025-03-03T19:27:54","slug":"modern-talking-in-the-garden-of-venus-the-6th-album","status":"publish","type":"product","link":"https:\/\/vinilozona.lt\/en\/parduotuve\/rock-pop\/modern-talking-in-the-garden-of-venus-the-6th-album\/","title":{"rendered":"Modern Talking \u2013 In The Garden Of Venus &#8211; The 6th Album"},"content":{"rendered":"<p>A1\t\tIn 100 Years\t3:57<br \/>\nA2\t\tDon&#8217;t Let It Get You Down\t3:40<br \/>\nA3\t\tWho Will Save The World\t3:45<br \/>\nA4\t\tA Telegram To Your Heart\t2:50<br \/>\nA5\t\tIt&#8217;s Christmas\t3:52<br \/>\nB1\t\tDon&#8217;t Lose My Number\t3:10<br \/>\nB2\t\tSlow Motion\t3:40<br \/>\nB3\t\tLocomotion Tango\t3:49<br \/>\nB4\t\tGood Girls Go To Heaven &#8211; Bad Girls Go To Everywhere\t3:37<br \/>\nB5\t\tIn 100 Years (Reprise)\t1:27<\/p>","protected":false},"excerpt":{"rendered":"<p>Hansa \u2013 208 770<br \/>\nFormat:<br \/>\nVinyl, LP, Album<br \/>\nCountry:<br \/>\nEurope<br \/>\nReleased: 1987<\/p>","protected":false},"featured_media":27550,"template":"","meta":[],"product_cat":[15],"product_tag":[44],"yoast_head":"<!-- This site is optimized with the Yoast SEO plugin v23.5 - https:\/\/yoast.com\/wordpress\/plugins\/seo\/ -->\n<title>Modern Talking \u2013 In The Garden Of Venus - The 6th Album Vinilin\u0117 Plok\u0161tel\u0117 | Vinilozona.lt<\/title>\n<meta name=\"robots\" content=\"index, follow, max-snippet:-1, max-image-preview:large, max-video-preview:-1\" \/>\n<link rel=\"canonical\" href=\"https:\/\/vinilozona.lt\/en\/parduotuve\/rock-pop\/modern-talking-in-the-garden-of-venus-the-6th-album\/\" \/>\n<meta property=\"og:locale\" content=\"en_GB\" \/>\n<meta property=\"og:type\" content=\"article\" \/>\n<meta property=\"og:title\" content=\"Modern Talking \u2013 In The Garden Of Venus - The 6th Album Vinilin\u0117 Plok\u0161tel\u0117 | Vinilozona.lt\" \/>\n<meta property=\"og:description\" content=\"Hansa \u2013 208 770 Format: Vinyl, LP, Album Country: Europe Released: 1987\" \/>\n<meta property=\"og:url\" content=\"https:\/\/vinilozona.lt\/en\/parduotuve\/rock-pop\/modern-talking-in-the-garden-of-venus-the-6th-album\/\" \/>\n<meta property=\"og:site_name\" content=\"Vinilo Zona\" \/>\n<meta property=\"article:modified_time\" content=\"2025-03-03T19:27:54+00:00\" \/>\n<meta property=\"og:image\" content=\"https:\/\/vinilozona.lt\/wp-content\/uploads\/2025\/02\/R-725491-1678282656-2880.jpg\" \/>\n\t<meta property=\"og:image:width\" content=\"600\" \/>\n\t<meta property=\"og:image:height\" content=\"600\" \/>\n\t<meta property=\"og:image:type\" content=\"image\/jpeg\" \/>\n<meta name=\"twitter:card\" content=\"summary_large_image\" \/>\n<meta name=\"twitter:label1\" content=\"Estimated reading time\" \/>\n\t<meta name=\"twitter:data1\" content=\"1 minute\" \/>\n<script type=\"application\/ld+json\" class=\"yoast-schema-graph\">{\"@context\":\"https:\/\/schema.org\",\"@graph\":[{\"@type\":\"WebPage\",\"@id\":\"https:\/\/vinilozona.lt\/parduotuve\/rock-pop\/modern-talking-in-the-garden-of-venus-the-6th-album\/\",\"url\":\"https:\/\/vinilozona.lt\/parduotuve\/rock-pop\/modern-talking-in-the-garden-of-venus-the-6th-album\/\",\"name\":\"Modern Talking \u2013 In The Garden Of Venus - The 6th Album Vinilin\u0117 Plok\u0161tel\u0117 | Vinilozona.lt\",\"isPartOf\":{\"@id\":\"https:\/\/vinilozona.lt\/#website\"},\"primaryImageOfPage\":{\"@id\":\"https:\/\/vinilozona.lt\/parduotuve\/rock-pop\/modern-talking-in-the-garden-of-venus-the-6th-album\/#primaryimage\"},\"image\":{\"@id\":\"https:\/\/vinilozona.lt\/parduotuve\/rock-pop\/modern-talking-in-the-garden-of-venus-the-6th-album\/#primaryimage\"},\"thumbnailUrl\":\"https:\/\/vinilozona.lt\/wp-content\/uploads\/2025\/02\/R-725491-1678282656-2880.jpg\",\"datePublished\":\"2025-02-28T03:08:16+00:00\",\"dateModified\":\"2025-03-03T19:27:54+00:00\",\"breadcrumb\":{\"@id\":\"https:\/\/vinilozona.lt\/parduotuve\/rock-pop\/modern-talking-in-the-garden-of-venus-the-6th-album\/#breadcrumb\"},\"inLanguage\":\"en-GB\",\"potentialAction\":[{\"@type\":\"ReadAction\",\"target\":[\"https:\/\/vinilozona.lt\/parduotuve\/rock-pop\/modern-talking-in-the-garden-of-venus-the-6th-album\/\"]}]},{\"@type\":\"ImageObject\",\"inLanguage\":\"en-GB\",\"@id\":\"https:\/\/vinilozona.lt\/parduotuve\/rock-pop\/modern-talking-in-the-garden-of-venus-the-6th-album\/#primaryimage\",\"url\":\"https:\/\/vinilozona.lt\/wp-content\/uploads\/2025\/02\/R-725491-1678282656-2880.jpg\",\"contentUrl\":\"https:\/\/vinilozona.lt\/wp-content\/uploads\/2025\/02\/R-725491-1678282656-2880.jpg\",\"width\":600,\"height\":600},{\"@type\":\"BreadcrumbList\",\"@id\":\"https:\/\/vinilozona.lt\/parduotuve\/rock-pop\/modern-talking-in-the-garden-of-venus-the-6th-album\/#breadcrumb\",\"itemListElement\":[{\"@type\":\"ListItem\",\"position\":1,\"name\":\"Home\",\"item\":\"https:\/\/vinilozona.lt\/\"},{\"@type\":\"ListItem\",\"position\":2,\"name\":\"Parduotuv\u0117\",\"item\":\"https:\/\/vinilozona.lt\/parduotuve\/\"},{\"@type\":\"ListItem\",\"position\":3,\"name\":\"Modern Talking \u2013 In The Garden Of Venus &#8211; The 6th Album\"}]},{\"@type\":\"WebSite\",\"@id\":\"https:\/\/vinilozona.lt\/#website\",\"url\":\"https:\/\/vinilozona.lt\/\",\"name\":\"Vinilo Zona\",\"description\":\"Nup\u016bsk dulkes ir klausyk LP\",\"potentialAction\":[{\"@type\":\"SearchAction\",\"target\":{\"@type\":\"EntryPoint\",\"urlTemplate\":\"https:\/\/vinilozona.lt\/?s={search_term_string}\"},\"query-input\":{\"@type\":\"PropertyValueSpecification\",\"valueRequired\":true,\"valueName\":\"search_term_string\"}}],\"inLanguage\":\"en-GB\"}]}<\/script>\n<!-- \/ Yoast SEO plugin. -->","yoast_head_json":{"title":"Modern Talking \u2013 In The Garden Of Venus - The 6th Album Vinilin\u0117 Plok\u0161tel\u0117 | Vinilozona.lt","robots":{"index":"index","follow":"follow","max-snippet":"max-snippet:-1","max-image-preview":"max-image-preview:large","max-video-preview":"max-video-preview:-1"},"canonical":"https:\/\/vinilozona.lt\/en\/parduotuve\/rock-pop\/modern-talking-in-the-garden-of-venus-the-6th-album\/","og_locale":"en_GB","og_type":"article","og_title":"Modern Talking \u2013 In The Garden Of Venus - The 6th Album Vinilin\u0117 Plok\u0161tel\u0117 | Vinilozona.lt","og_description":"Hansa \u2013 208 770 Format: Vinyl, LP, Album Country: Europe Released: 1987","og_url":"https:\/\/vinilozona.lt\/en\/parduotuve\/rock-pop\/modern-talking-in-the-garden-of-venus-the-6th-album\/","og_site_name":"Vinilo Zona","article_modified_time":"2025-03-03T19:27:54+00:00","og_image":[{"width":600,"height":600,"url":"https:\/\/vinilozona.lt\/wp-content\/uploads\/2025\/02\/R-725491-1678282656-2880.jpg","type":"image\/jpeg"}],"twitter_card":"summary_large_image","twitter_misc":{"Estimated reading time":"1 minute"},"schema":{"@context":"https:\/\/schema.org","@graph":[{"@type":"WebPage","@id":"https:\/\/vinilozona.lt\/parduotuve\/rock-pop\/modern-talking-in-the-garden-of-venus-the-6th-album\/","url":"https:\/\/vinilozona.lt\/parduotuve\/rock-pop\/modern-talking-in-the-garden-of-venus-the-6th-album\/","name":"Modern Talking \u2013 In The Garden Of Venus - The 6th Album Vinilin\u0117 Plok\u0161tel\u0117 | Vinilozona.lt","isPartOf":{"@id":"https:\/\/vinilozona.lt\/#website"},"primaryImageOfPage":{"@id":"https:\/\/vinilozona.lt\/parduotuve\/rock-pop\/modern-talking-in-the-garden-of-venus-the-6th-album\/#primaryimage"},"image":{"@id":"https:\/\/vinilozona.lt\/parduotuve\/rock-pop\/modern-talking-in-the-garden-of-venus-the-6th-album\/#primaryimage"},"thumbnailUrl":"https:\/\/vinilozona.lt\/wp-content\/uploads\/2025\/02\/R-725491-1678282656-2880.jpg","datePublished":"2025-02-28T03:08:16+00:00","dateModified":"2025-03-03T19:27:54+00:00","breadcrumb":{"@id":"https:\/\/vinilozona.lt\/parduotuve\/rock-pop\/modern-talking-in-the-garden-of-venus-the-6th-album\/#breadcrumb"},"inLanguage":"en-GB","potentialAction":[{"@type":"ReadAction","target":["https:\/\/vinilozona.lt\/parduotuve\/rock-pop\/modern-talking-in-the-garden-of-venus-the-6th-album\/"]}]},{"@type":"ImageObject","inLanguage":"en-GB","@id":"https:\/\/vinilozona.lt\/parduotuve\/rock-pop\/modern-talking-in-the-garden-of-venus-the-6th-album\/#primaryimage","url":"https:\/\/vinilozona.lt\/wp-content\/uploads\/2025\/02\/R-725491-1678282656-2880.jpg","contentUrl":"https:\/\/vinilozona.lt\/wp-content\/uploads\/2025\/02\/R-725491-1678282656-2880.jpg","width":600,"height":600},{"@type":"BreadcrumbList","@id":"https:\/\/vinilozona.lt\/parduotuve\/rock-pop\/modern-talking-in-the-garden-of-venus-the-6th-album\/#breadcrumb","itemListElement":[{"@type":"ListItem","position":1,"name":"Home","item":"https:\/\/vinilozona.lt\/"},{"@type":"ListItem","position":2,"name":"Parduotuv\u0117","item":"https:\/\/vinilozona.lt\/parduotuve\/"},{"@type":"ListItem","position":3,"name":"Modern Talking \u2013 In The Garden Of Venus &#8211; The 6th Album"}]},{"@type":"WebSite","@id":"https:\/\/vinilozona.lt\/#website","url":"https:\/\/vinilozona.lt\/","name":"Vinilo Zona","description":"Nup\u016bsk dulkes ir klausyk LP","potentialAction":[{"@type":"SearchAction","target":{"@type":"EntryPoint","urlTemplate":"https:\/\/vinilozona.lt\/?s={search_term_string}"},"query-input":{"@type":"PropertyValueSpecification","valueRequired":true,"valueName":"search_term_string"}}],"inLanguage":"en-GB"}]}},"_links":{"self":[{"href":"https:\/\/vinilozona.lt\/en\/wp-json\/wp\/v2\/product\/27549"}],"collection":[{"href":"https:\/\/vinilozona.lt\/en\/wp-json\/wp\/v2\/product"}],"about":[{"href":"https:\/\/vinilozona.lt\/en\/wp-json\/wp\/v2\/types\/product"}],"wp:featuredmedia":[{"embeddable":true,"href":"https:\/\/vinilozona.lt\/en\/wp-json\/wp\/v2\/media\/27550"}],"wp:attachment":[{"href":"https:\/\/vinilozona.lt\/en\/wp-json\/wp\/v2\/media?parent=27549"}],"wp:term":[{"taxonomy":"product_cat","embeddable":true,"href":"https:\/\/vinilozona.lt\/en\/wp-json\/wp\/v2\/product_cat?post=27549"},{"taxonomy":"product_tag","embeddable":true,"href":"https:\/\/vinilozona.lt\/en\/wp-json\/wp\/v2\/product_tag?post=27549"}],"curies":[{"name":"wp","href":"https:\/\/api.w.org\/{rel}","templated":true}]}}