{"id":27462,"date":"2025-02-16T05:54:42","date_gmt":"2025-02-16T03:54:42","guid":{"rendered":"https:\/\/vinilozona.lt\/?post_type=product&#038;p=27462"},"modified":"2025-02-19T10:40:52","modified_gmt":"2025-02-19T08:40:52","slug":"various-the-music-tribute-boxset-of-quentin-tarantino-the-best-songs-from-quentin-tarantinos-films-3lp-box","status":"publish","type":"product","link":"https:\/\/vinilozona.lt\/en\/parduotuve\/naujos-lp\/various-the-music-tribute-boxset-of-quentin-tarantino-the-best-songs-from-quentin-tarantinos-films-3lp-box\/","title":{"rendered":"Various \u2013 The Music Tribute Boxset Of Quentin Tarantino &#8211; The Best Songs From Quentin Tarantino&#8217;s Films 3lp BOX"},"content":{"rendered":"<p>A1\tDick Dale &#038; The Del-Tones\u2013\tMisirlou (From Pulp Fiction)\t2:14<br \/>\nA2\tIsaac Hayes\u2013\tMain Title &#8222;Truck Turner&#8221; (From Kill Bill: Volume 1)\t2:43<br \/>\nA3\tJohnny Cash\u2013\tSo Doggone Lonesome (From Kill Bill: Volume 2)\t2:35<br \/>\nA4\tAnnibale E I Cantori Moderni*\u2013\tTrinity: Titoli (From Django Unchained)\t3:04<br \/>\nA5\tThe 5.6.7.8&#8217;s\u2013\tWoo Hoo (From Kill Bill: Volume 1)\t1:59<br \/>\nA6\tLink Wray And His Ray Men\u2013\tRumble (From Pulp Fiction)\t2:27<br \/>\nB1\tJoe Tex\u2013\tGotcha (From Reservoir Dogs)\t2:28<br \/>\nB2\tThe Tornadoes\u2013\tBustin&#8217; Surfboards (From Pulp Fiction)\t2:25<br \/>\nB3\tKeith Mansfield\u2013\tFunky Fanfare (From Kill Bill: Volume 1)\t2:33<br \/>\nB4\tDee Clark\u2013\tHey Little Girl (From Once Upon A Time&#8230; In Hollywood)\t2:16<br \/>\nB5\tThe Robins\u2013\tSince I First Meet You (From Pulp Fiction)\t2:20<br \/>\nB6\tCharlie Feathers\u2013\tCan&#8217;t Hardly Stand It (From Kill Bill: Volume 2)\t2:46<br \/>\nC1\tJim Croce\u2013\tI Got A Name (From Django Unchained)\t3:13<br \/>\nC2\tChristophe\u2013\tSunny Road To Salina (From Kill Bill: Volume 2)\t4:23<br \/>\nC3\tRicky Nelson (2)\u2013\tLonesome Town (From Pulp Fiction)\t2:13<br \/>\nC4\tNick Perito\u2013\tThe Green Leaves Of Summer (From Inglorious Basterds)\t1:52<br \/>\nC5\tJoe Tex\u2013\tThe Love You Save (May Be Your Own) (From Death Proof \/ Boulevard De La Mort)\t3:00<br \/>\nD1\tElvin Bishop\u2013\tShe Puts Me In The Mood (From Jackie Brown)\t3:33<br \/>\nD2\tJohnny Cash\u2013\tI Walk The Line (From Kill Bill: Volume 2)\t2:40<br \/>\nD3\tAl Green\u2013\tLet&#8217;s Stay Together (From Pulp Fiction)\t3:19<br \/>\nD4\tDavid Hess\u2013\tNow You&#8217;re All Alone (From The Hatefull Eight \/ Les Huits Salopards)\t2:30<br \/>\nD5\tThe 5.6.7.8&#8217;s\u2013\tI&#8217;m Blue (From Kill Bill: Volume 1)\t2:29<br \/>\nE1\tBuffy Sainte-Marie\u2013\tThe Circle Game (From Once Uppon A Time&#8230; In Hollywood)\t3:02<br \/>\nE2\tThe Coasters\u2013\tDown In Mexico (From Death Proof \/ Boulevard De La Mort)\t3:22<br \/>\nE3\tThe Hurricanes\u2013\tOut Of Limits (From Pulp Fiction)\t2:07<br \/>\nE4\tVincenzo Tempera\u2013\tSette Note (From Kill Bill: Volume 1)\t2:27<br \/>\nE5\tLilian Harvey &#038; Willy Fritsch\u2013\tIch Wollt&#8217; Ich W\u00e4r&#8217; Ein Huhn (From Inglorious Basterds)\t2:41<br \/>\nF1\tJohnny Cash\u2013\tBorn To Lose (From Kill Bill: Volume 2)\t2:08<br \/>\nF2\tFrank Mills\u2013\tMusic Box Dancer (From Kill Bill: Volume 1)\t3:12<br \/>\nF3\tThe Village Callers\u2013\tHector (From Once Uppon A Time&#8230; In Hollywood)\t2:38<br \/>\nF4\tThe 5.6.7.8&#8217;s\u2013\tI Walk Like Jayne Mansfield (From Kill Bill: Volume 1)\t3:49<br \/>\nF5\tIsaac Hayes\u2013\tTitle Theme &#8211; From &#8221; Three Tough Guys&#8221; (From Kill Bill: Volume 2)\t2:37<br \/>\nF6\tZarah Leander\u2013\tDavon Geht Die Welt Nicht Unter (From Inglorious Basterds)\t2:10<\/p>","protected":false},"excerpt":{"rendered":"<p>Wagram Music \u2013 none<br \/>\nFormat:<br \/>\n3 x Vinyl, LP, Compilation<br \/>\nCountry:<br \/>\nFrance<br \/>\nReleased:<br \/>\nApr 22, 2022<br \/>\nGenre:<br \/>\nStage &#038; Screen<\/p>","protected":false},"featured_media":27463,"template":"","meta":[],"product_cat":[54,23],"product_tag":[74],"yoast_head":"<!-- This site is optimized with the Yoast SEO plugin v23.5 - https:\/\/yoast.com\/wordpress\/plugins\/seo\/ -->\n<title>Various \u2013 The Music Tribute Boxset Of Quentin Tarantino - The Best Songs From Quentin Tarantino&#039;s Films 3lp BOX Vinilin\u0117 Plok\u0161tel\u0117 | Vinilozona.lt<\/title>\n<meta name=\"robots\" content=\"index, follow, max-snippet:-1, max-image-preview:large, max-video-preview:-1\" \/>\n<link rel=\"canonical\" href=\"https:\/\/vinilozona.lt\/en\/parduotuve\/naujos-lp\/various-the-music-tribute-boxset-of-quentin-tarantino-the-best-songs-from-quentin-tarantinos-films-3lp-box\/\" \/>\n<meta property=\"og:locale\" content=\"en_GB\" \/>\n<meta property=\"og:type\" content=\"article\" \/>\n<meta property=\"og:title\" content=\"Various \u2013 The Music Tribute Boxset Of Quentin Tarantino - The Best Songs From Quentin Tarantino&#039;s Films 3lp BOX Vinilin\u0117 Plok\u0161tel\u0117 | Vinilozona.lt\" \/>\n<meta property=\"og:description\" content=\"Wagram Music \u2013 none Format: 3 x Vinyl, LP, Compilation Country: France Released: Apr 22, 2022 Genre: Stage &amp; Screen\" \/>\n<meta property=\"og:url\" content=\"https:\/\/vinilozona.lt\/en\/parduotuve\/naujos-lp\/various-the-music-tribute-boxset-of-quentin-tarantino-the-best-songs-from-quentin-tarantinos-films-3lp-box\/\" \/>\n<meta property=\"og:site_name\" content=\"Vinilo Zona\" \/>\n<meta property=\"article:modified_time\" content=\"2025-02-19T08:40:52+00:00\" \/>\n<meta property=\"og:image\" content=\"https:\/\/vinilozona.lt\/wp-content\/uploads\/2025\/02\/R-23382887-1653742049-6048.jpg\" \/>\n\t<meta property=\"og:image:width\" content=\"600\" \/>\n\t<meta property=\"og:image:height\" content=\"600\" \/>\n\t<meta property=\"og:image:type\" content=\"image\/jpeg\" \/>\n<meta name=\"twitter:card\" content=\"summary_large_image\" \/>\n<meta name=\"twitter:label1\" content=\"Estimated reading time\" \/>\n\t<meta name=\"twitter:data1\" content=\"1 minute\" \/>\n<script type=\"application\/ld+json\" class=\"yoast-schema-graph\">{\"@context\":\"https:\/\/schema.org\",\"@graph\":[{\"@type\":\"WebPage\",\"@id\":\"https:\/\/vinilozona.lt\/parduotuve\/naujos-lp\/various-the-music-tribute-boxset-of-quentin-tarantino-the-best-songs-from-quentin-tarantinos-films-3lp-box\/\",\"url\":\"https:\/\/vinilozona.lt\/parduotuve\/naujos-lp\/various-the-music-tribute-boxset-of-quentin-tarantino-the-best-songs-from-quentin-tarantinos-films-3lp-box\/\",\"name\":\"Various \u2013 The Music Tribute Boxset Of Quentin Tarantino - The Best Songs From Quentin Tarantino's Films 3lp BOX Vinilin\u0117 Plok\u0161tel\u0117 | Vinilozona.lt\",\"isPartOf\":{\"@id\":\"https:\/\/vinilozona.lt\/#website\"},\"primaryImageOfPage\":{\"@id\":\"https:\/\/vinilozona.lt\/parduotuve\/naujos-lp\/various-the-music-tribute-boxset-of-quentin-tarantino-the-best-songs-from-quentin-tarantinos-films-3lp-box\/#primaryimage\"},\"image\":{\"@id\":\"https:\/\/vinilozona.lt\/parduotuve\/naujos-lp\/various-the-music-tribute-boxset-of-quentin-tarantino-the-best-songs-from-quentin-tarantinos-films-3lp-box\/#primaryimage\"},\"thumbnailUrl\":\"https:\/\/vinilozona.lt\/wp-content\/uploads\/2025\/02\/R-23382887-1653742049-6048.jpg\",\"datePublished\":\"2025-02-16T03:54:42+00:00\",\"dateModified\":\"2025-02-19T08:40:52+00:00\",\"breadcrumb\":{\"@id\":\"https:\/\/vinilozona.lt\/parduotuve\/naujos-lp\/various-the-music-tribute-boxset-of-quentin-tarantino-the-best-songs-from-quentin-tarantinos-films-3lp-box\/#breadcrumb\"},\"inLanguage\":\"en-GB\",\"potentialAction\":[{\"@type\":\"ReadAction\",\"target\":[\"https:\/\/vinilozona.lt\/parduotuve\/naujos-lp\/various-the-music-tribute-boxset-of-quentin-tarantino-the-best-songs-from-quentin-tarantinos-films-3lp-box\/\"]}]},{\"@type\":\"ImageObject\",\"inLanguage\":\"en-GB\",\"@id\":\"https:\/\/vinilozona.lt\/parduotuve\/naujos-lp\/various-the-music-tribute-boxset-of-quentin-tarantino-the-best-songs-from-quentin-tarantinos-films-3lp-box\/#primaryimage\",\"url\":\"https:\/\/vinilozona.lt\/wp-content\/uploads\/2025\/02\/R-23382887-1653742049-6048.jpg\",\"contentUrl\":\"https:\/\/vinilozona.lt\/wp-content\/uploads\/2025\/02\/R-23382887-1653742049-6048.jpg\",\"width\":600,\"height\":600},{\"@type\":\"BreadcrumbList\",\"@id\":\"https:\/\/vinilozona.lt\/parduotuve\/naujos-lp\/various-the-music-tribute-boxset-of-quentin-tarantino-the-best-songs-from-quentin-tarantinos-films-3lp-box\/#breadcrumb\",\"itemListElement\":[{\"@type\":\"ListItem\",\"position\":1,\"name\":\"Home\",\"item\":\"https:\/\/vinilozona.lt\/\"},{\"@type\":\"ListItem\",\"position\":2,\"name\":\"Parduotuv\u0117\",\"item\":\"https:\/\/vinilozona.lt\/parduotuve\/\"},{\"@type\":\"ListItem\",\"position\":3,\"name\":\"Various \u2013 The Music Tribute Boxset Of Quentin Tarantino &#8211; The Best Songs From Quentin Tarantino&#8217;s Films 3lp BOX\"}]},{\"@type\":\"WebSite\",\"@id\":\"https:\/\/vinilozona.lt\/#website\",\"url\":\"https:\/\/vinilozona.lt\/\",\"name\":\"Vinilo Zona\",\"description\":\"Nup\u016bsk dulkes ir klausyk LP\",\"potentialAction\":[{\"@type\":\"SearchAction\",\"target\":{\"@type\":\"EntryPoint\",\"urlTemplate\":\"https:\/\/vinilozona.lt\/?s={search_term_string}\"},\"query-input\":{\"@type\":\"PropertyValueSpecification\",\"valueRequired\":true,\"valueName\":\"search_term_string\"}}],\"inLanguage\":\"en-GB\"}]}<\/script>\n<!-- \/ Yoast SEO plugin. -->","yoast_head_json":{"title":"Various \u2013 The Music Tribute Boxset Of Quentin Tarantino - The Best Songs From Quentin Tarantino's Films 3lp BOX Vinilin\u0117 Plok\u0161tel\u0117 | Vinilozona.lt","robots":{"index":"index","follow":"follow","max-snippet":"max-snippet:-1","max-image-preview":"max-image-preview:large","max-video-preview":"max-video-preview:-1"},"canonical":"https:\/\/vinilozona.lt\/en\/parduotuve\/naujos-lp\/various-the-music-tribute-boxset-of-quentin-tarantino-the-best-songs-from-quentin-tarantinos-films-3lp-box\/","og_locale":"en_GB","og_type":"article","og_title":"Various \u2013 The Music Tribute Boxset Of Quentin Tarantino - The Best Songs From Quentin Tarantino's Films 3lp BOX Vinilin\u0117 Plok\u0161tel\u0117 | Vinilozona.lt","og_description":"Wagram Music \u2013 none Format: 3 x Vinyl, LP, Compilation Country: France Released: Apr 22, 2022 Genre: Stage & Screen","og_url":"https:\/\/vinilozona.lt\/en\/parduotuve\/naujos-lp\/various-the-music-tribute-boxset-of-quentin-tarantino-the-best-songs-from-quentin-tarantinos-films-3lp-box\/","og_site_name":"Vinilo Zona","article_modified_time":"2025-02-19T08:40:52+00:00","og_image":[{"width":600,"height":600,"url":"https:\/\/vinilozona.lt\/wp-content\/uploads\/2025\/02\/R-23382887-1653742049-6048.jpg","type":"image\/jpeg"}],"twitter_card":"summary_large_image","twitter_misc":{"Estimated reading time":"1 minute"},"schema":{"@context":"https:\/\/schema.org","@graph":[{"@type":"WebPage","@id":"https:\/\/vinilozona.lt\/parduotuve\/naujos-lp\/various-the-music-tribute-boxset-of-quentin-tarantino-the-best-songs-from-quentin-tarantinos-films-3lp-box\/","url":"https:\/\/vinilozona.lt\/parduotuve\/naujos-lp\/various-the-music-tribute-boxset-of-quentin-tarantino-the-best-songs-from-quentin-tarantinos-films-3lp-box\/","name":"Various \u2013 The Music Tribute Boxset Of Quentin Tarantino - The Best Songs From Quentin Tarantino's Films 3lp BOX Vinilin\u0117 Plok\u0161tel\u0117 | Vinilozona.lt","isPartOf":{"@id":"https:\/\/vinilozona.lt\/#website"},"primaryImageOfPage":{"@id":"https:\/\/vinilozona.lt\/parduotuve\/naujos-lp\/various-the-music-tribute-boxset-of-quentin-tarantino-the-best-songs-from-quentin-tarantinos-films-3lp-box\/#primaryimage"},"image":{"@id":"https:\/\/vinilozona.lt\/parduotuve\/naujos-lp\/various-the-music-tribute-boxset-of-quentin-tarantino-the-best-songs-from-quentin-tarantinos-films-3lp-box\/#primaryimage"},"thumbnailUrl":"https:\/\/vinilozona.lt\/wp-content\/uploads\/2025\/02\/R-23382887-1653742049-6048.jpg","datePublished":"2025-02-16T03:54:42+00:00","dateModified":"2025-02-19T08:40:52+00:00","breadcrumb":{"@id":"https:\/\/vinilozona.lt\/parduotuve\/naujos-lp\/various-the-music-tribute-boxset-of-quentin-tarantino-the-best-songs-from-quentin-tarantinos-films-3lp-box\/#breadcrumb"},"inLanguage":"en-GB","potentialAction":[{"@type":"ReadAction","target":["https:\/\/vinilozona.lt\/parduotuve\/naujos-lp\/various-the-music-tribute-boxset-of-quentin-tarantino-the-best-songs-from-quentin-tarantinos-films-3lp-box\/"]}]},{"@type":"ImageObject","inLanguage":"en-GB","@id":"https:\/\/vinilozona.lt\/parduotuve\/naujos-lp\/various-the-music-tribute-boxset-of-quentin-tarantino-the-best-songs-from-quentin-tarantinos-films-3lp-box\/#primaryimage","url":"https:\/\/vinilozona.lt\/wp-content\/uploads\/2025\/02\/R-23382887-1653742049-6048.jpg","contentUrl":"https:\/\/vinilozona.lt\/wp-content\/uploads\/2025\/02\/R-23382887-1653742049-6048.jpg","width":600,"height":600},{"@type":"BreadcrumbList","@id":"https:\/\/vinilozona.lt\/parduotuve\/naujos-lp\/various-the-music-tribute-boxset-of-quentin-tarantino-the-best-songs-from-quentin-tarantinos-films-3lp-box\/#breadcrumb","itemListElement":[{"@type":"ListItem","position":1,"name":"Home","item":"https:\/\/vinilozona.lt\/"},{"@type":"ListItem","position":2,"name":"Parduotuv\u0117","item":"https:\/\/vinilozona.lt\/parduotuve\/"},{"@type":"ListItem","position":3,"name":"Various \u2013 The Music Tribute Boxset Of Quentin Tarantino &#8211; The Best Songs From Quentin Tarantino&#8217;s Films 3lp BOX"}]},{"@type":"WebSite","@id":"https:\/\/vinilozona.lt\/#website","url":"https:\/\/vinilozona.lt\/","name":"Vinilo Zona","description":"Nup\u016bsk dulkes ir klausyk LP","potentialAction":[{"@type":"SearchAction","target":{"@type":"EntryPoint","urlTemplate":"https:\/\/vinilozona.lt\/?s={search_term_string}"},"query-input":{"@type":"PropertyValueSpecification","valueRequired":true,"valueName":"search_term_string"}}],"inLanguage":"en-GB"}]}},"_links":{"self":[{"href":"https:\/\/vinilozona.lt\/en\/wp-json\/wp\/v2\/product\/27462"}],"collection":[{"href":"https:\/\/vinilozona.lt\/en\/wp-json\/wp\/v2\/product"}],"about":[{"href":"https:\/\/vinilozona.lt\/en\/wp-json\/wp\/v2\/types\/product"}],"wp:featuredmedia":[{"embeddable":true,"href":"https:\/\/vinilozona.lt\/en\/wp-json\/wp\/v2\/media\/27463"}],"wp:attachment":[{"href":"https:\/\/vinilozona.lt\/en\/wp-json\/wp\/v2\/media?parent=27462"}],"wp:term":[{"taxonomy":"product_cat","embeddable":true,"href":"https:\/\/vinilozona.lt\/en\/wp-json\/wp\/v2\/product_cat?post=27462"},{"taxonomy":"product_tag","embeddable":true,"href":"https:\/\/vinilozona.lt\/en\/wp-json\/wp\/v2\/product_tag?post=27462"}],"curies":[{"name":"wp","href":"https:\/\/api.w.org\/{rel}","templated":true}]}}