{"id":27409,"date":"2026-01-04T05:05:13","date_gmt":"2026-01-04T03:05:13","guid":{"rendered":"https:\/\/vinilozona.lt\/?post_type=product&#038;p=27409"},"modified":"2026-01-08T13:16:03","modified_gmt":"2026-01-08T11:16:03","slug":"thelonious-monk-four-in-one-4cd","status":"publish","type":"product","link":"https:\/\/vinilozona.lt\/en\/parduotuve\/cd\/naudoti-cd\/thelonious-monk-four-in-one-4cd\/","title":{"rendered":"Thelonious Monk \u2013 Four In One  4CD"},"content":{"rendered":"<p>1-1\t\tOff Minor\t3:01<br \/>\n1-2\t\tRound Midnight\t3:11<br \/>\n1-3\t\tThelonious\t3:01<br \/>\n1-4\t\tWell, You Needn&#8217;t\t3:00<br \/>\n1-5\t\tRuby My Dear\t3:10<br \/>\n1-6\t\tEpistrophy\t3:07<br \/>\n1-7\t\tEvidence\t2:36<br \/>\n1-8\t\tNice Work\t3:02<br \/>\n1-9\t\tMysterioso\t2:46<br \/>\n1-10\t\tWho Knows\t2:42<br \/>\n1-11\t\tMonks Mood\t3:08<br \/>\n1-12\t\tSuburban Eyes\t3:02<br \/>\n1-13\t\tEvonce\t3:04<br \/>\n1-14\t\tAsk Me Now\t3:17<br \/>\n1-15\t\tCriss Cross\t2:58<br \/>\n1-16\t\tStraight No Chaser\t2:55<br \/>\n2-1\t\tFour In One\t3:29<br \/>\n2-2\t\tEronel\t3:03<br \/>\n2-3\t\tWillow Weep For Me\t3:02<br \/>\n2-4\t\tSkippy\t3:00<br \/>\n2-5\t\tSixteen (First Take)\t3:30<br \/>\n2-6\t\tSixteen (Second Take)\t3:39<br \/>\n2-7\t\tCarolina Moon\t3:27<br \/>\n2-8\t\tI&#8217;ll Follow You\t3:47<br \/>\n2-9\t\tFriday The 13th\t10:33<br \/>\n2-10\t\tWork\t5:17<br \/>\n2-11\t\tNutty\t5:16<br \/>\n2-12\t\tThe Way You Look Tonight\t5:12<br \/>\n2-13\t\tI Want To Be Happy\t7:41<br \/>\n3-1\t\tFour In One (Alternate Take)\t3:28<br \/>\n3-2\t\tCriss Cross (Alternate Take)\t2:50<br \/>\n3-3\t\tAsk Me Now (Alternate Take)\t4:28<br \/>\n3-4\t\tSkippy (Alternate Take)\t3:09<br \/>\n3-5\t\tHornin&#8217; In\t3:08<br \/>\n3-6\t\tRound About Midnight\t5:13<br \/>\n3-7\t\tEvidence\t3:05<br \/>\n3-8\t\tSmoke Gets In Your Eyes\t3:24<br \/>\n3-9\t\tWell You Needn&#8217;t\t3:25<br \/>\n3-10\t\tReflections\t5:01<br \/>\n3-11\t\tWee See\t2:34<br \/>\n3-12\t\tEronel\t2:32<br \/>\n3-13\t\tOff Minor\t2:33<br \/>\n3-14\t\tHackensack\t3:01<br \/>\n3-15\t\tBag&#8217;s Groove (Take One)\t11:14<br \/>\n3-16\t\tBag&#8217;s Groove (Take Two)\t9:19<br \/>\n4-1\t\tHornin&#8217; In\t3:16<br \/>\n4-2\t\tLet&#8217;s Cool One\t3:47<br \/>\n4-3\t\tLittle Rootie Tootie\t3:06<br \/>\n4-4\t\tMonk&#8217;s Dream\t3:07<br \/>\n4-5\t\tBemesha Swing\t3:12<br \/>\n4-6\t\tReflections\t2:48<br \/>\n4-7\t\tLet&#8217;s Call This\t5:08<br \/>\n4-8\t\tOff Minor\t5:13<br \/>\n4-9\t\tEpistrophy\t11:00<br \/>\n4-10\t\tWell You Needn&#8217;t\t11:38<br \/>\n4-11\t\tRuby My Dear\t5:34<\/p>","protected":false},"excerpt":{"rendered":"<p>Quadromania \u2013 222460-444<br \/>\nFormat:<br \/>\n4 x CD, Compilation, Remastered<br \/>\nCountry:<br \/>\nGermany<br \/>\nReleased:<br \/>\n2005<\/p>","protected":false},"featured_media":27410,"template":"","meta":[],"product_cat":[24,946],"product_tag":[44],"yoast_head":"<!-- This site is optimized with the Yoast SEO plugin v23.5 - https:\/\/yoast.com\/wordpress\/plugins\/seo\/ -->\n<title>Thelonious Monk \u2013 Four In One 4CD Vinilin\u0117 Plok\u0161tel\u0117 | Vinilozona.lt<\/title>\n<meta name=\"robots\" content=\"index, follow, max-snippet:-1, max-image-preview:large, max-video-preview:-1\" \/>\n<link rel=\"canonical\" href=\"https:\/\/vinilozona.lt\/en\/parduotuve\/cd\/naudoti-cd\/thelonious-monk-four-in-one-4cd\/\" \/>\n<meta property=\"og:locale\" content=\"en_GB\" \/>\n<meta property=\"og:type\" content=\"article\" \/>\n<meta property=\"og:title\" content=\"Thelonious Monk \u2013 Four In One 4CD Vinilin\u0117 Plok\u0161tel\u0117 | Vinilozona.lt\" \/>\n<meta property=\"og:description\" content=\"Quadromania \u2013 222460-444 Format: 4 x CD, Compilation, Remastered Country: Germany Released: 2005\" \/>\n<meta property=\"og:url\" content=\"https:\/\/vinilozona.lt\/en\/parduotuve\/cd\/naudoti-cd\/thelonious-monk-four-in-one-4cd\/\" \/>\n<meta property=\"og:site_name\" content=\"Vinilo Zona\" \/>\n<meta property=\"article:modified_time\" content=\"2026-01-08T11:16:03+00:00\" \/>\n<meta property=\"og:image\" content=\"https:\/\/vinilozona.lt\/wp-content\/uploads\/2025\/02\/R-13676694-1558814054-6842.jpg\" \/>\n\t<meta property=\"og:image:width\" content=\"599\" \/>\n\t<meta property=\"og:image:height\" content=\"519\" \/>\n\t<meta property=\"og:image:type\" content=\"image\/jpeg\" \/>\n<meta name=\"twitter:card\" content=\"summary_large_image\" \/>\n<meta name=\"twitter:label1\" content=\"Estimated reading time\" \/>\n\t<meta name=\"twitter:data1\" content=\"1 minute\" \/>\n<script type=\"application\/ld+json\" class=\"yoast-schema-graph\">{\"@context\":\"https:\/\/schema.org\",\"@graph\":[{\"@type\":\"WebPage\",\"@id\":\"https:\/\/vinilozona.lt\/parduotuve\/cd\/naudoti-cd\/thelonious-monk-four-in-one-4cd\/\",\"url\":\"https:\/\/vinilozona.lt\/parduotuve\/cd\/naudoti-cd\/thelonious-monk-four-in-one-4cd\/\",\"name\":\"Thelonious Monk \u2013 Four In One 4CD Vinilin\u0117 Plok\u0161tel\u0117 | Vinilozona.lt\",\"isPartOf\":{\"@id\":\"https:\/\/vinilozona.lt\/#website\"},\"primaryImageOfPage\":{\"@id\":\"https:\/\/vinilozona.lt\/parduotuve\/cd\/naudoti-cd\/thelonious-monk-four-in-one-4cd\/#primaryimage\"},\"image\":{\"@id\":\"https:\/\/vinilozona.lt\/parduotuve\/cd\/naudoti-cd\/thelonious-monk-four-in-one-4cd\/#primaryimage\"},\"thumbnailUrl\":\"https:\/\/vinilozona.lt\/wp-content\/uploads\/2025\/02\/R-13676694-1558814054-6842.jpg\",\"datePublished\":\"2026-01-04T03:05:13+00:00\",\"dateModified\":\"2026-01-08T11:16:03+00:00\",\"breadcrumb\":{\"@id\":\"https:\/\/vinilozona.lt\/parduotuve\/cd\/naudoti-cd\/thelonious-monk-four-in-one-4cd\/#breadcrumb\"},\"inLanguage\":\"en-GB\",\"potentialAction\":[{\"@type\":\"ReadAction\",\"target\":[\"https:\/\/vinilozona.lt\/parduotuve\/cd\/naudoti-cd\/thelonious-monk-four-in-one-4cd\/\"]}]},{\"@type\":\"ImageObject\",\"inLanguage\":\"en-GB\",\"@id\":\"https:\/\/vinilozona.lt\/parduotuve\/cd\/naudoti-cd\/thelonious-monk-four-in-one-4cd\/#primaryimage\",\"url\":\"https:\/\/vinilozona.lt\/wp-content\/uploads\/2025\/02\/R-13676694-1558814054-6842.jpg\",\"contentUrl\":\"https:\/\/vinilozona.lt\/wp-content\/uploads\/2025\/02\/R-13676694-1558814054-6842.jpg\",\"width\":599,\"height\":519},{\"@type\":\"BreadcrumbList\",\"@id\":\"https:\/\/vinilozona.lt\/parduotuve\/cd\/naudoti-cd\/thelonious-monk-four-in-one-4cd\/#breadcrumb\",\"itemListElement\":[{\"@type\":\"ListItem\",\"position\":1,\"name\":\"Home\",\"item\":\"https:\/\/vinilozona.lt\/\"},{\"@type\":\"ListItem\",\"position\":2,\"name\":\"Parduotuv\u0117\",\"item\":\"https:\/\/vinilozona.lt\/parduotuve\/\"},{\"@type\":\"ListItem\",\"position\":3,\"name\":\"Thelonious Monk \u2013 Four In One 4CD\"}]},{\"@type\":\"WebSite\",\"@id\":\"https:\/\/vinilozona.lt\/#website\",\"url\":\"https:\/\/vinilozona.lt\/\",\"name\":\"Vinilo Zona\",\"description\":\"Nup\u016bsk dulkes ir klausyk LP\",\"potentialAction\":[{\"@type\":\"SearchAction\",\"target\":{\"@type\":\"EntryPoint\",\"urlTemplate\":\"https:\/\/vinilozona.lt\/?s={search_term_string}\"},\"query-input\":{\"@type\":\"PropertyValueSpecification\",\"valueRequired\":true,\"valueName\":\"search_term_string\"}}],\"inLanguage\":\"en-GB\"}]}<\/script>\n<!-- \/ Yoast SEO plugin. -->","yoast_head_json":{"title":"Thelonious Monk \u2013 Four In One 4CD Vinilin\u0117 Plok\u0161tel\u0117 | Vinilozona.lt","robots":{"index":"index","follow":"follow","max-snippet":"max-snippet:-1","max-image-preview":"max-image-preview:large","max-video-preview":"max-video-preview:-1"},"canonical":"https:\/\/vinilozona.lt\/en\/parduotuve\/cd\/naudoti-cd\/thelonious-monk-four-in-one-4cd\/","og_locale":"en_GB","og_type":"article","og_title":"Thelonious Monk \u2013 Four In One 4CD Vinilin\u0117 Plok\u0161tel\u0117 | Vinilozona.lt","og_description":"Quadromania \u2013 222460-444 Format: 4 x CD, Compilation, Remastered Country: Germany Released: 2005","og_url":"https:\/\/vinilozona.lt\/en\/parduotuve\/cd\/naudoti-cd\/thelonious-monk-four-in-one-4cd\/","og_site_name":"Vinilo Zona","article_modified_time":"2026-01-08T11:16:03+00:00","og_image":[{"width":599,"height":519,"url":"https:\/\/vinilozona.lt\/wp-content\/uploads\/2025\/02\/R-13676694-1558814054-6842.jpg","type":"image\/jpeg"}],"twitter_card":"summary_large_image","twitter_misc":{"Estimated reading time":"1 minute"},"schema":{"@context":"https:\/\/schema.org","@graph":[{"@type":"WebPage","@id":"https:\/\/vinilozona.lt\/parduotuve\/cd\/naudoti-cd\/thelonious-monk-four-in-one-4cd\/","url":"https:\/\/vinilozona.lt\/parduotuve\/cd\/naudoti-cd\/thelonious-monk-four-in-one-4cd\/","name":"Thelonious Monk \u2013 Four In One 4CD Vinilin\u0117 Plok\u0161tel\u0117 | Vinilozona.lt","isPartOf":{"@id":"https:\/\/vinilozona.lt\/#website"},"primaryImageOfPage":{"@id":"https:\/\/vinilozona.lt\/parduotuve\/cd\/naudoti-cd\/thelonious-monk-four-in-one-4cd\/#primaryimage"},"image":{"@id":"https:\/\/vinilozona.lt\/parduotuve\/cd\/naudoti-cd\/thelonious-monk-four-in-one-4cd\/#primaryimage"},"thumbnailUrl":"https:\/\/vinilozona.lt\/wp-content\/uploads\/2025\/02\/R-13676694-1558814054-6842.jpg","datePublished":"2026-01-04T03:05:13+00:00","dateModified":"2026-01-08T11:16:03+00:00","breadcrumb":{"@id":"https:\/\/vinilozona.lt\/parduotuve\/cd\/naudoti-cd\/thelonious-monk-four-in-one-4cd\/#breadcrumb"},"inLanguage":"en-GB","potentialAction":[{"@type":"ReadAction","target":["https:\/\/vinilozona.lt\/parduotuve\/cd\/naudoti-cd\/thelonious-monk-four-in-one-4cd\/"]}]},{"@type":"ImageObject","inLanguage":"en-GB","@id":"https:\/\/vinilozona.lt\/parduotuve\/cd\/naudoti-cd\/thelonious-monk-four-in-one-4cd\/#primaryimage","url":"https:\/\/vinilozona.lt\/wp-content\/uploads\/2025\/02\/R-13676694-1558814054-6842.jpg","contentUrl":"https:\/\/vinilozona.lt\/wp-content\/uploads\/2025\/02\/R-13676694-1558814054-6842.jpg","width":599,"height":519},{"@type":"BreadcrumbList","@id":"https:\/\/vinilozona.lt\/parduotuve\/cd\/naudoti-cd\/thelonious-monk-four-in-one-4cd\/#breadcrumb","itemListElement":[{"@type":"ListItem","position":1,"name":"Home","item":"https:\/\/vinilozona.lt\/"},{"@type":"ListItem","position":2,"name":"Parduotuv\u0117","item":"https:\/\/vinilozona.lt\/parduotuve\/"},{"@type":"ListItem","position":3,"name":"Thelonious Monk \u2013 Four In One 4CD"}]},{"@type":"WebSite","@id":"https:\/\/vinilozona.lt\/#website","url":"https:\/\/vinilozona.lt\/","name":"Vinilo Zona","description":"Nup\u016bsk dulkes ir klausyk LP","potentialAction":[{"@type":"SearchAction","target":{"@type":"EntryPoint","urlTemplate":"https:\/\/vinilozona.lt\/?s={search_term_string}"},"query-input":{"@type":"PropertyValueSpecification","valueRequired":true,"valueName":"search_term_string"}}],"inLanguage":"en-GB"}]}},"_links":{"self":[{"href":"https:\/\/vinilozona.lt\/en\/wp-json\/wp\/v2\/product\/27409"}],"collection":[{"href":"https:\/\/vinilozona.lt\/en\/wp-json\/wp\/v2\/product"}],"about":[{"href":"https:\/\/vinilozona.lt\/en\/wp-json\/wp\/v2\/types\/product"}],"wp:featuredmedia":[{"embeddable":true,"href":"https:\/\/vinilozona.lt\/en\/wp-json\/wp\/v2\/media\/27410"}],"wp:attachment":[{"href":"https:\/\/vinilozona.lt\/en\/wp-json\/wp\/v2\/media?parent=27409"}],"wp:term":[{"taxonomy":"product_cat","embeddable":true,"href":"https:\/\/vinilozona.lt\/en\/wp-json\/wp\/v2\/product_cat?post=27409"},{"taxonomy":"product_tag","embeddable":true,"href":"https:\/\/vinilozona.lt\/en\/wp-json\/wp\/v2\/product_tag?post=27409"}],"curies":[{"name":"wp","href":"https:\/\/api.w.org\/{rel}","templated":true}]}}