{"id":27395,"date":"2025-02-09T05:02:55","date_gmt":"2025-02-09T03:02:55","guid":{"rendered":"https:\/\/vinilozona.lt\/?post_type=product&#038;p=27395"},"modified":"2025-02-09T07:24:18","modified_gmt":"2025-02-09T05:24:18","slug":"tears-for-fears-shout-grito-remix-version","status":"publish","type":"product","link":"https:\/\/vinilozona.lt\/en\/parduotuve\/12_singles_ep\/tears-for-fears-shout-grito-remix-version\/","title":{"rendered":"Tears For Fears \u2013 Shout = Grito (Remix Version)"},"content":{"rendered":"<p>A\t\tShout (Extended Version)<br \/>\nProducer [Over Produced By] \u2013 Chris Hughes<br \/>\nWritten-By \u2013 Stanley*<br \/>\n7:40<br \/>\nB1\t\tShout (Full Version)<br \/>\nProducer [Over Produced By] \u2013 Chris Hughes<br \/>\nWritten-By \u2013 Stanley*<br \/>\n5:58<br \/>\nB2\t\tThe Big Chair<br \/>\nProducer [Under Produced By] \u2013 Ian Stanley<br \/>\n3:20<\/p>","protected":false},"excerpt":{"rendered":"<p>Mercury \u2013 880 294-1<br \/>\nFormat:<br \/>\nVinyl, 12&#8243;, 45 RPM<br \/>\nCountry: Germany<br \/>\nReleased:<br \/>\n1985<\/p>","protected":false},"featured_media":27396,"template":"","meta":[],"product_cat":[684],"product_tag":[44],"yoast_head":"<!-- This site is optimized with the Yoast SEO plugin v23.5 - https:\/\/yoast.com\/wordpress\/plugins\/seo\/ -->\n<title>Tears For Fears \u2013 Shout = Grito (Remix Version) Vinilin\u0117 Plok\u0161tel\u0117 | Vinilozona.lt<\/title>\n<meta name=\"robots\" content=\"index, follow, max-snippet:-1, max-image-preview:large, max-video-preview:-1\" \/>\n<link rel=\"canonical\" href=\"https:\/\/vinilozona.lt\/en\/parduotuve\/12_singles_ep\/tears-for-fears-shout-grito-remix-version\/\" \/>\n<meta property=\"og:locale\" content=\"en_GB\" \/>\n<meta property=\"og:type\" content=\"article\" \/>\n<meta property=\"og:title\" content=\"Tears For Fears \u2013 Shout = Grito (Remix Version) Vinilin\u0117 Plok\u0161tel\u0117 | Vinilozona.lt\" \/>\n<meta property=\"og:description\" content=\"Mercury \u2013 880 294-1 Format: Vinyl, 12&quot;, 45 RPM Country: Germany Released: 1985\" \/>\n<meta property=\"og:url\" content=\"https:\/\/vinilozona.lt\/en\/parduotuve\/12_singles_ep\/tears-for-fears-shout-grito-remix-version\/\" \/>\n<meta property=\"og:site_name\" content=\"Vinilo Zona\" \/>\n<meta property=\"article:modified_time\" content=\"2025-02-09T05:24:18+00:00\" \/>\n<meta property=\"og:image\" content=\"https:\/\/vinilozona.lt\/wp-content\/uploads\/2025\/02\/R-3754474-1343042764-6278.jpg\" \/>\n\t<meta property=\"og:image:width\" content=\"560\" \/>\n\t<meta property=\"og:image:height\" content=\"554\" \/>\n\t<meta property=\"og:image:type\" content=\"image\/jpeg\" \/>\n<meta name=\"twitter:card\" content=\"summary_large_image\" \/>\n<meta name=\"twitter:label1\" content=\"Estimated reading time\" \/>\n\t<meta name=\"twitter:data1\" content=\"1 minute\" \/>\n<script type=\"application\/ld+json\" class=\"yoast-schema-graph\">{\"@context\":\"https:\/\/schema.org\",\"@graph\":[{\"@type\":\"WebPage\",\"@id\":\"https:\/\/vinilozona.lt\/parduotuve\/12_singles_ep\/tears-for-fears-shout-grito-remix-version\/\",\"url\":\"https:\/\/vinilozona.lt\/parduotuve\/12_singles_ep\/tears-for-fears-shout-grito-remix-version\/\",\"name\":\"Tears For Fears \u2013 Shout = Grito (Remix Version) Vinilin\u0117 Plok\u0161tel\u0117 | Vinilozona.lt\",\"isPartOf\":{\"@id\":\"https:\/\/vinilozona.lt\/#website\"},\"primaryImageOfPage\":{\"@id\":\"https:\/\/vinilozona.lt\/parduotuve\/12_singles_ep\/tears-for-fears-shout-grito-remix-version\/#primaryimage\"},\"image\":{\"@id\":\"https:\/\/vinilozona.lt\/parduotuve\/12_singles_ep\/tears-for-fears-shout-grito-remix-version\/#primaryimage\"},\"thumbnailUrl\":\"https:\/\/vinilozona.lt\/wp-content\/uploads\/2025\/02\/R-3754474-1343042764-6278.jpg\",\"datePublished\":\"2025-02-09T03:02:55+00:00\",\"dateModified\":\"2025-02-09T05:24:18+00:00\",\"breadcrumb\":{\"@id\":\"https:\/\/vinilozona.lt\/parduotuve\/12_singles_ep\/tears-for-fears-shout-grito-remix-version\/#breadcrumb\"},\"inLanguage\":\"en-GB\",\"potentialAction\":[{\"@type\":\"ReadAction\",\"target\":[\"https:\/\/vinilozona.lt\/parduotuve\/12_singles_ep\/tears-for-fears-shout-grito-remix-version\/\"]}]},{\"@type\":\"ImageObject\",\"inLanguage\":\"en-GB\",\"@id\":\"https:\/\/vinilozona.lt\/parduotuve\/12_singles_ep\/tears-for-fears-shout-grito-remix-version\/#primaryimage\",\"url\":\"https:\/\/vinilozona.lt\/wp-content\/uploads\/2025\/02\/R-3754474-1343042764-6278.jpg\",\"contentUrl\":\"https:\/\/vinilozona.lt\/wp-content\/uploads\/2025\/02\/R-3754474-1343042764-6278.jpg\",\"width\":560,\"height\":554},{\"@type\":\"BreadcrumbList\",\"@id\":\"https:\/\/vinilozona.lt\/parduotuve\/12_singles_ep\/tears-for-fears-shout-grito-remix-version\/#breadcrumb\",\"itemListElement\":[{\"@type\":\"ListItem\",\"position\":1,\"name\":\"Home\",\"item\":\"https:\/\/vinilozona.lt\/\"},{\"@type\":\"ListItem\",\"position\":2,\"name\":\"Parduotuv\u0117\",\"item\":\"https:\/\/vinilozona.lt\/parduotuve\/\"},{\"@type\":\"ListItem\",\"position\":3,\"name\":\"Tears For Fears \u2013 Shout = Grito (Remix Version)\"}]},{\"@type\":\"WebSite\",\"@id\":\"https:\/\/vinilozona.lt\/#website\",\"url\":\"https:\/\/vinilozona.lt\/\",\"name\":\"Vinilo Zona\",\"description\":\"Nup\u016bsk dulkes ir klausyk LP\",\"potentialAction\":[{\"@type\":\"SearchAction\",\"target\":{\"@type\":\"EntryPoint\",\"urlTemplate\":\"https:\/\/vinilozona.lt\/?s={search_term_string}\"},\"query-input\":{\"@type\":\"PropertyValueSpecification\",\"valueRequired\":true,\"valueName\":\"search_term_string\"}}],\"inLanguage\":\"en-GB\"}]}<\/script>\n<!-- \/ Yoast SEO plugin. -->","yoast_head_json":{"title":"Tears For Fears \u2013 Shout = Grito (Remix Version) Vinilin\u0117 Plok\u0161tel\u0117 | Vinilozona.lt","robots":{"index":"index","follow":"follow","max-snippet":"max-snippet:-1","max-image-preview":"max-image-preview:large","max-video-preview":"max-video-preview:-1"},"canonical":"https:\/\/vinilozona.lt\/en\/parduotuve\/12_singles_ep\/tears-for-fears-shout-grito-remix-version\/","og_locale":"en_GB","og_type":"article","og_title":"Tears For Fears \u2013 Shout = Grito (Remix Version) Vinilin\u0117 Plok\u0161tel\u0117 | Vinilozona.lt","og_description":"Mercury \u2013 880 294-1 Format: Vinyl, 12\", 45 RPM Country: Germany Released: 1985","og_url":"https:\/\/vinilozona.lt\/en\/parduotuve\/12_singles_ep\/tears-for-fears-shout-grito-remix-version\/","og_site_name":"Vinilo Zona","article_modified_time":"2025-02-09T05:24:18+00:00","og_image":[{"width":560,"height":554,"url":"https:\/\/vinilozona.lt\/wp-content\/uploads\/2025\/02\/R-3754474-1343042764-6278.jpg","type":"image\/jpeg"}],"twitter_card":"summary_large_image","twitter_misc":{"Estimated reading time":"1 minute"},"schema":{"@context":"https:\/\/schema.org","@graph":[{"@type":"WebPage","@id":"https:\/\/vinilozona.lt\/parduotuve\/12_singles_ep\/tears-for-fears-shout-grito-remix-version\/","url":"https:\/\/vinilozona.lt\/parduotuve\/12_singles_ep\/tears-for-fears-shout-grito-remix-version\/","name":"Tears For Fears \u2013 Shout = Grito (Remix Version) Vinilin\u0117 Plok\u0161tel\u0117 | Vinilozona.lt","isPartOf":{"@id":"https:\/\/vinilozona.lt\/#website"},"primaryImageOfPage":{"@id":"https:\/\/vinilozona.lt\/parduotuve\/12_singles_ep\/tears-for-fears-shout-grito-remix-version\/#primaryimage"},"image":{"@id":"https:\/\/vinilozona.lt\/parduotuve\/12_singles_ep\/tears-for-fears-shout-grito-remix-version\/#primaryimage"},"thumbnailUrl":"https:\/\/vinilozona.lt\/wp-content\/uploads\/2025\/02\/R-3754474-1343042764-6278.jpg","datePublished":"2025-02-09T03:02:55+00:00","dateModified":"2025-02-09T05:24:18+00:00","breadcrumb":{"@id":"https:\/\/vinilozona.lt\/parduotuve\/12_singles_ep\/tears-for-fears-shout-grito-remix-version\/#breadcrumb"},"inLanguage":"en-GB","potentialAction":[{"@type":"ReadAction","target":["https:\/\/vinilozona.lt\/parduotuve\/12_singles_ep\/tears-for-fears-shout-grito-remix-version\/"]}]},{"@type":"ImageObject","inLanguage":"en-GB","@id":"https:\/\/vinilozona.lt\/parduotuve\/12_singles_ep\/tears-for-fears-shout-grito-remix-version\/#primaryimage","url":"https:\/\/vinilozona.lt\/wp-content\/uploads\/2025\/02\/R-3754474-1343042764-6278.jpg","contentUrl":"https:\/\/vinilozona.lt\/wp-content\/uploads\/2025\/02\/R-3754474-1343042764-6278.jpg","width":560,"height":554},{"@type":"BreadcrumbList","@id":"https:\/\/vinilozona.lt\/parduotuve\/12_singles_ep\/tears-for-fears-shout-grito-remix-version\/#breadcrumb","itemListElement":[{"@type":"ListItem","position":1,"name":"Home","item":"https:\/\/vinilozona.lt\/"},{"@type":"ListItem","position":2,"name":"Parduotuv\u0117","item":"https:\/\/vinilozona.lt\/parduotuve\/"},{"@type":"ListItem","position":3,"name":"Tears For Fears \u2013 Shout = Grito (Remix Version)"}]},{"@type":"WebSite","@id":"https:\/\/vinilozona.lt\/#website","url":"https:\/\/vinilozona.lt\/","name":"Vinilo Zona","description":"Nup\u016bsk dulkes ir klausyk LP","potentialAction":[{"@type":"SearchAction","target":{"@type":"EntryPoint","urlTemplate":"https:\/\/vinilozona.lt\/?s={search_term_string}"},"query-input":{"@type":"PropertyValueSpecification","valueRequired":true,"valueName":"search_term_string"}}],"inLanguage":"en-GB"}]}},"_links":{"self":[{"href":"https:\/\/vinilozona.lt\/en\/wp-json\/wp\/v2\/product\/27395"}],"collection":[{"href":"https:\/\/vinilozona.lt\/en\/wp-json\/wp\/v2\/product"}],"about":[{"href":"https:\/\/vinilozona.lt\/en\/wp-json\/wp\/v2\/types\/product"}],"wp:featuredmedia":[{"embeddable":true,"href":"https:\/\/vinilozona.lt\/en\/wp-json\/wp\/v2\/media\/27396"}],"wp:attachment":[{"href":"https:\/\/vinilozona.lt\/en\/wp-json\/wp\/v2\/media?parent=27395"}],"wp:term":[{"taxonomy":"product_cat","embeddable":true,"href":"https:\/\/vinilozona.lt\/en\/wp-json\/wp\/v2\/product_cat?post=27395"},{"taxonomy":"product_tag","embeddable":true,"href":"https:\/\/vinilozona.lt\/en\/wp-json\/wp\/v2\/product_tag?post=27395"}],"curies":[{"name":"wp","href":"https:\/\/api.w.org\/{rel}","templated":true}]}}