{"id":27347,"date":"2025-02-03T05:20:15","date_gmt":"2025-02-03T03:20:15","guid":{"rendered":"https:\/\/vinilozona.lt\/?post_type=product&#038;p=27347"},"modified":"2025-02-04T09:45:26","modified_gmt":"2025-02-04T07:45:26","slug":"return-to-forever-live-the-complete-concert-4lp-boxset","status":"publish","type":"product","link":"https:\/\/vinilozona.lt\/en\/parduotuve\/jazz\/return-to-forever-live-the-complete-concert-4lp-boxset\/","title":{"rendered":"Return To Forever \u2013 Live (The Complete Concert)  4lp BOXSET"},"content":{"rendered":"<p>Opening &#8217;77\t11:20<br \/>\nThe Endless Night (Part 1)\t8:04<br \/>\nThe Endless Night (Part 2)\t8:04<br \/>\nIntroduction Of Musicians\t4:06<br \/>\nThe Musician\t13:48<br \/>\nIntroduction\t1:19<br \/>\nHello Again\t6:02<br \/>\nSo Long Mickey Mouse\t15:44<br \/>\nMusicmagic (Part 1)\t3:39<br \/>\nMusicmagic (Part 2)\t23:48<br \/>\nApplause\t0:31<br \/>\nIntroduction\t0:18<br \/>\nCome Rain Or Come Shine\t3:13<br \/>\nFine And Dandy\t0:20<br \/>\nSerenade\t13:36<br \/>\nThe Moorish Warrior And Spanish Princess\t19:36<br \/>\nIntroduction\t2:13<br \/>\nChick&#8217;s Piano Solo\t17:06<br \/>\nSpanish Fantasy\t9:39<br \/>\nOn Green Dolphin Street\t9:10<\/p>","protected":false},"excerpt":{"rendered":"<p>CBS \u2013 66419, CBS \u2013 C4x 35350<br \/>\nFormat:<br \/>\n4 x Vinyl, LP, Album, Stereo<br \/>\nBox Set<br \/>\nCountry:<br \/>\nEurope<br \/>\nReleased:<br \/>\n1978<\/p>","protected":false},"featured_media":27348,"template":"","meta":[],"product_cat":[20,54],"product_tag":[44],"yoast_head":"<!-- This site is optimized with the Yoast SEO plugin v23.5 - https:\/\/yoast.com\/wordpress\/plugins\/seo\/ -->\n<title>Return To Forever \u2013 Live (The Complete Concert) 4lp BOXSET Vinilin\u0117 Plok\u0161tel\u0117 | Vinilozona.lt<\/title>\n<meta name=\"robots\" content=\"index, follow, max-snippet:-1, max-image-preview:large, max-video-preview:-1\" \/>\n<link rel=\"canonical\" href=\"https:\/\/vinilozona.lt\/en\/parduotuve\/jazz\/return-to-forever-live-the-complete-concert-4lp-boxset\/\" \/>\n<meta property=\"og:locale\" content=\"en_GB\" \/>\n<meta property=\"og:type\" content=\"article\" \/>\n<meta property=\"og:title\" content=\"Return To Forever \u2013 Live (The Complete Concert) 4lp BOXSET Vinilin\u0117 Plok\u0161tel\u0117 | Vinilozona.lt\" \/>\n<meta property=\"og:description\" content=\"CBS \u2013 66419, CBS \u2013 C4x 35350 Format: 4 x Vinyl, LP, Album, Stereo Box Set Country: Europe Released: 1978\" \/>\n<meta property=\"og:url\" content=\"https:\/\/vinilozona.lt\/en\/parduotuve\/jazz\/return-to-forever-live-the-complete-concert-4lp-boxset\/\" \/>\n<meta property=\"og:site_name\" content=\"Vinilo Zona\" \/>\n<meta property=\"article:modified_time\" content=\"2025-02-04T07:45:26+00:00\" \/>\n<meta property=\"og:image\" content=\"https:\/\/vinilozona.lt\/wp-content\/uploads\/2025\/02\/R-3556026-1602470309-3367.jpg\" \/>\n\t<meta property=\"og:image:width\" content=\"600\" \/>\n\t<meta property=\"og:image:height\" content=\"597\" \/>\n\t<meta property=\"og:image:type\" content=\"image\/jpeg\" \/>\n<meta name=\"twitter:card\" content=\"summary_large_image\" \/>\n<meta name=\"twitter:label1\" content=\"Estimated reading time\" \/>\n\t<meta name=\"twitter:data1\" content=\"2 minutes\" \/>\n<script type=\"application\/ld+json\" class=\"yoast-schema-graph\">{\"@context\":\"https:\/\/schema.org\",\"@graph\":[{\"@type\":\"WebPage\",\"@id\":\"https:\/\/vinilozona.lt\/parduotuve\/jazz\/return-to-forever-live-the-complete-concert-4lp-boxset\/\",\"url\":\"https:\/\/vinilozona.lt\/parduotuve\/jazz\/return-to-forever-live-the-complete-concert-4lp-boxset\/\",\"name\":\"Return To Forever \u2013 Live (The Complete Concert) 4lp BOXSET Vinilin\u0117 Plok\u0161tel\u0117 | Vinilozona.lt\",\"isPartOf\":{\"@id\":\"https:\/\/vinilozona.lt\/#website\"},\"primaryImageOfPage\":{\"@id\":\"https:\/\/vinilozona.lt\/parduotuve\/jazz\/return-to-forever-live-the-complete-concert-4lp-boxset\/#primaryimage\"},\"image\":{\"@id\":\"https:\/\/vinilozona.lt\/parduotuve\/jazz\/return-to-forever-live-the-complete-concert-4lp-boxset\/#primaryimage\"},\"thumbnailUrl\":\"https:\/\/vinilozona.lt\/wp-content\/uploads\/2025\/02\/R-3556026-1602470309-3367.jpg\",\"datePublished\":\"2025-02-03T03:20:15+00:00\",\"dateModified\":\"2025-02-04T07:45:26+00:00\",\"breadcrumb\":{\"@id\":\"https:\/\/vinilozona.lt\/parduotuve\/jazz\/return-to-forever-live-the-complete-concert-4lp-boxset\/#breadcrumb\"},\"inLanguage\":\"en-GB\",\"potentialAction\":[{\"@type\":\"ReadAction\",\"target\":[\"https:\/\/vinilozona.lt\/parduotuve\/jazz\/return-to-forever-live-the-complete-concert-4lp-boxset\/\"]}]},{\"@type\":\"ImageObject\",\"inLanguage\":\"en-GB\",\"@id\":\"https:\/\/vinilozona.lt\/parduotuve\/jazz\/return-to-forever-live-the-complete-concert-4lp-boxset\/#primaryimage\",\"url\":\"https:\/\/vinilozona.lt\/wp-content\/uploads\/2025\/02\/R-3556026-1602470309-3367.jpg\",\"contentUrl\":\"https:\/\/vinilozona.lt\/wp-content\/uploads\/2025\/02\/R-3556026-1602470309-3367.jpg\",\"width\":600,\"height\":597},{\"@type\":\"BreadcrumbList\",\"@id\":\"https:\/\/vinilozona.lt\/parduotuve\/jazz\/return-to-forever-live-the-complete-concert-4lp-boxset\/#breadcrumb\",\"itemListElement\":[{\"@type\":\"ListItem\",\"position\":1,\"name\":\"Home\",\"item\":\"https:\/\/vinilozona.lt\/\"},{\"@type\":\"ListItem\",\"position\":2,\"name\":\"Parduotuv\u0117\",\"item\":\"https:\/\/vinilozona.lt\/parduotuve\/\"},{\"@type\":\"ListItem\",\"position\":3,\"name\":\"Return To Forever \u2013 Live (The Complete Concert) 4lp BOXSET\"}]},{\"@type\":\"WebSite\",\"@id\":\"https:\/\/vinilozona.lt\/#website\",\"url\":\"https:\/\/vinilozona.lt\/\",\"name\":\"Vinilo Zona\",\"description\":\"Nup\u016bsk dulkes ir klausyk LP\",\"potentialAction\":[{\"@type\":\"SearchAction\",\"target\":{\"@type\":\"EntryPoint\",\"urlTemplate\":\"https:\/\/vinilozona.lt\/?s={search_term_string}\"},\"query-input\":{\"@type\":\"PropertyValueSpecification\",\"valueRequired\":true,\"valueName\":\"search_term_string\"}}],\"inLanguage\":\"en-GB\"}]}<\/script>\n<!-- \/ Yoast SEO plugin. -->","yoast_head_json":{"title":"Return To Forever \u2013 Live (The Complete Concert) 4lp BOXSET Vinilin\u0117 Plok\u0161tel\u0117 | Vinilozona.lt","robots":{"index":"index","follow":"follow","max-snippet":"max-snippet:-1","max-image-preview":"max-image-preview:large","max-video-preview":"max-video-preview:-1"},"canonical":"https:\/\/vinilozona.lt\/en\/parduotuve\/jazz\/return-to-forever-live-the-complete-concert-4lp-boxset\/","og_locale":"en_GB","og_type":"article","og_title":"Return To Forever \u2013 Live (The Complete Concert) 4lp BOXSET Vinilin\u0117 Plok\u0161tel\u0117 | Vinilozona.lt","og_description":"CBS \u2013 66419, CBS \u2013 C4x 35350 Format: 4 x Vinyl, LP, Album, Stereo Box Set Country: Europe Released: 1978","og_url":"https:\/\/vinilozona.lt\/en\/parduotuve\/jazz\/return-to-forever-live-the-complete-concert-4lp-boxset\/","og_site_name":"Vinilo Zona","article_modified_time":"2025-02-04T07:45:26+00:00","og_image":[{"width":600,"height":597,"url":"https:\/\/vinilozona.lt\/wp-content\/uploads\/2025\/02\/R-3556026-1602470309-3367.jpg","type":"image\/jpeg"}],"twitter_card":"summary_large_image","twitter_misc":{"Estimated reading time":"2 minutes"},"schema":{"@context":"https:\/\/schema.org","@graph":[{"@type":"WebPage","@id":"https:\/\/vinilozona.lt\/parduotuve\/jazz\/return-to-forever-live-the-complete-concert-4lp-boxset\/","url":"https:\/\/vinilozona.lt\/parduotuve\/jazz\/return-to-forever-live-the-complete-concert-4lp-boxset\/","name":"Return To Forever \u2013 Live (The Complete Concert) 4lp BOXSET Vinilin\u0117 Plok\u0161tel\u0117 | Vinilozona.lt","isPartOf":{"@id":"https:\/\/vinilozona.lt\/#website"},"primaryImageOfPage":{"@id":"https:\/\/vinilozona.lt\/parduotuve\/jazz\/return-to-forever-live-the-complete-concert-4lp-boxset\/#primaryimage"},"image":{"@id":"https:\/\/vinilozona.lt\/parduotuve\/jazz\/return-to-forever-live-the-complete-concert-4lp-boxset\/#primaryimage"},"thumbnailUrl":"https:\/\/vinilozona.lt\/wp-content\/uploads\/2025\/02\/R-3556026-1602470309-3367.jpg","datePublished":"2025-02-03T03:20:15+00:00","dateModified":"2025-02-04T07:45:26+00:00","breadcrumb":{"@id":"https:\/\/vinilozona.lt\/parduotuve\/jazz\/return-to-forever-live-the-complete-concert-4lp-boxset\/#breadcrumb"},"inLanguage":"en-GB","potentialAction":[{"@type":"ReadAction","target":["https:\/\/vinilozona.lt\/parduotuve\/jazz\/return-to-forever-live-the-complete-concert-4lp-boxset\/"]}]},{"@type":"ImageObject","inLanguage":"en-GB","@id":"https:\/\/vinilozona.lt\/parduotuve\/jazz\/return-to-forever-live-the-complete-concert-4lp-boxset\/#primaryimage","url":"https:\/\/vinilozona.lt\/wp-content\/uploads\/2025\/02\/R-3556026-1602470309-3367.jpg","contentUrl":"https:\/\/vinilozona.lt\/wp-content\/uploads\/2025\/02\/R-3556026-1602470309-3367.jpg","width":600,"height":597},{"@type":"BreadcrumbList","@id":"https:\/\/vinilozona.lt\/parduotuve\/jazz\/return-to-forever-live-the-complete-concert-4lp-boxset\/#breadcrumb","itemListElement":[{"@type":"ListItem","position":1,"name":"Home","item":"https:\/\/vinilozona.lt\/"},{"@type":"ListItem","position":2,"name":"Parduotuv\u0117","item":"https:\/\/vinilozona.lt\/parduotuve\/"},{"@type":"ListItem","position":3,"name":"Return To Forever \u2013 Live (The Complete Concert) 4lp BOXSET"}]},{"@type":"WebSite","@id":"https:\/\/vinilozona.lt\/#website","url":"https:\/\/vinilozona.lt\/","name":"Vinilo Zona","description":"Nup\u016bsk dulkes ir klausyk LP","potentialAction":[{"@type":"SearchAction","target":{"@type":"EntryPoint","urlTemplate":"https:\/\/vinilozona.lt\/?s={search_term_string}"},"query-input":{"@type":"PropertyValueSpecification","valueRequired":true,"valueName":"search_term_string"}}],"inLanguage":"en-GB"}]}},"_links":{"self":[{"href":"https:\/\/vinilozona.lt\/en\/wp-json\/wp\/v2\/product\/27347"}],"collection":[{"href":"https:\/\/vinilozona.lt\/en\/wp-json\/wp\/v2\/product"}],"about":[{"href":"https:\/\/vinilozona.lt\/en\/wp-json\/wp\/v2\/types\/product"}],"wp:featuredmedia":[{"embeddable":true,"href":"https:\/\/vinilozona.lt\/en\/wp-json\/wp\/v2\/media\/27348"}],"wp:attachment":[{"href":"https:\/\/vinilozona.lt\/en\/wp-json\/wp\/v2\/media?parent=27347"}],"wp:term":[{"taxonomy":"product_cat","embeddable":true,"href":"https:\/\/vinilozona.lt\/en\/wp-json\/wp\/v2\/product_cat?post=27347"},{"taxonomy":"product_tag","embeddable":true,"href":"https:\/\/vinilozona.lt\/en\/wp-json\/wp\/v2\/product_tag?post=27347"}],"curies":[{"name":"wp","href":"https:\/\/api.w.org\/{rel}","templated":true}]}}