{"id":27345,"date":"2025-02-03T05:08:35","date_gmt":"2025-02-03T03:08:35","guid":{"rendered":"https:\/\/vinilozona.lt\/?post_type=product&#038;p=27345"},"modified":"2025-02-03T20:17:54","modified_gmt":"2025-02-03T18:17:54","slug":"louis-armstrong-the-two-greatest-concerts-4lp-boxset","status":"publish","type":"product","link":"https:\/\/vinilozona.lt\/en\/parduotuve\/jazz\/louis-armstrong-the-two-greatest-concerts-4lp-boxset\/","title":{"rendered":"Louis Armstrong \u2013 The Two Greatest Concerts   4LP BOXSET"},"content":{"rendered":"<p>The First Concert<br \/>\nA1\t\tI Love Jazz\t4:45<br \/>\nA2\t\tHigh Society Calypso\t3:25<br \/>\nA3\t\tOle Miss\t4:00<br \/>\nA4\t\tBlue Moon\t5:15<br \/>\nB1\t\tSweet Georgia Brown\t4:15<br \/>\nB2\t\tBlues\t2:45<br \/>\nB3\t\tMack The Knife\t3:25<br \/>\nB4\t\tTenderly\t4:00<br \/>\nB5\t\tYou&#8217;ll Never Walk Alone\t3:00<br \/>\nC1\t\tBaby, It&#8217;s Cold Outside\t5:40<br \/>\nC2\t\tC&#8217;Est Si Bon\t2:50<br \/>\nC3\t\tLa Vie En Rose\t4:10<br \/>\nC4\t\tRocking Chair\t4:18<br \/>\nD1\t\tWhen It&#8217;s Sleepy Time Down South\t1:50<br \/>\nD2\t\tMahogany Hall Stomp\t1:54<br \/>\nD3\t\tAll Of Me\t3:30<br \/>\nD4\t\tSt. Louis Blues\t7:00<br \/>\nThe Second Concert<br \/>\nE1\t\tWhen It&#8217;s Sleepy Time Down South\t3:10<br \/>\nE2\t\tIndiana\t3:57<br \/>\nE3\t\tTiger Rag\t1:10<br \/>\nE4\t\tWhen I Grow Too Old To Dream\t3:58<br \/>\nE5\t\tPerpido\t1:55<br \/>\nE6\t\tHello Dolly\t5:45<br \/>\nE7\t\tOn The Alamo\t3:35<br \/>\nF1\t\tCabaret\t3:49<br \/>\nF2\t\tA Kiss To Build A Dream On\t4:27<br \/>\nF3\t\tLover Come Back To Me\t2:30<br \/>\nF4\t\tCan&#8217;t Help Lovin&#8217; That Man\t3:10<br \/>\nF5\t\tImprovisation &#8211; Blueberry Hill\t3:18<br \/>\nF6\t\tMuskrat Ramble\t3:25<br \/>\nF7\t\tVolare\t3:30<br \/>\nG1\t\tCocktails For Two\t4:09<br \/>\nG2\t\tStompin&#8217; At The Savoy\t7:21<br \/>\nG3\t\tImprovisations De Billy Kyle Au Piano\t3:48<br \/>\nG4\t\tImprovisations De Tyree Glenn Au Trombone\t2:18<br \/>\nG5\t\tThat&#8217;s My Desire\t5:21<br \/>\nH1\t\tSaint James Infirmary\t4:06<br \/>\nH2\t\tMack The Knife\t3:21<br \/>\nH3\t\tTenderly- You Never Walk Alone-Mop Mop\t5:40<br \/>\nH4\t\tSan Francisco\t4:03<br \/>\nH5\t\tMy Man\t1:51<br \/>\nH6\t\tBill Bailey Won&#8217;t You Please Come Home\t1:15<br \/>\nH7\t\tWhen The Saints Go Marchin&#8217; In\/Final\t5:00\t<\/p>","protected":false},"excerpt":{"rendered":"<p>Musidisc \u2013 CCV 2504<br \/>\nFormat:<br \/>\n4 x Vinyl, LP, Compilation<br \/>\nBox Set<br \/>\nCountry:<br \/>\nFrance<br \/>\nReleased:<br \/>\n1975<\/p>","protected":false},"featured_media":27346,"template":"","meta":[],"product_cat":[54,20],"product_tag":[44],"yoast_head":"<!-- This site is optimized with the Yoast SEO plugin v23.5 - https:\/\/yoast.com\/wordpress\/plugins\/seo\/ -->\n<title>Louis Armstrong \u2013 The Two Greatest Concerts  4LP BOXSET Vinilin\u0117 Plok\u0161tel\u0117 | Vinilozona.lt<\/title>\n<meta name=\"robots\" content=\"index, follow, max-snippet:-1, max-image-preview:large, max-video-preview:-1\" \/>\n<link rel=\"canonical\" href=\"https:\/\/vinilozona.lt\/en\/parduotuve\/jazz\/louis-armstrong-the-two-greatest-concerts-4lp-boxset\/\" \/>\n<meta property=\"og:locale\" content=\"en_GB\" \/>\n<meta property=\"og:type\" content=\"article\" \/>\n<meta property=\"og:title\" content=\"Louis Armstrong \u2013 The Two Greatest Concerts  4LP BOXSET Vinilin\u0117 Plok\u0161tel\u0117 | Vinilozona.lt\" \/>\n<meta property=\"og:description\" content=\"Musidisc \u2013 CCV 2504 Format: 4 x Vinyl, LP, Compilation Box Set Country: France Released: 1975\" \/>\n<meta property=\"og:url\" content=\"https:\/\/vinilozona.lt\/en\/parduotuve\/jazz\/louis-armstrong-the-two-greatest-concerts-4lp-boxset\/\" \/>\n<meta property=\"og:site_name\" content=\"Vinilo Zona\" \/>\n<meta property=\"article:modified_time\" content=\"2025-02-03T18:17:54+00:00\" \/>\n<meta property=\"og:image\" content=\"https:\/\/vinilozona.lt\/wp-content\/uploads\/2025\/02\/R-15970592-1638375607-3010.jpg\" \/>\n\t<meta property=\"og:image:width\" content=\"589\" \/>\n\t<meta property=\"og:image:height\" content=\"599\" \/>\n\t<meta property=\"og:image:type\" content=\"image\/jpeg\" \/>\n<meta name=\"twitter:card\" content=\"summary_large_image\" \/>\n<meta name=\"twitter:label1\" content=\"Estimated reading time\" \/>\n\t<meta name=\"twitter:data1\" content=\"1 minute\" \/>\n<script type=\"application\/ld+json\" class=\"yoast-schema-graph\">{\"@context\":\"https:\/\/schema.org\",\"@graph\":[{\"@type\":\"WebPage\",\"@id\":\"https:\/\/vinilozona.lt\/parduotuve\/jazz\/louis-armstrong-the-two-greatest-concerts-4lp-boxset\/\",\"url\":\"https:\/\/vinilozona.lt\/parduotuve\/jazz\/louis-armstrong-the-two-greatest-concerts-4lp-boxset\/\",\"name\":\"Louis Armstrong \u2013 The Two Greatest Concerts 4LP BOXSET Vinilin\u0117 Plok\u0161tel\u0117 | Vinilozona.lt\",\"isPartOf\":{\"@id\":\"https:\/\/vinilozona.lt\/#website\"},\"primaryImageOfPage\":{\"@id\":\"https:\/\/vinilozona.lt\/parduotuve\/jazz\/louis-armstrong-the-two-greatest-concerts-4lp-boxset\/#primaryimage\"},\"image\":{\"@id\":\"https:\/\/vinilozona.lt\/parduotuve\/jazz\/louis-armstrong-the-two-greatest-concerts-4lp-boxset\/#primaryimage\"},\"thumbnailUrl\":\"https:\/\/vinilozona.lt\/wp-content\/uploads\/2025\/02\/R-15970592-1638375607-3010.jpg\",\"datePublished\":\"2025-02-03T03:08:35+00:00\",\"dateModified\":\"2025-02-03T18:17:54+00:00\",\"breadcrumb\":{\"@id\":\"https:\/\/vinilozona.lt\/parduotuve\/jazz\/louis-armstrong-the-two-greatest-concerts-4lp-boxset\/#breadcrumb\"},\"inLanguage\":\"en-GB\",\"potentialAction\":[{\"@type\":\"ReadAction\",\"target\":[\"https:\/\/vinilozona.lt\/parduotuve\/jazz\/louis-armstrong-the-two-greatest-concerts-4lp-boxset\/\"]}]},{\"@type\":\"ImageObject\",\"inLanguage\":\"en-GB\",\"@id\":\"https:\/\/vinilozona.lt\/parduotuve\/jazz\/louis-armstrong-the-two-greatest-concerts-4lp-boxset\/#primaryimage\",\"url\":\"https:\/\/vinilozona.lt\/wp-content\/uploads\/2025\/02\/R-15970592-1638375607-3010.jpg\",\"contentUrl\":\"https:\/\/vinilozona.lt\/wp-content\/uploads\/2025\/02\/R-15970592-1638375607-3010.jpg\",\"width\":589,\"height\":599},{\"@type\":\"BreadcrumbList\",\"@id\":\"https:\/\/vinilozona.lt\/parduotuve\/jazz\/louis-armstrong-the-two-greatest-concerts-4lp-boxset\/#breadcrumb\",\"itemListElement\":[{\"@type\":\"ListItem\",\"position\":1,\"name\":\"Home\",\"item\":\"https:\/\/vinilozona.lt\/\"},{\"@type\":\"ListItem\",\"position\":2,\"name\":\"Parduotuv\u0117\",\"item\":\"https:\/\/vinilozona.lt\/parduotuve\/\"},{\"@type\":\"ListItem\",\"position\":3,\"name\":\"Louis Armstrong \u2013 The Two Greatest Concerts 4LP BOXSET\"}]},{\"@type\":\"WebSite\",\"@id\":\"https:\/\/vinilozona.lt\/#website\",\"url\":\"https:\/\/vinilozona.lt\/\",\"name\":\"Vinilo Zona\",\"description\":\"Nup\u016bsk dulkes ir klausyk LP\",\"potentialAction\":[{\"@type\":\"SearchAction\",\"target\":{\"@type\":\"EntryPoint\",\"urlTemplate\":\"https:\/\/vinilozona.lt\/?s={search_term_string}\"},\"query-input\":{\"@type\":\"PropertyValueSpecification\",\"valueRequired\":true,\"valueName\":\"search_term_string\"}}],\"inLanguage\":\"en-GB\"}]}<\/script>\n<!-- \/ Yoast SEO plugin. -->","yoast_head_json":{"title":"Louis Armstrong \u2013 The Two Greatest Concerts  4LP BOXSET Vinilin\u0117 Plok\u0161tel\u0117 | Vinilozona.lt","robots":{"index":"index","follow":"follow","max-snippet":"max-snippet:-1","max-image-preview":"max-image-preview:large","max-video-preview":"max-video-preview:-1"},"canonical":"https:\/\/vinilozona.lt\/en\/parduotuve\/jazz\/louis-armstrong-the-two-greatest-concerts-4lp-boxset\/","og_locale":"en_GB","og_type":"article","og_title":"Louis Armstrong \u2013 The Two Greatest Concerts  4LP BOXSET Vinilin\u0117 Plok\u0161tel\u0117 | Vinilozona.lt","og_description":"Musidisc \u2013 CCV 2504 Format: 4 x Vinyl, LP, Compilation Box Set Country: France Released: 1975","og_url":"https:\/\/vinilozona.lt\/en\/parduotuve\/jazz\/louis-armstrong-the-two-greatest-concerts-4lp-boxset\/","og_site_name":"Vinilo Zona","article_modified_time":"2025-02-03T18:17:54+00:00","og_image":[{"width":589,"height":599,"url":"https:\/\/vinilozona.lt\/wp-content\/uploads\/2025\/02\/R-15970592-1638375607-3010.jpg","type":"image\/jpeg"}],"twitter_card":"summary_large_image","twitter_misc":{"Estimated reading time":"1 minute"},"schema":{"@context":"https:\/\/schema.org","@graph":[{"@type":"WebPage","@id":"https:\/\/vinilozona.lt\/parduotuve\/jazz\/louis-armstrong-the-two-greatest-concerts-4lp-boxset\/","url":"https:\/\/vinilozona.lt\/parduotuve\/jazz\/louis-armstrong-the-two-greatest-concerts-4lp-boxset\/","name":"Louis Armstrong \u2013 The Two Greatest Concerts 4LP BOXSET Vinilin\u0117 Plok\u0161tel\u0117 | Vinilozona.lt","isPartOf":{"@id":"https:\/\/vinilozona.lt\/#website"},"primaryImageOfPage":{"@id":"https:\/\/vinilozona.lt\/parduotuve\/jazz\/louis-armstrong-the-two-greatest-concerts-4lp-boxset\/#primaryimage"},"image":{"@id":"https:\/\/vinilozona.lt\/parduotuve\/jazz\/louis-armstrong-the-two-greatest-concerts-4lp-boxset\/#primaryimage"},"thumbnailUrl":"https:\/\/vinilozona.lt\/wp-content\/uploads\/2025\/02\/R-15970592-1638375607-3010.jpg","datePublished":"2025-02-03T03:08:35+00:00","dateModified":"2025-02-03T18:17:54+00:00","breadcrumb":{"@id":"https:\/\/vinilozona.lt\/parduotuve\/jazz\/louis-armstrong-the-two-greatest-concerts-4lp-boxset\/#breadcrumb"},"inLanguage":"en-GB","potentialAction":[{"@type":"ReadAction","target":["https:\/\/vinilozona.lt\/parduotuve\/jazz\/louis-armstrong-the-two-greatest-concerts-4lp-boxset\/"]}]},{"@type":"ImageObject","inLanguage":"en-GB","@id":"https:\/\/vinilozona.lt\/parduotuve\/jazz\/louis-armstrong-the-two-greatest-concerts-4lp-boxset\/#primaryimage","url":"https:\/\/vinilozona.lt\/wp-content\/uploads\/2025\/02\/R-15970592-1638375607-3010.jpg","contentUrl":"https:\/\/vinilozona.lt\/wp-content\/uploads\/2025\/02\/R-15970592-1638375607-3010.jpg","width":589,"height":599},{"@type":"BreadcrumbList","@id":"https:\/\/vinilozona.lt\/parduotuve\/jazz\/louis-armstrong-the-two-greatest-concerts-4lp-boxset\/#breadcrumb","itemListElement":[{"@type":"ListItem","position":1,"name":"Home","item":"https:\/\/vinilozona.lt\/"},{"@type":"ListItem","position":2,"name":"Parduotuv\u0117","item":"https:\/\/vinilozona.lt\/parduotuve\/"},{"@type":"ListItem","position":3,"name":"Louis Armstrong \u2013 The Two Greatest Concerts 4LP BOXSET"}]},{"@type":"WebSite","@id":"https:\/\/vinilozona.lt\/#website","url":"https:\/\/vinilozona.lt\/","name":"Vinilo Zona","description":"Nup\u016bsk dulkes ir klausyk LP","potentialAction":[{"@type":"SearchAction","target":{"@type":"EntryPoint","urlTemplate":"https:\/\/vinilozona.lt\/?s={search_term_string}"},"query-input":{"@type":"PropertyValueSpecification","valueRequired":true,"valueName":"search_term_string"}}],"inLanguage":"en-GB"}]}},"_links":{"self":[{"href":"https:\/\/vinilozona.lt\/en\/wp-json\/wp\/v2\/product\/27345"}],"collection":[{"href":"https:\/\/vinilozona.lt\/en\/wp-json\/wp\/v2\/product"}],"about":[{"href":"https:\/\/vinilozona.lt\/en\/wp-json\/wp\/v2\/types\/product"}],"wp:featuredmedia":[{"embeddable":true,"href":"https:\/\/vinilozona.lt\/en\/wp-json\/wp\/v2\/media\/27346"}],"wp:attachment":[{"href":"https:\/\/vinilozona.lt\/en\/wp-json\/wp\/v2\/media?parent=27345"}],"wp:term":[{"taxonomy":"product_cat","embeddable":true,"href":"https:\/\/vinilozona.lt\/en\/wp-json\/wp\/v2\/product_cat?post=27345"},{"taxonomy":"product_tag","embeddable":true,"href":"https:\/\/vinilozona.lt\/en\/wp-json\/wp\/v2\/product_tag?post=27345"}],"curies":[{"name":"wp","href":"https:\/\/api.w.org\/{rel}","templated":true}]}}