{"id":27343,"date":"2025-02-03T05:09:05","date_gmt":"2025-02-03T03:09:05","guid":{"rendered":"https:\/\/vinilozona.lt\/?post_type=product&#038;p=27343"},"modified":"2025-02-03T20:20:09","modified_gmt":"2025-02-03T18:20:09","slug":"various-the-concert-for-bangla-desh-3lp-boxset","status":"publish","type":"product","link":"https:\/\/vinilozona.lt\/en\/parduotuve\/rock-pop\/various-the-concert-for-bangla-desh-3lp-boxset\/","title":{"rendered":"Various \u2013 The Concert For Bangla Desh   3LP BOXSET"},"content":{"rendered":"<p>George Harrison &#038; Ravi Shankar\u2013\tGeorge Harrison \/ Ravi Shankar Introduction\t6:16<br \/>\nRavi Shankar\u2013\tBangla Dhun\t16:19<br \/>\nGeorge Harrison\u2013\tWah-Wah\t3:15<br \/>\nGeorge Harrison\u2013\tMy Sweet Lord\t4:16<br \/>\nGeorge Harrison\u2013\tAwaiting On You All\t2:37<br \/>\nBilly Preston\u2013\tThat&#8217;s The Way God Planned It\t4:05<br \/>\nRingo Starr\u2013\tIt Don&#8217;t Come Easy\t2:38<br \/>\nGeorge Harrison\u2013\tBeware Of Darkness\t3:26<br \/>\nGeorge Harrison\u2013\tIntroduction Of The Band\t3:00<br \/>\nGeorge Harrison\u2013\tWhile My Guitar Gently Weeps\t4:39<br \/>\nLeon Russell\u2013\tJumpin&#8217; Jack Flash \/ Youngblood\t(9:11)<br \/>\n\u2013\tJumpin&#8217; Jack Flash<br \/>\n\u2013\tYoungblood<br \/>\nGeorge Harrison\u2013\tHere Comes The Sun\t2:51<br \/>\nBob Dylan\u2013\tA Hard Rain&#8217;s Gonna Fall\t5:04<br \/>\nBob Dylan\u2013\tIt Takes A Lot To Laugh, It Takes A Train To Cry\t2:54<br \/>\nBob Dylan\u2013\tBlowin&#8217; In The Wind\t3:34<br \/>\nBob Dylan\u2013\tMr. Tambourine Man\t4:06<br \/>\nBob Dylan\u2013\tJust Like A Woman\t4:14<br \/>\nGeorge Harrison\u2013\tSomething\t3:05<br \/>\nGeorge Harrison\u2013\tBangla Desh\t4:14\t<\/p>","protected":false},"excerpt":{"rendered":"<p>Apple Records \u2013 STCX 3385<br \/>\nFormat:<br \/>\n3 x Vinyl, LP, Album, Stereo, Winchester Pressing<br \/>\nBox Set<br \/>\nCountry:<br \/>\nUS<br \/>\nReleased:<br \/>\nDec 20, 1971<\/p>","protected":false},"featured_media":27344,"template":"","meta":[],"product_cat":[15,54],"product_tag":[44],"yoast_head":"<!-- This site is optimized with the Yoast SEO plugin v23.5 - https:\/\/yoast.com\/wordpress\/plugins\/seo\/ -->\n<title>Various \u2013 The Concert For Bangla Desh  3LP BOXSET Vinilin\u0117 Plok\u0161tel\u0117 | Vinilozona.lt<\/title>\n<meta name=\"robots\" content=\"index, follow, max-snippet:-1, max-image-preview:large, max-video-preview:-1\" \/>\n<link rel=\"canonical\" href=\"https:\/\/vinilozona.lt\/en\/parduotuve\/rock-pop\/various-the-concert-for-bangla-desh-3lp-boxset\/\" \/>\n<meta property=\"og:locale\" content=\"en_GB\" \/>\n<meta property=\"og:type\" content=\"article\" \/>\n<meta property=\"og:title\" content=\"Various \u2013 The Concert For Bangla Desh  3LP BOXSET Vinilin\u0117 Plok\u0161tel\u0117 | Vinilozona.lt\" \/>\n<meta property=\"og:description\" content=\"Apple Records \u2013 STCX 3385 Format: 3 x Vinyl, LP, Album, Stereo, Winchester Pressing Box Set Country: US Released: Dec 20, 1971\" \/>\n<meta property=\"og:url\" content=\"https:\/\/vinilozona.lt\/en\/parduotuve\/rock-pop\/various-the-concert-for-bangla-desh-3lp-boxset\/\" \/>\n<meta property=\"og:site_name\" content=\"Vinilo Zona\" \/>\n<meta property=\"article:modified_time\" content=\"2025-02-03T18:20:09+00:00\" \/>\n<meta property=\"og:image\" content=\"https:\/\/vinilozona.lt\/wp-content\/uploads\/2025\/02\/R-559574-1390073483-3943.jpg\" \/>\n\t<meta property=\"og:image:width\" content=\"591\" \/>\n\t<meta property=\"og:image:height\" content=\"600\" \/>\n\t<meta property=\"og:image:type\" content=\"image\/jpeg\" \/>\n<meta name=\"twitter:card\" content=\"summary_large_image\" \/>\n<meta name=\"twitter:label1\" content=\"Estimated reading time\" \/>\n\t<meta name=\"twitter:data1\" content=\"2 minutes\" \/>\n<script type=\"application\/ld+json\" class=\"yoast-schema-graph\">{\"@context\":\"https:\/\/schema.org\",\"@graph\":[{\"@type\":\"WebPage\",\"@id\":\"https:\/\/vinilozona.lt\/parduotuve\/rock-pop\/various-the-concert-for-bangla-desh-3lp-boxset\/\",\"url\":\"https:\/\/vinilozona.lt\/parduotuve\/rock-pop\/various-the-concert-for-bangla-desh-3lp-boxset\/\",\"name\":\"Various \u2013 The Concert For Bangla Desh 3LP BOXSET Vinilin\u0117 Plok\u0161tel\u0117 | Vinilozona.lt\",\"isPartOf\":{\"@id\":\"https:\/\/vinilozona.lt\/#website\"},\"primaryImageOfPage\":{\"@id\":\"https:\/\/vinilozona.lt\/parduotuve\/rock-pop\/various-the-concert-for-bangla-desh-3lp-boxset\/#primaryimage\"},\"image\":{\"@id\":\"https:\/\/vinilozona.lt\/parduotuve\/rock-pop\/various-the-concert-for-bangla-desh-3lp-boxset\/#primaryimage\"},\"thumbnailUrl\":\"https:\/\/vinilozona.lt\/wp-content\/uploads\/2025\/02\/R-559574-1390073483-3943.jpg\",\"datePublished\":\"2025-02-03T03:09:05+00:00\",\"dateModified\":\"2025-02-03T18:20:09+00:00\",\"breadcrumb\":{\"@id\":\"https:\/\/vinilozona.lt\/parduotuve\/rock-pop\/various-the-concert-for-bangla-desh-3lp-boxset\/#breadcrumb\"},\"inLanguage\":\"en-GB\",\"potentialAction\":[{\"@type\":\"ReadAction\",\"target\":[\"https:\/\/vinilozona.lt\/parduotuve\/rock-pop\/various-the-concert-for-bangla-desh-3lp-boxset\/\"]}]},{\"@type\":\"ImageObject\",\"inLanguage\":\"en-GB\",\"@id\":\"https:\/\/vinilozona.lt\/parduotuve\/rock-pop\/various-the-concert-for-bangla-desh-3lp-boxset\/#primaryimage\",\"url\":\"https:\/\/vinilozona.lt\/wp-content\/uploads\/2025\/02\/R-559574-1390073483-3943.jpg\",\"contentUrl\":\"https:\/\/vinilozona.lt\/wp-content\/uploads\/2025\/02\/R-559574-1390073483-3943.jpg\",\"width\":591,\"height\":600},{\"@type\":\"BreadcrumbList\",\"@id\":\"https:\/\/vinilozona.lt\/parduotuve\/rock-pop\/various-the-concert-for-bangla-desh-3lp-boxset\/#breadcrumb\",\"itemListElement\":[{\"@type\":\"ListItem\",\"position\":1,\"name\":\"Home\",\"item\":\"https:\/\/vinilozona.lt\/\"},{\"@type\":\"ListItem\",\"position\":2,\"name\":\"Parduotuv\u0117\",\"item\":\"https:\/\/vinilozona.lt\/parduotuve\/\"},{\"@type\":\"ListItem\",\"position\":3,\"name\":\"Various \u2013 The Concert For Bangla Desh 3LP BOXSET\"}]},{\"@type\":\"WebSite\",\"@id\":\"https:\/\/vinilozona.lt\/#website\",\"url\":\"https:\/\/vinilozona.lt\/\",\"name\":\"Vinilo Zona\",\"description\":\"Nup\u016bsk dulkes ir klausyk LP\",\"potentialAction\":[{\"@type\":\"SearchAction\",\"target\":{\"@type\":\"EntryPoint\",\"urlTemplate\":\"https:\/\/vinilozona.lt\/?s={search_term_string}\"},\"query-input\":{\"@type\":\"PropertyValueSpecification\",\"valueRequired\":true,\"valueName\":\"search_term_string\"}}],\"inLanguage\":\"en-GB\"}]}<\/script>\n<!-- \/ Yoast SEO plugin. -->","yoast_head_json":{"title":"Various \u2013 The Concert For Bangla Desh  3LP BOXSET Vinilin\u0117 Plok\u0161tel\u0117 | Vinilozona.lt","robots":{"index":"index","follow":"follow","max-snippet":"max-snippet:-1","max-image-preview":"max-image-preview:large","max-video-preview":"max-video-preview:-1"},"canonical":"https:\/\/vinilozona.lt\/en\/parduotuve\/rock-pop\/various-the-concert-for-bangla-desh-3lp-boxset\/","og_locale":"en_GB","og_type":"article","og_title":"Various \u2013 The Concert For Bangla Desh  3LP BOXSET Vinilin\u0117 Plok\u0161tel\u0117 | Vinilozona.lt","og_description":"Apple Records \u2013 STCX 3385 Format: 3 x Vinyl, LP, Album, Stereo, Winchester Pressing Box Set Country: US Released: Dec 20, 1971","og_url":"https:\/\/vinilozona.lt\/en\/parduotuve\/rock-pop\/various-the-concert-for-bangla-desh-3lp-boxset\/","og_site_name":"Vinilo Zona","article_modified_time":"2025-02-03T18:20:09+00:00","og_image":[{"width":591,"height":600,"url":"https:\/\/vinilozona.lt\/wp-content\/uploads\/2025\/02\/R-559574-1390073483-3943.jpg","type":"image\/jpeg"}],"twitter_card":"summary_large_image","twitter_misc":{"Estimated reading time":"2 minutes"},"schema":{"@context":"https:\/\/schema.org","@graph":[{"@type":"WebPage","@id":"https:\/\/vinilozona.lt\/parduotuve\/rock-pop\/various-the-concert-for-bangla-desh-3lp-boxset\/","url":"https:\/\/vinilozona.lt\/parduotuve\/rock-pop\/various-the-concert-for-bangla-desh-3lp-boxset\/","name":"Various \u2013 The Concert For Bangla Desh 3LP BOXSET Vinilin\u0117 Plok\u0161tel\u0117 | Vinilozona.lt","isPartOf":{"@id":"https:\/\/vinilozona.lt\/#website"},"primaryImageOfPage":{"@id":"https:\/\/vinilozona.lt\/parduotuve\/rock-pop\/various-the-concert-for-bangla-desh-3lp-boxset\/#primaryimage"},"image":{"@id":"https:\/\/vinilozona.lt\/parduotuve\/rock-pop\/various-the-concert-for-bangla-desh-3lp-boxset\/#primaryimage"},"thumbnailUrl":"https:\/\/vinilozona.lt\/wp-content\/uploads\/2025\/02\/R-559574-1390073483-3943.jpg","datePublished":"2025-02-03T03:09:05+00:00","dateModified":"2025-02-03T18:20:09+00:00","breadcrumb":{"@id":"https:\/\/vinilozona.lt\/parduotuve\/rock-pop\/various-the-concert-for-bangla-desh-3lp-boxset\/#breadcrumb"},"inLanguage":"en-GB","potentialAction":[{"@type":"ReadAction","target":["https:\/\/vinilozona.lt\/parduotuve\/rock-pop\/various-the-concert-for-bangla-desh-3lp-boxset\/"]}]},{"@type":"ImageObject","inLanguage":"en-GB","@id":"https:\/\/vinilozona.lt\/parduotuve\/rock-pop\/various-the-concert-for-bangla-desh-3lp-boxset\/#primaryimage","url":"https:\/\/vinilozona.lt\/wp-content\/uploads\/2025\/02\/R-559574-1390073483-3943.jpg","contentUrl":"https:\/\/vinilozona.lt\/wp-content\/uploads\/2025\/02\/R-559574-1390073483-3943.jpg","width":591,"height":600},{"@type":"BreadcrumbList","@id":"https:\/\/vinilozona.lt\/parduotuve\/rock-pop\/various-the-concert-for-bangla-desh-3lp-boxset\/#breadcrumb","itemListElement":[{"@type":"ListItem","position":1,"name":"Home","item":"https:\/\/vinilozona.lt\/"},{"@type":"ListItem","position":2,"name":"Parduotuv\u0117","item":"https:\/\/vinilozona.lt\/parduotuve\/"},{"@type":"ListItem","position":3,"name":"Various \u2013 The Concert For Bangla Desh 3LP BOXSET"}]},{"@type":"WebSite","@id":"https:\/\/vinilozona.lt\/#website","url":"https:\/\/vinilozona.lt\/","name":"Vinilo Zona","description":"Nup\u016bsk dulkes ir klausyk LP","potentialAction":[{"@type":"SearchAction","target":{"@type":"EntryPoint","urlTemplate":"https:\/\/vinilozona.lt\/?s={search_term_string}"},"query-input":{"@type":"PropertyValueSpecification","valueRequired":true,"valueName":"search_term_string"}}],"inLanguage":"en-GB"}]}},"_links":{"self":[{"href":"https:\/\/vinilozona.lt\/en\/wp-json\/wp\/v2\/product\/27343"}],"collection":[{"href":"https:\/\/vinilozona.lt\/en\/wp-json\/wp\/v2\/product"}],"about":[{"href":"https:\/\/vinilozona.lt\/en\/wp-json\/wp\/v2\/types\/product"}],"wp:featuredmedia":[{"embeddable":true,"href":"https:\/\/vinilozona.lt\/en\/wp-json\/wp\/v2\/media\/27344"}],"wp:attachment":[{"href":"https:\/\/vinilozona.lt\/en\/wp-json\/wp\/v2\/media?parent=27343"}],"wp:term":[{"taxonomy":"product_cat","embeddable":true,"href":"https:\/\/vinilozona.lt\/en\/wp-json\/wp\/v2\/product_cat?post=27343"},{"taxonomy":"product_tag","embeddable":true,"href":"https:\/\/vinilozona.lt\/en\/wp-json\/wp\/v2\/product_tag?post=27343"}],"curies":[{"name":"wp","href":"https:\/\/api.w.org\/{rel}","templated":true}]}}