{"id":27305,"date":"2025-01-31T05:15:57","date_gmt":"2025-01-31T03:15:57","guid":{"rendered":"https:\/\/vinilozona.lt\/?post_type=product&#038;p=27305"},"modified":"2025-02-02T11:55:22","modified_gmt":"2025-02-02T09:55:22","slug":"omega-iii","status":"publish","type":"product","link":"https:\/\/vinilozona.lt\/en\/parduotuve\/rock-pop\/omega-iii\/","title":{"rendered":"Omega \u2013 III"},"content":{"rendered":"<p>A1\t\tStormy Fire\t3:58<br \/>\nA2\t\tSpanish Guitar\t3:30<br \/>\nA3\t\tGo To The Spree\t2:33<br \/>\nA4\t\tRemembering\t3:25<br \/>\nA5\t\tEverytime She Steps In\t3:45<br \/>\nB1\t\tLive As Long As\t3:19<br \/>\nB2\t\tJust A Bloom\t4:31<br \/>\nB3\t\tI Go Away\t3:31<br \/>\nB4\t\tFancy Jeep\t3:49<\/p>","protected":false},"excerpt":{"rendered":"<p>Bacillus Records \u2013 BAC 2030, Bellaphon \u2013 BAC 2030, Bacillus Records \u2013 BAC 2030 Q<br \/>\nFormat:<br \/>\nVinyl, LP, Album, Reissue, Quadraphonic<br \/>\nCountry:<br \/>\nGermany<\/p>","protected":false},"featured_media":27306,"template":"","meta":[],"product_cat":[15],"product_tag":[44],"yoast_head":"<!-- This site is optimized with the Yoast SEO plugin v23.5 - https:\/\/yoast.com\/wordpress\/plugins\/seo\/ -->\n<title>Omega \u2013 III Vinilin\u0117 Plok\u0161tel\u0117 | Vinilozona.lt<\/title>\n<meta name=\"robots\" content=\"index, follow, max-snippet:-1, max-image-preview:large, max-video-preview:-1\" \/>\n<link rel=\"canonical\" href=\"https:\/\/vinilozona.lt\/en\/parduotuve\/rock-pop\/omega-iii\/\" \/>\n<meta property=\"og:locale\" content=\"en_GB\" \/>\n<meta property=\"og:type\" content=\"article\" \/>\n<meta property=\"og:title\" content=\"Omega \u2013 III Vinilin\u0117 Plok\u0161tel\u0117 | Vinilozona.lt\" \/>\n<meta property=\"og:description\" content=\"Bacillus Records \u2013 BAC 2030, Bellaphon \u2013 BAC 2030, Bacillus Records \u2013 BAC 2030 Q Format: Vinyl, LP, Album, Reissue, Quadraphonic Country: Germany\" \/>\n<meta property=\"og:url\" content=\"https:\/\/vinilozona.lt\/en\/parduotuve\/rock-pop\/omega-iii\/\" \/>\n<meta property=\"og:site_name\" content=\"Vinilo Zona\" \/>\n<meta property=\"article:modified_time\" content=\"2025-02-02T09:55:22+00:00\" \/>\n<meta property=\"og:image\" content=\"https:\/\/vinilozona.lt\/wp-content\/uploads\/2025\/01\/R-4795781-1460361063-9604.jpg\" \/>\n\t<meta property=\"og:image:width\" content=\"600\" \/>\n\t<meta property=\"og:image:height\" content=\"564\" \/>\n\t<meta property=\"og:image:type\" content=\"image\/jpeg\" \/>\n<meta name=\"twitter:card\" content=\"summary_large_image\" \/>\n<meta name=\"twitter:label1\" content=\"Estimated reading time\" \/>\n\t<meta name=\"twitter:data1\" content=\"1 minute\" \/>\n<script type=\"application\/ld+json\" class=\"yoast-schema-graph\">{\"@context\":\"https:\/\/schema.org\",\"@graph\":[{\"@type\":\"WebPage\",\"@id\":\"https:\/\/vinilozona.lt\/parduotuve\/rock-pop\/omega-iii\/\",\"url\":\"https:\/\/vinilozona.lt\/parduotuve\/rock-pop\/omega-iii\/\",\"name\":\"Omega \u2013 III Vinilin\u0117 Plok\u0161tel\u0117 | Vinilozona.lt\",\"isPartOf\":{\"@id\":\"https:\/\/vinilozona.lt\/#website\"},\"primaryImageOfPage\":{\"@id\":\"https:\/\/vinilozona.lt\/parduotuve\/rock-pop\/omega-iii\/#primaryimage\"},\"image\":{\"@id\":\"https:\/\/vinilozona.lt\/parduotuve\/rock-pop\/omega-iii\/#primaryimage\"},\"thumbnailUrl\":\"https:\/\/vinilozona.lt\/wp-content\/uploads\/2025\/01\/R-4795781-1460361063-9604.jpg\",\"datePublished\":\"2025-01-31T03:15:57+00:00\",\"dateModified\":\"2025-02-02T09:55:22+00:00\",\"breadcrumb\":{\"@id\":\"https:\/\/vinilozona.lt\/parduotuve\/rock-pop\/omega-iii\/#breadcrumb\"},\"inLanguage\":\"en-GB\",\"potentialAction\":[{\"@type\":\"ReadAction\",\"target\":[\"https:\/\/vinilozona.lt\/parduotuve\/rock-pop\/omega-iii\/\"]}]},{\"@type\":\"ImageObject\",\"inLanguage\":\"en-GB\",\"@id\":\"https:\/\/vinilozona.lt\/parduotuve\/rock-pop\/omega-iii\/#primaryimage\",\"url\":\"https:\/\/vinilozona.lt\/wp-content\/uploads\/2025\/01\/R-4795781-1460361063-9604.jpg\",\"contentUrl\":\"https:\/\/vinilozona.lt\/wp-content\/uploads\/2025\/01\/R-4795781-1460361063-9604.jpg\",\"width\":600,\"height\":564},{\"@type\":\"BreadcrumbList\",\"@id\":\"https:\/\/vinilozona.lt\/parduotuve\/rock-pop\/omega-iii\/#breadcrumb\",\"itemListElement\":[{\"@type\":\"ListItem\",\"position\":1,\"name\":\"Home\",\"item\":\"https:\/\/vinilozona.lt\/\"},{\"@type\":\"ListItem\",\"position\":2,\"name\":\"Parduotuv\u0117\",\"item\":\"https:\/\/vinilozona.lt\/parduotuve\/\"},{\"@type\":\"ListItem\",\"position\":3,\"name\":\"Omega \u2013 III\"}]},{\"@type\":\"WebSite\",\"@id\":\"https:\/\/vinilozona.lt\/#website\",\"url\":\"https:\/\/vinilozona.lt\/\",\"name\":\"Vinilo Zona\",\"description\":\"Nup\u016bsk dulkes ir klausyk LP\",\"potentialAction\":[{\"@type\":\"SearchAction\",\"target\":{\"@type\":\"EntryPoint\",\"urlTemplate\":\"https:\/\/vinilozona.lt\/?s={search_term_string}\"},\"query-input\":{\"@type\":\"PropertyValueSpecification\",\"valueRequired\":true,\"valueName\":\"search_term_string\"}}],\"inLanguage\":\"en-GB\"}]}<\/script>\n<!-- \/ Yoast SEO plugin. -->","yoast_head_json":{"title":"Omega \u2013 III Vinilin\u0117 Plok\u0161tel\u0117 | Vinilozona.lt","robots":{"index":"index","follow":"follow","max-snippet":"max-snippet:-1","max-image-preview":"max-image-preview:large","max-video-preview":"max-video-preview:-1"},"canonical":"https:\/\/vinilozona.lt\/en\/parduotuve\/rock-pop\/omega-iii\/","og_locale":"en_GB","og_type":"article","og_title":"Omega \u2013 III Vinilin\u0117 Plok\u0161tel\u0117 | Vinilozona.lt","og_description":"Bacillus Records \u2013 BAC 2030, Bellaphon \u2013 BAC 2030, Bacillus Records \u2013 BAC 2030 Q Format: Vinyl, LP, Album, Reissue, Quadraphonic Country: Germany","og_url":"https:\/\/vinilozona.lt\/en\/parduotuve\/rock-pop\/omega-iii\/","og_site_name":"Vinilo Zona","article_modified_time":"2025-02-02T09:55:22+00:00","og_image":[{"width":600,"height":564,"url":"https:\/\/vinilozona.lt\/wp-content\/uploads\/2025\/01\/R-4795781-1460361063-9604.jpg","type":"image\/jpeg"}],"twitter_card":"summary_large_image","twitter_misc":{"Estimated reading time":"1 minute"},"schema":{"@context":"https:\/\/schema.org","@graph":[{"@type":"WebPage","@id":"https:\/\/vinilozona.lt\/parduotuve\/rock-pop\/omega-iii\/","url":"https:\/\/vinilozona.lt\/parduotuve\/rock-pop\/omega-iii\/","name":"Omega \u2013 III Vinilin\u0117 Plok\u0161tel\u0117 | Vinilozona.lt","isPartOf":{"@id":"https:\/\/vinilozona.lt\/#website"},"primaryImageOfPage":{"@id":"https:\/\/vinilozona.lt\/parduotuve\/rock-pop\/omega-iii\/#primaryimage"},"image":{"@id":"https:\/\/vinilozona.lt\/parduotuve\/rock-pop\/omega-iii\/#primaryimage"},"thumbnailUrl":"https:\/\/vinilozona.lt\/wp-content\/uploads\/2025\/01\/R-4795781-1460361063-9604.jpg","datePublished":"2025-01-31T03:15:57+00:00","dateModified":"2025-02-02T09:55:22+00:00","breadcrumb":{"@id":"https:\/\/vinilozona.lt\/parduotuve\/rock-pop\/omega-iii\/#breadcrumb"},"inLanguage":"en-GB","potentialAction":[{"@type":"ReadAction","target":["https:\/\/vinilozona.lt\/parduotuve\/rock-pop\/omega-iii\/"]}]},{"@type":"ImageObject","inLanguage":"en-GB","@id":"https:\/\/vinilozona.lt\/parduotuve\/rock-pop\/omega-iii\/#primaryimage","url":"https:\/\/vinilozona.lt\/wp-content\/uploads\/2025\/01\/R-4795781-1460361063-9604.jpg","contentUrl":"https:\/\/vinilozona.lt\/wp-content\/uploads\/2025\/01\/R-4795781-1460361063-9604.jpg","width":600,"height":564},{"@type":"BreadcrumbList","@id":"https:\/\/vinilozona.lt\/parduotuve\/rock-pop\/omega-iii\/#breadcrumb","itemListElement":[{"@type":"ListItem","position":1,"name":"Home","item":"https:\/\/vinilozona.lt\/"},{"@type":"ListItem","position":2,"name":"Parduotuv\u0117","item":"https:\/\/vinilozona.lt\/parduotuve\/"},{"@type":"ListItem","position":3,"name":"Omega \u2013 III"}]},{"@type":"WebSite","@id":"https:\/\/vinilozona.lt\/#website","url":"https:\/\/vinilozona.lt\/","name":"Vinilo Zona","description":"Nup\u016bsk dulkes ir klausyk LP","potentialAction":[{"@type":"SearchAction","target":{"@type":"EntryPoint","urlTemplate":"https:\/\/vinilozona.lt\/?s={search_term_string}"},"query-input":{"@type":"PropertyValueSpecification","valueRequired":true,"valueName":"search_term_string"}}],"inLanguage":"en-GB"}]}},"_links":{"self":[{"href":"https:\/\/vinilozona.lt\/en\/wp-json\/wp\/v2\/product\/27305"}],"collection":[{"href":"https:\/\/vinilozona.lt\/en\/wp-json\/wp\/v2\/product"}],"about":[{"href":"https:\/\/vinilozona.lt\/en\/wp-json\/wp\/v2\/types\/product"}],"wp:featuredmedia":[{"embeddable":true,"href":"https:\/\/vinilozona.lt\/en\/wp-json\/wp\/v2\/media\/27306"}],"wp:attachment":[{"href":"https:\/\/vinilozona.lt\/en\/wp-json\/wp\/v2\/media?parent=27305"}],"wp:term":[{"taxonomy":"product_cat","embeddable":true,"href":"https:\/\/vinilozona.lt\/en\/wp-json\/wp\/v2\/product_cat?post=27305"},{"taxonomy":"product_tag","embeddable":true,"href":"https:\/\/vinilozona.lt\/en\/wp-json\/wp\/v2\/product_tag?post=27305"}],"curies":[{"name":"wp","href":"https:\/\/api.w.org\/{rel}","templated":true}]}}