{"id":27303,"date":"2025-01-31T05:14:44","date_gmt":"2025-01-31T03:14:44","guid":{"rendered":"https:\/\/vinilozona.lt\/?post_type=product&#038;p=27303"},"modified":"2025-01-31T06:52:51","modified_gmt":"2025-01-31T04:52:51","slug":"beach-boys-in-concert-2-lp","status":"publish","type":"product","link":"https:\/\/vinilozona.lt\/en\/parduotuve\/rock-pop\/beach-boys-in-concert-2-lp\/","title":{"rendered":"Beach Boys \u2013 In Concert  2 LP"},"content":{"rendered":"<p>A1\t\tSail On Sailor\t3:20<br \/>\nA2\t\tSloop John B\t2:50<br \/>\nA3\t\tThe Trader\t4:40<br \/>\nA4\t\tYou Still Believe In Me\t2:35<br \/>\nA5\t\tCalifornia Girls\t2:30<br \/>\nA6\t\tDarlin&#8217;\t2:22<br \/>\nB1\t\tMarcella\t3:20<br \/>\nB2\t\tCaroline, No\t3:00<br \/>\nB3\t\tLeaving This Town\t6:40<br \/>\nB4\t\tHeroes And Villains\t3:30<br \/>\nC1\t\tFunky Pretty\t4:05<br \/>\nC2\t\tLet The Wind Blow\t3:00<br \/>\nC3\t\tHelp Me, Rhonda\t3:55<br \/>\nC4\t\tSurfer Girl\t2:25<br \/>\nC5\t\tWouldn&#8217;t It Be Nice\t3:00<br \/>\nD1\t\tWe Got Love\t6:32<br \/>\nD2\t\tDon&#8217;t Worry Baby\t2:30<br \/>\nD3\t\tSurfin&#8217; U.S.A.\t2:40<br \/>\nD4\t\tGood Vibrations\t3:07<br \/>\nD5\t\tFun, Fun, Fun\t4:00<\/p>","protected":false},"excerpt":{"rendered":"<p>Reprise Records \u2013 REP 84 001\/2, Reprise Records \u2013 REP 84 001<br \/>\nFormat:<br \/>\n2 x Vinyl, LP, Album, Reissue<br \/>\nCountry:<br \/>\nGermany<\/p>","protected":false},"featured_media":27304,"template":"","meta":[],"product_cat":[15],"product_tag":[44],"yoast_head":"<!-- This site is optimized with the Yoast SEO plugin v23.5 - https:\/\/yoast.com\/wordpress\/plugins\/seo\/ -->\n<title>Beach Boys \u2013 In Concert 2 LP Vinilin\u0117 Plok\u0161tel\u0117 | Vinilozona.lt<\/title>\n<meta name=\"robots\" content=\"index, follow, max-snippet:-1, max-image-preview:large, max-video-preview:-1\" \/>\n<link rel=\"canonical\" href=\"https:\/\/vinilozona.lt\/en\/parduotuve\/rock-pop\/beach-boys-in-concert-2-lp\/\" \/>\n<meta property=\"og:locale\" content=\"en_GB\" \/>\n<meta property=\"og:type\" content=\"article\" \/>\n<meta property=\"og:title\" content=\"Beach Boys \u2013 In Concert 2 LP Vinilin\u0117 Plok\u0161tel\u0117 | Vinilozona.lt\" \/>\n<meta property=\"og:description\" content=\"Reprise Records \u2013 REP 84 001\/2, Reprise Records \u2013 REP 84 001 Format: 2 x Vinyl, LP, Album, Reissue Country: Germany\" \/>\n<meta property=\"og:url\" content=\"https:\/\/vinilozona.lt\/en\/parduotuve\/rock-pop\/beach-boys-in-concert-2-lp\/\" \/>\n<meta property=\"og:site_name\" content=\"Vinilo Zona\" \/>\n<meta property=\"article:modified_time\" content=\"2025-01-31T04:52:51+00:00\" \/>\n<meta property=\"og:image\" content=\"https:\/\/vinilozona.lt\/wp-content\/uploads\/2025\/01\/R-1366736-1347354951-7000.jpg\" \/>\n\t<meta property=\"og:image:width\" content=\"600\" \/>\n\t<meta property=\"og:image:height\" content=\"574\" \/>\n\t<meta property=\"og:image:type\" content=\"image\/jpeg\" \/>\n<meta name=\"twitter:card\" content=\"summary_large_image\" \/>\n<meta name=\"twitter:label1\" content=\"Estimated reading time\" \/>\n\t<meta name=\"twitter:data1\" content=\"1 minute\" \/>\n<script type=\"application\/ld+json\" class=\"yoast-schema-graph\">{\"@context\":\"https:\/\/schema.org\",\"@graph\":[{\"@type\":\"WebPage\",\"@id\":\"https:\/\/vinilozona.lt\/parduotuve\/rock-pop\/beach-boys-in-concert-2-lp\/\",\"url\":\"https:\/\/vinilozona.lt\/parduotuve\/rock-pop\/beach-boys-in-concert-2-lp\/\",\"name\":\"Beach Boys \u2013 In Concert 2 LP Vinilin\u0117 Plok\u0161tel\u0117 | Vinilozona.lt\",\"isPartOf\":{\"@id\":\"https:\/\/vinilozona.lt\/#website\"},\"primaryImageOfPage\":{\"@id\":\"https:\/\/vinilozona.lt\/parduotuve\/rock-pop\/beach-boys-in-concert-2-lp\/#primaryimage\"},\"image\":{\"@id\":\"https:\/\/vinilozona.lt\/parduotuve\/rock-pop\/beach-boys-in-concert-2-lp\/#primaryimage\"},\"thumbnailUrl\":\"https:\/\/vinilozona.lt\/wp-content\/uploads\/2025\/01\/R-1366736-1347354951-7000.jpg\",\"datePublished\":\"2025-01-31T03:14:44+00:00\",\"dateModified\":\"2025-01-31T04:52:51+00:00\",\"breadcrumb\":{\"@id\":\"https:\/\/vinilozona.lt\/parduotuve\/rock-pop\/beach-boys-in-concert-2-lp\/#breadcrumb\"},\"inLanguage\":\"en-GB\",\"potentialAction\":[{\"@type\":\"ReadAction\",\"target\":[\"https:\/\/vinilozona.lt\/parduotuve\/rock-pop\/beach-boys-in-concert-2-lp\/\"]}]},{\"@type\":\"ImageObject\",\"inLanguage\":\"en-GB\",\"@id\":\"https:\/\/vinilozona.lt\/parduotuve\/rock-pop\/beach-boys-in-concert-2-lp\/#primaryimage\",\"url\":\"https:\/\/vinilozona.lt\/wp-content\/uploads\/2025\/01\/R-1366736-1347354951-7000.jpg\",\"contentUrl\":\"https:\/\/vinilozona.lt\/wp-content\/uploads\/2025\/01\/R-1366736-1347354951-7000.jpg\",\"width\":600,\"height\":574},{\"@type\":\"BreadcrumbList\",\"@id\":\"https:\/\/vinilozona.lt\/parduotuve\/rock-pop\/beach-boys-in-concert-2-lp\/#breadcrumb\",\"itemListElement\":[{\"@type\":\"ListItem\",\"position\":1,\"name\":\"Home\",\"item\":\"https:\/\/vinilozona.lt\/\"},{\"@type\":\"ListItem\",\"position\":2,\"name\":\"Parduotuv\u0117\",\"item\":\"https:\/\/vinilozona.lt\/parduotuve\/\"},{\"@type\":\"ListItem\",\"position\":3,\"name\":\"Beach Boys \u2013 In Concert 2 LP\"}]},{\"@type\":\"WebSite\",\"@id\":\"https:\/\/vinilozona.lt\/#website\",\"url\":\"https:\/\/vinilozona.lt\/\",\"name\":\"Vinilo Zona\",\"description\":\"Nup\u016bsk dulkes ir klausyk LP\",\"potentialAction\":[{\"@type\":\"SearchAction\",\"target\":{\"@type\":\"EntryPoint\",\"urlTemplate\":\"https:\/\/vinilozona.lt\/?s={search_term_string}\"},\"query-input\":{\"@type\":\"PropertyValueSpecification\",\"valueRequired\":true,\"valueName\":\"search_term_string\"}}],\"inLanguage\":\"en-GB\"}]}<\/script>\n<!-- \/ Yoast SEO plugin. -->","yoast_head_json":{"title":"Beach Boys \u2013 In Concert 2 LP Vinilin\u0117 Plok\u0161tel\u0117 | Vinilozona.lt","robots":{"index":"index","follow":"follow","max-snippet":"max-snippet:-1","max-image-preview":"max-image-preview:large","max-video-preview":"max-video-preview:-1"},"canonical":"https:\/\/vinilozona.lt\/en\/parduotuve\/rock-pop\/beach-boys-in-concert-2-lp\/","og_locale":"en_GB","og_type":"article","og_title":"Beach Boys \u2013 In Concert 2 LP Vinilin\u0117 Plok\u0161tel\u0117 | Vinilozona.lt","og_description":"Reprise Records \u2013 REP 84 001\/2, Reprise Records \u2013 REP 84 001 Format: 2 x Vinyl, LP, Album, Reissue Country: Germany","og_url":"https:\/\/vinilozona.lt\/en\/parduotuve\/rock-pop\/beach-boys-in-concert-2-lp\/","og_site_name":"Vinilo Zona","article_modified_time":"2025-01-31T04:52:51+00:00","og_image":[{"width":600,"height":574,"url":"https:\/\/vinilozona.lt\/wp-content\/uploads\/2025\/01\/R-1366736-1347354951-7000.jpg","type":"image\/jpeg"}],"twitter_card":"summary_large_image","twitter_misc":{"Estimated reading time":"1 minute"},"schema":{"@context":"https:\/\/schema.org","@graph":[{"@type":"WebPage","@id":"https:\/\/vinilozona.lt\/parduotuve\/rock-pop\/beach-boys-in-concert-2-lp\/","url":"https:\/\/vinilozona.lt\/parduotuve\/rock-pop\/beach-boys-in-concert-2-lp\/","name":"Beach Boys \u2013 In Concert 2 LP Vinilin\u0117 Plok\u0161tel\u0117 | Vinilozona.lt","isPartOf":{"@id":"https:\/\/vinilozona.lt\/#website"},"primaryImageOfPage":{"@id":"https:\/\/vinilozona.lt\/parduotuve\/rock-pop\/beach-boys-in-concert-2-lp\/#primaryimage"},"image":{"@id":"https:\/\/vinilozona.lt\/parduotuve\/rock-pop\/beach-boys-in-concert-2-lp\/#primaryimage"},"thumbnailUrl":"https:\/\/vinilozona.lt\/wp-content\/uploads\/2025\/01\/R-1366736-1347354951-7000.jpg","datePublished":"2025-01-31T03:14:44+00:00","dateModified":"2025-01-31T04:52:51+00:00","breadcrumb":{"@id":"https:\/\/vinilozona.lt\/parduotuve\/rock-pop\/beach-boys-in-concert-2-lp\/#breadcrumb"},"inLanguage":"en-GB","potentialAction":[{"@type":"ReadAction","target":["https:\/\/vinilozona.lt\/parduotuve\/rock-pop\/beach-boys-in-concert-2-lp\/"]}]},{"@type":"ImageObject","inLanguage":"en-GB","@id":"https:\/\/vinilozona.lt\/parduotuve\/rock-pop\/beach-boys-in-concert-2-lp\/#primaryimage","url":"https:\/\/vinilozona.lt\/wp-content\/uploads\/2025\/01\/R-1366736-1347354951-7000.jpg","contentUrl":"https:\/\/vinilozona.lt\/wp-content\/uploads\/2025\/01\/R-1366736-1347354951-7000.jpg","width":600,"height":574},{"@type":"BreadcrumbList","@id":"https:\/\/vinilozona.lt\/parduotuve\/rock-pop\/beach-boys-in-concert-2-lp\/#breadcrumb","itemListElement":[{"@type":"ListItem","position":1,"name":"Home","item":"https:\/\/vinilozona.lt\/"},{"@type":"ListItem","position":2,"name":"Parduotuv\u0117","item":"https:\/\/vinilozona.lt\/parduotuve\/"},{"@type":"ListItem","position":3,"name":"Beach Boys \u2013 In Concert 2 LP"}]},{"@type":"WebSite","@id":"https:\/\/vinilozona.lt\/#website","url":"https:\/\/vinilozona.lt\/","name":"Vinilo Zona","description":"Nup\u016bsk dulkes ir klausyk LP","potentialAction":[{"@type":"SearchAction","target":{"@type":"EntryPoint","urlTemplate":"https:\/\/vinilozona.lt\/?s={search_term_string}"},"query-input":{"@type":"PropertyValueSpecification","valueRequired":true,"valueName":"search_term_string"}}],"inLanguage":"en-GB"}]}},"_links":{"self":[{"href":"https:\/\/vinilozona.lt\/en\/wp-json\/wp\/v2\/product\/27303"}],"collection":[{"href":"https:\/\/vinilozona.lt\/en\/wp-json\/wp\/v2\/product"}],"about":[{"href":"https:\/\/vinilozona.lt\/en\/wp-json\/wp\/v2\/types\/product"}],"wp:featuredmedia":[{"embeddable":true,"href":"https:\/\/vinilozona.lt\/en\/wp-json\/wp\/v2\/media\/27304"}],"wp:attachment":[{"href":"https:\/\/vinilozona.lt\/en\/wp-json\/wp\/v2\/media?parent=27303"}],"wp:term":[{"taxonomy":"product_cat","embeddable":true,"href":"https:\/\/vinilozona.lt\/en\/wp-json\/wp\/v2\/product_cat?post=27303"},{"taxonomy":"product_tag","embeddable":true,"href":"https:\/\/vinilozona.lt\/en\/wp-json\/wp\/v2\/product_tag?post=27303"}],"curies":[{"name":"wp","href":"https:\/\/api.w.org\/{rel}","templated":true}]}}