{"id":2726,"date":"2024-08-07T05:02:18","date_gmt":"2024-08-07T02:02:18","guid":{"rendered":"https:\/\/vinylhome.lt\/?post_type=product&#038;p=2726"},"modified":"2024-08-04T07:34:51","modified_gmt":"2024-08-04T04:34:51","slug":"cal-tjader-carmen-mcrae-%e2%80%8e-heat-wave","status":"publish","type":"product","link":"https:\/\/vinilozona.lt\/en\/parduotuve\/jazz\/cal-tjader-carmen-mcrae-%e2%80%8e-heat-wave\/","title":{"rendered":"Various \u2013 Jazz In Brazil"},"content":{"rendered":"<p>A1\tDick Farney\u2013\tI Got Rhythm (1956)\t6:23<br \/>\nA2\tBrazilian Jazz Quartet\u2013\tCopacabana (1958)\t5:51<br \/>\nA3\tRubens Bassini E Os 11 Magnificos\u2013\tLove For Sale (1961)\t2:46<br \/>\nA4\tS\u00e9rgio Mendes\u2013\tNica&#8217;s Dream (1961)\t2:47<br \/>\nA5\tBaden Powell\u2013\tCoisa No.2 (1963)\t2:55<br \/>\nB1\tBola Sete\u2013\tSamba In The Perrotoquei (1962)\t2:50<br \/>\nB2\tEd Lincoln\u2013\tInflu\u00eancia Do Jazz (1963)\t2:40<br \/>\nB3\tMilton Banana &#038; The Oscar Castro Neves Quintet*\u2013\tO Menino Desce O Morro (1963)\t2:49<br \/>\nB4\tJo\u00e3o Donato\u2013\tO Morro N\u00e3o Tem Vez (1963)\t3:25<br \/>\nB5\tOs Cobras\u2013\tNan\u00e3 (1963)\t3:37<br \/>\nB6\tTamba Trio\u2013\tEsperan\u00e7a (1963)\t3:04<\/p>","protected":false},"excerpt":{"rendered":"<p>Honey Pie Records  \u2013 HONEY065<br \/>\nFormat:<br \/>\nVinyl, LP, Album<br \/>\nCountry:\tEurope<br \/>\nReleased:\t2022<br \/>\nGenre:\tJazz, Latin<\/p>","protected":false},"featured_media":25534,"template":"","meta":[],"product_cat":[20,906,23],"product_tag":[74],"yoast_head":"<!-- This site is optimized with the Yoast SEO plugin v23.5 - https:\/\/yoast.com\/wordpress\/plugins\/seo\/ -->\n<title>Various \u2013 Jazz In Brazil Vinilin\u0117 Plok\u0161tel\u0117 | Vinilozona.lt<\/title>\n<meta name=\"robots\" content=\"index, follow, max-snippet:-1, max-image-preview:large, max-video-preview:-1\" \/>\n<link rel=\"canonical\" href=\"https:\/\/vinilozona.lt\/en\/parduotuve\/jazz\/cal-tjader-carmen-mcrae-\u200e-heat-wave\/\" \/>\n<meta property=\"og:locale\" content=\"en_GB\" \/>\n<meta property=\"og:type\" content=\"article\" \/>\n<meta property=\"og:title\" content=\"Various \u2013 Jazz In Brazil Vinilin\u0117 Plok\u0161tel\u0117 | Vinilozona.lt\" \/>\n<meta property=\"og:description\" content=\"Honey Pie Records \u2013 HONEY065 Format:  Vinyl, LP, Album Country: Europe Released: 2022 Genre: Jazz, Latin\" \/>\n<meta property=\"og:url\" content=\"https:\/\/vinilozona.lt\/en\/parduotuve\/jazz\/cal-tjader-carmen-mcrae-\u200e-heat-wave\/\" \/>\n<meta property=\"og:site_name\" content=\"Vinilo Zona\" \/>\n<meta property=\"article:modified_time\" content=\"2024-08-04T04:34:51+00:00\" \/>\n<meta property=\"og:image\" content=\"https:\/\/vinilozona.lt\/wp-content\/uploads\/2020\/01\/R-25470886-1676490196-9615.jpg\" \/>\n\t<meta property=\"og:image:width\" content=\"220\" \/>\n\t<meta property=\"og:image:height\" content=\"220\" \/>\n\t<meta property=\"og:image:type\" content=\"image\/jpeg\" \/>\n<meta name=\"twitter:card\" content=\"summary_large_image\" \/>\n<script type=\"application\/ld+json\" class=\"yoast-schema-graph\">{\"@context\":\"https:\/\/schema.org\",\"@graph\":[{\"@type\":\"WebPage\",\"@id\":\"https:\/\/vinilozona.lt\/en\/parduotuve\/jazz\/cal-tjader-carmen-mcrae-%e2%80%8e-heat-wave\/\",\"url\":\"https:\/\/vinilozona.lt\/en\/parduotuve\/jazz\/cal-tjader-carmen-mcrae-%e2%80%8e-heat-wave\/\",\"name\":\"Various \u2013 Jazz In Brazil Vinilin\u0117 Plok\u0161tel\u0117 | Vinilozona.lt\",\"isPartOf\":{\"@id\":\"https:\/\/vinilozona.lt\/#website\"},\"primaryImageOfPage\":{\"@id\":\"https:\/\/vinilozona.lt\/en\/parduotuve\/jazz\/cal-tjader-carmen-mcrae-%e2%80%8e-heat-wave\/#primaryimage\"},\"image\":{\"@id\":\"https:\/\/vinilozona.lt\/en\/parduotuve\/jazz\/cal-tjader-carmen-mcrae-%e2%80%8e-heat-wave\/#primaryimage\"},\"thumbnailUrl\":\"https:\/\/vinilozona.lt\/wp-content\/uploads\/2020\/01\/R-25470886-1676490196-9615.jpg\",\"datePublished\":\"2024-08-07T02:02:18+00:00\",\"dateModified\":\"2024-08-04T04:34:51+00:00\",\"breadcrumb\":{\"@id\":\"https:\/\/vinilozona.lt\/en\/parduotuve\/jazz\/cal-tjader-carmen-mcrae-%e2%80%8e-heat-wave\/#breadcrumb\"},\"inLanguage\":\"en-GB\",\"potentialAction\":[{\"@type\":\"ReadAction\",\"target\":[\"https:\/\/vinilozona.lt\/en\/parduotuve\/jazz\/cal-tjader-carmen-mcrae-%e2%80%8e-heat-wave\/\"]}]},{\"@type\":\"ImageObject\",\"inLanguage\":\"en-GB\",\"@id\":\"https:\/\/vinilozona.lt\/en\/parduotuve\/jazz\/cal-tjader-carmen-mcrae-%e2%80%8e-heat-wave\/#primaryimage\",\"url\":\"https:\/\/vinilozona.lt\/wp-content\/uploads\/2020\/01\/R-25470886-1676490196-9615.jpg\",\"contentUrl\":\"https:\/\/vinilozona.lt\/wp-content\/uploads\/2020\/01\/R-25470886-1676490196-9615.jpg\",\"width\":220,\"height\":220},{\"@type\":\"BreadcrumbList\",\"@id\":\"https:\/\/vinilozona.lt\/en\/parduotuve\/jazz\/cal-tjader-carmen-mcrae-%e2%80%8e-heat-wave\/#breadcrumb\",\"itemListElement\":[{\"@type\":\"ListItem\",\"position\":1,\"name\":\"Home\",\"item\":\"https:\/\/vinilozona.lt\/\"},{\"@type\":\"ListItem\",\"position\":2,\"name\":\"Parduotuv\u0117\",\"item\":\"https:\/\/vinilozona.lt\/parduotuve\/\"},{\"@type\":\"ListItem\",\"position\":3,\"name\":\"Various \u2013 Jazz In Brazil\"}]},{\"@type\":\"WebSite\",\"@id\":\"https:\/\/vinilozona.lt\/#website\",\"url\":\"https:\/\/vinilozona.lt\/\",\"name\":\"Vinilo Zona\",\"description\":\"Nup\u016bsk dulkes ir klausyk LP\",\"potentialAction\":[{\"@type\":\"SearchAction\",\"target\":{\"@type\":\"EntryPoint\",\"urlTemplate\":\"https:\/\/vinilozona.lt\/?s={search_term_string}\"},\"query-input\":{\"@type\":\"PropertyValueSpecification\",\"valueRequired\":true,\"valueName\":\"search_term_string\"}}],\"inLanguage\":\"en-GB\"}]}<\/script>\n<!-- \/ Yoast SEO plugin. -->","yoast_head_json":{"title":"Various \u2013 Jazz In Brazil Vinilin\u0117 Plok\u0161tel\u0117 | Vinilozona.lt","robots":{"index":"index","follow":"follow","max-snippet":"max-snippet:-1","max-image-preview":"max-image-preview:large","max-video-preview":"max-video-preview:-1"},"canonical":"https:\/\/vinilozona.lt\/en\/parduotuve\/jazz\/cal-tjader-carmen-mcrae-\u200e-heat-wave\/","og_locale":"en_GB","og_type":"article","og_title":"Various \u2013 Jazz In Brazil Vinilin\u0117 Plok\u0161tel\u0117 | Vinilozona.lt","og_description":"Honey Pie Records \u2013 HONEY065 Format:  Vinyl, LP, Album Country: Europe Released: 2022 Genre: Jazz, Latin","og_url":"https:\/\/vinilozona.lt\/en\/parduotuve\/jazz\/cal-tjader-carmen-mcrae-\u200e-heat-wave\/","og_site_name":"Vinilo Zona","article_modified_time":"2024-08-04T04:34:51+00:00","og_image":[{"width":220,"height":220,"url":"https:\/\/vinilozona.lt\/wp-content\/uploads\/2020\/01\/R-25470886-1676490196-9615.jpg","type":"image\/jpeg"}],"twitter_card":"summary_large_image","schema":{"@context":"https:\/\/schema.org","@graph":[{"@type":"WebPage","@id":"https:\/\/vinilozona.lt\/en\/parduotuve\/jazz\/cal-tjader-carmen-mcrae-%e2%80%8e-heat-wave\/","url":"https:\/\/vinilozona.lt\/en\/parduotuve\/jazz\/cal-tjader-carmen-mcrae-%e2%80%8e-heat-wave\/","name":"Various \u2013 Jazz In Brazil Vinilin\u0117 Plok\u0161tel\u0117 | Vinilozona.lt","isPartOf":{"@id":"https:\/\/vinilozona.lt\/#website"},"primaryImageOfPage":{"@id":"https:\/\/vinilozona.lt\/en\/parduotuve\/jazz\/cal-tjader-carmen-mcrae-%e2%80%8e-heat-wave\/#primaryimage"},"image":{"@id":"https:\/\/vinilozona.lt\/en\/parduotuve\/jazz\/cal-tjader-carmen-mcrae-%e2%80%8e-heat-wave\/#primaryimage"},"thumbnailUrl":"https:\/\/vinilozona.lt\/wp-content\/uploads\/2020\/01\/R-25470886-1676490196-9615.jpg","datePublished":"2024-08-07T02:02:18+00:00","dateModified":"2024-08-04T04:34:51+00:00","breadcrumb":{"@id":"https:\/\/vinilozona.lt\/en\/parduotuve\/jazz\/cal-tjader-carmen-mcrae-%e2%80%8e-heat-wave\/#breadcrumb"},"inLanguage":"en-GB","potentialAction":[{"@type":"ReadAction","target":["https:\/\/vinilozona.lt\/en\/parduotuve\/jazz\/cal-tjader-carmen-mcrae-%e2%80%8e-heat-wave\/"]}]},{"@type":"ImageObject","inLanguage":"en-GB","@id":"https:\/\/vinilozona.lt\/en\/parduotuve\/jazz\/cal-tjader-carmen-mcrae-%e2%80%8e-heat-wave\/#primaryimage","url":"https:\/\/vinilozona.lt\/wp-content\/uploads\/2020\/01\/R-25470886-1676490196-9615.jpg","contentUrl":"https:\/\/vinilozona.lt\/wp-content\/uploads\/2020\/01\/R-25470886-1676490196-9615.jpg","width":220,"height":220},{"@type":"BreadcrumbList","@id":"https:\/\/vinilozona.lt\/en\/parduotuve\/jazz\/cal-tjader-carmen-mcrae-%e2%80%8e-heat-wave\/#breadcrumb","itemListElement":[{"@type":"ListItem","position":1,"name":"Home","item":"https:\/\/vinilozona.lt\/"},{"@type":"ListItem","position":2,"name":"Parduotuv\u0117","item":"https:\/\/vinilozona.lt\/parduotuve\/"},{"@type":"ListItem","position":3,"name":"Various \u2013 Jazz In Brazil"}]},{"@type":"WebSite","@id":"https:\/\/vinilozona.lt\/#website","url":"https:\/\/vinilozona.lt\/","name":"Vinilo Zona","description":"Nup\u016bsk dulkes ir klausyk LP","potentialAction":[{"@type":"SearchAction","target":{"@type":"EntryPoint","urlTemplate":"https:\/\/vinilozona.lt\/?s={search_term_string}"},"query-input":{"@type":"PropertyValueSpecification","valueRequired":true,"valueName":"search_term_string"}}],"inLanguage":"en-GB"}]}},"_links":{"self":[{"href":"https:\/\/vinilozona.lt\/en\/wp-json\/wp\/v2\/product\/2726"}],"collection":[{"href":"https:\/\/vinilozona.lt\/en\/wp-json\/wp\/v2\/product"}],"about":[{"href":"https:\/\/vinilozona.lt\/en\/wp-json\/wp\/v2\/types\/product"}],"wp:featuredmedia":[{"embeddable":true,"href":"https:\/\/vinilozona.lt\/en\/wp-json\/wp\/v2\/media\/25534"}],"wp:attachment":[{"href":"https:\/\/vinilozona.lt\/en\/wp-json\/wp\/v2\/media?parent=2726"}],"wp:term":[{"taxonomy":"product_cat","embeddable":true,"href":"https:\/\/vinilozona.lt\/en\/wp-json\/wp\/v2\/product_cat?post=2726"},{"taxonomy":"product_tag","embeddable":true,"href":"https:\/\/vinilozona.lt\/en\/wp-json\/wp\/v2\/product_tag?post=2726"}],"curies":[{"name":"wp","href":"https:\/\/api.w.org\/{rel}","templated":true}]}}