{"id":2722,"date":"2024-02-06T05:15:20","date_gmt":"2024-02-06T03:15:20","guid":{"rendered":"https:\/\/vinylhome.lt\/?post_type=product&#038;p=2722"},"modified":"2024-09-08T12:57:19","modified_gmt":"2024-09-08T09:57:19","slug":"bobby-mcferrin-%e2%80%8e-simple-pleasures","status":"publish","type":"product","link":"https:\/\/vinilozona.lt\/en\/parduotuve\/jazz\/bobby-mcferrin-%e2%80%8e-simple-pleasures\/","title":{"rendered":"Bobby McFerrin \u200e\u2013 Simple Pleasures"},"content":{"rendered":"<p>A1\t\tDon&#8217;t Worry, Be Happy  4:49<br \/>\nA2\t\tAll I Want  2:54<br \/>\nA3\t\tDrive My Car  2:41<br \/>\nA4\t\tSimple Pleasures  2:07<br \/>\nA5\t\tGood Lovin&#8217;  2:58<br \/>\nB1\t\tCome To Me  3:33<br \/>\nB2\t\tSuzie Q  2:47<br \/>\nB3\t\tDrive  3:55<br \/>\nB4\t\tThem Changes  3:52<br \/>\nB5\t\tSunshine Of Your Love  3:39<\/p>","protected":false},"excerpt":{"rendered":"<p>EMI-Manhattan Records \u2013 1C 064-7 48059 1<br \/>\nFormat:<br \/>\nVinyl, LP, Album, Stereo<br \/>\nCountry:\tEurope<br \/>\nReleased:\t1988<\/p>","protected":false},"featured_media":2723,"template":"","meta":[],"product_cat":[20],"product_tag":[44],"yoast_head":"<!-- This site is optimized with the Yoast SEO plugin v23.5 - https:\/\/yoast.com\/wordpress\/plugins\/seo\/ -->\n<title>Bobby McFerrin \u200e\u2013 Simple Pleasures Vinilin\u0117 Plok\u0161tel\u0117 | Vinilozona.lt<\/title>\n<meta name=\"robots\" content=\"index, follow, max-snippet:-1, max-image-preview:large, max-video-preview:-1\" \/>\n<link rel=\"canonical\" href=\"https:\/\/vinilozona.lt\/en\/parduotuve\/jazz\/bobby-mcferrin-\u200e-simple-pleasures\/\" \/>\n<meta property=\"og:locale\" content=\"en_GB\" \/>\n<meta property=\"og:type\" content=\"article\" \/>\n<meta property=\"og:title\" content=\"Bobby McFerrin \u200e\u2013 Simple Pleasures Vinilin\u0117 Plok\u0161tel\u0117 | Vinilozona.lt\" \/>\n<meta property=\"og:description\" content=\"EMI-Manhattan Records \u2013 1C 064-7 48059 1 Format:  Vinyl, LP, Album, Stereo Country: Europe Released: 1988\" \/>\n<meta property=\"og:url\" content=\"https:\/\/vinilozona.lt\/en\/parduotuve\/jazz\/bobby-mcferrin-\u200e-simple-pleasures\/\" \/>\n<meta property=\"og:site_name\" content=\"Vinilo Zona\" \/>\n<meta property=\"article:modified_time\" content=\"2024-09-08T09:57:19+00:00\" \/>\n<meta property=\"og:image\" content=\"https:\/\/vinilozona.lt\/wp-content\/uploads\/2020\/01\/bobby-mcferrin-simple-pleasures-1.jpg\" \/>\n\t<meta property=\"og:image:width\" content=\"791\" \/>\n\t<meta property=\"og:image:height\" content=\"593\" \/>\n\t<meta property=\"og:image:type\" content=\"image\/jpeg\" \/>\n<meta name=\"twitter:card\" content=\"summary_large_image\" \/>\n<script type=\"application\/ld+json\" class=\"yoast-schema-graph\">{\"@context\":\"https:\/\/schema.org\",\"@graph\":[{\"@type\":\"WebPage\",\"@id\":\"https:\/\/vinilozona.lt\/parduotuve\/jazz\/bobby-mcferrin-%e2%80%8e-simple-pleasures\/\",\"url\":\"https:\/\/vinilozona.lt\/parduotuve\/jazz\/bobby-mcferrin-%e2%80%8e-simple-pleasures\/\",\"name\":\"Bobby McFerrin \u200e\u2013 Simple Pleasures Vinilin\u0117 Plok\u0161tel\u0117 | Vinilozona.lt\",\"isPartOf\":{\"@id\":\"https:\/\/vinilozona.lt\/#website\"},\"primaryImageOfPage\":{\"@id\":\"https:\/\/vinilozona.lt\/parduotuve\/jazz\/bobby-mcferrin-%e2%80%8e-simple-pleasures\/#primaryimage\"},\"image\":{\"@id\":\"https:\/\/vinilozona.lt\/parduotuve\/jazz\/bobby-mcferrin-%e2%80%8e-simple-pleasures\/#primaryimage\"},\"thumbnailUrl\":\"https:\/\/vinilozona.lt\/wp-content\/uploads\/2020\/01\/bobby-mcferrin-simple-pleasures-1.jpg\",\"datePublished\":\"2024-02-06T03:15:20+00:00\",\"dateModified\":\"2024-09-08T09:57:19+00:00\",\"breadcrumb\":{\"@id\":\"https:\/\/vinilozona.lt\/parduotuve\/jazz\/bobby-mcferrin-%e2%80%8e-simple-pleasures\/#breadcrumb\"},\"inLanguage\":\"en-GB\",\"potentialAction\":[{\"@type\":\"ReadAction\",\"target\":[\"https:\/\/vinilozona.lt\/parduotuve\/jazz\/bobby-mcferrin-%e2%80%8e-simple-pleasures\/\"]}]},{\"@type\":\"ImageObject\",\"inLanguage\":\"en-GB\",\"@id\":\"https:\/\/vinilozona.lt\/parduotuve\/jazz\/bobby-mcferrin-%e2%80%8e-simple-pleasures\/#primaryimage\",\"url\":\"https:\/\/vinilozona.lt\/wp-content\/uploads\/2020\/01\/bobby-mcferrin-simple-pleasures-1.jpg\",\"contentUrl\":\"https:\/\/vinilozona.lt\/wp-content\/uploads\/2020\/01\/bobby-mcferrin-simple-pleasures-1.jpg\",\"width\":791,\"height\":593},{\"@type\":\"BreadcrumbList\",\"@id\":\"https:\/\/vinilozona.lt\/parduotuve\/jazz\/bobby-mcferrin-%e2%80%8e-simple-pleasures\/#breadcrumb\",\"itemListElement\":[{\"@type\":\"ListItem\",\"position\":1,\"name\":\"Home\",\"item\":\"https:\/\/vinilozona.lt\/\"},{\"@type\":\"ListItem\",\"position\":2,\"name\":\"Parduotuv\u0117\",\"item\":\"https:\/\/vinilozona.lt\/parduotuve\/\"},{\"@type\":\"ListItem\",\"position\":3,\"name\":\"Bobby McFerrin \u200e\u2013 Simple Pleasures\"}]},{\"@type\":\"WebSite\",\"@id\":\"https:\/\/vinilozona.lt\/#website\",\"url\":\"https:\/\/vinilozona.lt\/\",\"name\":\"Vinilo Zona\",\"description\":\"Nup\u016bsk dulkes ir klausyk LP\",\"potentialAction\":[{\"@type\":\"SearchAction\",\"target\":{\"@type\":\"EntryPoint\",\"urlTemplate\":\"https:\/\/vinilozona.lt\/?s={search_term_string}\"},\"query-input\":{\"@type\":\"PropertyValueSpecification\",\"valueRequired\":true,\"valueName\":\"search_term_string\"}}],\"inLanguage\":\"en-GB\"}]}<\/script>\n<!-- \/ Yoast SEO plugin. -->","yoast_head_json":{"title":"Bobby McFerrin \u200e\u2013 Simple Pleasures Vinilin\u0117 Plok\u0161tel\u0117 | Vinilozona.lt","robots":{"index":"index","follow":"follow","max-snippet":"max-snippet:-1","max-image-preview":"max-image-preview:large","max-video-preview":"max-video-preview:-1"},"canonical":"https:\/\/vinilozona.lt\/en\/parduotuve\/jazz\/bobby-mcferrin-\u200e-simple-pleasures\/","og_locale":"en_GB","og_type":"article","og_title":"Bobby McFerrin \u200e\u2013 Simple Pleasures Vinilin\u0117 Plok\u0161tel\u0117 | Vinilozona.lt","og_description":"EMI-Manhattan Records \u2013 1C 064-7 48059 1 Format:  Vinyl, LP, Album, Stereo Country: Europe Released: 1988","og_url":"https:\/\/vinilozona.lt\/en\/parduotuve\/jazz\/bobby-mcferrin-\u200e-simple-pleasures\/","og_site_name":"Vinilo Zona","article_modified_time":"2024-09-08T09:57:19+00:00","og_image":[{"width":791,"height":593,"url":"https:\/\/vinilozona.lt\/wp-content\/uploads\/2020\/01\/bobby-mcferrin-simple-pleasures-1.jpg","type":"image\/jpeg"}],"twitter_card":"summary_large_image","schema":{"@context":"https:\/\/schema.org","@graph":[{"@type":"WebPage","@id":"https:\/\/vinilozona.lt\/parduotuve\/jazz\/bobby-mcferrin-%e2%80%8e-simple-pleasures\/","url":"https:\/\/vinilozona.lt\/parduotuve\/jazz\/bobby-mcferrin-%e2%80%8e-simple-pleasures\/","name":"Bobby McFerrin \u200e\u2013 Simple Pleasures Vinilin\u0117 Plok\u0161tel\u0117 | Vinilozona.lt","isPartOf":{"@id":"https:\/\/vinilozona.lt\/#website"},"primaryImageOfPage":{"@id":"https:\/\/vinilozona.lt\/parduotuve\/jazz\/bobby-mcferrin-%e2%80%8e-simple-pleasures\/#primaryimage"},"image":{"@id":"https:\/\/vinilozona.lt\/parduotuve\/jazz\/bobby-mcferrin-%e2%80%8e-simple-pleasures\/#primaryimage"},"thumbnailUrl":"https:\/\/vinilozona.lt\/wp-content\/uploads\/2020\/01\/bobby-mcferrin-simple-pleasures-1.jpg","datePublished":"2024-02-06T03:15:20+00:00","dateModified":"2024-09-08T09:57:19+00:00","breadcrumb":{"@id":"https:\/\/vinilozona.lt\/parduotuve\/jazz\/bobby-mcferrin-%e2%80%8e-simple-pleasures\/#breadcrumb"},"inLanguage":"en-GB","potentialAction":[{"@type":"ReadAction","target":["https:\/\/vinilozona.lt\/parduotuve\/jazz\/bobby-mcferrin-%e2%80%8e-simple-pleasures\/"]}]},{"@type":"ImageObject","inLanguage":"en-GB","@id":"https:\/\/vinilozona.lt\/parduotuve\/jazz\/bobby-mcferrin-%e2%80%8e-simple-pleasures\/#primaryimage","url":"https:\/\/vinilozona.lt\/wp-content\/uploads\/2020\/01\/bobby-mcferrin-simple-pleasures-1.jpg","contentUrl":"https:\/\/vinilozona.lt\/wp-content\/uploads\/2020\/01\/bobby-mcferrin-simple-pleasures-1.jpg","width":791,"height":593},{"@type":"BreadcrumbList","@id":"https:\/\/vinilozona.lt\/parduotuve\/jazz\/bobby-mcferrin-%e2%80%8e-simple-pleasures\/#breadcrumb","itemListElement":[{"@type":"ListItem","position":1,"name":"Home","item":"https:\/\/vinilozona.lt\/"},{"@type":"ListItem","position":2,"name":"Parduotuv\u0117","item":"https:\/\/vinilozona.lt\/parduotuve\/"},{"@type":"ListItem","position":3,"name":"Bobby McFerrin \u200e\u2013 Simple Pleasures"}]},{"@type":"WebSite","@id":"https:\/\/vinilozona.lt\/#website","url":"https:\/\/vinilozona.lt\/","name":"Vinilo Zona","description":"Nup\u016bsk dulkes ir klausyk LP","potentialAction":[{"@type":"SearchAction","target":{"@type":"EntryPoint","urlTemplate":"https:\/\/vinilozona.lt\/?s={search_term_string}"},"query-input":{"@type":"PropertyValueSpecification","valueRequired":true,"valueName":"search_term_string"}}],"inLanguage":"en-GB"}]}},"_links":{"self":[{"href":"https:\/\/vinilozona.lt\/en\/wp-json\/wp\/v2\/product\/2722"}],"collection":[{"href":"https:\/\/vinilozona.lt\/en\/wp-json\/wp\/v2\/product"}],"about":[{"href":"https:\/\/vinilozona.lt\/en\/wp-json\/wp\/v2\/types\/product"}],"wp:featuredmedia":[{"embeddable":true,"href":"https:\/\/vinilozona.lt\/en\/wp-json\/wp\/v2\/media\/2723"}],"wp:attachment":[{"href":"https:\/\/vinilozona.lt\/en\/wp-json\/wp\/v2\/media?parent=2722"}],"wp:term":[{"taxonomy":"product_cat","embeddable":true,"href":"https:\/\/vinilozona.lt\/en\/wp-json\/wp\/v2\/product_cat?post=2722"},{"taxonomy":"product_tag","embeddable":true,"href":"https:\/\/vinilozona.lt\/en\/wp-json\/wp\/v2\/product_tag?post=2722"}],"curies":[{"name":"wp","href":"https:\/\/api.w.org\/{rel}","templated":true}]}}