{"id":27203,"date":"2025-01-18T05:06:42","date_gmt":"2025-01-18T03:06:42","guid":{"rendered":"https:\/\/vinilozona.lt\/?post_type=product&#038;p=27203"},"modified":"2025-07-09T07:30:26","modified_gmt":"2025-07-09T04:30:26","slug":"u-d-o-the-legacy-4lp","status":"publish","type":"product","link":"https:\/\/vinilozona.lt\/en\/parduotuve\/naujos-lp\/u-d-o-the-legacy-4lp\/","title":{"rendered":"U.D.O.  \u2013 The Legacy  4LP"},"content":{"rendered":"<p>I-1\t\tFear Detector<br \/>\nI-2\t\tMetal Never Dies<br \/>\nI-3\t\tPandemonium<br \/>\nI-4\t\tOne Heart One Soul<br \/>\nI-5\t\tMake The Move<br \/>\nII-1\t\tPain<br \/>\nII-2\t\tDecadent<br \/>\nII-3\t\tMetal Machine<br \/>\nII-4\t\tSteelhammer<br \/>\nII-5\t\tDust And Rust (Rare Bonus Track)<br \/>\nIII-1\t\tI Give As Good As I Get<br \/>\nIII-\t\tRock\u2019n\u2019Roll Soldiers<br \/>\nIII-3\t\tDominator<br \/>\nIII-4\t\tBlind Eyes<br \/>\nIV-1\t\tMastercutor<br \/>\nIV-2\t\tVendetta<br \/>\nIV-3\t\t24\/7<br \/>\nIV-4\t\tWhat A Hell Of A Night (Rare Bonus Track)<br \/>\nV-1\t\tMan And Machine<br \/>\nV-2\t\tLike A Lion<br \/>\nV-3\t\tShout It Out<br \/>\nV-4\t\tHoly<br \/>\nVI-1\t\tFreelance Man<br \/>\nVI-2\t\tIndependence Day<br \/>\nVI-3\t\tMetal Eater<br \/>\nVI-4\t\tWilder Life (Rare Bonus Track)<br \/>\nVII-1\t\tFuture Land<br \/>\nVII-2\t\tBlitz Of Lightning<br \/>\nVII-3\t\tWe\u2019re History<br \/>\nVII-4\t\tBreak The Rules<br \/>\nVIII-1\t\tGo Back To Hell<br \/>\nVIII-2\t\tThey Want War<br \/>\nVIII-3\t\tFalling Angels (Rare Bonus Track)<\/p>","protected":false},"excerpt":{"rendered":"<p>AFM Records \u2013 AFM 879-1<br \/>\nFormat:<br \/>\n4 x Vinyl, LP, Compilation, Limited Edition<br \/>\nCountry:<br \/>\nEurope<br \/>\nReleased:<br \/>\nOct 20, 2023<\/p>","protected":false},"featured_media":27204,"template":"","meta":[],"product_cat":[23],"product_tag":[74],"yoast_head":"<!-- This site is optimized with the Yoast SEO plugin v23.5 - https:\/\/yoast.com\/wordpress\/plugins\/seo\/ -->\n<title>U.D.O. \u2013 The Legacy 4LP Vinilin\u0117 Plok\u0161tel\u0117 | Vinilozona.lt<\/title>\n<meta name=\"robots\" content=\"index, follow, max-snippet:-1, max-image-preview:large, max-video-preview:-1\" \/>\n<link rel=\"canonical\" href=\"https:\/\/vinilozona.lt\/en\/parduotuve\/naujos-lp\/u-d-o-the-legacy-4lp\/\" \/>\n<meta property=\"og:locale\" content=\"en_GB\" \/>\n<meta property=\"og:type\" content=\"article\" \/>\n<meta property=\"og:title\" content=\"U.D.O. \u2013 The Legacy 4LP Vinilin\u0117 Plok\u0161tel\u0117 | Vinilozona.lt\" \/>\n<meta property=\"og:description\" content=\"AFM Records \u2013 AFM 879-1 Format: 4 x Vinyl, LP, Compilation, Limited Edition Country: Europe Released: Oct 20, 2023\" \/>\n<meta property=\"og:url\" content=\"https:\/\/vinilozona.lt\/en\/parduotuve\/naujos-lp\/u-d-o-the-legacy-4lp\/\" \/>\n<meta property=\"og:site_name\" content=\"Vinilo Zona\" \/>\n<meta property=\"article:modified_time\" content=\"2025-07-09T04:30:26+00:00\" \/>\n<meta property=\"og:image\" content=\"https:\/\/vinilozona.lt\/wp-content\/uploads\/2025\/01\/R-28643626-1697792610-5036.jpg\" \/>\n\t<meta property=\"og:image:width\" content=\"600\" \/>\n\t<meta property=\"og:image:height\" content=\"587\" \/>\n\t<meta property=\"og:image:type\" content=\"image\/jpeg\" \/>\n<meta name=\"twitter:card\" content=\"summary_large_image\" \/>\n<meta name=\"twitter:label1\" content=\"Estimated reading time\" \/>\n\t<meta name=\"twitter:data1\" content=\"1 minute\" \/>\n<script type=\"application\/ld+json\" class=\"yoast-schema-graph\">{\"@context\":\"https:\/\/schema.org\",\"@graph\":[{\"@type\":\"WebPage\",\"@id\":\"https:\/\/vinilozona.lt\/parduotuve\/naujos-lp\/u-d-o-the-legacy-4lp\/\",\"url\":\"https:\/\/vinilozona.lt\/parduotuve\/naujos-lp\/u-d-o-the-legacy-4lp\/\",\"name\":\"U.D.O. \u2013 The Legacy 4LP Vinilin\u0117 Plok\u0161tel\u0117 | Vinilozona.lt\",\"isPartOf\":{\"@id\":\"https:\/\/vinilozona.lt\/#website\"},\"primaryImageOfPage\":{\"@id\":\"https:\/\/vinilozona.lt\/parduotuve\/naujos-lp\/u-d-o-the-legacy-4lp\/#primaryimage\"},\"image\":{\"@id\":\"https:\/\/vinilozona.lt\/parduotuve\/naujos-lp\/u-d-o-the-legacy-4lp\/#primaryimage\"},\"thumbnailUrl\":\"https:\/\/vinilozona.lt\/wp-content\/uploads\/2025\/01\/R-28643626-1697792610-5036.jpg\",\"datePublished\":\"2025-01-18T03:06:42+00:00\",\"dateModified\":\"2025-07-09T04:30:26+00:00\",\"breadcrumb\":{\"@id\":\"https:\/\/vinilozona.lt\/parduotuve\/naujos-lp\/u-d-o-the-legacy-4lp\/#breadcrumb\"},\"inLanguage\":\"en-GB\",\"potentialAction\":[{\"@type\":\"ReadAction\",\"target\":[\"https:\/\/vinilozona.lt\/parduotuve\/naujos-lp\/u-d-o-the-legacy-4lp\/\"]}]},{\"@type\":\"ImageObject\",\"inLanguage\":\"en-GB\",\"@id\":\"https:\/\/vinilozona.lt\/parduotuve\/naujos-lp\/u-d-o-the-legacy-4lp\/#primaryimage\",\"url\":\"https:\/\/vinilozona.lt\/wp-content\/uploads\/2025\/01\/R-28643626-1697792610-5036.jpg\",\"contentUrl\":\"https:\/\/vinilozona.lt\/wp-content\/uploads\/2025\/01\/R-28643626-1697792610-5036.jpg\",\"width\":600,\"height\":587},{\"@type\":\"BreadcrumbList\",\"@id\":\"https:\/\/vinilozona.lt\/parduotuve\/naujos-lp\/u-d-o-the-legacy-4lp\/#breadcrumb\",\"itemListElement\":[{\"@type\":\"ListItem\",\"position\":1,\"name\":\"Home\",\"item\":\"https:\/\/vinilozona.lt\/\"},{\"@type\":\"ListItem\",\"position\":2,\"name\":\"Parduotuv\u0117\",\"item\":\"https:\/\/vinilozona.lt\/parduotuve\/\"},{\"@type\":\"ListItem\",\"position\":3,\"name\":\"U.D.O. \u2013 The Legacy 4LP\"}]},{\"@type\":\"WebSite\",\"@id\":\"https:\/\/vinilozona.lt\/#website\",\"url\":\"https:\/\/vinilozona.lt\/\",\"name\":\"Vinilo Zona\",\"description\":\"Nup\u016bsk dulkes ir klausyk LP\",\"potentialAction\":[{\"@type\":\"SearchAction\",\"target\":{\"@type\":\"EntryPoint\",\"urlTemplate\":\"https:\/\/vinilozona.lt\/?s={search_term_string}\"},\"query-input\":{\"@type\":\"PropertyValueSpecification\",\"valueRequired\":true,\"valueName\":\"search_term_string\"}}],\"inLanguage\":\"en-GB\"}]}<\/script>\n<!-- \/ Yoast SEO plugin. -->","yoast_head_json":{"title":"U.D.O. \u2013 The Legacy 4LP Vinilin\u0117 Plok\u0161tel\u0117 | Vinilozona.lt","robots":{"index":"index","follow":"follow","max-snippet":"max-snippet:-1","max-image-preview":"max-image-preview:large","max-video-preview":"max-video-preview:-1"},"canonical":"https:\/\/vinilozona.lt\/en\/parduotuve\/naujos-lp\/u-d-o-the-legacy-4lp\/","og_locale":"en_GB","og_type":"article","og_title":"U.D.O. \u2013 The Legacy 4LP Vinilin\u0117 Plok\u0161tel\u0117 | Vinilozona.lt","og_description":"AFM Records \u2013 AFM 879-1 Format: 4 x Vinyl, LP, Compilation, Limited Edition Country: Europe Released: Oct 20, 2023","og_url":"https:\/\/vinilozona.lt\/en\/parduotuve\/naujos-lp\/u-d-o-the-legacy-4lp\/","og_site_name":"Vinilo Zona","article_modified_time":"2025-07-09T04:30:26+00:00","og_image":[{"width":600,"height":587,"url":"https:\/\/vinilozona.lt\/wp-content\/uploads\/2025\/01\/R-28643626-1697792610-5036.jpg","type":"image\/jpeg"}],"twitter_card":"summary_large_image","twitter_misc":{"Estimated reading time":"1 minute"},"schema":{"@context":"https:\/\/schema.org","@graph":[{"@type":"WebPage","@id":"https:\/\/vinilozona.lt\/parduotuve\/naujos-lp\/u-d-o-the-legacy-4lp\/","url":"https:\/\/vinilozona.lt\/parduotuve\/naujos-lp\/u-d-o-the-legacy-4lp\/","name":"U.D.O. \u2013 The Legacy 4LP Vinilin\u0117 Plok\u0161tel\u0117 | Vinilozona.lt","isPartOf":{"@id":"https:\/\/vinilozona.lt\/#website"},"primaryImageOfPage":{"@id":"https:\/\/vinilozona.lt\/parduotuve\/naujos-lp\/u-d-o-the-legacy-4lp\/#primaryimage"},"image":{"@id":"https:\/\/vinilozona.lt\/parduotuve\/naujos-lp\/u-d-o-the-legacy-4lp\/#primaryimage"},"thumbnailUrl":"https:\/\/vinilozona.lt\/wp-content\/uploads\/2025\/01\/R-28643626-1697792610-5036.jpg","datePublished":"2025-01-18T03:06:42+00:00","dateModified":"2025-07-09T04:30:26+00:00","breadcrumb":{"@id":"https:\/\/vinilozona.lt\/parduotuve\/naujos-lp\/u-d-o-the-legacy-4lp\/#breadcrumb"},"inLanguage":"en-GB","potentialAction":[{"@type":"ReadAction","target":["https:\/\/vinilozona.lt\/parduotuve\/naujos-lp\/u-d-o-the-legacy-4lp\/"]}]},{"@type":"ImageObject","inLanguage":"en-GB","@id":"https:\/\/vinilozona.lt\/parduotuve\/naujos-lp\/u-d-o-the-legacy-4lp\/#primaryimage","url":"https:\/\/vinilozona.lt\/wp-content\/uploads\/2025\/01\/R-28643626-1697792610-5036.jpg","contentUrl":"https:\/\/vinilozona.lt\/wp-content\/uploads\/2025\/01\/R-28643626-1697792610-5036.jpg","width":600,"height":587},{"@type":"BreadcrumbList","@id":"https:\/\/vinilozona.lt\/parduotuve\/naujos-lp\/u-d-o-the-legacy-4lp\/#breadcrumb","itemListElement":[{"@type":"ListItem","position":1,"name":"Home","item":"https:\/\/vinilozona.lt\/"},{"@type":"ListItem","position":2,"name":"Parduotuv\u0117","item":"https:\/\/vinilozona.lt\/parduotuve\/"},{"@type":"ListItem","position":3,"name":"U.D.O. \u2013 The Legacy 4LP"}]},{"@type":"WebSite","@id":"https:\/\/vinilozona.lt\/#website","url":"https:\/\/vinilozona.lt\/","name":"Vinilo Zona","description":"Nup\u016bsk dulkes ir klausyk LP","potentialAction":[{"@type":"SearchAction","target":{"@type":"EntryPoint","urlTemplate":"https:\/\/vinilozona.lt\/?s={search_term_string}"},"query-input":{"@type":"PropertyValueSpecification","valueRequired":true,"valueName":"search_term_string"}}],"inLanguage":"en-GB"}]}},"_links":{"self":[{"href":"https:\/\/vinilozona.lt\/en\/wp-json\/wp\/v2\/product\/27203"}],"collection":[{"href":"https:\/\/vinilozona.lt\/en\/wp-json\/wp\/v2\/product"}],"about":[{"href":"https:\/\/vinilozona.lt\/en\/wp-json\/wp\/v2\/types\/product"}],"wp:featuredmedia":[{"embeddable":true,"href":"https:\/\/vinilozona.lt\/en\/wp-json\/wp\/v2\/media\/27204"}],"wp:attachment":[{"href":"https:\/\/vinilozona.lt\/en\/wp-json\/wp\/v2\/media?parent=27203"}],"wp:term":[{"taxonomy":"product_cat","embeddable":true,"href":"https:\/\/vinilozona.lt\/en\/wp-json\/wp\/v2\/product_cat?post=27203"},{"taxonomy":"product_tag","embeddable":true,"href":"https:\/\/vinilozona.lt\/en\/wp-json\/wp\/v2\/product_tag?post=27203"}],"curies":[{"name":"wp","href":"https:\/\/api.w.org\/{rel}","templated":true}]}}