{"id":2720,"date":"2024-03-28T05:00:06","date_gmt":"2024-03-28T03:00:06","guid":{"rendered":"https:\/\/vinylhome.lt\/?post_type=product&#038;p=2720"},"modified":"2024-03-28T17:49:13","modified_gmt":"2024-03-28T15:49:13","slug":"billie-holiday-%e2%80%8e-lover-man","status":"publish","type":"product","link":"https:\/\/vinilozona.lt\/en\/parduotuve\/kita\/billie-holiday-%e2%80%8e-lover-man\/","title":{"rendered":"Konstantin Igumnov = \u041a\u043e\u043d\u0441\u0442\u0430\u043d\u0442\u0438\u043d \u0418\u0433\u0443\u043c\u043d\u043e\u0432 \u2013 Piano = \u0424\u043e\u0440\u0442\u0435\u043f\u0438\u0430\u043d\u043e"},"content":{"rendered":"<p>\tSonata No. 7 In D Major, Op. 10 No. 3<br \/>\nA1\t\t1. Presto\t6:57<br \/>\nA2\t\t2. Largo E Molto\t7:45<br \/>\nA3\t\t3. Menuetto. Allegro\t2:30<br \/>\nA4\t\t4. Rondo. Allegro\t3:50<br \/>\nSonata No. 3 In B Minor, Op. 58<br \/>\nB1\t\t1. Allegro Maestoso\t6:20<br \/>\nB2\t\t2. Scherzo. Molto Vivace\t2:17<br \/>\nB3\t\t3. Largo\t7:33<br \/>\nB4\t\t4. Finale. Presto, Non Tanto\t5:22<br \/>\nGrand Sonata In G Major, Op. 37<br \/>\nC1\t\t1. Moderato E Risoluto\t12:38<br \/>\nC2\t\t2. Andante Non Troppo, Quasi Moderato\t8:52<br \/>\nD1\t\t3. Scherzo. Allegro Giocoso\t2:58<br \/>\nD2\t\t4. Finale. Allegro Vivace\t6:35<br \/>\nD3\t\tVariations On A Theme Of Glinka, Op. 35  12:35<\/p>","protected":false},"excerpt":{"rendered":"<p>\u041c\u0435\u043b\u043e\u0434\u0438\u044f \u2013 \u041c 10 42483-86<br \/>\nSeries:\t\u0418\u0437 \u0421\u043e\u043a\u0440\u043e\u0432\u0438\u0449\u043d\u0438\u0446\u044b \u041c\u0438\u0440\u043e\u0432\u043e\u0433\u043e \u0418\u0441\u043f\u043e\u043b\u043d\u0438\u0442\u0435\u043b\u044c\u0441\u043a\u043e\u0433\u043e \u0418\u0441\u043a\u0443\u0441\u0441\u0442\u0432\u0430 \u2013 II. \u0424\u043e\u0440\u0442\u0435\u043f\u0438\u0430\u043d\u043e, \u041a\u043b\u0430\u0432\u0435\u0441\u0438\u043d, \u041e\u0440\u0433\u0430\u043d<br \/>\nFormat:<br \/>\n2 x Vinyl, LP, Compilation, Mono, Gatefold<br \/>\nCountry:\tUSSR<br \/>\nReleased:\t1980<\/p>","protected":false},"featured_media":24584,"template":"","meta":[],"product_cat":[22,21],"product_tag":[44],"yoast_head":"<!-- This site is optimized with the Yoast SEO plugin v23.5 - https:\/\/yoast.com\/wordpress\/plugins\/seo\/ -->\n<title>Konstantin Igumnov = \u041a\u043e\u043d\u0441\u0442\u0430\u043d\u0442\u0438\u043d \u0418\u0433\u0443\u043c\u043d\u043e\u0432 \u2013 Piano = \u0424\u043e\u0440\u0442\u0435\u043f\u0438\u0430\u043d\u043e Vinilin\u0117 Plok\u0161tel\u0117 | Vinilozona.lt<\/title>\n<meta name=\"robots\" content=\"index, follow, max-snippet:-1, max-image-preview:large, max-video-preview:-1\" \/>\n<link rel=\"canonical\" href=\"https:\/\/vinilozona.lt\/en\/parduotuve\/kita\/billie-holiday-\u200e-lover-man\/\" \/>\n<meta property=\"og:locale\" content=\"en_GB\" \/>\n<meta property=\"og:type\" content=\"article\" \/>\n<meta property=\"og:title\" content=\"Konstantin Igumnov = \u041a\u043e\u043d\u0441\u0442\u0430\u043d\u0442\u0438\u043d \u0418\u0433\u0443\u043c\u043d\u043e\u0432 \u2013 Piano = \u0424\u043e\u0440\u0442\u0435\u043f\u0438\u0430\u043d\u043e Vinilin\u0117 Plok\u0161tel\u0117 | Vinilozona.lt\" \/>\n<meta property=\"og:description\" content=\"\u041c\u0435\u043b\u043e\u0434\u0438\u044f \u2013 \u041c 10 42483-86 Series: \u0418\u0437 \u0421\u043e\u043a\u0440\u043e\u0432\u0438\u0449\u043d\u0438\u0446\u044b \u041c\u0438\u0440\u043e\u0432\u043e\u0433\u043e \u0418\u0441\u043f\u043e\u043b\u043d\u0438\u0442\u0435\u043b\u044c\u0441\u043a\u043e\u0433\u043e \u0418\u0441\u043a\u0443\u0441\u0441\u0442\u0432\u0430 \u2013 II. \u0424\u043e\u0440\u0442\u0435\u043f\u0438\u0430\u043d\u043e, \u041a\u043b\u0430\u0432\u0435\u0441\u0438\u043d, \u041e\u0440\u0433\u0430\u043d Format:  2 x Vinyl, LP, Compilation, Mono, Gatefold Country: USSR Released: 1980\" \/>\n<meta property=\"og:url\" content=\"https:\/\/vinilozona.lt\/en\/parduotuve\/kita\/billie-holiday-\u200e-lover-man\/\" \/>\n<meta property=\"og:site_name\" content=\"Vinilo Zona\" \/>\n<meta property=\"article:modified_time\" content=\"2024-03-28T15:49:13+00:00\" \/>\n<meta property=\"og:image\" content=\"https:\/\/vinilozona.lt\/wp-content\/uploads\/2020\/01\/R-7218186-1436423991-2619.jpg\" \/>\n\t<meta property=\"og:image:width\" content=\"590\" \/>\n\t<meta property=\"og:image:height\" content=\"600\" \/>\n\t<meta property=\"og:image:type\" content=\"image\/jpeg\" \/>\n<meta name=\"twitter:card\" content=\"summary_large_image\" \/>\n<script type=\"application\/ld+json\" class=\"yoast-schema-graph\">{\"@context\":\"https:\/\/schema.org\",\"@graph\":[{\"@type\":\"WebPage\",\"@id\":\"https:\/\/vinilozona.lt\/en\/parduotuve\/kita\/billie-holiday-%e2%80%8e-lover-man\/\",\"url\":\"https:\/\/vinilozona.lt\/en\/parduotuve\/kita\/billie-holiday-%e2%80%8e-lover-man\/\",\"name\":\"Konstantin Igumnov = \u041a\u043e\u043d\u0441\u0442\u0430\u043d\u0442\u0438\u043d \u0418\u0433\u0443\u043c\u043d\u043e\u0432 \u2013 Piano = \u0424\u043e\u0440\u0442\u0435\u043f\u0438\u0430\u043d\u043e Vinilin\u0117 Plok\u0161tel\u0117 | Vinilozona.lt\",\"isPartOf\":{\"@id\":\"https:\/\/vinilozona.lt\/#website\"},\"primaryImageOfPage\":{\"@id\":\"https:\/\/vinilozona.lt\/en\/parduotuve\/kita\/billie-holiday-%e2%80%8e-lover-man\/#primaryimage\"},\"image\":{\"@id\":\"https:\/\/vinilozona.lt\/en\/parduotuve\/kita\/billie-holiday-%e2%80%8e-lover-man\/#primaryimage\"},\"thumbnailUrl\":\"https:\/\/vinilozona.lt\/wp-content\/uploads\/2020\/01\/R-7218186-1436423991-2619.jpg\",\"datePublished\":\"2024-03-28T03:00:06+00:00\",\"dateModified\":\"2024-03-28T15:49:13+00:00\",\"breadcrumb\":{\"@id\":\"https:\/\/vinilozona.lt\/en\/parduotuve\/kita\/billie-holiday-%e2%80%8e-lover-man\/#breadcrumb\"},\"inLanguage\":\"en-GB\",\"potentialAction\":[{\"@type\":\"ReadAction\",\"target\":[\"https:\/\/vinilozona.lt\/en\/parduotuve\/kita\/billie-holiday-%e2%80%8e-lover-man\/\"]}]},{\"@type\":\"ImageObject\",\"inLanguage\":\"en-GB\",\"@id\":\"https:\/\/vinilozona.lt\/en\/parduotuve\/kita\/billie-holiday-%e2%80%8e-lover-man\/#primaryimage\",\"url\":\"https:\/\/vinilozona.lt\/wp-content\/uploads\/2020\/01\/R-7218186-1436423991-2619.jpg\",\"contentUrl\":\"https:\/\/vinilozona.lt\/wp-content\/uploads\/2020\/01\/R-7218186-1436423991-2619.jpg\",\"width\":590,\"height\":600},{\"@type\":\"BreadcrumbList\",\"@id\":\"https:\/\/vinilozona.lt\/en\/parduotuve\/kita\/billie-holiday-%e2%80%8e-lover-man\/#breadcrumb\",\"itemListElement\":[{\"@type\":\"ListItem\",\"position\":1,\"name\":\"Home\",\"item\":\"https:\/\/vinilozona.lt\/\"},{\"@type\":\"ListItem\",\"position\":2,\"name\":\"Parduotuv\u0117\",\"item\":\"https:\/\/vinilozona.lt\/parduotuve\/\"},{\"@type\":\"ListItem\",\"position\":3,\"name\":\"Konstantin Igumnov = \u041a\u043e\u043d\u0441\u0442\u0430\u043d\u0442\u0438\u043d \u0418\u0433\u0443\u043c\u043d\u043e\u0432 \u2013 Piano = \u0424\u043e\u0440\u0442\u0435\u043f\u0438\u0430\u043d\u043e\"}]},{\"@type\":\"WebSite\",\"@id\":\"https:\/\/vinilozona.lt\/#website\",\"url\":\"https:\/\/vinilozona.lt\/\",\"name\":\"Vinilo Zona\",\"description\":\"Nup\u016bsk dulkes ir klausyk LP\",\"potentialAction\":[{\"@type\":\"SearchAction\",\"target\":{\"@type\":\"EntryPoint\",\"urlTemplate\":\"https:\/\/vinilozona.lt\/?s={search_term_string}\"},\"query-input\":{\"@type\":\"PropertyValueSpecification\",\"valueRequired\":true,\"valueName\":\"search_term_string\"}}],\"inLanguage\":\"en-GB\"}]}<\/script>\n<!-- \/ Yoast SEO plugin. -->","yoast_head_json":{"title":"Konstantin Igumnov = \u041a\u043e\u043d\u0441\u0442\u0430\u043d\u0442\u0438\u043d \u0418\u0433\u0443\u043c\u043d\u043e\u0432 \u2013 Piano = \u0424\u043e\u0440\u0442\u0435\u043f\u0438\u0430\u043d\u043e Vinilin\u0117 Plok\u0161tel\u0117 | Vinilozona.lt","robots":{"index":"index","follow":"follow","max-snippet":"max-snippet:-1","max-image-preview":"max-image-preview:large","max-video-preview":"max-video-preview:-1"},"canonical":"https:\/\/vinilozona.lt\/en\/parduotuve\/kita\/billie-holiday-\u200e-lover-man\/","og_locale":"en_GB","og_type":"article","og_title":"Konstantin Igumnov = \u041a\u043e\u043d\u0441\u0442\u0430\u043d\u0442\u0438\u043d \u0418\u0433\u0443\u043c\u043d\u043e\u0432 \u2013 Piano = \u0424\u043e\u0440\u0442\u0435\u043f\u0438\u0430\u043d\u043e Vinilin\u0117 Plok\u0161tel\u0117 | Vinilozona.lt","og_description":"\u041c\u0435\u043b\u043e\u0434\u0438\u044f \u2013 \u041c 10 42483-86 Series: \u0418\u0437 \u0421\u043e\u043a\u0440\u043e\u0432\u0438\u0449\u043d\u0438\u0446\u044b \u041c\u0438\u0440\u043e\u0432\u043e\u0433\u043e \u0418\u0441\u043f\u043e\u043b\u043d\u0438\u0442\u0435\u043b\u044c\u0441\u043a\u043e\u0433\u043e \u0418\u0441\u043a\u0443\u0441\u0441\u0442\u0432\u0430 \u2013 II. \u0424\u043e\u0440\u0442\u0435\u043f\u0438\u0430\u043d\u043e, \u041a\u043b\u0430\u0432\u0435\u0441\u0438\u043d, \u041e\u0440\u0433\u0430\u043d Format:  2 x Vinyl, LP, Compilation, Mono, Gatefold Country: USSR Released: 1980","og_url":"https:\/\/vinilozona.lt\/en\/parduotuve\/kita\/billie-holiday-\u200e-lover-man\/","og_site_name":"Vinilo Zona","article_modified_time":"2024-03-28T15:49:13+00:00","og_image":[{"width":590,"height":600,"url":"https:\/\/vinilozona.lt\/wp-content\/uploads\/2020\/01\/R-7218186-1436423991-2619.jpg","type":"image\/jpeg"}],"twitter_card":"summary_large_image","schema":{"@context":"https:\/\/schema.org","@graph":[{"@type":"WebPage","@id":"https:\/\/vinilozona.lt\/en\/parduotuve\/kita\/billie-holiday-%e2%80%8e-lover-man\/","url":"https:\/\/vinilozona.lt\/en\/parduotuve\/kita\/billie-holiday-%e2%80%8e-lover-man\/","name":"Konstantin Igumnov = \u041a\u043e\u043d\u0441\u0442\u0430\u043d\u0442\u0438\u043d \u0418\u0433\u0443\u043c\u043d\u043e\u0432 \u2013 Piano = \u0424\u043e\u0440\u0442\u0435\u043f\u0438\u0430\u043d\u043e Vinilin\u0117 Plok\u0161tel\u0117 | Vinilozona.lt","isPartOf":{"@id":"https:\/\/vinilozona.lt\/#website"},"primaryImageOfPage":{"@id":"https:\/\/vinilozona.lt\/en\/parduotuve\/kita\/billie-holiday-%e2%80%8e-lover-man\/#primaryimage"},"image":{"@id":"https:\/\/vinilozona.lt\/en\/parduotuve\/kita\/billie-holiday-%e2%80%8e-lover-man\/#primaryimage"},"thumbnailUrl":"https:\/\/vinilozona.lt\/wp-content\/uploads\/2020\/01\/R-7218186-1436423991-2619.jpg","datePublished":"2024-03-28T03:00:06+00:00","dateModified":"2024-03-28T15:49:13+00:00","breadcrumb":{"@id":"https:\/\/vinilozona.lt\/en\/parduotuve\/kita\/billie-holiday-%e2%80%8e-lover-man\/#breadcrumb"},"inLanguage":"en-GB","potentialAction":[{"@type":"ReadAction","target":["https:\/\/vinilozona.lt\/en\/parduotuve\/kita\/billie-holiday-%e2%80%8e-lover-man\/"]}]},{"@type":"ImageObject","inLanguage":"en-GB","@id":"https:\/\/vinilozona.lt\/en\/parduotuve\/kita\/billie-holiday-%e2%80%8e-lover-man\/#primaryimage","url":"https:\/\/vinilozona.lt\/wp-content\/uploads\/2020\/01\/R-7218186-1436423991-2619.jpg","contentUrl":"https:\/\/vinilozona.lt\/wp-content\/uploads\/2020\/01\/R-7218186-1436423991-2619.jpg","width":590,"height":600},{"@type":"BreadcrumbList","@id":"https:\/\/vinilozona.lt\/en\/parduotuve\/kita\/billie-holiday-%e2%80%8e-lover-man\/#breadcrumb","itemListElement":[{"@type":"ListItem","position":1,"name":"Home","item":"https:\/\/vinilozona.lt\/"},{"@type":"ListItem","position":2,"name":"Parduotuv\u0117","item":"https:\/\/vinilozona.lt\/parduotuve\/"},{"@type":"ListItem","position":3,"name":"Konstantin Igumnov = \u041a\u043e\u043d\u0441\u0442\u0430\u043d\u0442\u0438\u043d \u0418\u0433\u0443\u043c\u043d\u043e\u0432 \u2013 Piano = \u0424\u043e\u0440\u0442\u0435\u043f\u0438\u0430\u043d\u043e"}]},{"@type":"WebSite","@id":"https:\/\/vinilozona.lt\/#website","url":"https:\/\/vinilozona.lt\/","name":"Vinilo Zona","description":"Nup\u016bsk dulkes ir klausyk LP","potentialAction":[{"@type":"SearchAction","target":{"@type":"EntryPoint","urlTemplate":"https:\/\/vinilozona.lt\/?s={search_term_string}"},"query-input":{"@type":"PropertyValueSpecification","valueRequired":true,"valueName":"search_term_string"}}],"inLanguage":"en-GB"}]}},"_links":{"self":[{"href":"https:\/\/vinilozona.lt\/en\/wp-json\/wp\/v2\/product\/2720"}],"collection":[{"href":"https:\/\/vinilozona.lt\/en\/wp-json\/wp\/v2\/product"}],"about":[{"href":"https:\/\/vinilozona.lt\/en\/wp-json\/wp\/v2\/types\/product"}],"wp:featuredmedia":[{"embeddable":true,"href":"https:\/\/vinilozona.lt\/en\/wp-json\/wp\/v2\/media\/24584"}],"wp:attachment":[{"href":"https:\/\/vinilozona.lt\/en\/wp-json\/wp\/v2\/media?parent=2720"}],"wp:term":[{"taxonomy":"product_cat","embeddable":true,"href":"https:\/\/vinilozona.lt\/en\/wp-json\/wp\/v2\/product_cat?post=2720"},{"taxonomy":"product_tag","embeddable":true,"href":"https:\/\/vinilozona.lt\/en\/wp-json\/wp\/v2\/product_tag?post=2720"}],"curies":[{"name":"wp","href":"https:\/\/api.w.org\/{rel}","templated":true}]}}