{"id":27185,"date":"2025-01-15T05:14:28","date_gmt":"2025-01-15T03:14:28","guid":{"rendered":"https:\/\/vinilozona.lt\/?post_type=product&#038;p=27185"},"modified":"2026-02-25T07:11:32","modified_gmt":"2026-02-25T05:11:32","slug":"grieg-sibelius-berliner-philharmoniker-herbert-von-karajan-peer-gynt-suites-1-2-pelleas-et-melisande","status":"publish","type":"product","link":"https:\/\/vinilozona.lt\/en\/parduotuve\/classic\/grieg-sibelius-berliner-philharmoniker-herbert-von-karajan-peer-gynt-suites-1-2-pelleas-et-melisande\/","title":{"rendered":"Ludwig van Beethoven &#8211; Berliner Solisten, Berliner Singakademie, Dietrich Knothe \u2013 Kanons, Epigramme und Scherze"},"content":{"rendered":"<p>A1\t\tLob Auf Den Dicken WoO 100 Musikalischer Scherz<br \/>\nA2\t\tEsel Aller Esel, Hi Ha Hess 277 Kanon A 2 Mit Freier Zusatzstimme<br \/>\nA3\t\tGraf, Liebster Graf, Liebstes Schaf WoO 101 Musikalischer Scherz<br \/>\nA4\t\tHerr Graf, Ich Komme Zu Fragen Hess 276 Kanon A 3<br \/>\nA5\t\tBester Herr Graf, Sie Sind Ein Schaf WoO 183 Kanon A 4<br \/>\nA6\t\tEs Mu\u00df Sein WoO 196 Kanon A 4<br \/>\nA7\t\tInstrumentalkanon G-dur Hess 274 A 2<br \/>\nA8\t\tDa Ist Das Werk, Sorgt Um Das Geld! WoO 197 Kanon A 5<br \/>\nA9\t\tGlaube Und Hoffe WoO 174 Kanonartiger Satz A 4<br \/>\nA10\t\tAuf Einen, Welcher Hoffmann Gehei\u00dfen WoO 180 (Hoffmann, Sei Ja Kein Hofmann) Kanon A 2<br \/>\nA11\t\tAnglaise D-dur Hess 61 F\u00fcr Klavier<br \/>\nA12\t\tRasch Tritt Der Tod Den Menschen An WoO 104 (Gesang Der M\u00f6nche Aus Schillers ,,Wilhelm Tell&#8221;)<br \/>\nA13\t\tIch War Hier, Doktor, Ich War Hier WoO 190 R\u00e4tselkanon A 2<br \/>\nA14\t\tSignor Abate WoO 178 Kanon A 3<br \/>\nA15\t\tKurz Ist Der Schmerz, Und Ewig Ist Die Freude WoO 163 (Text: Friedrich von Schiller) Kanon A 3<br \/>\nA16\t\tHol&#8217; Euch Der Teufel! B&#8217;h\u00fct Euch Gott! WoO 173 R\u00e4tselkanon A 2<br \/>\nA17\t\tGott Ist Eine Feste Burg WoO 188 R\u00e4tselkanon A 2<br \/>\nA18\t\tSankt Petrus War Ein Fels \/ Bernardus War Ein Sankt WoO 175 Epigramm A 4<br \/>\nA19\t\tTugend Ist Kein Leerer Name WoO 181 Nr.3 Kanon A 3<br \/>\nA20\t\tEdel Sei Der Mensch, H\u00fclfreich Und Gut WoO 185 (Text: Johann Wolfgang von Goethe) Kanon A 6<br \/>\nA21\t\tBester Magistrat, Ihr Friert WoO 177 Kanon F\u00fcr 2 M\u00e4nnerstimmen Und 2 Kontrab\u00e4sse<br \/>\nA22\t\tK\u00fchl, Nicht Lau WoO 191 Kanon A 3<br \/>\nA23\t\tWir Irren Allesamt, Nur Jeder Irret Anders WoO 198 R\u00e4tselkanon A 2<br \/>\nA24\t\tAuf Einen, Welcher Schwenke Gehei\u00dfen WoO 187 (Schwenke Dich Ohne Schw\u00e4nke) Kanon A 4<br \/>\nA25\t\tBrauchle, Linke WoO 167 Kanon a 4<br \/>\nA26\t\tO Tobias! WoO 182 Kanon A 3<br \/>\nA27\t\tGedenket Heute An Baden WoO 181 Nr.1 Kanon A 4<br \/>\nB1\t\tSeiner Kaiserlichen Hoheit &#8230; Alles Gute, Alles Sch\u00f6ne WoO 179 Einleitung Und Kanon A 4<br \/>\nB2\t\tGl\u00fcck Fehl&#8217; Dir Vor Allem WoO 171 Kanon A 4<br \/>\nB3\t\tGehabt Euch Wohl WoO 181 Nr.2 Kanon A 4<br \/>\nB4\t\tFreu Dich Des Lebens WoO 195 Kanon A 2<br \/>\nB5\t\tGl\u00fcck Zum Neuen Jahr WoO 165 Kanon A 4<br \/>\nB6\t\tInstrumentalkanon As-dur Hess 275 A 2<br \/>\nB7\t\tIm Arm Der Liebe Ruht Sich&#8217;s Wohl WoO 159 Kanon A 3<br \/>\nB8\t\tIch K\u00fcsse Sie WoO 169 Epigramm<br \/>\nB9\t\tLanguisco E Moro Hess 229 Kanon A 2<br \/>\nB10\t\tTe Solo Adoro WoO 186 (Text: Pietro Metastasio) Kanon A 2<br \/>\nB11\t\tEwig Dein WoO 161 Kanon A 3<br \/>\nB12\t\tFreundschaft Ist Die Quelle Wahrer Gl\u00fcckseligkeit WoO 164 Kanon A 3<br \/>\nB13\t\tInstrumentalkanon C-dur WoO 160 Nr.2 A 4<br \/>\nB14\t\tTa Ta Ta, Lieber M\u00e4lzel WoO 162 Kanon A 4<br \/>\nB15\t\tIch Bitt&#8217; Dich, Schreib Mir Die Es-Scala Auf WoO 172 Kanon A 3<br \/>\nB16\t\tArs Longa, Vita Brevis WoO 192 (Text: Lucius Annaeus Seneca) R\u00e4tselkanon A 4<br \/>\nB17\t\tInstrumentalkanon G-dur WoO 160 Nr.1 A 3<br \/>\nB18\t\tDas Schweigen WoO 168 Nr.1 (Text: Johann Gottfried Herder) R\u00e4tselkanon A 3<br \/>\nB19\t\tDas Reden WoO 168 Nr.2 Kanon A 3<br \/>\nB20\t\tFalstafferel, La\u00df Dich Sehen WoO 184 Kanon A 5<br \/>\nB21\t\tAllegro A-dur WoO 34 F\u00fcr Zwei Violinen<br \/>\nB22\t\tAbschiedsgesang WoO 102 (Text: Ignaz von Seyfried)<\/p>","protected":false},"excerpt":{"rendered":"<p>ETERNA \u2013 8 26 917<br \/>\nSeries:<br \/>\nLudwig van Beethoven Gesamtausgabe<br \/>\nFormat:<br \/>\nVinyl, LP, Stereo<br \/>\nCountry:<br \/>\nGerman Democratic Republic (GDR)<br \/>\nReleased:<br \/>\n1977<\/p>","protected":false},"featured_media":30522,"template":"","meta":[],"product_cat":[22],"product_tag":[44],"yoast_head":"<!-- This site is optimized with the Yoast SEO plugin v23.5 - https:\/\/yoast.com\/wordpress\/plugins\/seo\/ -->\n<title>Ludwig van Beethoven - Berliner Solisten, Berliner Singakademie, Dietrich Knothe \u2013 Kanons, Epigramme und Scherze Vinilin\u0117 Plok\u0161tel\u0117 | Vinilozona.lt<\/title>\n<meta name=\"robots\" content=\"index, follow, max-snippet:-1, max-image-preview:large, max-video-preview:-1\" \/>\n<link rel=\"canonical\" href=\"https:\/\/vinilozona.lt\/en\/parduotuve\/classic\/grieg-sibelius-berliner-philharmoniker-herbert-von-karajan-peer-gynt-suites-1-2-pelleas-et-melisande\/\" \/>\n<meta property=\"og:locale\" content=\"en_GB\" \/>\n<meta property=\"og:type\" content=\"article\" \/>\n<meta property=\"og:title\" content=\"Ludwig van Beethoven - Berliner Solisten, Berliner Singakademie, Dietrich Knothe \u2013 Kanons, Epigramme und Scherze Vinilin\u0117 Plok\u0161tel\u0117 | Vinilozona.lt\" \/>\n<meta property=\"og:description\" content=\"ETERNA \u2013 8 26 917 Series: Ludwig van Beethoven Gesamtausgabe Format: Vinyl, LP, Stereo Country: German Democratic Republic (GDR) Released: 1977\" \/>\n<meta property=\"og:url\" content=\"https:\/\/vinilozona.lt\/en\/parduotuve\/classic\/grieg-sibelius-berliner-philharmoniker-herbert-von-karajan-peer-gynt-suites-1-2-pelleas-et-melisande\/\" \/>\n<meta property=\"og:site_name\" content=\"Vinilo Zona\" \/>\n<meta property=\"article:modified_time\" content=\"2026-02-25T05:11:32+00:00\" \/>\n<meta property=\"og:image\" content=\"https:\/\/vinilozona.lt\/wp-content\/uploads\/2025\/01\/R-10112186-1703617324-4532.jpg\" \/>\n\t<meta property=\"og:image:width\" content=\"600\" \/>\n\t<meta property=\"og:image:height\" content=\"600\" \/>\n\t<meta property=\"og:image:type\" content=\"image\/jpeg\" \/>\n<meta name=\"twitter:card\" content=\"summary_large_image\" \/>\n<meta name=\"twitter:label1\" content=\"Estimated reading time\" \/>\n\t<meta name=\"twitter:data1\" content=\"1 minute\" \/>\n<script type=\"application\/ld+json\" class=\"yoast-schema-graph\">{\"@context\":\"https:\/\/schema.org\",\"@graph\":[{\"@type\":\"WebPage\",\"@id\":\"https:\/\/vinilozona.lt\/parduotuve\/classic\/grieg-sibelius-berliner-philharmoniker-herbert-von-karajan-peer-gynt-suites-1-2-pelleas-et-melisande\/\",\"url\":\"https:\/\/vinilozona.lt\/parduotuve\/classic\/grieg-sibelius-berliner-philharmoniker-herbert-von-karajan-peer-gynt-suites-1-2-pelleas-et-melisande\/\",\"name\":\"Ludwig van Beethoven - Berliner Solisten, Berliner Singakademie, Dietrich Knothe \u2013 Kanons, Epigramme und Scherze Vinilin\u0117 Plok\u0161tel\u0117 | Vinilozona.lt\",\"isPartOf\":{\"@id\":\"https:\/\/vinilozona.lt\/#website\"},\"primaryImageOfPage\":{\"@id\":\"https:\/\/vinilozona.lt\/parduotuve\/classic\/grieg-sibelius-berliner-philharmoniker-herbert-von-karajan-peer-gynt-suites-1-2-pelleas-et-melisande\/#primaryimage\"},\"image\":{\"@id\":\"https:\/\/vinilozona.lt\/parduotuve\/classic\/grieg-sibelius-berliner-philharmoniker-herbert-von-karajan-peer-gynt-suites-1-2-pelleas-et-melisande\/#primaryimage\"},\"thumbnailUrl\":\"https:\/\/vinilozona.lt\/wp-content\/uploads\/2025\/01\/R-10112186-1703617324-4532.jpg\",\"datePublished\":\"2025-01-15T03:14:28+00:00\",\"dateModified\":\"2026-02-25T05:11:32+00:00\",\"breadcrumb\":{\"@id\":\"https:\/\/vinilozona.lt\/parduotuve\/classic\/grieg-sibelius-berliner-philharmoniker-herbert-von-karajan-peer-gynt-suites-1-2-pelleas-et-melisande\/#breadcrumb\"},\"inLanguage\":\"en-GB\",\"potentialAction\":[{\"@type\":\"ReadAction\",\"target\":[\"https:\/\/vinilozona.lt\/parduotuve\/classic\/grieg-sibelius-berliner-philharmoniker-herbert-von-karajan-peer-gynt-suites-1-2-pelleas-et-melisande\/\"]}]},{\"@type\":\"ImageObject\",\"inLanguage\":\"en-GB\",\"@id\":\"https:\/\/vinilozona.lt\/parduotuve\/classic\/grieg-sibelius-berliner-philharmoniker-herbert-von-karajan-peer-gynt-suites-1-2-pelleas-et-melisande\/#primaryimage\",\"url\":\"https:\/\/vinilozona.lt\/wp-content\/uploads\/2025\/01\/R-10112186-1703617324-4532.jpg\",\"contentUrl\":\"https:\/\/vinilozona.lt\/wp-content\/uploads\/2025\/01\/R-10112186-1703617324-4532.jpg\",\"width\":600,\"height\":600},{\"@type\":\"BreadcrumbList\",\"@id\":\"https:\/\/vinilozona.lt\/parduotuve\/classic\/grieg-sibelius-berliner-philharmoniker-herbert-von-karajan-peer-gynt-suites-1-2-pelleas-et-melisande\/#breadcrumb\",\"itemListElement\":[{\"@type\":\"ListItem\",\"position\":1,\"name\":\"Home\",\"item\":\"https:\/\/vinilozona.lt\/\"},{\"@type\":\"ListItem\",\"position\":2,\"name\":\"Parduotuv\u0117\",\"item\":\"https:\/\/vinilozona.lt\/parduotuve\/\"},{\"@type\":\"ListItem\",\"position\":3,\"name\":\"Ludwig van Beethoven &#8211; Berliner Solisten, Berliner Singakademie, Dietrich Knothe \u2013 Kanons, Epigramme und Scherze\"}]},{\"@type\":\"WebSite\",\"@id\":\"https:\/\/vinilozona.lt\/#website\",\"url\":\"https:\/\/vinilozona.lt\/\",\"name\":\"Vinilo Zona\",\"description\":\"Nup\u016bsk dulkes ir klausyk LP\",\"potentialAction\":[{\"@type\":\"SearchAction\",\"target\":{\"@type\":\"EntryPoint\",\"urlTemplate\":\"https:\/\/vinilozona.lt\/?s={search_term_string}\"},\"query-input\":{\"@type\":\"PropertyValueSpecification\",\"valueRequired\":true,\"valueName\":\"search_term_string\"}}],\"inLanguage\":\"en-GB\"}]}<\/script>\n<!-- \/ Yoast SEO plugin. -->","yoast_head_json":{"title":"Ludwig van Beethoven - Berliner Solisten, Berliner Singakademie, Dietrich Knothe \u2013 Kanons, Epigramme und Scherze Vinilin\u0117 Plok\u0161tel\u0117 | Vinilozona.lt","robots":{"index":"index","follow":"follow","max-snippet":"max-snippet:-1","max-image-preview":"max-image-preview:large","max-video-preview":"max-video-preview:-1"},"canonical":"https:\/\/vinilozona.lt\/en\/parduotuve\/classic\/grieg-sibelius-berliner-philharmoniker-herbert-von-karajan-peer-gynt-suites-1-2-pelleas-et-melisande\/","og_locale":"en_GB","og_type":"article","og_title":"Ludwig van Beethoven - Berliner Solisten, Berliner Singakademie, Dietrich Knothe \u2013 Kanons, Epigramme und Scherze Vinilin\u0117 Plok\u0161tel\u0117 | Vinilozona.lt","og_description":"ETERNA \u2013 8 26 917 Series: Ludwig van Beethoven Gesamtausgabe Format: Vinyl, LP, Stereo Country: German Democratic Republic (GDR) Released: 1977","og_url":"https:\/\/vinilozona.lt\/en\/parduotuve\/classic\/grieg-sibelius-berliner-philharmoniker-herbert-von-karajan-peer-gynt-suites-1-2-pelleas-et-melisande\/","og_site_name":"Vinilo Zona","article_modified_time":"2026-02-25T05:11:32+00:00","og_image":[{"width":600,"height":600,"url":"https:\/\/vinilozona.lt\/wp-content\/uploads\/2025\/01\/R-10112186-1703617324-4532.jpg","type":"image\/jpeg"}],"twitter_card":"summary_large_image","twitter_misc":{"Estimated reading time":"1 minute"},"schema":{"@context":"https:\/\/schema.org","@graph":[{"@type":"WebPage","@id":"https:\/\/vinilozona.lt\/parduotuve\/classic\/grieg-sibelius-berliner-philharmoniker-herbert-von-karajan-peer-gynt-suites-1-2-pelleas-et-melisande\/","url":"https:\/\/vinilozona.lt\/parduotuve\/classic\/grieg-sibelius-berliner-philharmoniker-herbert-von-karajan-peer-gynt-suites-1-2-pelleas-et-melisande\/","name":"Ludwig van Beethoven - Berliner Solisten, Berliner Singakademie, Dietrich Knothe \u2013 Kanons, Epigramme und Scherze Vinilin\u0117 Plok\u0161tel\u0117 | Vinilozona.lt","isPartOf":{"@id":"https:\/\/vinilozona.lt\/#website"},"primaryImageOfPage":{"@id":"https:\/\/vinilozona.lt\/parduotuve\/classic\/grieg-sibelius-berliner-philharmoniker-herbert-von-karajan-peer-gynt-suites-1-2-pelleas-et-melisande\/#primaryimage"},"image":{"@id":"https:\/\/vinilozona.lt\/parduotuve\/classic\/grieg-sibelius-berliner-philharmoniker-herbert-von-karajan-peer-gynt-suites-1-2-pelleas-et-melisande\/#primaryimage"},"thumbnailUrl":"https:\/\/vinilozona.lt\/wp-content\/uploads\/2025\/01\/R-10112186-1703617324-4532.jpg","datePublished":"2025-01-15T03:14:28+00:00","dateModified":"2026-02-25T05:11:32+00:00","breadcrumb":{"@id":"https:\/\/vinilozona.lt\/parduotuve\/classic\/grieg-sibelius-berliner-philharmoniker-herbert-von-karajan-peer-gynt-suites-1-2-pelleas-et-melisande\/#breadcrumb"},"inLanguage":"en-GB","potentialAction":[{"@type":"ReadAction","target":["https:\/\/vinilozona.lt\/parduotuve\/classic\/grieg-sibelius-berliner-philharmoniker-herbert-von-karajan-peer-gynt-suites-1-2-pelleas-et-melisande\/"]}]},{"@type":"ImageObject","inLanguage":"en-GB","@id":"https:\/\/vinilozona.lt\/parduotuve\/classic\/grieg-sibelius-berliner-philharmoniker-herbert-von-karajan-peer-gynt-suites-1-2-pelleas-et-melisande\/#primaryimage","url":"https:\/\/vinilozona.lt\/wp-content\/uploads\/2025\/01\/R-10112186-1703617324-4532.jpg","contentUrl":"https:\/\/vinilozona.lt\/wp-content\/uploads\/2025\/01\/R-10112186-1703617324-4532.jpg","width":600,"height":600},{"@type":"BreadcrumbList","@id":"https:\/\/vinilozona.lt\/parduotuve\/classic\/grieg-sibelius-berliner-philharmoniker-herbert-von-karajan-peer-gynt-suites-1-2-pelleas-et-melisande\/#breadcrumb","itemListElement":[{"@type":"ListItem","position":1,"name":"Home","item":"https:\/\/vinilozona.lt\/"},{"@type":"ListItem","position":2,"name":"Parduotuv\u0117","item":"https:\/\/vinilozona.lt\/parduotuve\/"},{"@type":"ListItem","position":3,"name":"Ludwig van Beethoven &#8211; Berliner Solisten, Berliner Singakademie, Dietrich Knothe \u2013 Kanons, Epigramme und Scherze"}]},{"@type":"WebSite","@id":"https:\/\/vinilozona.lt\/#website","url":"https:\/\/vinilozona.lt\/","name":"Vinilo Zona","description":"Nup\u016bsk dulkes ir klausyk LP","potentialAction":[{"@type":"SearchAction","target":{"@type":"EntryPoint","urlTemplate":"https:\/\/vinilozona.lt\/?s={search_term_string}"},"query-input":{"@type":"PropertyValueSpecification","valueRequired":true,"valueName":"search_term_string"}}],"inLanguage":"en-GB"}]}},"_links":{"self":[{"href":"https:\/\/vinilozona.lt\/en\/wp-json\/wp\/v2\/product\/27185"}],"collection":[{"href":"https:\/\/vinilozona.lt\/en\/wp-json\/wp\/v2\/product"}],"about":[{"href":"https:\/\/vinilozona.lt\/en\/wp-json\/wp\/v2\/types\/product"}],"wp:featuredmedia":[{"embeddable":true,"href":"https:\/\/vinilozona.lt\/en\/wp-json\/wp\/v2\/media\/30522"}],"wp:attachment":[{"href":"https:\/\/vinilozona.lt\/en\/wp-json\/wp\/v2\/media?parent=27185"}],"wp:term":[{"taxonomy":"product_cat","embeddable":true,"href":"https:\/\/vinilozona.lt\/en\/wp-json\/wp\/v2\/product_cat?post=27185"},{"taxonomy":"product_tag","embeddable":true,"href":"https:\/\/vinilozona.lt\/en\/wp-json\/wp\/v2\/product_tag?post=27185"}],"curies":[{"name":"wp","href":"https:\/\/api.w.org\/{rel}","templated":true}]}}