{"id":27129,"date":"2025-01-09T05:01:18","date_gmt":"2025-01-09T03:01:18","guid":{"rendered":"https:\/\/vinilozona.lt\/?post_type=product&#038;p=27129"},"modified":"2025-01-09T06:38:42","modified_gmt":"2025-01-09T04:38:42","slug":"jimmy-rushing-rushing-lullabies","status":"publish","type":"product","link":"https:\/\/vinilozona.lt\/en\/parduotuve\/jazz\/jimmy-rushing-rushing-lullabies\/","title":{"rendered":"Jimmy Rushing \u2013 Rushing Lullabies"},"content":{"rendered":"<p>You Can&#8217;t Run Around\t3:10<br \/>\nSay You Don&#8217;t Mean It\t2:30<br \/>\n&#8216;Deed I Do\t2:48<br \/>\nPink Champagne\t2:37<br \/>\nDid You Ever\t3:28<br \/>\nI Cried For You\t3:59<br \/>\nThree Long Years\t3:14<br \/>\nI Can&#8217;t Believe That You&#8217;re In Love With Me\t5:50<br \/>\nGood Rockin&#8217; Tonight\t3:10<br \/>\nOne Evening\t2:25<br \/>\nRussian Lullaby\t5:40<\/p>","protected":false},"excerpt":{"rendered":"<p>Columbia \u2013 CL 1401<br \/>\nFormat:<br \/>\nVinyl, LP, Mono, Album, Reissue, 180g Virgin Vinyl<br \/>\nCountry:<br \/>\nUS<br \/>\nReleased:<br \/>\n2006<\/p>","protected":false},"featured_media":27130,"template":"","meta":[],"product_cat":[20],"product_tag":[44],"yoast_head":"<!-- This site is optimized with the Yoast SEO plugin v23.5 - https:\/\/yoast.com\/wordpress\/plugins\/seo\/ -->\n<title>Jimmy Rushing \u2013 Rushing Lullabies Vinilin\u0117 Plok\u0161tel\u0117 | Vinilozona.lt<\/title>\n<meta name=\"robots\" content=\"index, follow, max-snippet:-1, max-image-preview:large, max-video-preview:-1\" \/>\n<link rel=\"canonical\" href=\"https:\/\/vinilozona.lt\/en\/parduotuve\/jazz\/jimmy-rushing-rushing-lullabies\/\" \/>\n<meta property=\"og:locale\" content=\"en_GB\" \/>\n<meta property=\"og:type\" content=\"article\" \/>\n<meta property=\"og:title\" content=\"Jimmy Rushing \u2013 Rushing Lullabies Vinilin\u0117 Plok\u0161tel\u0117 | Vinilozona.lt\" \/>\n<meta property=\"og:description\" content=\"Columbia \u2013 CL 1401 Format: Vinyl, LP, Mono, Album, Reissue, 180g Virgin Vinyl Country: US Released: 2006\" \/>\n<meta property=\"og:url\" content=\"https:\/\/vinilozona.lt\/en\/parduotuve\/jazz\/jimmy-rushing-rushing-lullabies\/\" \/>\n<meta property=\"og:site_name\" content=\"Vinilo Zona\" \/>\n<meta property=\"article:modified_time\" content=\"2025-01-09T04:38:42+00:00\" \/>\n<meta property=\"og:image\" content=\"https:\/\/vinilozona.lt\/wp-content\/uploads\/2025\/01\/R-4828781-1411640214-1136.jpg\" \/>\n\t<meta property=\"og:image:width\" content=\"225\" \/>\n\t<meta property=\"og:image:height\" content=\"225\" \/>\n\t<meta property=\"og:image:type\" content=\"image\/jpeg\" \/>\n<meta name=\"twitter:card\" content=\"summary_large_image\" \/>\n<meta name=\"twitter:label1\" content=\"Estimated reading time\" \/>\n\t<meta name=\"twitter:data1\" content=\"2 minutes\" \/>\n<script type=\"application\/ld+json\" class=\"yoast-schema-graph\">{\"@context\":\"https:\/\/schema.org\",\"@graph\":[{\"@type\":\"WebPage\",\"@id\":\"https:\/\/vinilozona.lt\/parduotuve\/jazz\/jimmy-rushing-rushing-lullabies\/\",\"url\":\"https:\/\/vinilozona.lt\/parduotuve\/jazz\/jimmy-rushing-rushing-lullabies\/\",\"name\":\"Jimmy Rushing \u2013 Rushing Lullabies Vinilin\u0117 Plok\u0161tel\u0117 | Vinilozona.lt\",\"isPartOf\":{\"@id\":\"https:\/\/vinilozona.lt\/#website\"},\"primaryImageOfPage\":{\"@id\":\"https:\/\/vinilozona.lt\/parduotuve\/jazz\/jimmy-rushing-rushing-lullabies\/#primaryimage\"},\"image\":{\"@id\":\"https:\/\/vinilozona.lt\/parduotuve\/jazz\/jimmy-rushing-rushing-lullabies\/#primaryimage\"},\"thumbnailUrl\":\"https:\/\/vinilozona.lt\/wp-content\/uploads\/2025\/01\/R-4828781-1411640214-1136.jpg\",\"datePublished\":\"2025-01-09T03:01:18+00:00\",\"dateModified\":\"2025-01-09T04:38:42+00:00\",\"breadcrumb\":{\"@id\":\"https:\/\/vinilozona.lt\/parduotuve\/jazz\/jimmy-rushing-rushing-lullabies\/#breadcrumb\"},\"inLanguage\":\"en-GB\",\"potentialAction\":[{\"@type\":\"ReadAction\",\"target\":[\"https:\/\/vinilozona.lt\/parduotuve\/jazz\/jimmy-rushing-rushing-lullabies\/\"]}]},{\"@type\":\"ImageObject\",\"inLanguage\":\"en-GB\",\"@id\":\"https:\/\/vinilozona.lt\/parduotuve\/jazz\/jimmy-rushing-rushing-lullabies\/#primaryimage\",\"url\":\"https:\/\/vinilozona.lt\/wp-content\/uploads\/2025\/01\/R-4828781-1411640214-1136.jpg\",\"contentUrl\":\"https:\/\/vinilozona.lt\/wp-content\/uploads\/2025\/01\/R-4828781-1411640214-1136.jpg\",\"width\":225,\"height\":225},{\"@type\":\"BreadcrumbList\",\"@id\":\"https:\/\/vinilozona.lt\/parduotuve\/jazz\/jimmy-rushing-rushing-lullabies\/#breadcrumb\",\"itemListElement\":[{\"@type\":\"ListItem\",\"position\":1,\"name\":\"Home\",\"item\":\"https:\/\/vinilozona.lt\/\"},{\"@type\":\"ListItem\",\"position\":2,\"name\":\"Parduotuv\u0117\",\"item\":\"https:\/\/vinilozona.lt\/parduotuve\/\"},{\"@type\":\"ListItem\",\"position\":3,\"name\":\"Jimmy Rushing \u2013 Rushing Lullabies\"}]},{\"@type\":\"WebSite\",\"@id\":\"https:\/\/vinilozona.lt\/#website\",\"url\":\"https:\/\/vinilozona.lt\/\",\"name\":\"Vinilo Zona\",\"description\":\"Nup\u016bsk dulkes ir klausyk LP\",\"potentialAction\":[{\"@type\":\"SearchAction\",\"target\":{\"@type\":\"EntryPoint\",\"urlTemplate\":\"https:\/\/vinilozona.lt\/?s={search_term_string}\"},\"query-input\":{\"@type\":\"PropertyValueSpecification\",\"valueRequired\":true,\"valueName\":\"search_term_string\"}}],\"inLanguage\":\"en-GB\"}]}<\/script>\n<!-- \/ Yoast SEO plugin. -->","yoast_head_json":{"title":"Jimmy Rushing \u2013 Rushing Lullabies Vinilin\u0117 Plok\u0161tel\u0117 | Vinilozona.lt","robots":{"index":"index","follow":"follow","max-snippet":"max-snippet:-1","max-image-preview":"max-image-preview:large","max-video-preview":"max-video-preview:-1"},"canonical":"https:\/\/vinilozona.lt\/en\/parduotuve\/jazz\/jimmy-rushing-rushing-lullabies\/","og_locale":"en_GB","og_type":"article","og_title":"Jimmy Rushing \u2013 Rushing Lullabies Vinilin\u0117 Plok\u0161tel\u0117 | Vinilozona.lt","og_description":"Columbia \u2013 CL 1401 Format: Vinyl, LP, Mono, Album, Reissue, 180g Virgin Vinyl Country: US Released: 2006","og_url":"https:\/\/vinilozona.lt\/en\/parduotuve\/jazz\/jimmy-rushing-rushing-lullabies\/","og_site_name":"Vinilo Zona","article_modified_time":"2025-01-09T04:38:42+00:00","og_image":[{"width":225,"height":225,"url":"https:\/\/vinilozona.lt\/wp-content\/uploads\/2025\/01\/R-4828781-1411640214-1136.jpg","type":"image\/jpeg"}],"twitter_card":"summary_large_image","twitter_misc":{"Estimated reading time":"2 minutes"},"schema":{"@context":"https:\/\/schema.org","@graph":[{"@type":"WebPage","@id":"https:\/\/vinilozona.lt\/parduotuve\/jazz\/jimmy-rushing-rushing-lullabies\/","url":"https:\/\/vinilozona.lt\/parduotuve\/jazz\/jimmy-rushing-rushing-lullabies\/","name":"Jimmy Rushing \u2013 Rushing Lullabies Vinilin\u0117 Plok\u0161tel\u0117 | Vinilozona.lt","isPartOf":{"@id":"https:\/\/vinilozona.lt\/#website"},"primaryImageOfPage":{"@id":"https:\/\/vinilozona.lt\/parduotuve\/jazz\/jimmy-rushing-rushing-lullabies\/#primaryimage"},"image":{"@id":"https:\/\/vinilozona.lt\/parduotuve\/jazz\/jimmy-rushing-rushing-lullabies\/#primaryimage"},"thumbnailUrl":"https:\/\/vinilozona.lt\/wp-content\/uploads\/2025\/01\/R-4828781-1411640214-1136.jpg","datePublished":"2025-01-09T03:01:18+00:00","dateModified":"2025-01-09T04:38:42+00:00","breadcrumb":{"@id":"https:\/\/vinilozona.lt\/parduotuve\/jazz\/jimmy-rushing-rushing-lullabies\/#breadcrumb"},"inLanguage":"en-GB","potentialAction":[{"@type":"ReadAction","target":["https:\/\/vinilozona.lt\/parduotuve\/jazz\/jimmy-rushing-rushing-lullabies\/"]}]},{"@type":"ImageObject","inLanguage":"en-GB","@id":"https:\/\/vinilozona.lt\/parduotuve\/jazz\/jimmy-rushing-rushing-lullabies\/#primaryimage","url":"https:\/\/vinilozona.lt\/wp-content\/uploads\/2025\/01\/R-4828781-1411640214-1136.jpg","contentUrl":"https:\/\/vinilozona.lt\/wp-content\/uploads\/2025\/01\/R-4828781-1411640214-1136.jpg","width":225,"height":225},{"@type":"BreadcrumbList","@id":"https:\/\/vinilozona.lt\/parduotuve\/jazz\/jimmy-rushing-rushing-lullabies\/#breadcrumb","itemListElement":[{"@type":"ListItem","position":1,"name":"Home","item":"https:\/\/vinilozona.lt\/"},{"@type":"ListItem","position":2,"name":"Parduotuv\u0117","item":"https:\/\/vinilozona.lt\/parduotuve\/"},{"@type":"ListItem","position":3,"name":"Jimmy Rushing \u2013 Rushing Lullabies"}]},{"@type":"WebSite","@id":"https:\/\/vinilozona.lt\/#website","url":"https:\/\/vinilozona.lt\/","name":"Vinilo Zona","description":"Nup\u016bsk dulkes ir klausyk LP","potentialAction":[{"@type":"SearchAction","target":{"@type":"EntryPoint","urlTemplate":"https:\/\/vinilozona.lt\/?s={search_term_string}"},"query-input":{"@type":"PropertyValueSpecification","valueRequired":true,"valueName":"search_term_string"}}],"inLanguage":"en-GB"}]}},"_links":{"self":[{"href":"https:\/\/vinilozona.lt\/en\/wp-json\/wp\/v2\/product\/27129"}],"collection":[{"href":"https:\/\/vinilozona.lt\/en\/wp-json\/wp\/v2\/product"}],"about":[{"href":"https:\/\/vinilozona.lt\/en\/wp-json\/wp\/v2\/types\/product"}],"wp:featuredmedia":[{"embeddable":true,"href":"https:\/\/vinilozona.lt\/en\/wp-json\/wp\/v2\/media\/27130"}],"wp:attachment":[{"href":"https:\/\/vinilozona.lt\/en\/wp-json\/wp\/v2\/media?parent=27129"}],"wp:term":[{"taxonomy":"product_cat","embeddable":true,"href":"https:\/\/vinilozona.lt\/en\/wp-json\/wp\/v2\/product_cat?post=27129"},{"taxonomy":"product_tag","embeddable":true,"href":"https:\/\/vinilozona.lt\/en\/wp-json\/wp\/v2\/product_tag?post=27129"}],"curies":[{"name":"wp","href":"https:\/\/api.w.org\/{rel}","templated":true}]}}