{"id":27091,"date":"2025-12-07T06:46:26","date_gmt":"2025-12-07T04:46:26","guid":{"rendered":"https:\/\/vinilozona.lt\/?post_type=product&#038;p=27091"},"modified":"2026-01-25T12:36:55","modified_gmt":"2026-01-25T10:36:55","slug":"queen-bohemian-rhapsody-the-original-soundtrack-2lp","status":"publish","type":"product","link":"https:\/\/vinilozona.lt\/en\/parduotuve\/naujos-lp\/queen-bohemian-rhapsody-the-original-soundtrack-2lp\/","title":{"rendered":"Queen \u2013 Bohemian Rhapsody (The Original Soundtrack) 2LP"},"content":{"rendered":"<p>A1\tQueen\u2013\t20th Century Fox Fanfare 0:26<br \/>\nA2\tQueen\u2013\tSomebody To Love 4:55<br \/>\nA3\tSmile (6)\u2013\tDoing All Right&#8230; Revisited 3:16<br \/>\nA4\tQueen\u2013\tKeep Yourself Alive (Live At The Rainbow) 3:56<br \/>\nA5\tQueen\u2013\tKiller Queen 2:59<br \/>\nA6\tQueen\u2013\tFat Bottomed Girls (Live In Paris) 4:37<br \/>\nB1\tQueen\u2013\tBohemian Rhapsody 5:54<br \/>\nB2\tQueen\u2013\tNow I&#8217;m Here (Live At Hammersmith Odeon) 4:25<br \/>\nB3\tQueen\u2013\tCrazy Little Thing Called Love 2:43<br \/>\nB4\tQueen\u2013\tLove Of My Life (Rock In Rio) 4:28<br \/>\nC1\tQueen\u2013\tWe Will Rock You (Movie Mix) 2:09<br \/>\nC2\tQueen\u2013\tAnother One Bites The Dust 3:34<br \/>\nC3\tQueen\u2013\tI Want To Break Free 3:43<br \/>\nC4\tQueen &#038; David Bowie\u2013\tUnder Pressure 4:04<br \/>\nC5\tQueen\u2013\tWho Wants To Live Forever 5:14<br \/>\nD1\tQueen\u2013\tBohemian Rhapsody (Live Aid) 2:27<br \/>\nD2\tQueen\u2013\tRadio Ga Ga (Live Aid) 4:05<br \/>\nD3\tQueen\u2013\tAy-Oh (Live Aid) 0:41<br \/>\nD4\tQueen\u2013\tHammer To Fall (Live Aid) 4:03<br \/>\nD5\tQueen\u2013\tWe Are The Champions (Live Aid) 3:57<br \/>\nD6\tQueen\u2013\tDon&#8217;t Stop Me Now&#8230; Revisited 3:37<br \/>\nD7\tQueen\u2013\tThe Show Must Go On 4:33<\/p>","protected":false},"excerpt":{"rendered":"<p>Label: Virgin EMI Records \u2013 0602567988724<br \/>\nFormat: 2 x Vinyl, LP, Album, Compilation<br \/>\nCountry: Europe<\/p>","protected":false},"featured_media":27092,"template":"","meta":[],"product_cat":[23],"product_tag":[55],"yoast_head":"<!-- This site is optimized with the Yoast SEO plugin v23.5 - https:\/\/yoast.com\/wordpress\/plugins\/seo\/ -->\n<title>Queen \u2013 Bohemian Rhapsody (The Original Soundtrack) 2LP Vinilin\u0117 Plok\u0161tel\u0117 | Vinilozona.lt<\/title>\n<meta name=\"robots\" content=\"index, follow, max-snippet:-1, max-image-preview:large, max-video-preview:-1\" \/>\n<link rel=\"canonical\" href=\"https:\/\/vinilozona.lt\/en\/parduotuve\/naujos-lp\/queen-bohemian-rhapsody-the-original-soundtrack-2lp\/\" \/>\n<meta property=\"og:locale\" content=\"en_GB\" \/>\n<meta property=\"og:type\" content=\"article\" \/>\n<meta property=\"og:title\" content=\"Queen \u2013 Bohemian Rhapsody (The Original Soundtrack) 2LP Vinilin\u0117 Plok\u0161tel\u0117 | Vinilozona.lt\" \/>\n<meta property=\"og:description\" content=\"Label: Virgin EMI Records \u2013 0602567988724 Format: 2 x Vinyl, LP, Album, Compilation Country: Europe\" \/>\n<meta property=\"og:url\" content=\"https:\/\/vinilozona.lt\/en\/parduotuve\/naujos-lp\/queen-bohemian-rhapsody-the-original-soundtrack-2lp\/\" \/>\n<meta property=\"og:site_name\" content=\"Vinilo Zona\" \/>\n<meta property=\"article:modified_time\" content=\"2026-01-25T10:36:55+00:00\" \/>\n<meta property=\"og:image\" content=\"https:\/\/vinilozona.lt\/wp-content\/uploads\/2025\/01\/R-13180622-1560369566-5621.jpg\" \/>\n\t<meta property=\"og:image:width\" content=\"600\" \/>\n\t<meta property=\"og:image:height\" content=\"588\" \/>\n\t<meta property=\"og:image:type\" content=\"image\/jpeg\" \/>\n<meta name=\"twitter:card\" content=\"summary_large_image\" \/>\n<meta name=\"twitter:label1\" content=\"Estimated reading time\" \/>\n\t<meta name=\"twitter:data1\" content=\"1 minute\" \/>\n<script type=\"application\/ld+json\" class=\"yoast-schema-graph\">{\"@context\":\"https:\/\/schema.org\",\"@graph\":[{\"@type\":\"WebPage\",\"@id\":\"https:\/\/vinilozona.lt\/parduotuve\/naujos-lp\/queen-bohemian-rhapsody-the-original-soundtrack-2lp\/\",\"url\":\"https:\/\/vinilozona.lt\/parduotuve\/naujos-lp\/queen-bohemian-rhapsody-the-original-soundtrack-2lp\/\",\"name\":\"Queen \u2013 Bohemian Rhapsody (The Original Soundtrack) 2LP Vinilin\u0117 Plok\u0161tel\u0117 | Vinilozona.lt\",\"isPartOf\":{\"@id\":\"https:\/\/vinilozona.lt\/#website\"},\"primaryImageOfPage\":{\"@id\":\"https:\/\/vinilozona.lt\/parduotuve\/naujos-lp\/queen-bohemian-rhapsody-the-original-soundtrack-2lp\/#primaryimage\"},\"image\":{\"@id\":\"https:\/\/vinilozona.lt\/parduotuve\/naujos-lp\/queen-bohemian-rhapsody-the-original-soundtrack-2lp\/#primaryimage\"},\"thumbnailUrl\":\"https:\/\/vinilozona.lt\/wp-content\/uploads\/2025\/01\/R-13180622-1560369566-5621.jpg\",\"datePublished\":\"2025-12-07T04:46:26+00:00\",\"dateModified\":\"2026-01-25T10:36:55+00:00\",\"breadcrumb\":{\"@id\":\"https:\/\/vinilozona.lt\/parduotuve\/naujos-lp\/queen-bohemian-rhapsody-the-original-soundtrack-2lp\/#breadcrumb\"},\"inLanguage\":\"en-GB\",\"potentialAction\":[{\"@type\":\"ReadAction\",\"target\":[\"https:\/\/vinilozona.lt\/parduotuve\/naujos-lp\/queen-bohemian-rhapsody-the-original-soundtrack-2lp\/\"]}]},{\"@type\":\"ImageObject\",\"inLanguage\":\"en-GB\",\"@id\":\"https:\/\/vinilozona.lt\/parduotuve\/naujos-lp\/queen-bohemian-rhapsody-the-original-soundtrack-2lp\/#primaryimage\",\"url\":\"https:\/\/vinilozona.lt\/wp-content\/uploads\/2025\/01\/R-13180622-1560369566-5621.jpg\",\"contentUrl\":\"https:\/\/vinilozona.lt\/wp-content\/uploads\/2025\/01\/R-13180622-1560369566-5621.jpg\",\"width\":600,\"height\":588},{\"@type\":\"BreadcrumbList\",\"@id\":\"https:\/\/vinilozona.lt\/parduotuve\/naujos-lp\/queen-bohemian-rhapsody-the-original-soundtrack-2lp\/#breadcrumb\",\"itemListElement\":[{\"@type\":\"ListItem\",\"position\":1,\"name\":\"Home\",\"item\":\"https:\/\/vinilozona.lt\/\"},{\"@type\":\"ListItem\",\"position\":2,\"name\":\"Parduotuv\u0117\",\"item\":\"https:\/\/vinilozona.lt\/parduotuve\/\"},{\"@type\":\"ListItem\",\"position\":3,\"name\":\"Queen \u2013 Bohemian Rhapsody (The Original Soundtrack) 2LP\"}]},{\"@type\":\"WebSite\",\"@id\":\"https:\/\/vinilozona.lt\/#website\",\"url\":\"https:\/\/vinilozona.lt\/\",\"name\":\"Vinilo Zona\",\"description\":\"Nup\u016bsk dulkes ir klausyk LP\",\"potentialAction\":[{\"@type\":\"SearchAction\",\"target\":{\"@type\":\"EntryPoint\",\"urlTemplate\":\"https:\/\/vinilozona.lt\/?s={search_term_string}\"},\"query-input\":{\"@type\":\"PropertyValueSpecification\",\"valueRequired\":true,\"valueName\":\"search_term_string\"}}],\"inLanguage\":\"en-GB\"}]}<\/script>\n<!-- \/ Yoast SEO plugin. -->","yoast_head_json":{"title":"Queen \u2013 Bohemian Rhapsody (The Original Soundtrack) 2LP Vinilin\u0117 Plok\u0161tel\u0117 | Vinilozona.lt","robots":{"index":"index","follow":"follow","max-snippet":"max-snippet:-1","max-image-preview":"max-image-preview:large","max-video-preview":"max-video-preview:-1"},"canonical":"https:\/\/vinilozona.lt\/en\/parduotuve\/naujos-lp\/queen-bohemian-rhapsody-the-original-soundtrack-2lp\/","og_locale":"en_GB","og_type":"article","og_title":"Queen \u2013 Bohemian Rhapsody (The Original Soundtrack) 2LP Vinilin\u0117 Plok\u0161tel\u0117 | Vinilozona.lt","og_description":"Label: Virgin EMI Records \u2013 0602567988724 Format: 2 x Vinyl, LP, Album, Compilation Country: Europe","og_url":"https:\/\/vinilozona.lt\/en\/parduotuve\/naujos-lp\/queen-bohemian-rhapsody-the-original-soundtrack-2lp\/","og_site_name":"Vinilo Zona","article_modified_time":"2026-01-25T10:36:55+00:00","og_image":[{"width":600,"height":588,"url":"https:\/\/vinilozona.lt\/wp-content\/uploads\/2025\/01\/R-13180622-1560369566-5621.jpg","type":"image\/jpeg"}],"twitter_card":"summary_large_image","twitter_misc":{"Estimated reading time":"1 minute"},"schema":{"@context":"https:\/\/schema.org","@graph":[{"@type":"WebPage","@id":"https:\/\/vinilozona.lt\/parduotuve\/naujos-lp\/queen-bohemian-rhapsody-the-original-soundtrack-2lp\/","url":"https:\/\/vinilozona.lt\/parduotuve\/naujos-lp\/queen-bohemian-rhapsody-the-original-soundtrack-2lp\/","name":"Queen \u2013 Bohemian Rhapsody (The Original Soundtrack) 2LP Vinilin\u0117 Plok\u0161tel\u0117 | Vinilozona.lt","isPartOf":{"@id":"https:\/\/vinilozona.lt\/#website"},"primaryImageOfPage":{"@id":"https:\/\/vinilozona.lt\/parduotuve\/naujos-lp\/queen-bohemian-rhapsody-the-original-soundtrack-2lp\/#primaryimage"},"image":{"@id":"https:\/\/vinilozona.lt\/parduotuve\/naujos-lp\/queen-bohemian-rhapsody-the-original-soundtrack-2lp\/#primaryimage"},"thumbnailUrl":"https:\/\/vinilozona.lt\/wp-content\/uploads\/2025\/01\/R-13180622-1560369566-5621.jpg","datePublished":"2025-12-07T04:46:26+00:00","dateModified":"2026-01-25T10:36:55+00:00","breadcrumb":{"@id":"https:\/\/vinilozona.lt\/parduotuve\/naujos-lp\/queen-bohemian-rhapsody-the-original-soundtrack-2lp\/#breadcrumb"},"inLanguage":"en-GB","potentialAction":[{"@type":"ReadAction","target":["https:\/\/vinilozona.lt\/parduotuve\/naujos-lp\/queen-bohemian-rhapsody-the-original-soundtrack-2lp\/"]}]},{"@type":"ImageObject","inLanguage":"en-GB","@id":"https:\/\/vinilozona.lt\/parduotuve\/naujos-lp\/queen-bohemian-rhapsody-the-original-soundtrack-2lp\/#primaryimage","url":"https:\/\/vinilozona.lt\/wp-content\/uploads\/2025\/01\/R-13180622-1560369566-5621.jpg","contentUrl":"https:\/\/vinilozona.lt\/wp-content\/uploads\/2025\/01\/R-13180622-1560369566-5621.jpg","width":600,"height":588},{"@type":"BreadcrumbList","@id":"https:\/\/vinilozona.lt\/parduotuve\/naujos-lp\/queen-bohemian-rhapsody-the-original-soundtrack-2lp\/#breadcrumb","itemListElement":[{"@type":"ListItem","position":1,"name":"Home","item":"https:\/\/vinilozona.lt\/"},{"@type":"ListItem","position":2,"name":"Parduotuv\u0117","item":"https:\/\/vinilozona.lt\/parduotuve\/"},{"@type":"ListItem","position":3,"name":"Queen \u2013 Bohemian Rhapsody (The Original Soundtrack) 2LP"}]},{"@type":"WebSite","@id":"https:\/\/vinilozona.lt\/#website","url":"https:\/\/vinilozona.lt\/","name":"Vinilo Zona","description":"Nup\u016bsk dulkes ir klausyk LP","potentialAction":[{"@type":"SearchAction","target":{"@type":"EntryPoint","urlTemplate":"https:\/\/vinilozona.lt\/?s={search_term_string}"},"query-input":{"@type":"PropertyValueSpecification","valueRequired":true,"valueName":"search_term_string"}}],"inLanguage":"en-GB"}]}},"_links":{"self":[{"href":"https:\/\/vinilozona.lt\/en\/wp-json\/wp\/v2\/product\/27091"}],"collection":[{"href":"https:\/\/vinilozona.lt\/en\/wp-json\/wp\/v2\/product"}],"about":[{"href":"https:\/\/vinilozona.lt\/en\/wp-json\/wp\/v2\/types\/product"}],"wp:featuredmedia":[{"embeddable":true,"href":"https:\/\/vinilozona.lt\/en\/wp-json\/wp\/v2\/media\/27092"}],"wp:attachment":[{"href":"https:\/\/vinilozona.lt\/en\/wp-json\/wp\/v2\/media?parent=27091"}],"wp:term":[{"taxonomy":"product_cat","embeddable":true,"href":"https:\/\/vinilozona.lt\/en\/wp-json\/wp\/v2\/product_cat?post=27091"},{"taxonomy":"product_tag","embeddable":true,"href":"https:\/\/vinilozona.lt\/en\/wp-json\/wp\/v2\/product_tag?post=27091"}],"curies":[{"name":"wp","href":"https:\/\/api.w.org\/{rel}","templated":true}]}}