{"id":27054,"date":"2024-12-28T05:08:39","date_gmt":"2024-12-28T03:08:39","guid":{"rendered":"https:\/\/vinilozona.lt\/?post_type=product&#038;p=27054"},"modified":"2024-12-28T08:14:43","modified_gmt":"2024-12-28T06:14:43","slug":"orchestral-manoeuvres-in-the-dark-forever-live-and-die-extended-remix","status":"publish","type":"product","link":"https:\/\/vinilozona.lt\/en\/parduotuve\/12_singles_ep\/orchestral-manoeuvres-in-the-dark-forever-live-and-die-extended-remix\/","title":{"rendered":"Orchestral Man\u0153uvres In The Dark \u2013 (Forever) Live And Die (Extended Remix)"},"content":{"rendered":"<p>A\t\t(Forever) Live And Die (Extended Mix)<br \/>\nRemix [Remixed By] \u2013 Tom Lord-Alge<br \/>\n5:45<br \/>\nB1\t\t(Forever) Live And Die (7&#8243; Version)\t3:32<br \/>\nB2\t\tThis Town\t3:44<\/p>","protected":false},"excerpt":{"rendered":"<p>Virgin \u2013 608 478, Virgin \u2013 608 478-213<br \/>\nFormat:<br \/>\nVinyl, 12&#8243;, 45 RPM, Single, Stereo<br \/>\nCountry:<br \/>\nEurope<br \/>\nReleased:<br \/>\n1986<\/p>","protected":false},"featured_media":27055,"template":"","meta":[],"product_cat":[684],"product_tag":[44],"yoast_head":"<!-- This site is optimized with the Yoast SEO plugin v23.5 - https:\/\/yoast.com\/wordpress\/plugins\/seo\/ -->\n<title>Orchestral Man\u0153uvres In The Dark \u2013 (Forever) Live And Die (Extended Remix) Vinilin\u0117 Plok\u0161tel\u0117 | Vinilozona.lt<\/title>\n<meta name=\"robots\" content=\"index, follow, max-snippet:-1, max-image-preview:large, max-video-preview:-1\" \/>\n<link rel=\"canonical\" href=\"https:\/\/vinilozona.lt\/en\/parduotuve\/12_singles_ep\/orchestral-manoeuvres-in-the-dark-forever-live-and-die-extended-remix\/\" \/>\n<meta property=\"og:locale\" content=\"en_GB\" \/>\n<meta property=\"og:type\" content=\"article\" \/>\n<meta property=\"og:title\" content=\"Orchestral Man\u0153uvres In The Dark \u2013 (Forever) Live And Die (Extended Remix) Vinilin\u0117 Plok\u0161tel\u0117 | Vinilozona.lt\" \/>\n<meta property=\"og:description\" content=\"Virgin \u2013 608 478, Virgin \u2013 608 478-213 Format: Vinyl, 12&quot;, 45 RPM, Single, Stereo Country: Europe Released: 1986\" \/>\n<meta property=\"og:url\" content=\"https:\/\/vinilozona.lt\/en\/parduotuve\/12_singles_ep\/orchestral-manoeuvres-in-the-dark-forever-live-and-die-extended-remix\/\" \/>\n<meta property=\"og:site_name\" content=\"Vinilo Zona\" \/>\n<meta property=\"article:modified_time\" content=\"2024-12-28T06:14:43+00:00\" \/>\n<meta property=\"og:image\" content=\"https:\/\/vinilozona.lt\/wp-content\/uploads\/2024\/12\/R-430811-1298442689.jpg\" \/>\n\t<meta property=\"og:image:width\" content=\"600\" \/>\n\t<meta property=\"og:image:height\" content=\"595\" \/>\n\t<meta property=\"og:image:type\" content=\"image\/jpeg\" \/>\n<meta name=\"twitter:card\" content=\"summary_large_image\" \/>\n<meta name=\"twitter:label1\" content=\"Estimated reading time\" \/>\n\t<meta name=\"twitter:data1\" content=\"1 minute\" \/>\n<script type=\"application\/ld+json\" class=\"yoast-schema-graph\">{\"@context\":\"https:\/\/schema.org\",\"@graph\":[{\"@type\":\"WebPage\",\"@id\":\"https:\/\/vinilozona.lt\/parduotuve\/12_singles_ep\/orchestral-manoeuvres-in-the-dark-forever-live-and-die-extended-remix\/\",\"url\":\"https:\/\/vinilozona.lt\/parduotuve\/12_singles_ep\/orchestral-manoeuvres-in-the-dark-forever-live-and-die-extended-remix\/\",\"name\":\"Orchestral Man\u0153uvres In The Dark \u2013 (Forever) Live And Die (Extended Remix) Vinilin\u0117 Plok\u0161tel\u0117 | Vinilozona.lt\",\"isPartOf\":{\"@id\":\"https:\/\/vinilozona.lt\/#website\"},\"primaryImageOfPage\":{\"@id\":\"https:\/\/vinilozona.lt\/parduotuve\/12_singles_ep\/orchestral-manoeuvres-in-the-dark-forever-live-and-die-extended-remix\/#primaryimage\"},\"image\":{\"@id\":\"https:\/\/vinilozona.lt\/parduotuve\/12_singles_ep\/orchestral-manoeuvres-in-the-dark-forever-live-and-die-extended-remix\/#primaryimage\"},\"thumbnailUrl\":\"https:\/\/vinilozona.lt\/wp-content\/uploads\/2024\/12\/R-430811-1298442689.jpg\",\"datePublished\":\"2024-12-28T03:08:39+00:00\",\"dateModified\":\"2024-12-28T06:14:43+00:00\",\"breadcrumb\":{\"@id\":\"https:\/\/vinilozona.lt\/parduotuve\/12_singles_ep\/orchestral-manoeuvres-in-the-dark-forever-live-and-die-extended-remix\/#breadcrumb\"},\"inLanguage\":\"en-GB\",\"potentialAction\":[{\"@type\":\"ReadAction\",\"target\":[\"https:\/\/vinilozona.lt\/parduotuve\/12_singles_ep\/orchestral-manoeuvres-in-the-dark-forever-live-and-die-extended-remix\/\"]}]},{\"@type\":\"ImageObject\",\"inLanguage\":\"en-GB\",\"@id\":\"https:\/\/vinilozona.lt\/parduotuve\/12_singles_ep\/orchestral-manoeuvres-in-the-dark-forever-live-and-die-extended-remix\/#primaryimage\",\"url\":\"https:\/\/vinilozona.lt\/wp-content\/uploads\/2024\/12\/R-430811-1298442689.jpg\",\"contentUrl\":\"https:\/\/vinilozona.lt\/wp-content\/uploads\/2024\/12\/R-430811-1298442689.jpg\",\"width\":600,\"height\":595},{\"@type\":\"BreadcrumbList\",\"@id\":\"https:\/\/vinilozona.lt\/parduotuve\/12_singles_ep\/orchestral-manoeuvres-in-the-dark-forever-live-and-die-extended-remix\/#breadcrumb\",\"itemListElement\":[{\"@type\":\"ListItem\",\"position\":1,\"name\":\"Home\",\"item\":\"https:\/\/vinilozona.lt\/\"},{\"@type\":\"ListItem\",\"position\":2,\"name\":\"Parduotuv\u0117\",\"item\":\"https:\/\/vinilozona.lt\/parduotuve\/\"},{\"@type\":\"ListItem\",\"position\":3,\"name\":\"Orchestral Man\u0153uvres In The Dark \u2013 (Forever) Live And Die (Extended Remix)\"}]},{\"@type\":\"WebSite\",\"@id\":\"https:\/\/vinilozona.lt\/#website\",\"url\":\"https:\/\/vinilozona.lt\/\",\"name\":\"Vinilo Zona\",\"description\":\"Nup\u016bsk dulkes ir klausyk LP\",\"potentialAction\":[{\"@type\":\"SearchAction\",\"target\":{\"@type\":\"EntryPoint\",\"urlTemplate\":\"https:\/\/vinilozona.lt\/?s={search_term_string}\"},\"query-input\":{\"@type\":\"PropertyValueSpecification\",\"valueRequired\":true,\"valueName\":\"search_term_string\"}}],\"inLanguage\":\"en-GB\"}]}<\/script>\n<!-- \/ Yoast SEO plugin. -->","yoast_head_json":{"title":"Orchestral Man\u0153uvres In The Dark \u2013 (Forever) Live And Die (Extended Remix) Vinilin\u0117 Plok\u0161tel\u0117 | Vinilozona.lt","robots":{"index":"index","follow":"follow","max-snippet":"max-snippet:-1","max-image-preview":"max-image-preview:large","max-video-preview":"max-video-preview:-1"},"canonical":"https:\/\/vinilozona.lt\/en\/parduotuve\/12_singles_ep\/orchestral-manoeuvres-in-the-dark-forever-live-and-die-extended-remix\/","og_locale":"en_GB","og_type":"article","og_title":"Orchestral Man\u0153uvres In The Dark \u2013 (Forever) Live And Die (Extended Remix) Vinilin\u0117 Plok\u0161tel\u0117 | Vinilozona.lt","og_description":"Virgin \u2013 608 478, Virgin \u2013 608 478-213 Format: Vinyl, 12\", 45 RPM, Single, Stereo Country: Europe Released: 1986","og_url":"https:\/\/vinilozona.lt\/en\/parduotuve\/12_singles_ep\/orchestral-manoeuvres-in-the-dark-forever-live-and-die-extended-remix\/","og_site_name":"Vinilo Zona","article_modified_time":"2024-12-28T06:14:43+00:00","og_image":[{"width":600,"height":595,"url":"https:\/\/vinilozona.lt\/wp-content\/uploads\/2024\/12\/R-430811-1298442689.jpg","type":"image\/jpeg"}],"twitter_card":"summary_large_image","twitter_misc":{"Estimated reading time":"1 minute"},"schema":{"@context":"https:\/\/schema.org","@graph":[{"@type":"WebPage","@id":"https:\/\/vinilozona.lt\/parduotuve\/12_singles_ep\/orchestral-manoeuvres-in-the-dark-forever-live-and-die-extended-remix\/","url":"https:\/\/vinilozona.lt\/parduotuve\/12_singles_ep\/orchestral-manoeuvres-in-the-dark-forever-live-and-die-extended-remix\/","name":"Orchestral Man\u0153uvres In The Dark \u2013 (Forever) Live And Die (Extended Remix) Vinilin\u0117 Plok\u0161tel\u0117 | Vinilozona.lt","isPartOf":{"@id":"https:\/\/vinilozona.lt\/#website"},"primaryImageOfPage":{"@id":"https:\/\/vinilozona.lt\/parduotuve\/12_singles_ep\/orchestral-manoeuvres-in-the-dark-forever-live-and-die-extended-remix\/#primaryimage"},"image":{"@id":"https:\/\/vinilozona.lt\/parduotuve\/12_singles_ep\/orchestral-manoeuvres-in-the-dark-forever-live-and-die-extended-remix\/#primaryimage"},"thumbnailUrl":"https:\/\/vinilozona.lt\/wp-content\/uploads\/2024\/12\/R-430811-1298442689.jpg","datePublished":"2024-12-28T03:08:39+00:00","dateModified":"2024-12-28T06:14:43+00:00","breadcrumb":{"@id":"https:\/\/vinilozona.lt\/parduotuve\/12_singles_ep\/orchestral-manoeuvres-in-the-dark-forever-live-and-die-extended-remix\/#breadcrumb"},"inLanguage":"en-GB","potentialAction":[{"@type":"ReadAction","target":["https:\/\/vinilozona.lt\/parduotuve\/12_singles_ep\/orchestral-manoeuvres-in-the-dark-forever-live-and-die-extended-remix\/"]}]},{"@type":"ImageObject","inLanguage":"en-GB","@id":"https:\/\/vinilozona.lt\/parduotuve\/12_singles_ep\/orchestral-manoeuvres-in-the-dark-forever-live-and-die-extended-remix\/#primaryimage","url":"https:\/\/vinilozona.lt\/wp-content\/uploads\/2024\/12\/R-430811-1298442689.jpg","contentUrl":"https:\/\/vinilozona.lt\/wp-content\/uploads\/2024\/12\/R-430811-1298442689.jpg","width":600,"height":595},{"@type":"BreadcrumbList","@id":"https:\/\/vinilozona.lt\/parduotuve\/12_singles_ep\/orchestral-manoeuvres-in-the-dark-forever-live-and-die-extended-remix\/#breadcrumb","itemListElement":[{"@type":"ListItem","position":1,"name":"Home","item":"https:\/\/vinilozona.lt\/"},{"@type":"ListItem","position":2,"name":"Parduotuv\u0117","item":"https:\/\/vinilozona.lt\/parduotuve\/"},{"@type":"ListItem","position":3,"name":"Orchestral Man\u0153uvres In The Dark \u2013 (Forever) Live And Die (Extended Remix)"}]},{"@type":"WebSite","@id":"https:\/\/vinilozona.lt\/#website","url":"https:\/\/vinilozona.lt\/","name":"Vinilo Zona","description":"Nup\u016bsk dulkes ir klausyk LP","potentialAction":[{"@type":"SearchAction","target":{"@type":"EntryPoint","urlTemplate":"https:\/\/vinilozona.lt\/?s={search_term_string}"},"query-input":{"@type":"PropertyValueSpecification","valueRequired":true,"valueName":"search_term_string"}}],"inLanguage":"en-GB"}]}},"_links":{"self":[{"href":"https:\/\/vinilozona.lt\/en\/wp-json\/wp\/v2\/product\/27054"}],"collection":[{"href":"https:\/\/vinilozona.lt\/en\/wp-json\/wp\/v2\/product"}],"about":[{"href":"https:\/\/vinilozona.lt\/en\/wp-json\/wp\/v2\/types\/product"}],"wp:featuredmedia":[{"embeddable":true,"href":"https:\/\/vinilozona.lt\/en\/wp-json\/wp\/v2\/media\/27055"}],"wp:attachment":[{"href":"https:\/\/vinilozona.lt\/en\/wp-json\/wp\/v2\/media?parent=27054"}],"wp:term":[{"taxonomy":"product_cat","embeddable":true,"href":"https:\/\/vinilozona.lt\/en\/wp-json\/wp\/v2\/product_cat?post=27054"},{"taxonomy":"product_tag","embeddable":true,"href":"https:\/\/vinilozona.lt\/en\/wp-json\/wp\/v2\/product_tag?post=27054"}],"curies":[{"name":"wp","href":"https:\/\/api.w.org\/{rel}","templated":true}]}}