{"id":27039,"date":"2024-12-27T06:25:34","date_gmt":"2024-12-27T04:25:34","guid":{"rendered":"https:\/\/vinilozona.lt\/?post_type=product&#038;p=27039"},"modified":"2024-12-27T06:33:52","modified_gmt":"2024-12-27T04:33:52","slug":"miles-davis-the-complete-birth-of-the-cool-cd","status":"publish","type":"product","link":"https:\/\/vinilozona.lt\/en\/parduotuve\/cd\/naudoti-cd\/miles-davis-the-complete-birth-of-the-cool-cd\/","title":{"rendered":"Miles Davis \u2013 The Complete Birth Of The Cool  CD"},"content":{"rendered":"<p>The Studio Sessions<br \/>\n1\t\tMove  2:33<br \/>\n2\t\tJeru  3:13<br \/>\n3\t\tMoon Dreams  3:19<br \/>\n4\t\tVenus De Milo  3:13<br \/>\n5\t\tBudo  2:34<br \/>\n6\t\tDeception  2:49<br \/>\n7\t\tGodchild  3:11<br \/>\n8\t\tBoplicity  3:00<br \/>\n9\t\tRocker  3:06<br \/>\n10\t\tIsrael  2:18<br \/>\n11\t\tRouge  3:15<br \/>\n12\t\tDarn That Dream  3:25<br \/>\nThe Live Sessions<br \/>\n13\t\tBirth Of The Cool Theme  0:19<br \/>\n14\t\tSymphony Sid Announces The Band\t1:02<br \/>\n15\t\tMove  3:40<br \/>\n16\t\tWhy Do I Love You  3:41<br \/>\n17\t\tGodchild  5:51<br \/>\n18\t\tSymphony Sid Introduction\t0:27<br \/>\n19\t\tS&#8217;il Vous Plait  4:22<br \/>\n20\t\tMoon Dreams  5:06<br \/>\n21\t\tBudo (Hallucination)  1:25<br \/>\n22\t\tDarn That Dream  4:25<br \/>\n23\t\tMove  4:48<br \/>\n24\t\tMoon Dreams  3:46<br \/>\n25\t\tBudo (Hallucinations)  4:23<\/p>","protected":false},"excerpt":{"rendered":"<p>Capitol Jazz \u2013 7243 4 94550 2 3, Capitol Jazz \u2013 494 5502<br \/>\nFormat:<br \/>\nCD, Album, Compilation, Remastered<br \/>\nCountry:<br \/>\nEurope<br \/>\nReleased:<br \/>\n1998<\/p>","protected":false},"featured_media":27040,"template":"","meta":[],"product_cat":[24,946],"product_tag":[44],"yoast_head":"<!-- This site is optimized with the Yoast SEO plugin v23.5 - https:\/\/yoast.com\/wordpress\/plugins\/seo\/ -->\n<title>Miles Davis \u2013 The Complete Birth Of The Cool CD Vinilin\u0117 Plok\u0161tel\u0117 | Vinilozona.lt<\/title>\n<meta name=\"robots\" content=\"index, follow, max-snippet:-1, max-image-preview:large, max-video-preview:-1\" \/>\n<link rel=\"canonical\" href=\"https:\/\/vinilozona.lt\/en\/parduotuve\/cd\/naudoti-cd\/miles-davis-the-complete-birth-of-the-cool-cd\/\" \/>\n<meta property=\"og:locale\" content=\"en_GB\" \/>\n<meta property=\"og:type\" content=\"article\" \/>\n<meta property=\"og:title\" content=\"Miles Davis \u2013 The Complete Birth Of The Cool CD Vinilin\u0117 Plok\u0161tel\u0117 | Vinilozona.lt\" \/>\n<meta property=\"og:description\" content=\"Capitol Jazz \u2013 7243 4 94550 2 3, Capitol Jazz \u2013 494 5502 Format: CD, Album, Compilation, Remastered Country: Europe Released: 1998\" \/>\n<meta property=\"og:url\" content=\"https:\/\/vinilozona.lt\/en\/parduotuve\/cd\/naudoti-cd\/miles-davis-the-complete-birth-of-the-cool-cd\/\" \/>\n<meta property=\"og:site_name\" content=\"Vinilo Zona\" \/>\n<meta property=\"article:modified_time\" content=\"2024-12-27T04:33:52+00:00\" \/>\n<meta property=\"og:image\" content=\"https:\/\/vinilozona.lt\/wp-content\/uploads\/2024\/12\/R-475336-1252467372.jpg\" \/>\n\t<meta property=\"og:image:width\" content=\"600\" \/>\n\t<meta property=\"og:image:height\" content=\"530\" \/>\n\t<meta property=\"og:image:type\" content=\"image\/jpeg\" \/>\n<meta name=\"twitter:card\" content=\"summary_large_image\" \/>\n<meta name=\"twitter:label1\" content=\"Estimated reading time\" \/>\n\t<meta name=\"twitter:data1\" content=\"1 minute\" \/>\n<script type=\"application\/ld+json\" class=\"yoast-schema-graph\">{\"@context\":\"https:\/\/schema.org\",\"@graph\":[{\"@type\":\"WebPage\",\"@id\":\"https:\/\/vinilozona.lt\/parduotuve\/cd\/naudoti-cd\/miles-davis-the-complete-birth-of-the-cool-cd\/\",\"url\":\"https:\/\/vinilozona.lt\/parduotuve\/cd\/naudoti-cd\/miles-davis-the-complete-birth-of-the-cool-cd\/\",\"name\":\"Miles Davis \u2013 The Complete Birth Of The Cool CD Vinilin\u0117 Plok\u0161tel\u0117 | Vinilozona.lt\",\"isPartOf\":{\"@id\":\"https:\/\/vinilozona.lt\/#website\"},\"primaryImageOfPage\":{\"@id\":\"https:\/\/vinilozona.lt\/parduotuve\/cd\/naudoti-cd\/miles-davis-the-complete-birth-of-the-cool-cd\/#primaryimage\"},\"image\":{\"@id\":\"https:\/\/vinilozona.lt\/parduotuve\/cd\/naudoti-cd\/miles-davis-the-complete-birth-of-the-cool-cd\/#primaryimage\"},\"thumbnailUrl\":\"https:\/\/vinilozona.lt\/wp-content\/uploads\/2024\/12\/R-475336-1252467372.jpg\",\"datePublished\":\"2024-12-27T04:25:34+00:00\",\"dateModified\":\"2024-12-27T04:33:52+00:00\",\"breadcrumb\":{\"@id\":\"https:\/\/vinilozona.lt\/parduotuve\/cd\/naudoti-cd\/miles-davis-the-complete-birth-of-the-cool-cd\/#breadcrumb\"},\"inLanguage\":\"en-GB\",\"potentialAction\":[{\"@type\":\"ReadAction\",\"target\":[\"https:\/\/vinilozona.lt\/parduotuve\/cd\/naudoti-cd\/miles-davis-the-complete-birth-of-the-cool-cd\/\"]}]},{\"@type\":\"ImageObject\",\"inLanguage\":\"en-GB\",\"@id\":\"https:\/\/vinilozona.lt\/parduotuve\/cd\/naudoti-cd\/miles-davis-the-complete-birth-of-the-cool-cd\/#primaryimage\",\"url\":\"https:\/\/vinilozona.lt\/wp-content\/uploads\/2024\/12\/R-475336-1252467372.jpg\",\"contentUrl\":\"https:\/\/vinilozona.lt\/wp-content\/uploads\/2024\/12\/R-475336-1252467372.jpg\",\"width\":600,\"height\":530},{\"@type\":\"BreadcrumbList\",\"@id\":\"https:\/\/vinilozona.lt\/parduotuve\/cd\/naudoti-cd\/miles-davis-the-complete-birth-of-the-cool-cd\/#breadcrumb\",\"itemListElement\":[{\"@type\":\"ListItem\",\"position\":1,\"name\":\"Home\",\"item\":\"https:\/\/vinilozona.lt\/\"},{\"@type\":\"ListItem\",\"position\":2,\"name\":\"Parduotuv\u0117\",\"item\":\"https:\/\/vinilozona.lt\/parduotuve\/\"},{\"@type\":\"ListItem\",\"position\":3,\"name\":\"Miles Davis \u2013 The Complete Birth Of The Cool CD\"}]},{\"@type\":\"WebSite\",\"@id\":\"https:\/\/vinilozona.lt\/#website\",\"url\":\"https:\/\/vinilozona.lt\/\",\"name\":\"Vinilo Zona\",\"description\":\"Nup\u016bsk dulkes ir klausyk LP\",\"potentialAction\":[{\"@type\":\"SearchAction\",\"target\":{\"@type\":\"EntryPoint\",\"urlTemplate\":\"https:\/\/vinilozona.lt\/?s={search_term_string}\"},\"query-input\":{\"@type\":\"PropertyValueSpecification\",\"valueRequired\":true,\"valueName\":\"search_term_string\"}}],\"inLanguage\":\"en-GB\"}]}<\/script>\n<!-- \/ Yoast SEO plugin. -->","yoast_head_json":{"title":"Miles Davis \u2013 The Complete Birth Of The Cool CD Vinilin\u0117 Plok\u0161tel\u0117 | Vinilozona.lt","robots":{"index":"index","follow":"follow","max-snippet":"max-snippet:-1","max-image-preview":"max-image-preview:large","max-video-preview":"max-video-preview:-1"},"canonical":"https:\/\/vinilozona.lt\/en\/parduotuve\/cd\/naudoti-cd\/miles-davis-the-complete-birth-of-the-cool-cd\/","og_locale":"en_GB","og_type":"article","og_title":"Miles Davis \u2013 The Complete Birth Of The Cool CD Vinilin\u0117 Plok\u0161tel\u0117 | Vinilozona.lt","og_description":"Capitol Jazz \u2013 7243 4 94550 2 3, Capitol Jazz \u2013 494 5502 Format: CD, Album, Compilation, Remastered Country: Europe Released: 1998","og_url":"https:\/\/vinilozona.lt\/en\/parduotuve\/cd\/naudoti-cd\/miles-davis-the-complete-birth-of-the-cool-cd\/","og_site_name":"Vinilo Zona","article_modified_time":"2024-12-27T04:33:52+00:00","og_image":[{"width":600,"height":530,"url":"https:\/\/vinilozona.lt\/wp-content\/uploads\/2024\/12\/R-475336-1252467372.jpg","type":"image\/jpeg"}],"twitter_card":"summary_large_image","twitter_misc":{"Estimated reading time":"1 minute"},"schema":{"@context":"https:\/\/schema.org","@graph":[{"@type":"WebPage","@id":"https:\/\/vinilozona.lt\/parduotuve\/cd\/naudoti-cd\/miles-davis-the-complete-birth-of-the-cool-cd\/","url":"https:\/\/vinilozona.lt\/parduotuve\/cd\/naudoti-cd\/miles-davis-the-complete-birth-of-the-cool-cd\/","name":"Miles Davis \u2013 The Complete Birth Of The Cool CD Vinilin\u0117 Plok\u0161tel\u0117 | Vinilozona.lt","isPartOf":{"@id":"https:\/\/vinilozona.lt\/#website"},"primaryImageOfPage":{"@id":"https:\/\/vinilozona.lt\/parduotuve\/cd\/naudoti-cd\/miles-davis-the-complete-birth-of-the-cool-cd\/#primaryimage"},"image":{"@id":"https:\/\/vinilozona.lt\/parduotuve\/cd\/naudoti-cd\/miles-davis-the-complete-birth-of-the-cool-cd\/#primaryimage"},"thumbnailUrl":"https:\/\/vinilozona.lt\/wp-content\/uploads\/2024\/12\/R-475336-1252467372.jpg","datePublished":"2024-12-27T04:25:34+00:00","dateModified":"2024-12-27T04:33:52+00:00","breadcrumb":{"@id":"https:\/\/vinilozona.lt\/parduotuve\/cd\/naudoti-cd\/miles-davis-the-complete-birth-of-the-cool-cd\/#breadcrumb"},"inLanguage":"en-GB","potentialAction":[{"@type":"ReadAction","target":["https:\/\/vinilozona.lt\/parduotuve\/cd\/naudoti-cd\/miles-davis-the-complete-birth-of-the-cool-cd\/"]}]},{"@type":"ImageObject","inLanguage":"en-GB","@id":"https:\/\/vinilozona.lt\/parduotuve\/cd\/naudoti-cd\/miles-davis-the-complete-birth-of-the-cool-cd\/#primaryimage","url":"https:\/\/vinilozona.lt\/wp-content\/uploads\/2024\/12\/R-475336-1252467372.jpg","contentUrl":"https:\/\/vinilozona.lt\/wp-content\/uploads\/2024\/12\/R-475336-1252467372.jpg","width":600,"height":530},{"@type":"BreadcrumbList","@id":"https:\/\/vinilozona.lt\/parduotuve\/cd\/naudoti-cd\/miles-davis-the-complete-birth-of-the-cool-cd\/#breadcrumb","itemListElement":[{"@type":"ListItem","position":1,"name":"Home","item":"https:\/\/vinilozona.lt\/"},{"@type":"ListItem","position":2,"name":"Parduotuv\u0117","item":"https:\/\/vinilozona.lt\/parduotuve\/"},{"@type":"ListItem","position":3,"name":"Miles Davis \u2013 The Complete Birth Of The Cool CD"}]},{"@type":"WebSite","@id":"https:\/\/vinilozona.lt\/#website","url":"https:\/\/vinilozona.lt\/","name":"Vinilo Zona","description":"Nup\u016bsk dulkes ir klausyk LP","potentialAction":[{"@type":"SearchAction","target":{"@type":"EntryPoint","urlTemplate":"https:\/\/vinilozona.lt\/?s={search_term_string}"},"query-input":{"@type":"PropertyValueSpecification","valueRequired":true,"valueName":"search_term_string"}}],"inLanguage":"en-GB"}]}},"_links":{"self":[{"href":"https:\/\/vinilozona.lt\/en\/wp-json\/wp\/v2\/product\/27039"}],"collection":[{"href":"https:\/\/vinilozona.lt\/en\/wp-json\/wp\/v2\/product"}],"about":[{"href":"https:\/\/vinilozona.lt\/en\/wp-json\/wp\/v2\/types\/product"}],"wp:featuredmedia":[{"embeddable":true,"href":"https:\/\/vinilozona.lt\/en\/wp-json\/wp\/v2\/media\/27040"}],"wp:attachment":[{"href":"https:\/\/vinilozona.lt\/en\/wp-json\/wp\/v2\/media?parent=27039"}],"wp:term":[{"taxonomy":"product_cat","embeddable":true,"href":"https:\/\/vinilozona.lt\/en\/wp-json\/wp\/v2\/product_cat?post=27039"},{"taxonomy":"product_tag","embeddable":true,"href":"https:\/\/vinilozona.lt\/en\/wp-json\/wp\/v2\/product_tag?post=27039"}],"curies":[{"name":"wp","href":"https:\/\/api.w.org\/{rel}","templated":true}]}}