{"id":27023,"date":"2024-12-24T05:48:12","date_gmt":"2024-12-24T03:48:12","guid":{"rendered":"https:\/\/vinilozona.lt\/?post_type=product&#038;p=27023"},"modified":"2025-01-28T18:07:52","modified_gmt":"2025-01-28T16:07:52","slug":"various-the-explosion-of-rockn-roll-2lp","status":"publish","type":"product","link":"https:\/\/vinilozona.lt\/en\/parduotuve\/various-rinkiniai\/various-the-explosion-of-rockn-roll-2lp\/","title":{"rendered":"Various \u2013 The Explosion Of Rock&#8217;N Roll  2lp"},"content":{"rendered":"<p>Chuck Berry\u2013\tSweet Little Sixteen\t2:14<br \/>\nJerry Lee Lewis\u2013\tHigh School Confidential\t2:17<br \/>\nMarty Wilde\u2013\tRubber Ball\t2:15<br \/>\nFats Domino\u2013\tLet The Four Winds Blow\t2:38<br \/>\nThe Platters\u2013\tThe Great Pretender\t2:38<br \/>\nJerry Lee Lewis\u2013\tCorine, Corina\t2:01<br \/>\nJerry Lee Lewis\u2013\tGreat Balls Of Fire\t1:45<br \/>\nJohnny Hallyday\u2013\tWhole Lotta Shakin&#8217; Goin&#8217; On\t2:35<br \/>\nClyde McPhatter\u2013\tLover Please\t1:52<br \/>\nChuck Berry\u2013\tRock&#8217;N Roll Music\t2:33<br \/>\nFats Domino\u2013\tAin&#8217;t That A Shame\t2:10<br \/>\nChuck Berry\u2013\tRoll Over Beethoven\t2:44<br \/>\nChuck Berry\u2013\tJohnny B. Goode\t2:10<br \/>\nFats Domino\u2013\tI&#8217;m Gonna Be A Wheel Someday\t2:19<br \/>\nJohnny Hallyday\u2013\tBe Bop A Lula\t2:35<br \/>\nThe Platters\u2013\tOnly You (And You Alone)\t2:33<br \/>\nJerry Lee Lewis\u2013\tI&#8217;m On Fire\t2:22<br \/>\nBilly Lee Riley\u2013\tTobacco Road\t3:00<br \/>\nChuck Berry\u2013\tOh Baby Doll\t2:16<br \/>\nJohnny Hallyday\u2013\tElle Est Terrible (Something Else)\t1:55<br \/>\nThe Platters\u2013\tLove Me Tender\t2:47<br \/>\nFats Domino\u2013\tJambalaya (On The Bayou)\t2:50<br \/>\nChuck Berry\u2013\tMemphis\t2:07<br \/>\nJerry Lee Lewis\u2013\tLong Tall Sally\t1:47<\/p>","protected":false},"excerpt":{"rendered":"<p>Mercury \u2013 62 304, Mercury \u2013 62 305, Mercury \u2013 62 306<br \/>\nFormat:<br \/>\n2 x Vinyl, LP, Compilation, Club Edition, Gatefold<br \/>\nCountry:<br \/>\nGermany<\/p>","protected":false},"featured_media":27024,"template":"","meta":[],"product_cat":[906],"product_tag":[44],"yoast_head":"<!-- This site is optimized with the Yoast SEO plugin v23.5 - https:\/\/yoast.com\/wordpress\/plugins\/seo\/ -->\n<title>Various \u2013 The Explosion Of Rock&#039;N Roll 2lp Vinilin\u0117 Plok\u0161tel\u0117 | Vinilozona.lt<\/title>\n<meta name=\"robots\" content=\"index, follow, max-snippet:-1, max-image-preview:large, max-video-preview:-1\" \/>\n<link rel=\"canonical\" href=\"https:\/\/vinilozona.lt\/en\/parduotuve\/various-rinkiniai\/various-the-explosion-of-rockn-roll-2lp\/\" \/>\n<meta property=\"og:locale\" content=\"en_GB\" \/>\n<meta property=\"og:type\" content=\"article\" \/>\n<meta property=\"og:title\" content=\"Various \u2013 The Explosion Of Rock&#039;N Roll 2lp Vinilin\u0117 Plok\u0161tel\u0117 | Vinilozona.lt\" \/>\n<meta property=\"og:description\" content=\"Mercury \u2013 62 304, Mercury \u2013 62 305, Mercury \u2013 62 306 Format: 2 x Vinyl, LP, Compilation, Club Edition, Gatefold Country: Germany\" \/>\n<meta property=\"og:url\" content=\"https:\/\/vinilozona.lt\/en\/parduotuve\/various-rinkiniai\/various-the-explosion-of-rockn-roll-2lp\/\" \/>\n<meta property=\"og:site_name\" content=\"Vinilo Zona\" \/>\n<meta property=\"article:modified_time\" content=\"2025-01-28T16:07:52+00:00\" \/>\n<meta property=\"og:image\" content=\"https:\/\/vinilozona.lt\/wp-content\/uploads\/2024\/12\/R-7502953-1442844489-5394.jpg\" \/>\n\t<meta property=\"og:image:width\" content=\"599\" \/>\n\t<meta property=\"og:image:height\" content=\"586\" \/>\n\t<meta property=\"og:image:type\" content=\"image\/jpeg\" \/>\n<meta name=\"twitter:card\" content=\"summary_large_image\" \/>\n<meta name=\"twitter:label1\" content=\"Estimated reading time\" \/>\n\t<meta name=\"twitter:data1\" content=\"1 minute\" \/>\n<script type=\"application\/ld+json\" class=\"yoast-schema-graph\">{\"@context\":\"https:\/\/schema.org\",\"@graph\":[{\"@type\":\"WebPage\",\"@id\":\"https:\/\/vinilozona.lt\/parduotuve\/various-rinkiniai\/various-the-explosion-of-rockn-roll-2lp\/\",\"url\":\"https:\/\/vinilozona.lt\/parduotuve\/various-rinkiniai\/various-the-explosion-of-rockn-roll-2lp\/\",\"name\":\"Various \u2013 The Explosion Of Rock'N Roll 2lp Vinilin\u0117 Plok\u0161tel\u0117 | Vinilozona.lt\",\"isPartOf\":{\"@id\":\"https:\/\/vinilozona.lt\/#website\"},\"primaryImageOfPage\":{\"@id\":\"https:\/\/vinilozona.lt\/parduotuve\/various-rinkiniai\/various-the-explosion-of-rockn-roll-2lp\/#primaryimage\"},\"image\":{\"@id\":\"https:\/\/vinilozona.lt\/parduotuve\/various-rinkiniai\/various-the-explosion-of-rockn-roll-2lp\/#primaryimage\"},\"thumbnailUrl\":\"https:\/\/vinilozona.lt\/wp-content\/uploads\/2024\/12\/R-7502953-1442844489-5394.jpg\",\"datePublished\":\"2024-12-24T03:48:12+00:00\",\"dateModified\":\"2025-01-28T16:07:52+00:00\",\"breadcrumb\":{\"@id\":\"https:\/\/vinilozona.lt\/parduotuve\/various-rinkiniai\/various-the-explosion-of-rockn-roll-2lp\/#breadcrumb\"},\"inLanguage\":\"en-GB\",\"potentialAction\":[{\"@type\":\"ReadAction\",\"target\":[\"https:\/\/vinilozona.lt\/parduotuve\/various-rinkiniai\/various-the-explosion-of-rockn-roll-2lp\/\"]}]},{\"@type\":\"ImageObject\",\"inLanguage\":\"en-GB\",\"@id\":\"https:\/\/vinilozona.lt\/parduotuve\/various-rinkiniai\/various-the-explosion-of-rockn-roll-2lp\/#primaryimage\",\"url\":\"https:\/\/vinilozona.lt\/wp-content\/uploads\/2024\/12\/R-7502953-1442844489-5394.jpg\",\"contentUrl\":\"https:\/\/vinilozona.lt\/wp-content\/uploads\/2024\/12\/R-7502953-1442844489-5394.jpg\",\"width\":599,\"height\":586},{\"@type\":\"BreadcrumbList\",\"@id\":\"https:\/\/vinilozona.lt\/parduotuve\/various-rinkiniai\/various-the-explosion-of-rockn-roll-2lp\/#breadcrumb\",\"itemListElement\":[{\"@type\":\"ListItem\",\"position\":1,\"name\":\"Home\",\"item\":\"https:\/\/vinilozona.lt\/\"},{\"@type\":\"ListItem\",\"position\":2,\"name\":\"Parduotuv\u0117\",\"item\":\"https:\/\/vinilozona.lt\/parduotuve\/\"},{\"@type\":\"ListItem\",\"position\":3,\"name\":\"Various \u2013 The Explosion Of Rock&#8217;N Roll 2lp\"}]},{\"@type\":\"WebSite\",\"@id\":\"https:\/\/vinilozona.lt\/#website\",\"url\":\"https:\/\/vinilozona.lt\/\",\"name\":\"Vinilo Zona\",\"description\":\"Nup\u016bsk dulkes ir klausyk LP\",\"potentialAction\":[{\"@type\":\"SearchAction\",\"target\":{\"@type\":\"EntryPoint\",\"urlTemplate\":\"https:\/\/vinilozona.lt\/?s={search_term_string}\"},\"query-input\":{\"@type\":\"PropertyValueSpecification\",\"valueRequired\":true,\"valueName\":\"search_term_string\"}}],\"inLanguage\":\"en-GB\"}]}<\/script>\n<!-- \/ Yoast SEO plugin. -->","yoast_head_json":{"title":"Various \u2013 The Explosion Of Rock'N Roll 2lp Vinilin\u0117 Plok\u0161tel\u0117 | Vinilozona.lt","robots":{"index":"index","follow":"follow","max-snippet":"max-snippet:-1","max-image-preview":"max-image-preview:large","max-video-preview":"max-video-preview:-1"},"canonical":"https:\/\/vinilozona.lt\/en\/parduotuve\/various-rinkiniai\/various-the-explosion-of-rockn-roll-2lp\/","og_locale":"en_GB","og_type":"article","og_title":"Various \u2013 The Explosion Of Rock'N Roll 2lp Vinilin\u0117 Plok\u0161tel\u0117 | Vinilozona.lt","og_description":"Mercury \u2013 62 304, Mercury \u2013 62 305, Mercury \u2013 62 306 Format: 2 x Vinyl, LP, Compilation, Club Edition, Gatefold Country: Germany","og_url":"https:\/\/vinilozona.lt\/en\/parduotuve\/various-rinkiniai\/various-the-explosion-of-rockn-roll-2lp\/","og_site_name":"Vinilo Zona","article_modified_time":"2025-01-28T16:07:52+00:00","og_image":[{"width":599,"height":586,"url":"https:\/\/vinilozona.lt\/wp-content\/uploads\/2024\/12\/R-7502953-1442844489-5394.jpg","type":"image\/jpeg"}],"twitter_card":"summary_large_image","twitter_misc":{"Estimated reading time":"1 minute"},"schema":{"@context":"https:\/\/schema.org","@graph":[{"@type":"WebPage","@id":"https:\/\/vinilozona.lt\/parduotuve\/various-rinkiniai\/various-the-explosion-of-rockn-roll-2lp\/","url":"https:\/\/vinilozona.lt\/parduotuve\/various-rinkiniai\/various-the-explosion-of-rockn-roll-2lp\/","name":"Various \u2013 The Explosion Of Rock'N Roll 2lp Vinilin\u0117 Plok\u0161tel\u0117 | Vinilozona.lt","isPartOf":{"@id":"https:\/\/vinilozona.lt\/#website"},"primaryImageOfPage":{"@id":"https:\/\/vinilozona.lt\/parduotuve\/various-rinkiniai\/various-the-explosion-of-rockn-roll-2lp\/#primaryimage"},"image":{"@id":"https:\/\/vinilozona.lt\/parduotuve\/various-rinkiniai\/various-the-explosion-of-rockn-roll-2lp\/#primaryimage"},"thumbnailUrl":"https:\/\/vinilozona.lt\/wp-content\/uploads\/2024\/12\/R-7502953-1442844489-5394.jpg","datePublished":"2024-12-24T03:48:12+00:00","dateModified":"2025-01-28T16:07:52+00:00","breadcrumb":{"@id":"https:\/\/vinilozona.lt\/parduotuve\/various-rinkiniai\/various-the-explosion-of-rockn-roll-2lp\/#breadcrumb"},"inLanguage":"en-GB","potentialAction":[{"@type":"ReadAction","target":["https:\/\/vinilozona.lt\/parduotuve\/various-rinkiniai\/various-the-explosion-of-rockn-roll-2lp\/"]}]},{"@type":"ImageObject","inLanguage":"en-GB","@id":"https:\/\/vinilozona.lt\/parduotuve\/various-rinkiniai\/various-the-explosion-of-rockn-roll-2lp\/#primaryimage","url":"https:\/\/vinilozona.lt\/wp-content\/uploads\/2024\/12\/R-7502953-1442844489-5394.jpg","contentUrl":"https:\/\/vinilozona.lt\/wp-content\/uploads\/2024\/12\/R-7502953-1442844489-5394.jpg","width":599,"height":586},{"@type":"BreadcrumbList","@id":"https:\/\/vinilozona.lt\/parduotuve\/various-rinkiniai\/various-the-explosion-of-rockn-roll-2lp\/#breadcrumb","itemListElement":[{"@type":"ListItem","position":1,"name":"Home","item":"https:\/\/vinilozona.lt\/"},{"@type":"ListItem","position":2,"name":"Parduotuv\u0117","item":"https:\/\/vinilozona.lt\/parduotuve\/"},{"@type":"ListItem","position":3,"name":"Various \u2013 The Explosion Of Rock&#8217;N Roll 2lp"}]},{"@type":"WebSite","@id":"https:\/\/vinilozona.lt\/#website","url":"https:\/\/vinilozona.lt\/","name":"Vinilo Zona","description":"Nup\u016bsk dulkes ir klausyk LP","potentialAction":[{"@type":"SearchAction","target":{"@type":"EntryPoint","urlTemplate":"https:\/\/vinilozona.lt\/?s={search_term_string}"},"query-input":{"@type":"PropertyValueSpecification","valueRequired":true,"valueName":"search_term_string"}}],"inLanguage":"en-GB"}]}},"_links":{"self":[{"href":"https:\/\/vinilozona.lt\/en\/wp-json\/wp\/v2\/product\/27023"}],"collection":[{"href":"https:\/\/vinilozona.lt\/en\/wp-json\/wp\/v2\/product"}],"about":[{"href":"https:\/\/vinilozona.lt\/en\/wp-json\/wp\/v2\/types\/product"}],"wp:featuredmedia":[{"embeddable":true,"href":"https:\/\/vinilozona.lt\/en\/wp-json\/wp\/v2\/media\/27024"}],"wp:attachment":[{"href":"https:\/\/vinilozona.lt\/en\/wp-json\/wp\/v2\/media?parent=27023"}],"wp:term":[{"taxonomy":"product_cat","embeddable":true,"href":"https:\/\/vinilozona.lt\/en\/wp-json\/wp\/v2\/product_cat?post=27023"},{"taxonomy":"product_tag","embeddable":true,"href":"https:\/\/vinilozona.lt\/en\/wp-json\/wp\/v2\/product_tag?post=27023"}],"curies":[{"name":"wp","href":"https:\/\/api.w.org\/{rel}","templated":true}]}}