{"id":27021,"date":"2024-12-24T05:44:14","date_gmt":"2024-12-24T03:44:14","guid":{"rendered":"https:\/\/vinilozona.lt\/?post_type=product&#038;p=27021"},"modified":"2025-01-28T17:55:59","modified_gmt":"2025-01-28T15:55:59","slug":"various-missa-2lp","status":"publish","type":"product","link":"https:\/\/vinilozona.lt\/en\/parduotuve\/rock-pop\/various-missa-2lp\/","title":{"rendered":"Various \u2013 Missa  2LP"},"content":{"rendered":"<p>Misa Criolla ( A. Ramirez)<br \/>\nA1\t\tKyrie (Vidala- Baguala)\t3:00<br \/>\nA2\t\tGloria (Carnavalito-Yaravi)\t5:30<br \/>\nA3\t\tCredo (Chacarera- Trunca)\t2:43<br \/>\nA4\t\tSanctus (Carnaval Cochabambino)\t1:51<br \/>\nA5\t\tAgnus Dei (Estilo Pompeano)\t2:38<br \/>\nMisa Flamenca<br \/>\nB1\t\tKyrie ( La Cana)\t5:00<br \/>\nB2\t\tGloria (Cantes De Malaga)\t6:16<br \/>\nB3\t\tCredo (Cantes Gitanos)\t7:23<br \/>\nB4\t\tSanctus (Cantes Del Campo)\t3:10<br \/>\nB5\t\tAgnus Dei (Cantes De Cadiz)\t3:45<br \/>\nMissa Luba<br \/>\nC1\t\tKyrie\t2:00<br \/>\nC2\t\tGloria\t2:38<br \/>\nC3\t\tCredo\t4:00<br \/>\nC4\t\tSanctus\t1:35<br \/>\nC5\t\tAgnus Dei\t1:50<br \/>\nC6\t\tAve Maria ( Arr. P. Guido Haazen)\t2:30<br \/>\nC7\t\tMbali Kule (Gloria In Exelsis Deo)\t1:44<br \/>\nC8\t\tO Jesu Christe (Van Berchem)\t2:57<br \/>\nMesse Des Savanes<br \/>\nD1\t\tKyrie\t4:18<br \/>\nD2\t\tGloria\t7:13<br \/>\nD3\t\tCredo\t4:53<br \/>\nD4\t\tSanctus\t3:34<br \/>\nD5\t\tAgnus Dei\t3:04<\/p>","protected":false},"excerpt":{"rendered":"<p>Philips \u2013 6641 069<br \/>\nFormat: 2 x Vinyl, LP, Album, Stereo, Gatefold<br \/>\nCountry:  Germany<br \/>\nReleased:  1979<br \/>\nGenre:<br \/>\nLatin, Folk, World, &#038; Country<br \/>\nStyle:<br \/>\nAfrican, Religious, Folk, Andalusian Classical<\/p>","protected":false},"featured_media":27022,"template":"","meta":[],"product_cat":[15,906],"product_tag":[44],"yoast_head":"<!-- This site is optimized with the Yoast SEO plugin v23.5 - https:\/\/yoast.com\/wordpress\/plugins\/seo\/ -->\n<title>Various \u2013 Missa 2LP Vinilin\u0117 Plok\u0161tel\u0117 | Vinilozona.lt<\/title>\n<meta name=\"robots\" content=\"index, follow, max-snippet:-1, max-image-preview:large, max-video-preview:-1\" \/>\n<link rel=\"canonical\" href=\"https:\/\/vinilozona.lt\/en\/parduotuve\/rock-pop\/various-missa-2lp\/\" \/>\n<meta property=\"og:locale\" content=\"en_GB\" \/>\n<meta property=\"og:type\" content=\"article\" \/>\n<meta property=\"og:title\" content=\"Various \u2013 Missa 2LP Vinilin\u0117 Plok\u0161tel\u0117 | Vinilozona.lt\" \/>\n<meta property=\"og:description\" content=\"Philips \u2013 6641 069 Format: 2 x Vinyl, LP, Album, Stereo, Gatefold Country: Germany Released: 1979 Genre: Latin, Folk, World, &amp; Country Style: African, Religious, Folk, Andalusian Classical\" \/>\n<meta property=\"og:url\" content=\"https:\/\/vinilozona.lt\/en\/parduotuve\/rock-pop\/various-missa-2lp\/\" \/>\n<meta property=\"og:site_name\" content=\"Vinilo Zona\" \/>\n<meta property=\"article:modified_time\" content=\"2025-01-28T15:55:59+00:00\" \/>\n<meta property=\"og:image\" content=\"https:\/\/vinilozona.lt\/wp-content\/uploads\/2024\/12\/R-5864512-1490950884-9766.jpg\" \/>\n\t<meta property=\"og:image:width\" content=\"599\" \/>\n\t<meta property=\"og:image:height\" content=\"589\" \/>\n\t<meta property=\"og:image:type\" content=\"image\/jpeg\" \/>\n<meta name=\"twitter:card\" content=\"summary_large_image\" \/>\n<meta name=\"twitter:label1\" content=\"Estimated reading time\" \/>\n\t<meta name=\"twitter:data1\" content=\"1 minute\" \/>\n<script type=\"application\/ld+json\" class=\"yoast-schema-graph\">{\"@context\":\"https:\/\/schema.org\",\"@graph\":[{\"@type\":\"WebPage\",\"@id\":\"https:\/\/vinilozona.lt\/parduotuve\/rock-pop\/various-missa-2lp\/\",\"url\":\"https:\/\/vinilozona.lt\/parduotuve\/rock-pop\/various-missa-2lp\/\",\"name\":\"Various \u2013 Missa 2LP Vinilin\u0117 Plok\u0161tel\u0117 | Vinilozona.lt\",\"isPartOf\":{\"@id\":\"https:\/\/vinilozona.lt\/#website\"},\"primaryImageOfPage\":{\"@id\":\"https:\/\/vinilozona.lt\/parduotuve\/rock-pop\/various-missa-2lp\/#primaryimage\"},\"image\":{\"@id\":\"https:\/\/vinilozona.lt\/parduotuve\/rock-pop\/various-missa-2lp\/#primaryimage\"},\"thumbnailUrl\":\"https:\/\/vinilozona.lt\/wp-content\/uploads\/2024\/12\/R-5864512-1490950884-9766.jpg\",\"datePublished\":\"2024-12-24T03:44:14+00:00\",\"dateModified\":\"2025-01-28T15:55:59+00:00\",\"breadcrumb\":{\"@id\":\"https:\/\/vinilozona.lt\/parduotuve\/rock-pop\/various-missa-2lp\/#breadcrumb\"},\"inLanguage\":\"en-GB\",\"potentialAction\":[{\"@type\":\"ReadAction\",\"target\":[\"https:\/\/vinilozona.lt\/parduotuve\/rock-pop\/various-missa-2lp\/\"]}]},{\"@type\":\"ImageObject\",\"inLanguage\":\"en-GB\",\"@id\":\"https:\/\/vinilozona.lt\/parduotuve\/rock-pop\/various-missa-2lp\/#primaryimage\",\"url\":\"https:\/\/vinilozona.lt\/wp-content\/uploads\/2024\/12\/R-5864512-1490950884-9766.jpg\",\"contentUrl\":\"https:\/\/vinilozona.lt\/wp-content\/uploads\/2024\/12\/R-5864512-1490950884-9766.jpg\",\"width\":599,\"height\":589},{\"@type\":\"BreadcrumbList\",\"@id\":\"https:\/\/vinilozona.lt\/parduotuve\/rock-pop\/various-missa-2lp\/#breadcrumb\",\"itemListElement\":[{\"@type\":\"ListItem\",\"position\":1,\"name\":\"Home\",\"item\":\"https:\/\/vinilozona.lt\/\"},{\"@type\":\"ListItem\",\"position\":2,\"name\":\"Parduotuv\u0117\",\"item\":\"https:\/\/vinilozona.lt\/parduotuve\/\"},{\"@type\":\"ListItem\",\"position\":3,\"name\":\"Various \u2013 Missa 2LP\"}]},{\"@type\":\"WebSite\",\"@id\":\"https:\/\/vinilozona.lt\/#website\",\"url\":\"https:\/\/vinilozona.lt\/\",\"name\":\"Vinilo Zona\",\"description\":\"Nup\u016bsk dulkes ir klausyk LP\",\"potentialAction\":[{\"@type\":\"SearchAction\",\"target\":{\"@type\":\"EntryPoint\",\"urlTemplate\":\"https:\/\/vinilozona.lt\/?s={search_term_string}\"},\"query-input\":{\"@type\":\"PropertyValueSpecification\",\"valueRequired\":true,\"valueName\":\"search_term_string\"}}],\"inLanguage\":\"en-GB\"}]}<\/script>\n<!-- \/ Yoast SEO plugin. -->","yoast_head_json":{"title":"Various \u2013 Missa 2LP Vinilin\u0117 Plok\u0161tel\u0117 | Vinilozona.lt","robots":{"index":"index","follow":"follow","max-snippet":"max-snippet:-1","max-image-preview":"max-image-preview:large","max-video-preview":"max-video-preview:-1"},"canonical":"https:\/\/vinilozona.lt\/en\/parduotuve\/rock-pop\/various-missa-2lp\/","og_locale":"en_GB","og_type":"article","og_title":"Various \u2013 Missa 2LP Vinilin\u0117 Plok\u0161tel\u0117 | Vinilozona.lt","og_description":"Philips \u2013 6641 069 Format: 2 x Vinyl, LP, Album, Stereo, Gatefold Country: Germany Released: 1979 Genre: Latin, Folk, World, & Country Style: African, Religious, Folk, Andalusian Classical","og_url":"https:\/\/vinilozona.lt\/en\/parduotuve\/rock-pop\/various-missa-2lp\/","og_site_name":"Vinilo Zona","article_modified_time":"2025-01-28T15:55:59+00:00","og_image":[{"width":599,"height":589,"url":"https:\/\/vinilozona.lt\/wp-content\/uploads\/2024\/12\/R-5864512-1490950884-9766.jpg","type":"image\/jpeg"}],"twitter_card":"summary_large_image","twitter_misc":{"Estimated reading time":"1 minute"},"schema":{"@context":"https:\/\/schema.org","@graph":[{"@type":"WebPage","@id":"https:\/\/vinilozona.lt\/parduotuve\/rock-pop\/various-missa-2lp\/","url":"https:\/\/vinilozona.lt\/parduotuve\/rock-pop\/various-missa-2lp\/","name":"Various \u2013 Missa 2LP Vinilin\u0117 Plok\u0161tel\u0117 | Vinilozona.lt","isPartOf":{"@id":"https:\/\/vinilozona.lt\/#website"},"primaryImageOfPage":{"@id":"https:\/\/vinilozona.lt\/parduotuve\/rock-pop\/various-missa-2lp\/#primaryimage"},"image":{"@id":"https:\/\/vinilozona.lt\/parduotuve\/rock-pop\/various-missa-2lp\/#primaryimage"},"thumbnailUrl":"https:\/\/vinilozona.lt\/wp-content\/uploads\/2024\/12\/R-5864512-1490950884-9766.jpg","datePublished":"2024-12-24T03:44:14+00:00","dateModified":"2025-01-28T15:55:59+00:00","breadcrumb":{"@id":"https:\/\/vinilozona.lt\/parduotuve\/rock-pop\/various-missa-2lp\/#breadcrumb"},"inLanguage":"en-GB","potentialAction":[{"@type":"ReadAction","target":["https:\/\/vinilozona.lt\/parduotuve\/rock-pop\/various-missa-2lp\/"]}]},{"@type":"ImageObject","inLanguage":"en-GB","@id":"https:\/\/vinilozona.lt\/parduotuve\/rock-pop\/various-missa-2lp\/#primaryimage","url":"https:\/\/vinilozona.lt\/wp-content\/uploads\/2024\/12\/R-5864512-1490950884-9766.jpg","contentUrl":"https:\/\/vinilozona.lt\/wp-content\/uploads\/2024\/12\/R-5864512-1490950884-9766.jpg","width":599,"height":589},{"@type":"BreadcrumbList","@id":"https:\/\/vinilozona.lt\/parduotuve\/rock-pop\/various-missa-2lp\/#breadcrumb","itemListElement":[{"@type":"ListItem","position":1,"name":"Home","item":"https:\/\/vinilozona.lt\/"},{"@type":"ListItem","position":2,"name":"Parduotuv\u0117","item":"https:\/\/vinilozona.lt\/parduotuve\/"},{"@type":"ListItem","position":3,"name":"Various \u2013 Missa 2LP"}]},{"@type":"WebSite","@id":"https:\/\/vinilozona.lt\/#website","url":"https:\/\/vinilozona.lt\/","name":"Vinilo Zona","description":"Nup\u016bsk dulkes ir klausyk LP","potentialAction":[{"@type":"SearchAction","target":{"@type":"EntryPoint","urlTemplate":"https:\/\/vinilozona.lt\/?s={search_term_string}"},"query-input":{"@type":"PropertyValueSpecification","valueRequired":true,"valueName":"search_term_string"}}],"inLanguage":"en-GB"}]}},"_links":{"self":[{"href":"https:\/\/vinilozona.lt\/en\/wp-json\/wp\/v2\/product\/27021"}],"collection":[{"href":"https:\/\/vinilozona.lt\/en\/wp-json\/wp\/v2\/product"}],"about":[{"href":"https:\/\/vinilozona.lt\/en\/wp-json\/wp\/v2\/types\/product"}],"wp:featuredmedia":[{"embeddable":true,"href":"https:\/\/vinilozona.lt\/en\/wp-json\/wp\/v2\/media\/27022"}],"wp:attachment":[{"href":"https:\/\/vinilozona.lt\/en\/wp-json\/wp\/v2\/media?parent=27021"}],"wp:term":[{"taxonomy":"product_cat","embeddable":true,"href":"https:\/\/vinilozona.lt\/en\/wp-json\/wp\/v2\/product_cat?post=27021"},{"taxonomy":"product_tag","embeddable":true,"href":"https:\/\/vinilozona.lt\/en\/wp-json\/wp\/v2\/product_tag?post=27021"}],"curies":[{"name":"wp","href":"https:\/\/api.w.org\/{rel}","templated":true}]}}