{"id":26967,"date":"2024-12-21T05:03:52","date_gmt":"2024-12-21T03:03:52","guid":{"rendered":"https:\/\/vinilozona.lt\/?post_type=product&#038;p=26967"},"modified":"2024-12-29T13:57:47","modified_gmt":"2024-12-29T11:57:47","slug":"louis-armstrong-satchmo-what-a-wonderful-world","status":"publish","type":"product","link":"https:\/\/vinilozona.lt\/en\/parduotuve\/jazz\/louis-armstrong-satchmo-what-a-wonderful-world\/","title":{"rendered":"Louis Armstrong \u2013 Satchmo &#8211; What A Wonderful World"},"content":{"rendered":"<p>A1\t\tWhat A Wonderful World\t2:21<br \/>\nA2\t\tNobody Knows The Trouble I&#8217;ve Seen\t4:51<br \/>\nA3\t\tBaby, It&#8217;s Cold Outside\t5:31<br \/>\nA4\t\tSweet Lorraine\t5:11<br \/>\nA5\t\tSummertime\t4:57<br \/>\nA6\t\tIt Ain&#8217;t Necessarily So\t6:33<br \/>\nA7\t\tOn The Sunny Side Of The Street\t3:31<br \/>\nB1\t\tTyree&#8217;s Blues\t2:45<br \/>\nB2\t\tCheek To Cheek\t5:52<br \/>\nB3\t\tTop Hat, White Tie And Tails\t4:10<br \/>\nB4\t\tCan&#8217;t We Be Friends\t3:46<br \/>\nB5\t\tShort But Sweet\t2:41<br \/>\nB6\t\tTin Roof Blues\t2:58<br \/>\nB7\t\tThe Circle Of Your Arms\t2:38<br \/>\nB8\t\tUncle Satchmo&#8217;s Lullaby\t2:26<br \/>\nB9\t\tWhen The Saints Go Marching In\t3:11<\/p>","protected":false},"excerpt":{"rendered":"<p>Verve Records \u2013 837 786-1<br \/>\nFormat:<br \/>\nVinyl, LP, Compilation,<br \/>\nCountry:<br \/>\nEurope<br \/>\nReleased:<br \/>\n1988<\/p>","protected":false},"featured_media":26968,"template":"","meta":[],"product_cat":[20],"product_tag":[44],"yoast_head":"<!-- This site is optimized with the Yoast SEO plugin v23.5 - https:\/\/yoast.com\/wordpress\/plugins\/seo\/ -->\n<title>Louis Armstrong \u2013 Satchmo - What A Wonderful World Vinilin\u0117 Plok\u0161tel\u0117 | Vinilozona.lt<\/title>\n<meta name=\"robots\" content=\"index, follow, max-snippet:-1, max-image-preview:large, max-video-preview:-1\" \/>\n<link rel=\"canonical\" href=\"https:\/\/vinilozona.lt\/en\/parduotuve\/jazz\/louis-armstrong-satchmo-what-a-wonderful-world\/\" \/>\n<meta property=\"og:locale\" content=\"en_GB\" \/>\n<meta property=\"og:type\" content=\"article\" \/>\n<meta property=\"og:title\" content=\"Louis Armstrong \u2013 Satchmo - What A Wonderful World Vinilin\u0117 Plok\u0161tel\u0117 | Vinilozona.lt\" \/>\n<meta property=\"og:description\" content=\"Verve Records \u2013 837 786-1 Format: Vinyl, LP, Compilation,  Country: Europe Released: 1988\" \/>\n<meta property=\"og:url\" content=\"https:\/\/vinilozona.lt\/en\/parduotuve\/jazz\/louis-armstrong-satchmo-what-a-wonderful-world\/\" \/>\n<meta property=\"og:site_name\" content=\"Vinilo Zona\" \/>\n<meta property=\"article:modified_time\" content=\"2024-12-29T11:57:47+00:00\" \/>\n<meta property=\"og:image\" content=\"https:\/\/vinilozona.lt\/wp-content\/uploads\/2024\/12\/R-5263817-1443182279-3472.jpg\" \/>\n\t<meta property=\"og:image:width\" content=\"560\" \/>\n\t<meta property=\"og:image:height\" content=\"599\" \/>\n\t<meta property=\"og:image:type\" content=\"image\/jpeg\" \/>\n<meta name=\"twitter:card\" content=\"summary_large_image\" \/>\n<meta name=\"twitter:label1\" content=\"Estimated reading time\" \/>\n\t<meta name=\"twitter:data1\" content=\"1 minute\" \/>\n<script type=\"application\/ld+json\" class=\"yoast-schema-graph\">{\"@context\":\"https:\/\/schema.org\",\"@graph\":[{\"@type\":\"WebPage\",\"@id\":\"https:\/\/vinilozona.lt\/parduotuve\/jazz\/louis-armstrong-satchmo-what-a-wonderful-world\/\",\"url\":\"https:\/\/vinilozona.lt\/parduotuve\/jazz\/louis-armstrong-satchmo-what-a-wonderful-world\/\",\"name\":\"Louis Armstrong \u2013 Satchmo - What A Wonderful World Vinilin\u0117 Plok\u0161tel\u0117 | Vinilozona.lt\",\"isPartOf\":{\"@id\":\"https:\/\/vinilozona.lt\/#website\"},\"primaryImageOfPage\":{\"@id\":\"https:\/\/vinilozona.lt\/parduotuve\/jazz\/louis-armstrong-satchmo-what-a-wonderful-world\/#primaryimage\"},\"image\":{\"@id\":\"https:\/\/vinilozona.lt\/parduotuve\/jazz\/louis-armstrong-satchmo-what-a-wonderful-world\/#primaryimage\"},\"thumbnailUrl\":\"https:\/\/vinilozona.lt\/wp-content\/uploads\/2024\/12\/R-5263817-1443182279-3472.jpg\",\"datePublished\":\"2024-12-21T03:03:52+00:00\",\"dateModified\":\"2024-12-29T11:57:47+00:00\",\"breadcrumb\":{\"@id\":\"https:\/\/vinilozona.lt\/parduotuve\/jazz\/louis-armstrong-satchmo-what-a-wonderful-world\/#breadcrumb\"},\"inLanguage\":\"en-GB\",\"potentialAction\":[{\"@type\":\"ReadAction\",\"target\":[\"https:\/\/vinilozona.lt\/parduotuve\/jazz\/louis-armstrong-satchmo-what-a-wonderful-world\/\"]}]},{\"@type\":\"ImageObject\",\"inLanguage\":\"en-GB\",\"@id\":\"https:\/\/vinilozona.lt\/parduotuve\/jazz\/louis-armstrong-satchmo-what-a-wonderful-world\/#primaryimage\",\"url\":\"https:\/\/vinilozona.lt\/wp-content\/uploads\/2024\/12\/R-5263817-1443182279-3472.jpg\",\"contentUrl\":\"https:\/\/vinilozona.lt\/wp-content\/uploads\/2024\/12\/R-5263817-1443182279-3472.jpg\",\"width\":560,\"height\":599},{\"@type\":\"BreadcrumbList\",\"@id\":\"https:\/\/vinilozona.lt\/parduotuve\/jazz\/louis-armstrong-satchmo-what-a-wonderful-world\/#breadcrumb\",\"itemListElement\":[{\"@type\":\"ListItem\",\"position\":1,\"name\":\"Home\",\"item\":\"https:\/\/vinilozona.lt\/\"},{\"@type\":\"ListItem\",\"position\":2,\"name\":\"Parduotuv\u0117\",\"item\":\"https:\/\/vinilozona.lt\/parduotuve\/\"},{\"@type\":\"ListItem\",\"position\":3,\"name\":\"Louis Armstrong \u2013 Satchmo &#8211; What A Wonderful World\"}]},{\"@type\":\"WebSite\",\"@id\":\"https:\/\/vinilozona.lt\/#website\",\"url\":\"https:\/\/vinilozona.lt\/\",\"name\":\"Vinilo Zona\",\"description\":\"Nup\u016bsk dulkes ir klausyk LP\",\"potentialAction\":[{\"@type\":\"SearchAction\",\"target\":{\"@type\":\"EntryPoint\",\"urlTemplate\":\"https:\/\/vinilozona.lt\/?s={search_term_string}\"},\"query-input\":{\"@type\":\"PropertyValueSpecification\",\"valueRequired\":true,\"valueName\":\"search_term_string\"}}],\"inLanguage\":\"en-GB\"}]}<\/script>\n<!-- \/ Yoast SEO plugin. -->","yoast_head_json":{"title":"Louis Armstrong \u2013 Satchmo - What A Wonderful World Vinilin\u0117 Plok\u0161tel\u0117 | Vinilozona.lt","robots":{"index":"index","follow":"follow","max-snippet":"max-snippet:-1","max-image-preview":"max-image-preview:large","max-video-preview":"max-video-preview:-1"},"canonical":"https:\/\/vinilozona.lt\/en\/parduotuve\/jazz\/louis-armstrong-satchmo-what-a-wonderful-world\/","og_locale":"en_GB","og_type":"article","og_title":"Louis Armstrong \u2013 Satchmo - What A Wonderful World Vinilin\u0117 Plok\u0161tel\u0117 | Vinilozona.lt","og_description":"Verve Records \u2013 837 786-1 Format: Vinyl, LP, Compilation,  Country: Europe Released: 1988","og_url":"https:\/\/vinilozona.lt\/en\/parduotuve\/jazz\/louis-armstrong-satchmo-what-a-wonderful-world\/","og_site_name":"Vinilo Zona","article_modified_time":"2024-12-29T11:57:47+00:00","og_image":[{"width":560,"height":599,"url":"https:\/\/vinilozona.lt\/wp-content\/uploads\/2024\/12\/R-5263817-1443182279-3472.jpg","type":"image\/jpeg"}],"twitter_card":"summary_large_image","twitter_misc":{"Estimated reading time":"1 minute"},"schema":{"@context":"https:\/\/schema.org","@graph":[{"@type":"WebPage","@id":"https:\/\/vinilozona.lt\/parduotuve\/jazz\/louis-armstrong-satchmo-what-a-wonderful-world\/","url":"https:\/\/vinilozona.lt\/parduotuve\/jazz\/louis-armstrong-satchmo-what-a-wonderful-world\/","name":"Louis Armstrong \u2013 Satchmo - What A Wonderful World Vinilin\u0117 Plok\u0161tel\u0117 | Vinilozona.lt","isPartOf":{"@id":"https:\/\/vinilozona.lt\/#website"},"primaryImageOfPage":{"@id":"https:\/\/vinilozona.lt\/parduotuve\/jazz\/louis-armstrong-satchmo-what-a-wonderful-world\/#primaryimage"},"image":{"@id":"https:\/\/vinilozona.lt\/parduotuve\/jazz\/louis-armstrong-satchmo-what-a-wonderful-world\/#primaryimage"},"thumbnailUrl":"https:\/\/vinilozona.lt\/wp-content\/uploads\/2024\/12\/R-5263817-1443182279-3472.jpg","datePublished":"2024-12-21T03:03:52+00:00","dateModified":"2024-12-29T11:57:47+00:00","breadcrumb":{"@id":"https:\/\/vinilozona.lt\/parduotuve\/jazz\/louis-armstrong-satchmo-what-a-wonderful-world\/#breadcrumb"},"inLanguage":"en-GB","potentialAction":[{"@type":"ReadAction","target":["https:\/\/vinilozona.lt\/parduotuve\/jazz\/louis-armstrong-satchmo-what-a-wonderful-world\/"]}]},{"@type":"ImageObject","inLanguage":"en-GB","@id":"https:\/\/vinilozona.lt\/parduotuve\/jazz\/louis-armstrong-satchmo-what-a-wonderful-world\/#primaryimage","url":"https:\/\/vinilozona.lt\/wp-content\/uploads\/2024\/12\/R-5263817-1443182279-3472.jpg","contentUrl":"https:\/\/vinilozona.lt\/wp-content\/uploads\/2024\/12\/R-5263817-1443182279-3472.jpg","width":560,"height":599},{"@type":"BreadcrumbList","@id":"https:\/\/vinilozona.lt\/parduotuve\/jazz\/louis-armstrong-satchmo-what-a-wonderful-world\/#breadcrumb","itemListElement":[{"@type":"ListItem","position":1,"name":"Home","item":"https:\/\/vinilozona.lt\/"},{"@type":"ListItem","position":2,"name":"Parduotuv\u0117","item":"https:\/\/vinilozona.lt\/parduotuve\/"},{"@type":"ListItem","position":3,"name":"Louis Armstrong \u2013 Satchmo &#8211; What A Wonderful World"}]},{"@type":"WebSite","@id":"https:\/\/vinilozona.lt\/#website","url":"https:\/\/vinilozona.lt\/","name":"Vinilo Zona","description":"Nup\u016bsk dulkes ir klausyk LP","potentialAction":[{"@type":"SearchAction","target":{"@type":"EntryPoint","urlTemplate":"https:\/\/vinilozona.lt\/?s={search_term_string}"},"query-input":{"@type":"PropertyValueSpecification","valueRequired":true,"valueName":"search_term_string"}}],"inLanguage":"en-GB"}]}},"_links":{"self":[{"href":"https:\/\/vinilozona.lt\/en\/wp-json\/wp\/v2\/product\/26967"}],"collection":[{"href":"https:\/\/vinilozona.lt\/en\/wp-json\/wp\/v2\/product"}],"about":[{"href":"https:\/\/vinilozona.lt\/en\/wp-json\/wp\/v2\/types\/product"}],"wp:featuredmedia":[{"embeddable":true,"href":"https:\/\/vinilozona.lt\/en\/wp-json\/wp\/v2\/media\/26968"}],"wp:attachment":[{"href":"https:\/\/vinilozona.lt\/en\/wp-json\/wp\/v2\/media?parent=26967"}],"wp:term":[{"taxonomy":"product_cat","embeddable":true,"href":"https:\/\/vinilozona.lt\/en\/wp-json\/wp\/v2\/product_cat?post=26967"},{"taxonomy":"product_tag","embeddable":true,"href":"https:\/\/vinilozona.lt\/en\/wp-json\/wp\/v2\/product_tag?post=26967"}],"curies":[{"name":"wp","href":"https:\/\/api.w.org\/{rel}","templated":true}]}}