{"id":26944,"date":"2025-11-12T05:00:06","date_gmt":"2025-11-12T03:00:06","guid":{"rendered":"https:\/\/vinilozona.lt\/?post_type=product&#038;p=26944"},"modified":"2025-11-12T06:38:51","modified_gmt":"2025-11-12T04:38:51","slug":"george-michael-twenty-five-3cd","status":"publish","type":"product","link":"https:\/\/vinilozona.lt\/en\/parduotuve\/cd\/naudoti-cd\/george-michael-twenty-five-3cd\/","title":{"rendered":"George Michael \u2013 Twenty five  2CD"},"content":{"rendered":"<p>For Living<br \/>\nWham!\u2013\tEverything She Wants\t6:33<br \/>\nWham!\u2013\tWake Me Up Before You Go-Go\t3:52<br \/>\nWham!\u2013\tFreedom\t5:20<br \/>\nGeorge Michael\u2013\tFaith\t3:13<br \/>\nGeorge Michael\u2013\tToo Funky\t3:45<br \/>\nGeorge Michael\u2013\tFastlove\t5:27<br \/>\nGeorge Michael\u2013\tFreedom! &#8217;90\t6:30<br \/>\nGeorge Michael\u2013\tSpinning The Wheel\t6:09<br \/>\nGeorge Michael\u2013\tOutside\t4:44<br \/>\nGeorge Michael And Mary J. Blige\u2013\tAs\t4:42<br \/>\nGeorge Michael\u2013\tFreeek!\t4:33<br \/>\nGeorge Michael\u2013\tShoot The Dog\t5:08<br \/>\nGeorge Michael\u2013\tAmazing\t4:24<br \/>\nGeorge Michael\u2013\tFlawless (Go To The City)\t4:50<br \/>\nGeorge Michael\u2013\tAn Easier Affair\t4:36<br \/>\nFor Loving<br \/>\nGeorge Michael\u2013\tCareless Whisper\t5:00<br \/>\nWham!\u2013\tLast Christmas\t4:27<br \/>\nGeorge Michael\u2013\tA Different Corner\t4:03<br \/>\nGeorge Michael\u2013\tFather Figure\t5:37<br \/>\nGeorge Michael\u2013\tOne More Try\t5:53<br \/>\nGeorge Michael\u2013\tPraying For Time\t4:41<br \/>\nGeorge Michael And Paul McCartney\u2013\tHeal The Pain\t4:41<br \/>\nGeorge Michael And Elton John\u2013\tDon&#8217;t Let The Sun Go Down On Me\t5:47<br \/>\nGeorge Michael\u2013\tJesus To A Child\t6:49<br \/>\nGeorge Michael\u2013\tOlder\t5:32<br \/>\nGeorge Michael\u2013\tRound Here\t5:55<br \/>\nGeorge Michael\u2013\tYou Have Been Loved\t5:28<br \/>\nGeorge Michael\u2013\tJohn And Elvis Are Dead\t4:24<br \/>\nGeorge Michael And Mutya*\u2013\tThis Is Not Real Love\t4:54<\/p>","protected":false},"excerpt":{"rendered":"<p>Aegean \u2013 88697009002, Sony BMG Music Entertainment \u2013 88697009002<br \/>\nFormat:<br \/>\n2 x CD, Compilation<br \/>\nCountry:<br \/>\nEurope<br \/>\nReleased:<br \/>\nNov 13, 2006<\/p>","protected":false},"featured_media":26945,"template":"","meta":[],"product_cat":[24,946],"product_tag":[44],"yoast_head":"<!-- This site is optimized with the Yoast SEO plugin v23.5 - https:\/\/yoast.com\/wordpress\/plugins\/seo\/ -->\n<title>George Michael \u2013 Twenty five 2CD Vinilin\u0117 Plok\u0161tel\u0117 | Vinilozona.lt<\/title>\n<meta name=\"robots\" content=\"index, follow, max-snippet:-1, max-image-preview:large, max-video-preview:-1\" \/>\n<link rel=\"canonical\" href=\"https:\/\/vinilozona.lt\/en\/parduotuve\/cd\/naudoti-cd\/george-michael-twenty-five-3cd\/\" \/>\n<meta property=\"og:locale\" content=\"en_GB\" \/>\n<meta property=\"og:type\" content=\"article\" \/>\n<meta property=\"og:title\" content=\"George Michael \u2013 Twenty five 2CD Vinilin\u0117 Plok\u0161tel\u0117 | Vinilozona.lt\" \/>\n<meta property=\"og:description\" content=\"Aegean \u2013 88697009002, Sony BMG Music Entertainment \u2013 88697009002 Format: 2 x CD, Compilation Country: Europe Released: Nov 13, 2006\" \/>\n<meta property=\"og:url\" content=\"https:\/\/vinilozona.lt\/en\/parduotuve\/cd\/naudoti-cd\/george-michael-twenty-five-3cd\/\" \/>\n<meta property=\"og:site_name\" content=\"Vinilo Zona\" \/>\n<meta property=\"article:modified_time\" content=\"2025-11-12T04:38:51+00:00\" \/>\n<meta property=\"og:image\" content=\"https:\/\/vinilozona.lt\/wp-content\/uploads\/2024\/12\/R-15452248-1591766228-6662.jpg\" \/>\n\t<meta property=\"og:image:width\" content=\"599\" \/>\n\t<meta property=\"og:image:height\" content=\"547\" \/>\n\t<meta property=\"og:image:type\" content=\"image\/jpeg\" \/>\n<meta name=\"twitter:card\" content=\"summary_large_image\" \/>\n<meta name=\"twitter:label1\" content=\"Estimated reading time\" \/>\n\t<meta name=\"twitter:data1\" content=\"2 minutes\" \/>\n<script type=\"application\/ld+json\" class=\"yoast-schema-graph\">{\"@context\":\"https:\/\/schema.org\",\"@graph\":[{\"@type\":\"WebPage\",\"@id\":\"https:\/\/vinilozona.lt\/parduotuve\/cd\/naudoti-cd\/george-michael-twenty-five-3cd\/\",\"url\":\"https:\/\/vinilozona.lt\/parduotuve\/cd\/naudoti-cd\/george-michael-twenty-five-3cd\/\",\"name\":\"George Michael \u2013 Twenty five 2CD Vinilin\u0117 Plok\u0161tel\u0117 | Vinilozona.lt\",\"isPartOf\":{\"@id\":\"https:\/\/vinilozona.lt\/#website\"},\"primaryImageOfPage\":{\"@id\":\"https:\/\/vinilozona.lt\/parduotuve\/cd\/naudoti-cd\/george-michael-twenty-five-3cd\/#primaryimage\"},\"image\":{\"@id\":\"https:\/\/vinilozona.lt\/parduotuve\/cd\/naudoti-cd\/george-michael-twenty-five-3cd\/#primaryimage\"},\"thumbnailUrl\":\"https:\/\/vinilozona.lt\/wp-content\/uploads\/2024\/12\/R-15452248-1591766228-6662.jpg\",\"datePublished\":\"2025-11-12T03:00:06+00:00\",\"dateModified\":\"2025-11-12T04:38:51+00:00\",\"breadcrumb\":{\"@id\":\"https:\/\/vinilozona.lt\/parduotuve\/cd\/naudoti-cd\/george-michael-twenty-five-3cd\/#breadcrumb\"},\"inLanguage\":\"en-GB\",\"potentialAction\":[{\"@type\":\"ReadAction\",\"target\":[\"https:\/\/vinilozona.lt\/parduotuve\/cd\/naudoti-cd\/george-michael-twenty-five-3cd\/\"]}]},{\"@type\":\"ImageObject\",\"inLanguage\":\"en-GB\",\"@id\":\"https:\/\/vinilozona.lt\/parduotuve\/cd\/naudoti-cd\/george-michael-twenty-five-3cd\/#primaryimage\",\"url\":\"https:\/\/vinilozona.lt\/wp-content\/uploads\/2024\/12\/R-15452248-1591766228-6662.jpg\",\"contentUrl\":\"https:\/\/vinilozona.lt\/wp-content\/uploads\/2024\/12\/R-15452248-1591766228-6662.jpg\",\"width\":599,\"height\":547},{\"@type\":\"BreadcrumbList\",\"@id\":\"https:\/\/vinilozona.lt\/parduotuve\/cd\/naudoti-cd\/george-michael-twenty-five-3cd\/#breadcrumb\",\"itemListElement\":[{\"@type\":\"ListItem\",\"position\":1,\"name\":\"Home\",\"item\":\"https:\/\/vinilozona.lt\/\"},{\"@type\":\"ListItem\",\"position\":2,\"name\":\"Parduotuv\u0117\",\"item\":\"https:\/\/vinilozona.lt\/parduotuve\/\"},{\"@type\":\"ListItem\",\"position\":3,\"name\":\"George Michael \u2013 Twenty five 2CD\"}]},{\"@type\":\"WebSite\",\"@id\":\"https:\/\/vinilozona.lt\/#website\",\"url\":\"https:\/\/vinilozona.lt\/\",\"name\":\"Vinilo Zona\",\"description\":\"Nup\u016bsk dulkes ir klausyk LP\",\"potentialAction\":[{\"@type\":\"SearchAction\",\"target\":{\"@type\":\"EntryPoint\",\"urlTemplate\":\"https:\/\/vinilozona.lt\/?s={search_term_string}\"},\"query-input\":{\"@type\":\"PropertyValueSpecification\",\"valueRequired\":true,\"valueName\":\"search_term_string\"}}],\"inLanguage\":\"en-GB\"}]}<\/script>\n<!-- \/ Yoast SEO plugin. -->","yoast_head_json":{"title":"George Michael \u2013 Twenty five 2CD Vinilin\u0117 Plok\u0161tel\u0117 | Vinilozona.lt","robots":{"index":"index","follow":"follow","max-snippet":"max-snippet:-1","max-image-preview":"max-image-preview:large","max-video-preview":"max-video-preview:-1"},"canonical":"https:\/\/vinilozona.lt\/en\/parduotuve\/cd\/naudoti-cd\/george-michael-twenty-five-3cd\/","og_locale":"en_GB","og_type":"article","og_title":"George Michael \u2013 Twenty five 2CD Vinilin\u0117 Plok\u0161tel\u0117 | Vinilozona.lt","og_description":"Aegean \u2013 88697009002, Sony BMG Music Entertainment \u2013 88697009002 Format: 2 x CD, Compilation Country: Europe Released: Nov 13, 2006","og_url":"https:\/\/vinilozona.lt\/en\/parduotuve\/cd\/naudoti-cd\/george-michael-twenty-five-3cd\/","og_site_name":"Vinilo Zona","article_modified_time":"2025-11-12T04:38:51+00:00","og_image":[{"width":599,"height":547,"url":"https:\/\/vinilozona.lt\/wp-content\/uploads\/2024\/12\/R-15452248-1591766228-6662.jpg","type":"image\/jpeg"}],"twitter_card":"summary_large_image","twitter_misc":{"Estimated reading time":"2 minutes"},"schema":{"@context":"https:\/\/schema.org","@graph":[{"@type":"WebPage","@id":"https:\/\/vinilozona.lt\/parduotuve\/cd\/naudoti-cd\/george-michael-twenty-five-3cd\/","url":"https:\/\/vinilozona.lt\/parduotuve\/cd\/naudoti-cd\/george-michael-twenty-five-3cd\/","name":"George Michael \u2013 Twenty five 2CD Vinilin\u0117 Plok\u0161tel\u0117 | Vinilozona.lt","isPartOf":{"@id":"https:\/\/vinilozona.lt\/#website"},"primaryImageOfPage":{"@id":"https:\/\/vinilozona.lt\/parduotuve\/cd\/naudoti-cd\/george-michael-twenty-five-3cd\/#primaryimage"},"image":{"@id":"https:\/\/vinilozona.lt\/parduotuve\/cd\/naudoti-cd\/george-michael-twenty-five-3cd\/#primaryimage"},"thumbnailUrl":"https:\/\/vinilozona.lt\/wp-content\/uploads\/2024\/12\/R-15452248-1591766228-6662.jpg","datePublished":"2025-11-12T03:00:06+00:00","dateModified":"2025-11-12T04:38:51+00:00","breadcrumb":{"@id":"https:\/\/vinilozona.lt\/parduotuve\/cd\/naudoti-cd\/george-michael-twenty-five-3cd\/#breadcrumb"},"inLanguage":"en-GB","potentialAction":[{"@type":"ReadAction","target":["https:\/\/vinilozona.lt\/parduotuve\/cd\/naudoti-cd\/george-michael-twenty-five-3cd\/"]}]},{"@type":"ImageObject","inLanguage":"en-GB","@id":"https:\/\/vinilozona.lt\/parduotuve\/cd\/naudoti-cd\/george-michael-twenty-five-3cd\/#primaryimage","url":"https:\/\/vinilozona.lt\/wp-content\/uploads\/2024\/12\/R-15452248-1591766228-6662.jpg","contentUrl":"https:\/\/vinilozona.lt\/wp-content\/uploads\/2024\/12\/R-15452248-1591766228-6662.jpg","width":599,"height":547},{"@type":"BreadcrumbList","@id":"https:\/\/vinilozona.lt\/parduotuve\/cd\/naudoti-cd\/george-michael-twenty-five-3cd\/#breadcrumb","itemListElement":[{"@type":"ListItem","position":1,"name":"Home","item":"https:\/\/vinilozona.lt\/"},{"@type":"ListItem","position":2,"name":"Parduotuv\u0117","item":"https:\/\/vinilozona.lt\/parduotuve\/"},{"@type":"ListItem","position":3,"name":"George Michael \u2013 Twenty five 2CD"}]},{"@type":"WebSite","@id":"https:\/\/vinilozona.lt\/#website","url":"https:\/\/vinilozona.lt\/","name":"Vinilo Zona","description":"Nup\u016bsk dulkes ir klausyk LP","potentialAction":[{"@type":"SearchAction","target":{"@type":"EntryPoint","urlTemplate":"https:\/\/vinilozona.lt\/?s={search_term_string}"},"query-input":{"@type":"PropertyValueSpecification","valueRequired":true,"valueName":"search_term_string"}}],"inLanguage":"en-GB"}]}},"_links":{"self":[{"href":"https:\/\/vinilozona.lt\/en\/wp-json\/wp\/v2\/product\/26944"}],"collection":[{"href":"https:\/\/vinilozona.lt\/en\/wp-json\/wp\/v2\/product"}],"about":[{"href":"https:\/\/vinilozona.lt\/en\/wp-json\/wp\/v2\/types\/product"}],"wp:featuredmedia":[{"embeddable":true,"href":"https:\/\/vinilozona.lt\/en\/wp-json\/wp\/v2\/media\/26945"}],"wp:attachment":[{"href":"https:\/\/vinilozona.lt\/en\/wp-json\/wp\/v2\/media?parent=26944"}],"wp:term":[{"taxonomy":"product_cat","embeddable":true,"href":"https:\/\/vinilozona.lt\/en\/wp-json\/wp\/v2\/product_cat?post=26944"},{"taxonomy":"product_tag","embeddable":true,"href":"https:\/\/vinilozona.lt\/en\/wp-json\/wp\/v2\/product_tag?post=26944"}],"curies":[{"name":"wp","href":"https:\/\/api.w.org\/{rel}","templated":true}]}}