{"id":26897,"date":"2025-11-29T12:44:09","date_gmt":"2025-11-29T10:44:09","guid":{"rendered":"https:\/\/vinilozona.lt\/?post_type=product&#038;p=26897"},"modified":"2025-12-12T16:59:41","modified_gmt":"2025-12-12T14:59:41","slug":"hans-zimmer-the-world-of-hans-zimmer-a-symphonic-celebration-3lp","status":"publish","type":"product","link":"https:\/\/vinilozona.lt\/en\/parduotuve\/classic\/hans-zimmer-the-world-of-hans-zimmer-a-symphonic-celebration-3lp\/","title":{"rendered":"Hans Zimmer \u2013 The World Of Hans Zimmer (A Symphonic Celebration) 3LP"},"content":{"rendered":"<p>A1\t\tThe Dark Knight Orchestra Suite\t6:08<br \/>\nA2\t\tKing Arthur Orchestra Suite\t3:49<br \/>\nA3\t\tMission: Impossible II Orchestra Suite: Part I: Nyah\t5:07<br \/>\nA4\t\tMission: Impossible II Orchestra Suite: Part II: Injection\t4:49<br \/>\nB1\t\tPearl Harbor Orchestra Suite\t5:05<br \/>\nB2\t\tRush Orchestra Suite &#8211; Lost But Won\t6:19<br \/>\nB3\t\tThe Lion King Orchestra Suite\t8:56<br \/>\nC1\t\tThe Da Vinci Code Orchestra Suite: Part I\t6:29<br \/>\nC2\t\tThe Da Vinci Code Orchestra Suite: Part II\t5:14<br \/>\nC3\t\tThe Da Vinci Code Orchestra Suite: Part III\t4:28<br \/>\nC4\t\tThe Da Vinci Code Orchestra Suite: Part IV\t4:24<br \/>\nD1\t\tMadagascar Orchestra Suite &#8211; Best Friends\t2:26<br \/>\nD2\t\tSpirit Orchestra Suite\t7:21<br \/>\nD3\t\tKung Fu Panda Orchestra Suite &#8211; Oogway Ascends\t2:06<br \/>\nD4\t\tThe Holiday Orchestra Suite\t7:32<br \/>\nE1\t\tHannibal Orchestra Suite &#8211; To Every Captive Soul\t7:00<br \/>\nE2\t\tPirates Of The Caribbean Orchestra Suite: Part I: Don&#8217;t Think Now Is The Best Time \/ At Wit&#8217;s End\t7:06<br \/>\nE3\t\tPirates Of The Caribbean Orchestra Suite: Part II: Drink Up Me Hearties Yo Ho\t2:50<br \/>\nF1\t\tGladiator Orchestra Suite: Part I: The Wheat \/ The Battle\t5:27<br \/>\nF2\t\tGladiator Orchestra Suite: Part II: Elysium\t5:38<br \/>\nF3\t\tGladiator Orchestra Suite: Part III: Now We Are Free\t4:14<br \/>\nF4\t\tInception Orchestra Suite &#8211; Time\t4:47<\/p>","protected":false},"excerpt":{"rendered":"<p>Label: Sony Classical \u2013 190759286111<br \/>\nFormat: 3 x Vinyl, LP, Album, Limited Edition, 180g<br \/>\nCountry: Europe<br \/>\nReleased: Mar 15, 2019<\/p>","protected":false},"featured_media":26898,"template":"","meta":[],"product_cat":[22,23],"product_tag":[55],"yoast_head":"<!-- This site is optimized with the Yoast SEO plugin v23.5 - https:\/\/yoast.com\/wordpress\/plugins\/seo\/ -->\n<title>Hans Zimmer \u2013 The World Of Hans Zimmer (A Symphonic Celebration) 3LP Vinilin\u0117 Plok\u0161tel\u0117 | Vinilozona.lt<\/title>\n<meta name=\"robots\" content=\"index, follow, max-snippet:-1, max-image-preview:large, max-video-preview:-1\" \/>\n<link rel=\"canonical\" href=\"https:\/\/vinilozona.lt\/en\/parduotuve\/classic\/hans-zimmer-the-world-of-hans-zimmer-a-symphonic-celebration-3lp\/\" \/>\n<meta property=\"og:locale\" content=\"en_GB\" \/>\n<meta property=\"og:type\" content=\"article\" \/>\n<meta property=\"og:title\" content=\"Hans Zimmer \u2013 The World Of Hans Zimmer (A Symphonic Celebration) 3LP Vinilin\u0117 Plok\u0161tel\u0117 | Vinilozona.lt\" \/>\n<meta property=\"og:description\" content=\"Label: Sony Classical \u2013 190759286111 Format: 3 x Vinyl, LP, Album, Limited Edition, 180g Country: Europe Released: Mar 15, 2019\" \/>\n<meta property=\"og:url\" content=\"https:\/\/vinilozona.lt\/en\/parduotuve\/classic\/hans-zimmer-the-world-of-hans-zimmer-a-symphonic-celebration-3lp\/\" \/>\n<meta property=\"og:site_name\" content=\"Vinilo Zona\" \/>\n<meta property=\"article:modified_time\" content=\"2025-12-12T14:59:41+00:00\" \/>\n<meta property=\"og:image\" content=\"https:\/\/vinilozona.lt\/wp-content\/uploads\/2024\/12\/R-13424901-1553957866-3754.jpg\" \/>\n\t<meta property=\"og:image:width\" content=\"599\" \/>\n\t<meta property=\"og:image:height\" content=\"592\" \/>\n\t<meta property=\"og:image:type\" content=\"image\/jpeg\" \/>\n<meta name=\"twitter:card\" content=\"summary_large_image\" \/>\n<meta name=\"twitter:label1\" content=\"Estimated reading time\" \/>\n\t<meta name=\"twitter:data1\" content=\"2 minutes\" \/>\n<script type=\"application\/ld+json\" class=\"yoast-schema-graph\">{\"@context\":\"https:\/\/schema.org\",\"@graph\":[{\"@type\":\"WebPage\",\"@id\":\"https:\/\/vinilozona.lt\/parduotuve\/classic\/hans-zimmer-the-world-of-hans-zimmer-a-symphonic-celebration-3lp\/\",\"url\":\"https:\/\/vinilozona.lt\/parduotuve\/classic\/hans-zimmer-the-world-of-hans-zimmer-a-symphonic-celebration-3lp\/\",\"name\":\"Hans Zimmer \u2013 The World Of Hans Zimmer (A Symphonic Celebration) 3LP Vinilin\u0117 Plok\u0161tel\u0117 | Vinilozona.lt\",\"isPartOf\":{\"@id\":\"https:\/\/vinilozona.lt\/#website\"},\"primaryImageOfPage\":{\"@id\":\"https:\/\/vinilozona.lt\/parduotuve\/classic\/hans-zimmer-the-world-of-hans-zimmer-a-symphonic-celebration-3lp\/#primaryimage\"},\"image\":{\"@id\":\"https:\/\/vinilozona.lt\/parduotuve\/classic\/hans-zimmer-the-world-of-hans-zimmer-a-symphonic-celebration-3lp\/#primaryimage\"},\"thumbnailUrl\":\"https:\/\/vinilozona.lt\/wp-content\/uploads\/2024\/12\/R-13424901-1553957866-3754.jpg\",\"datePublished\":\"2025-11-29T10:44:09+00:00\",\"dateModified\":\"2025-12-12T14:59:41+00:00\",\"breadcrumb\":{\"@id\":\"https:\/\/vinilozona.lt\/parduotuve\/classic\/hans-zimmer-the-world-of-hans-zimmer-a-symphonic-celebration-3lp\/#breadcrumb\"},\"inLanguage\":\"en-GB\",\"potentialAction\":[{\"@type\":\"ReadAction\",\"target\":[\"https:\/\/vinilozona.lt\/parduotuve\/classic\/hans-zimmer-the-world-of-hans-zimmer-a-symphonic-celebration-3lp\/\"]}]},{\"@type\":\"ImageObject\",\"inLanguage\":\"en-GB\",\"@id\":\"https:\/\/vinilozona.lt\/parduotuve\/classic\/hans-zimmer-the-world-of-hans-zimmer-a-symphonic-celebration-3lp\/#primaryimage\",\"url\":\"https:\/\/vinilozona.lt\/wp-content\/uploads\/2024\/12\/R-13424901-1553957866-3754.jpg\",\"contentUrl\":\"https:\/\/vinilozona.lt\/wp-content\/uploads\/2024\/12\/R-13424901-1553957866-3754.jpg\",\"width\":599,\"height\":592},{\"@type\":\"BreadcrumbList\",\"@id\":\"https:\/\/vinilozona.lt\/parduotuve\/classic\/hans-zimmer-the-world-of-hans-zimmer-a-symphonic-celebration-3lp\/#breadcrumb\",\"itemListElement\":[{\"@type\":\"ListItem\",\"position\":1,\"name\":\"Home\",\"item\":\"https:\/\/vinilozona.lt\/\"},{\"@type\":\"ListItem\",\"position\":2,\"name\":\"Parduotuv\u0117\",\"item\":\"https:\/\/vinilozona.lt\/parduotuve\/\"},{\"@type\":\"ListItem\",\"position\":3,\"name\":\"Hans Zimmer \u2013 The World Of Hans Zimmer (A Symphonic Celebration) 3LP\"}]},{\"@type\":\"WebSite\",\"@id\":\"https:\/\/vinilozona.lt\/#website\",\"url\":\"https:\/\/vinilozona.lt\/\",\"name\":\"Vinilo Zona\",\"description\":\"Nup\u016bsk dulkes ir klausyk LP\",\"potentialAction\":[{\"@type\":\"SearchAction\",\"target\":{\"@type\":\"EntryPoint\",\"urlTemplate\":\"https:\/\/vinilozona.lt\/?s={search_term_string}\"},\"query-input\":{\"@type\":\"PropertyValueSpecification\",\"valueRequired\":true,\"valueName\":\"search_term_string\"}}],\"inLanguage\":\"en-GB\"}]}<\/script>\n<!-- \/ Yoast SEO plugin. -->","yoast_head_json":{"title":"Hans Zimmer \u2013 The World Of Hans Zimmer (A Symphonic Celebration) 3LP Vinilin\u0117 Plok\u0161tel\u0117 | Vinilozona.lt","robots":{"index":"index","follow":"follow","max-snippet":"max-snippet:-1","max-image-preview":"max-image-preview:large","max-video-preview":"max-video-preview:-1"},"canonical":"https:\/\/vinilozona.lt\/en\/parduotuve\/classic\/hans-zimmer-the-world-of-hans-zimmer-a-symphonic-celebration-3lp\/","og_locale":"en_GB","og_type":"article","og_title":"Hans Zimmer \u2013 The World Of Hans Zimmer (A Symphonic Celebration) 3LP Vinilin\u0117 Plok\u0161tel\u0117 | Vinilozona.lt","og_description":"Label: Sony Classical \u2013 190759286111 Format: 3 x Vinyl, LP, Album, Limited Edition, 180g Country: Europe Released: Mar 15, 2019","og_url":"https:\/\/vinilozona.lt\/en\/parduotuve\/classic\/hans-zimmer-the-world-of-hans-zimmer-a-symphonic-celebration-3lp\/","og_site_name":"Vinilo Zona","article_modified_time":"2025-12-12T14:59:41+00:00","og_image":[{"width":599,"height":592,"url":"https:\/\/vinilozona.lt\/wp-content\/uploads\/2024\/12\/R-13424901-1553957866-3754.jpg","type":"image\/jpeg"}],"twitter_card":"summary_large_image","twitter_misc":{"Estimated reading time":"2 minutes"},"schema":{"@context":"https:\/\/schema.org","@graph":[{"@type":"WebPage","@id":"https:\/\/vinilozona.lt\/parduotuve\/classic\/hans-zimmer-the-world-of-hans-zimmer-a-symphonic-celebration-3lp\/","url":"https:\/\/vinilozona.lt\/parduotuve\/classic\/hans-zimmer-the-world-of-hans-zimmer-a-symphonic-celebration-3lp\/","name":"Hans Zimmer \u2013 The World Of Hans Zimmer (A Symphonic Celebration) 3LP Vinilin\u0117 Plok\u0161tel\u0117 | Vinilozona.lt","isPartOf":{"@id":"https:\/\/vinilozona.lt\/#website"},"primaryImageOfPage":{"@id":"https:\/\/vinilozona.lt\/parduotuve\/classic\/hans-zimmer-the-world-of-hans-zimmer-a-symphonic-celebration-3lp\/#primaryimage"},"image":{"@id":"https:\/\/vinilozona.lt\/parduotuve\/classic\/hans-zimmer-the-world-of-hans-zimmer-a-symphonic-celebration-3lp\/#primaryimage"},"thumbnailUrl":"https:\/\/vinilozona.lt\/wp-content\/uploads\/2024\/12\/R-13424901-1553957866-3754.jpg","datePublished":"2025-11-29T10:44:09+00:00","dateModified":"2025-12-12T14:59:41+00:00","breadcrumb":{"@id":"https:\/\/vinilozona.lt\/parduotuve\/classic\/hans-zimmer-the-world-of-hans-zimmer-a-symphonic-celebration-3lp\/#breadcrumb"},"inLanguage":"en-GB","potentialAction":[{"@type":"ReadAction","target":["https:\/\/vinilozona.lt\/parduotuve\/classic\/hans-zimmer-the-world-of-hans-zimmer-a-symphonic-celebration-3lp\/"]}]},{"@type":"ImageObject","inLanguage":"en-GB","@id":"https:\/\/vinilozona.lt\/parduotuve\/classic\/hans-zimmer-the-world-of-hans-zimmer-a-symphonic-celebration-3lp\/#primaryimage","url":"https:\/\/vinilozona.lt\/wp-content\/uploads\/2024\/12\/R-13424901-1553957866-3754.jpg","contentUrl":"https:\/\/vinilozona.lt\/wp-content\/uploads\/2024\/12\/R-13424901-1553957866-3754.jpg","width":599,"height":592},{"@type":"BreadcrumbList","@id":"https:\/\/vinilozona.lt\/parduotuve\/classic\/hans-zimmer-the-world-of-hans-zimmer-a-symphonic-celebration-3lp\/#breadcrumb","itemListElement":[{"@type":"ListItem","position":1,"name":"Home","item":"https:\/\/vinilozona.lt\/"},{"@type":"ListItem","position":2,"name":"Parduotuv\u0117","item":"https:\/\/vinilozona.lt\/parduotuve\/"},{"@type":"ListItem","position":3,"name":"Hans Zimmer \u2013 The World Of Hans Zimmer (A Symphonic Celebration) 3LP"}]},{"@type":"WebSite","@id":"https:\/\/vinilozona.lt\/#website","url":"https:\/\/vinilozona.lt\/","name":"Vinilo Zona","description":"Nup\u016bsk dulkes ir klausyk LP","potentialAction":[{"@type":"SearchAction","target":{"@type":"EntryPoint","urlTemplate":"https:\/\/vinilozona.lt\/?s={search_term_string}"},"query-input":{"@type":"PropertyValueSpecification","valueRequired":true,"valueName":"search_term_string"}}],"inLanguage":"en-GB"}]}},"_links":{"self":[{"href":"https:\/\/vinilozona.lt\/en\/wp-json\/wp\/v2\/product\/26897"}],"collection":[{"href":"https:\/\/vinilozona.lt\/en\/wp-json\/wp\/v2\/product"}],"about":[{"href":"https:\/\/vinilozona.lt\/en\/wp-json\/wp\/v2\/types\/product"}],"wp:featuredmedia":[{"embeddable":true,"href":"https:\/\/vinilozona.lt\/en\/wp-json\/wp\/v2\/media\/26898"}],"wp:attachment":[{"href":"https:\/\/vinilozona.lt\/en\/wp-json\/wp\/v2\/media?parent=26897"}],"wp:term":[{"taxonomy":"product_cat","embeddable":true,"href":"https:\/\/vinilozona.lt\/en\/wp-json\/wp\/v2\/product_cat?post=26897"},{"taxonomy":"product_tag","embeddable":true,"href":"https:\/\/vinilozona.lt\/en\/wp-json\/wp\/v2\/product_tag?post=26897"}],"curies":[{"name":"wp","href":"https:\/\/api.w.org\/{rel}","templated":true}]}}