{"id":26895,"date":"2024-12-17T10:44:11","date_gmt":"2024-12-17T08:44:11","guid":{"rendered":"https:\/\/vinilozona.lt\/?post_type=product&#038;p=26895"},"modified":"2024-12-17T10:51:53","modified_gmt":"2024-12-17T08:51:53","slug":"gregory-porter-liquid-spirit-10th-anniversary-special-edition-3lp","status":"publish","type":"product","link":"https:\/\/vinilozona.lt\/en\/parduotuve\/jazz\/gregory-porter-liquid-spirit-10th-anniversary-special-edition-3lp\/","title":{"rendered":"Gregory Porter \u2013 Liquid Spirit (10th Anniversary Special Edition) 3LP"},"content":{"rendered":"<p>A1\t\tNo Love Dying 3:56<br \/>\nA2\t\tLiquid Spirit 3:36<br \/>\nA3\t\tLonesome Love 3:11<br \/>\nA4\t\tWater Under Bridges 3:33<br \/>\nA5\t\tHey Laura 3:19<br \/>\nB1\t\tMusical Genocide 3:45<br \/>\nB2\t\tWolfcry 4:10<br \/>\nB3\t\tFree 5:01<br \/>\nB4\t\tBrown Grass 4:17<br \/>\nC1\t\tWind Song 3:24<br \/>\nC2\t\tThe In Crowd 3:37<br \/>\nC3\t\tMovin&#8217; 4:50<br \/>\nC4\t\tWhen Love Was King 6:53<br \/>\nD1\t\tI Fall In Love Too Easily 7:49<br \/>\nD2\t\tTime Is Ticking 3:23<br \/>\nD3\t\tWater Under Bridges (Rubato Version) 4:43<br \/>\nE1\t\tWater Under Bridges 3:51<br \/>\nE2\t\tDon&#8217;t Let Me Be Misunderstood 2:58<br \/>\nE3\t\tGrandma&#8217;s Hands 3:33<br \/>\nF1\t\tHey Laura (Rainer &#038; Grimm Remix)\t3:36<br \/>\nF2\t\tLiquid Spirit (Claptone Remix)\t2:44<br \/>\nF3\t\tLiquid Spirit (20syl Remix)\t3:27<br \/>\nF4\t\tMusical Genocide (Ludovic Navarre Aka St Germain Version)\t5:02<br \/>\nF5\t\tLiquid Spirit (Knuckle G Remix)\t4:46<\/p>","protected":false},"excerpt":{"rendered":"<p>Label: Blue Note \u2013 0602448994738<br \/>\nFormat: 3 x Vinyl, LP, Album<br \/>\nCountry: Europe<br \/>\nReleased: Sep 1, 2023<\/p>","protected":false},"featured_media":26896,"template":"","meta":[],"product_cat":[20,23],"product_tag":[55],"yoast_head":"<!-- This site is optimized with the Yoast SEO plugin v23.5 - https:\/\/yoast.com\/wordpress\/plugins\/seo\/ -->\n<title>Gregory Porter \u2013 Liquid Spirit (10th Anniversary Special Edition) 3LP Vinilin\u0117 Plok\u0161tel\u0117 | Vinilozona.lt<\/title>\n<meta name=\"robots\" content=\"index, follow, max-snippet:-1, max-image-preview:large, max-video-preview:-1\" \/>\n<link rel=\"canonical\" href=\"https:\/\/vinilozona.lt\/en\/parduotuve\/jazz\/gregory-porter-liquid-spirit-10th-anniversary-special-edition-3lp\/\" \/>\n<meta property=\"og:locale\" content=\"en_GB\" \/>\n<meta property=\"og:type\" content=\"article\" \/>\n<meta property=\"og:title\" content=\"Gregory Porter \u2013 Liquid Spirit (10th Anniversary Special Edition) 3LP Vinilin\u0117 Plok\u0161tel\u0117 | Vinilozona.lt\" \/>\n<meta property=\"og:description\" content=\"Label: Blue Note \u2013 0602448994738 Format: 3 x Vinyl, LP, Album Country: Europe Released: Sep 1, 2023\" \/>\n<meta property=\"og:url\" content=\"https:\/\/vinilozona.lt\/en\/parduotuve\/jazz\/gregory-porter-liquid-spirit-10th-anniversary-special-edition-3lp\/\" \/>\n<meta property=\"og:site_name\" content=\"Vinilo Zona\" \/>\n<meta property=\"article:modified_time\" content=\"2024-12-17T08:51:53+00:00\" \/>\n<meta property=\"og:image\" content=\"https:\/\/vinilozona.lt\/wp-content\/uploads\/2024\/12\/R-28142785-1693590682-4868.jpg\" \/>\n\t<meta property=\"og:image:width\" content=\"600\" \/>\n\t<meta property=\"og:image:height\" content=\"600\" \/>\n\t<meta property=\"og:image:type\" content=\"image\/jpeg\" \/>\n<meta name=\"twitter:card\" content=\"summary_large_image\" \/>\n<meta name=\"twitter:label1\" content=\"Estimated reading time\" \/>\n\t<meta name=\"twitter:data1\" content=\"1 minute\" \/>\n<script type=\"application\/ld+json\" class=\"yoast-schema-graph\">{\"@context\":\"https:\/\/schema.org\",\"@graph\":[{\"@type\":\"WebPage\",\"@id\":\"https:\/\/vinilozona.lt\/parduotuve\/jazz\/gregory-porter-liquid-spirit-10th-anniversary-special-edition-3lp\/\",\"url\":\"https:\/\/vinilozona.lt\/parduotuve\/jazz\/gregory-porter-liquid-spirit-10th-anniversary-special-edition-3lp\/\",\"name\":\"Gregory Porter \u2013 Liquid Spirit (10th Anniversary Special Edition) 3LP Vinilin\u0117 Plok\u0161tel\u0117 | Vinilozona.lt\",\"isPartOf\":{\"@id\":\"https:\/\/vinilozona.lt\/#website\"},\"primaryImageOfPage\":{\"@id\":\"https:\/\/vinilozona.lt\/parduotuve\/jazz\/gregory-porter-liquid-spirit-10th-anniversary-special-edition-3lp\/#primaryimage\"},\"image\":{\"@id\":\"https:\/\/vinilozona.lt\/parduotuve\/jazz\/gregory-porter-liquid-spirit-10th-anniversary-special-edition-3lp\/#primaryimage\"},\"thumbnailUrl\":\"https:\/\/vinilozona.lt\/wp-content\/uploads\/2024\/12\/R-28142785-1693590682-4868.jpg\",\"datePublished\":\"2024-12-17T08:44:11+00:00\",\"dateModified\":\"2024-12-17T08:51:53+00:00\",\"breadcrumb\":{\"@id\":\"https:\/\/vinilozona.lt\/parduotuve\/jazz\/gregory-porter-liquid-spirit-10th-anniversary-special-edition-3lp\/#breadcrumb\"},\"inLanguage\":\"en-GB\",\"potentialAction\":[{\"@type\":\"ReadAction\",\"target\":[\"https:\/\/vinilozona.lt\/parduotuve\/jazz\/gregory-porter-liquid-spirit-10th-anniversary-special-edition-3lp\/\"]}]},{\"@type\":\"ImageObject\",\"inLanguage\":\"en-GB\",\"@id\":\"https:\/\/vinilozona.lt\/parduotuve\/jazz\/gregory-porter-liquid-spirit-10th-anniversary-special-edition-3lp\/#primaryimage\",\"url\":\"https:\/\/vinilozona.lt\/wp-content\/uploads\/2024\/12\/R-28142785-1693590682-4868.jpg\",\"contentUrl\":\"https:\/\/vinilozona.lt\/wp-content\/uploads\/2024\/12\/R-28142785-1693590682-4868.jpg\",\"width\":600,\"height\":600},{\"@type\":\"BreadcrumbList\",\"@id\":\"https:\/\/vinilozona.lt\/parduotuve\/jazz\/gregory-porter-liquid-spirit-10th-anniversary-special-edition-3lp\/#breadcrumb\",\"itemListElement\":[{\"@type\":\"ListItem\",\"position\":1,\"name\":\"Home\",\"item\":\"https:\/\/vinilozona.lt\/\"},{\"@type\":\"ListItem\",\"position\":2,\"name\":\"Parduotuv\u0117\",\"item\":\"https:\/\/vinilozona.lt\/parduotuve\/\"},{\"@type\":\"ListItem\",\"position\":3,\"name\":\"Gregory Porter \u2013 Liquid Spirit (10th Anniversary Special Edition) 3LP\"}]},{\"@type\":\"WebSite\",\"@id\":\"https:\/\/vinilozona.lt\/#website\",\"url\":\"https:\/\/vinilozona.lt\/\",\"name\":\"Vinilo Zona\",\"description\":\"Nup\u016bsk dulkes ir klausyk LP\",\"potentialAction\":[{\"@type\":\"SearchAction\",\"target\":{\"@type\":\"EntryPoint\",\"urlTemplate\":\"https:\/\/vinilozona.lt\/?s={search_term_string}\"},\"query-input\":{\"@type\":\"PropertyValueSpecification\",\"valueRequired\":true,\"valueName\":\"search_term_string\"}}],\"inLanguage\":\"en-GB\"}]}<\/script>\n<!-- \/ Yoast SEO plugin. -->","yoast_head_json":{"title":"Gregory Porter \u2013 Liquid Spirit (10th Anniversary Special Edition) 3LP Vinilin\u0117 Plok\u0161tel\u0117 | Vinilozona.lt","robots":{"index":"index","follow":"follow","max-snippet":"max-snippet:-1","max-image-preview":"max-image-preview:large","max-video-preview":"max-video-preview:-1"},"canonical":"https:\/\/vinilozona.lt\/en\/parduotuve\/jazz\/gregory-porter-liquid-spirit-10th-anniversary-special-edition-3lp\/","og_locale":"en_GB","og_type":"article","og_title":"Gregory Porter \u2013 Liquid Spirit (10th Anniversary Special Edition) 3LP Vinilin\u0117 Plok\u0161tel\u0117 | Vinilozona.lt","og_description":"Label: Blue Note \u2013 0602448994738 Format: 3 x Vinyl, LP, Album Country: Europe Released: Sep 1, 2023","og_url":"https:\/\/vinilozona.lt\/en\/parduotuve\/jazz\/gregory-porter-liquid-spirit-10th-anniversary-special-edition-3lp\/","og_site_name":"Vinilo Zona","article_modified_time":"2024-12-17T08:51:53+00:00","og_image":[{"width":600,"height":600,"url":"https:\/\/vinilozona.lt\/wp-content\/uploads\/2024\/12\/R-28142785-1693590682-4868.jpg","type":"image\/jpeg"}],"twitter_card":"summary_large_image","twitter_misc":{"Estimated reading time":"1 minute"},"schema":{"@context":"https:\/\/schema.org","@graph":[{"@type":"WebPage","@id":"https:\/\/vinilozona.lt\/parduotuve\/jazz\/gregory-porter-liquid-spirit-10th-anniversary-special-edition-3lp\/","url":"https:\/\/vinilozona.lt\/parduotuve\/jazz\/gregory-porter-liquid-spirit-10th-anniversary-special-edition-3lp\/","name":"Gregory Porter \u2013 Liquid Spirit (10th Anniversary Special Edition) 3LP Vinilin\u0117 Plok\u0161tel\u0117 | Vinilozona.lt","isPartOf":{"@id":"https:\/\/vinilozona.lt\/#website"},"primaryImageOfPage":{"@id":"https:\/\/vinilozona.lt\/parduotuve\/jazz\/gregory-porter-liquid-spirit-10th-anniversary-special-edition-3lp\/#primaryimage"},"image":{"@id":"https:\/\/vinilozona.lt\/parduotuve\/jazz\/gregory-porter-liquid-spirit-10th-anniversary-special-edition-3lp\/#primaryimage"},"thumbnailUrl":"https:\/\/vinilozona.lt\/wp-content\/uploads\/2024\/12\/R-28142785-1693590682-4868.jpg","datePublished":"2024-12-17T08:44:11+00:00","dateModified":"2024-12-17T08:51:53+00:00","breadcrumb":{"@id":"https:\/\/vinilozona.lt\/parduotuve\/jazz\/gregory-porter-liquid-spirit-10th-anniversary-special-edition-3lp\/#breadcrumb"},"inLanguage":"en-GB","potentialAction":[{"@type":"ReadAction","target":["https:\/\/vinilozona.lt\/parduotuve\/jazz\/gregory-porter-liquid-spirit-10th-anniversary-special-edition-3lp\/"]}]},{"@type":"ImageObject","inLanguage":"en-GB","@id":"https:\/\/vinilozona.lt\/parduotuve\/jazz\/gregory-porter-liquid-spirit-10th-anniversary-special-edition-3lp\/#primaryimage","url":"https:\/\/vinilozona.lt\/wp-content\/uploads\/2024\/12\/R-28142785-1693590682-4868.jpg","contentUrl":"https:\/\/vinilozona.lt\/wp-content\/uploads\/2024\/12\/R-28142785-1693590682-4868.jpg","width":600,"height":600},{"@type":"BreadcrumbList","@id":"https:\/\/vinilozona.lt\/parduotuve\/jazz\/gregory-porter-liquid-spirit-10th-anniversary-special-edition-3lp\/#breadcrumb","itemListElement":[{"@type":"ListItem","position":1,"name":"Home","item":"https:\/\/vinilozona.lt\/"},{"@type":"ListItem","position":2,"name":"Parduotuv\u0117","item":"https:\/\/vinilozona.lt\/parduotuve\/"},{"@type":"ListItem","position":3,"name":"Gregory Porter \u2013 Liquid Spirit (10th Anniversary Special Edition) 3LP"}]},{"@type":"WebSite","@id":"https:\/\/vinilozona.lt\/#website","url":"https:\/\/vinilozona.lt\/","name":"Vinilo Zona","description":"Nup\u016bsk dulkes ir klausyk LP","potentialAction":[{"@type":"SearchAction","target":{"@type":"EntryPoint","urlTemplate":"https:\/\/vinilozona.lt\/?s={search_term_string}"},"query-input":{"@type":"PropertyValueSpecification","valueRequired":true,"valueName":"search_term_string"}}],"inLanguage":"en-GB"}]}},"_links":{"self":[{"href":"https:\/\/vinilozona.lt\/en\/wp-json\/wp\/v2\/product\/26895"}],"collection":[{"href":"https:\/\/vinilozona.lt\/en\/wp-json\/wp\/v2\/product"}],"about":[{"href":"https:\/\/vinilozona.lt\/en\/wp-json\/wp\/v2\/types\/product"}],"wp:featuredmedia":[{"embeddable":true,"href":"https:\/\/vinilozona.lt\/en\/wp-json\/wp\/v2\/media\/26896"}],"wp:attachment":[{"href":"https:\/\/vinilozona.lt\/en\/wp-json\/wp\/v2\/media?parent=26895"}],"wp:term":[{"taxonomy":"product_cat","embeddable":true,"href":"https:\/\/vinilozona.lt\/en\/wp-json\/wp\/v2\/product_cat?post=26895"},{"taxonomy":"product_tag","embeddable":true,"href":"https:\/\/vinilozona.lt\/en\/wp-json\/wp\/v2\/product_tag?post=26895"}],"curies":[{"name":"wp","href":"https:\/\/api.w.org\/{rel}","templated":true}]}}