{"id":26871,"date":"2024-12-16T06:19:41","date_gmt":"2024-12-16T04:19:41","guid":{"rendered":"https:\/\/vinilozona.lt\/?post_type=product&#038;p=26871"},"modified":"2024-12-17T08:43:42","modified_gmt":"2024-12-17T06:43:42","slug":"opeth-heritage-cddvd","status":"publish","type":"product","link":"https:\/\/vinilozona.lt\/en\/parduotuve\/cd\/naudoti-cd\/opeth-heritage-cddvd\/","title":{"rendered":"Opeth \u2013 Heritage  CD+DVD"},"content":{"rendered":"<p>CD-1\t\tHeritage  2:05<br \/>\nCD-2\t\tThe Devil&#8217;s Orchard\t6:40<br \/>\nCD-3\t\tI Feel The Dark\t6:40<br \/>\nCD-4\t\tSlither\t4:03<br \/>\nCD-5\t\tNepenthe\t5:40<br \/>\nCD-6\t\tH\u00e4xprocess  6:58<br \/>\nCD-7\t\tFamine 8:32<br \/>\nCD-8\t\tThe Lines In My Hand\t3:49<br \/>\nCD-9\t\tFolklore\t8:19<br \/>\nCD-10\t\tMarrow Of The Earth\t4:21<br \/>\n(57:12)<br \/>\nDVD-1.1\t\tHeritage\t2:04<br \/>\nDVD-1.2\t\tThe Devil&#8217;s Orchard\t6:40<br \/>\nDVD-1.3\t\tI Feel The Dark\t6:38<br \/>\nDVD-1.4\t\tSlither\t4:01<br \/>\nDVD-1.5\t\tNepenthe\t5:45<br \/>\nDVD-1.6\t\tH\u00e4xprocess\t6:55<br \/>\nDVD-1.7\t\tFamine\t8:32<br \/>\nDVD-1.8\t\tThe Lines In My Hand\t3:48<br \/>\nDVD-1.9\t\tFolklore\t8:19<br \/>\nDVD-1.10\t\tMarrow Of The Earth\t4:30<br \/>\nDVD-2\t\tPyre\t5:32<br \/>\nDVD-3\t\tFace In The Snow\t4:08<br \/>\nDVD-4\t\tThe Making Of Heritage: A Documentary\t58:27<\/p>","protected":false},"excerpt":{"rendered":"<p>Roadrunner Records \u2013 RR7705-5, Roadrunner Records \u2013 RR77055, Roadrunner Records \u2013 1686-17705-5, Roadrunner Records \u2013 1686-177055<br \/>\nFormat:<br \/>\nCD, Album<br \/>\nDVD, DVD-Video, Multichannel<br \/>\nAll Media, Limited Edition, Digipak, Lenticular Cover<br \/>\nCountry:<br \/>\nUK &#038; Europe<br \/>\nReleased:<br \/>\nSep 19, 2011<\/p>","protected":false},"featured_media":26872,"template":"","meta":[],"product_cat":[24,946],"product_tag":[44],"yoast_head":"<!-- This site is optimized with the Yoast SEO plugin v23.5 - https:\/\/yoast.com\/wordpress\/plugins\/seo\/ -->\n<title>Opeth \u2013 Heritage CD+DVD Vinilin\u0117 Plok\u0161tel\u0117 | Vinilozona.lt<\/title>\n<meta name=\"robots\" content=\"index, follow, max-snippet:-1, max-image-preview:large, max-video-preview:-1\" \/>\n<link rel=\"canonical\" href=\"https:\/\/vinilozona.lt\/en\/parduotuve\/cd\/naudoti-cd\/opeth-heritage-cddvd\/\" \/>\n<meta property=\"og:locale\" content=\"en_GB\" \/>\n<meta property=\"og:type\" content=\"article\" \/>\n<meta property=\"og:title\" content=\"Opeth \u2013 Heritage CD+DVD Vinilin\u0117 Plok\u0161tel\u0117 | Vinilozona.lt\" \/>\n<meta property=\"og:description\" content=\"Roadrunner Records \u2013 RR7705-5, Roadrunner Records \u2013 RR77055, Roadrunner Records \u2013 1686-17705-5, Roadrunner Records \u2013 1686-177055 Format: CD, Album DVD, DVD-Video, Multichannel All Media, Limited Edition, Digipak, Lenticular Cover Country: UK &amp; Europe Released: Sep 19, 2011\" \/>\n<meta property=\"og:url\" content=\"https:\/\/vinilozona.lt\/en\/parduotuve\/cd\/naudoti-cd\/opeth-heritage-cddvd\/\" \/>\n<meta property=\"og:site_name\" content=\"Vinilo Zona\" \/>\n<meta property=\"article:modified_time\" content=\"2024-12-17T06:43:42+00:00\" \/>\n<meta property=\"og:image\" content=\"https:\/\/vinilozona.lt\/wp-content\/uploads\/2024\/12\/R-3114073-1316433695.jpg\" \/>\n\t<meta property=\"og:image:width\" content=\"510\" \/>\n\t<meta property=\"og:image:height\" content=\"455\" \/>\n\t<meta property=\"og:image:type\" content=\"image\/jpeg\" \/>\n<meta name=\"twitter:card\" content=\"summary_large_image\" \/>\n<meta name=\"twitter:label1\" content=\"Estimated reading time\" \/>\n\t<meta name=\"twitter:data1\" content=\"1 minute\" \/>\n<script type=\"application\/ld+json\" class=\"yoast-schema-graph\">{\"@context\":\"https:\/\/schema.org\",\"@graph\":[{\"@type\":\"WebPage\",\"@id\":\"https:\/\/vinilozona.lt\/parduotuve\/cd\/naudoti-cd\/opeth-heritage-cddvd\/\",\"url\":\"https:\/\/vinilozona.lt\/parduotuve\/cd\/naudoti-cd\/opeth-heritage-cddvd\/\",\"name\":\"Opeth \u2013 Heritage CD+DVD Vinilin\u0117 Plok\u0161tel\u0117 | Vinilozona.lt\",\"isPartOf\":{\"@id\":\"https:\/\/vinilozona.lt\/#website\"},\"primaryImageOfPage\":{\"@id\":\"https:\/\/vinilozona.lt\/parduotuve\/cd\/naudoti-cd\/opeth-heritage-cddvd\/#primaryimage\"},\"image\":{\"@id\":\"https:\/\/vinilozona.lt\/parduotuve\/cd\/naudoti-cd\/opeth-heritage-cddvd\/#primaryimage\"},\"thumbnailUrl\":\"https:\/\/vinilozona.lt\/wp-content\/uploads\/2024\/12\/R-3114073-1316433695.jpg\",\"datePublished\":\"2024-12-16T04:19:41+00:00\",\"dateModified\":\"2024-12-17T06:43:42+00:00\",\"breadcrumb\":{\"@id\":\"https:\/\/vinilozona.lt\/parduotuve\/cd\/naudoti-cd\/opeth-heritage-cddvd\/#breadcrumb\"},\"inLanguage\":\"en-GB\",\"potentialAction\":[{\"@type\":\"ReadAction\",\"target\":[\"https:\/\/vinilozona.lt\/parduotuve\/cd\/naudoti-cd\/opeth-heritage-cddvd\/\"]}]},{\"@type\":\"ImageObject\",\"inLanguage\":\"en-GB\",\"@id\":\"https:\/\/vinilozona.lt\/parduotuve\/cd\/naudoti-cd\/opeth-heritage-cddvd\/#primaryimage\",\"url\":\"https:\/\/vinilozona.lt\/wp-content\/uploads\/2024\/12\/R-3114073-1316433695.jpg\",\"contentUrl\":\"https:\/\/vinilozona.lt\/wp-content\/uploads\/2024\/12\/R-3114073-1316433695.jpg\",\"width\":510,\"height\":455},{\"@type\":\"BreadcrumbList\",\"@id\":\"https:\/\/vinilozona.lt\/parduotuve\/cd\/naudoti-cd\/opeth-heritage-cddvd\/#breadcrumb\",\"itemListElement\":[{\"@type\":\"ListItem\",\"position\":1,\"name\":\"Home\",\"item\":\"https:\/\/vinilozona.lt\/\"},{\"@type\":\"ListItem\",\"position\":2,\"name\":\"Parduotuv\u0117\",\"item\":\"https:\/\/vinilozona.lt\/parduotuve\/\"},{\"@type\":\"ListItem\",\"position\":3,\"name\":\"Opeth \u2013 Heritage CD+DVD\"}]},{\"@type\":\"WebSite\",\"@id\":\"https:\/\/vinilozona.lt\/#website\",\"url\":\"https:\/\/vinilozona.lt\/\",\"name\":\"Vinilo Zona\",\"description\":\"Nup\u016bsk dulkes ir klausyk LP\",\"potentialAction\":[{\"@type\":\"SearchAction\",\"target\":{\"@type\":\"EntryPoint\",\"urlTemplate\":\"https:\/\/vinilozona.lt\/?s={search_term_string}\"},\"query-input\":{\"@type\":\"PropertyValueSpecification\",\"valueRequired\":true,\"valueName\":\"search_term_string\"}}],\"inLanguage\":\"en-GB\"}]}<\/script>\n<!-- \/ Yoast SEO plugin. -->","yoast_head_json":{"title":"Opeth \u2013 Heritage CD+DVD Vinilin\u0117 Plok\u0161tel\u0117 | Vinilozona.lt","robots":{"index":"index","follow":"follow","max-snippet":"max-snippet:-1","max-image-preview":"max-image-preview:large","max-video-preview":"max-video-preview:-1"},"canonical":"https:\/\/vinilozona.lt\/en\/parduotuve\/cd\/naudoti-cd\/opeth-heritage-cddvd\/","og_locale":"en_GB","og_type":"article","og_title":"Opeth \u2013 Heritage CD+DVD Vinilin\u0117 Plok\u0161tel\u0117 | Vinilozona.lt","og_description":"Roadrunner Records \u2013 RR7705-5, Roadrunner Records \u2013 RR77055, Roadrunner Records \u2013 1686-17705-5, Roadrunner Records \u2013 1686-177055 Format: CD, Album DVD, DVD-Video, Multichannel All Media, Limited Edition, Digipak, Lenticular Cover Country: UK & Europe Released: Sep 19, 2011","og_url":"https:\/\/vinilozona.lt\/en\/parduotuve\/cd\/naudoti-cd\/opeth-heritage-cddvd\/","og_site_name":"Vinilo Zona","article_modified_time":"2024-12-17T06:43:42+00:00","og_image":[{"width":510,"height":455,"url":"https:\/\/vinilozona.lt\/wp-content\/uploads\/2024\/12\/R-3114073-1316433695.jpg","type":"image\/jpeg"}],"twitter_card":"summary_large_image","twitter_misc":{"Estimated reading time":"1 minute"},"schema":{"@context":"https:\/\/schema.org","@graph":[{"@type":"WebPage","@id":"https:\/\/vinilozona.lt\/parduotuve\/cd\/naudoti-cd\/opeth-heritage-cddvd\/","url":"https:\/\/vinilozona.lt\/parduotuve\/cd\/naudoti-cd\/opeth-heritage-cddvd\/","name":"Opeth \u2013 Heritage CD+DVD Vinilin\u0117 Plok\u0161tel\u0117 | Vinilozona.lt","isPartOf":{"@id":"https:\/\/vinilozona.lt\/#website"},"primaryImageOfPage":{"@id":"https:\/\/vinilozona.lt\/parduotuve\/cd\/naudoti-cd\/opeth-heritage-cddvd\/#primaryimage"},"image":{"@id":"https:\/\/vinilozona.lt\/parduotuve\/cd\/naudoti-cd\/opeth-heritage-cddvd\/#primaryimage"},"thumbnailUrl":"https:\/\/vinilozona.lt\/wp-content\/uploads\/2024\/12\/R-3114073-1316433695.jpg","datePublished":"2024-12-16T04:19:41+00:00","dateModified":"2024-12-17T06:43:42+00:00","breadcrumb":{"@id":"https:\/\/vinilozona.lt\/parduotuve\/cd\/naudoti-cd\/opeth-heritage-cddvd\/#breadcrumb"},"inLanguage":"en-GB","potentialAction":[{"@type":"ReadAction","target":["https:\/\/vinilozona.lt\/parduotuve\/cd\/naudoti-cd\/opeth-heritage-cddvd\/"]}]},{"@type":"ImageObject","inLanguage":"en-GB","@id":"https:\/\/vinilozona.lt\/parduotuve\/cd\/naudoti-cd\/opeth-heritage-cddvd\/#primaryimage","url":"https:\/\/vinilozona.lt\/wp-content\/uploads\/2024\/12\/R-3114073-1316433695.jpg","contentUrl":"https:\/\/vinilozona.lt\/wp-content\/uploads\/2024\/12\/R-3114073-1316433695.jpg","width":510,"height":455},{"@type":"BreadcrumbList","@id":"https:\/\/vinilozona.lt\/parduotuve\/cd\/naudoti-cd\/opeth-heritage-cddvd\/#breadcrumb","itemListElement":[{"@type":"ListItem","position":1,"name":"Home","item":"https:\/\/vinilozona.lt\/"},{"@type":"ListItem","position":2,"name":"Parduotuv\u0117","item":"https:\/\/vinilozona.lt\/parduotuve\/"},{"@type":"ListItem","position":3,"name":"Opeth \u2013 Heritage CD+DVD"}]},{"@type":"WebSite","@id":"https:\/\/vinilozona.lt\/#website","url":"https:\/\/vinilozona.lt\/","name":"Vinilo Zona","description":"Nup\u016bsk dulkes ir klausyk LP","potentialAction":[{"@type":"SearchAction","target":{"@type":"EntryPoint","urlTemplate":"https:\/\/vinilozona.lt\/?s={search_term_string}"},"query-input":{"@type":"PropertyValueSpecification","valueRequired":true,"valueName":"search_term_string"}}],"inLanguage":"en-GB"}]}},"_links":{"self":[{"href":"https:\/\/vinilozona.lt\/en\/wp-json\/wp\/v2\/product\/26871"}],"collection":[{"href":"https:\/\/vinilozona.lt\/en\/wp-json\/wp\/v2\/product"}],"about":[{"href":"https:\/\/vinilozona.lt\/en\/wp-json\/wp\/v2\/types\/product"}],"wp:featuredmedia":[{"embeddable":true,"href":"https:\/\/vinilozona.lt\/en\/wp-json\/wp\/v2\/media\/26872"}],"wp:attachment":[{"href":"https:\/\/vinilozona.lt\/en\/wp-json\/wp\/v2\/media?parent=26871"}],"wp:term":[{"taxonomy":"product_cat","embeddable":true,"href":"https:\/\/vinilozona.lt\/en\/wp-json\/wp\/v2\/product_cat?post=26871"},{"taxonomy":"product_tag","embeddable":true,"href":"https:\/\/vinilozona.lt\/en\/wp-json\/wp\/v2\/product_tag?post=26871"}],"curies":[{"name":"wp","href":"https:\/\/api.w.org\/{rel}","templated":true}]}}