{"id":26782,"date":"2024-12-10T05:02:10","date_gmt":"2024-12-10T03:02:10","guid":{"rendered":"https:\/\/vinilozona.lt\/?post_type=product&#038;p=26782"},"modified":"2024-12-18T05:03:58","modified_gmt":"2024-12-18T03:03:58","slug":"rick-wakeman-return-to-the-centre-of-the-earth-cd","status":"publish","type":"product","link":"https:\/\/vinilozona.lt\/en\/parduotuve\/cd\/naudoti-cd\/rick-wakeman-return-to-the-centre-of-the-earth-cd\/","title":{"rendered":"Rick Wakeman \u2013 Return To The Centre Of The Earth  CD"},"content":{"rendered":"<p>A Vision\t2:33<br \/>\nThe Return Overture\t2:40<br \/>\nMother Earth\t(3:48)<br \/>\nThe Shadow Of June<br \/>\nThe Gallery<br \/>\nThe Avenue Of Prismed Light<br \/>\nThe Earthquake<br \/>\nBuried Alive\t6:01<br \/>\nThe Enigma\t1:18<br \/>\nIs Anybody There?\t6:35<br \/>\nThe Ravine\t0:50<br \/>\nThe Dance Of A Thousand Lights\t5:41<br \/>\nThe Shepherd\t2:01<br \/>\nMr Slow\t3:47<br \/>\nBridge Of Time\t1:12<br \/>\nNever Is A Long, Long Time\t5:19<br \/>\nTales From The Lidenbrook Sea\t(2:57)<br \/>\nRiver Of Hope<br \/>\nHunter And Hunted<br \/>\nFight For Life<br \/>\nThe Kill\t5:23<br \/>\nTimeless History\t1:11<br \/>\nStill Waters Run Deep\t5:21<br \/>\nTime Within Time\t(2:39)<br \/>\nThe Ebbing Tide<br \/>\nThe Electric Storm<br \/>\nRide Of Your Life\t6:02<br \/>\nFloating\t(1:59)<br \/>\nGlobes Of Fire<br \/>\nCascades Of Fear<br \/>\nFloodflames\t2:00<br \/>\nThe Volcano\t(2:10)<br \/>\nTongues Of Fire<br \/>\nThe Blue Mountains<br \/>\nThe End Of The Return\t5:24<\/p>","protected":false},"excerpt":{"rendered":"<p>EMI Classics \u2013 7243 5 56763 2 0, EMI Classics \u2013 5 56763 2<br \/>\nFormat:<br \/>\nCD, Album, Stereo, Multichannel<br \/>\nCountry:<br \/>\nEurope<br \/>\nReleased:<br \/>\n1999<\/p>","protected":false},"featured_media":26783,"template":"","meta":[],"product_cat":[24,946],"product_tag":[44],"yoast_head":"<!-- This site is optimized with the Yoast SEO plugin v23.5 - https:\/\/yoast.com\/wordpress\/plugins\/seo\/ -->\n<title>Rick Wakeman \u2013 Return To The Centre Of The Earth CD Vinilin\u0117 Plok\u0161tel\u0117 | Vinilozona.lt<\/title>\n<meta name=\"robots\" content=\"index, follow, max-snippet:-1, max-image-preview:large, max-video-preview:-1\" \/>\n<link rel=\"canonical\" href=\"https:\/\/vinilozona.lt\/en\/parduotuve\/cd\/naudoti-cd\/rick-wakeman-return-to-the-centre-of-the-earth-cd\/\" \/>\n<meta property=\"og:locale\" content=\"en_GB\" \/>\n<meta property=\"og:type\" content=\"article\" \/>\n<meta property=\"og:title\" content=\"Rick Wakeman \u2013 Return To The Centre Of The Earth CD Vinilin\u0117 Plok\u0161tel\u0117 | Vinilozona.lt\" \/>\n<meta property=\"og:description\" content=\"EMI Classics \u2013 7243 5 56763 2 0, EMI Classics \u2013 5 56763 2 Format: CD, Album, Stereo, Multichannel Country: Europe Released: 1999\" \/>\n<meta property=\"og:url\" content=\"https:\/\/vinilozona.lt\/en\/parduotuve\/cd\/naudoti-cd\/rick-wakeman-return-to-the-centre-of-the-earth-cd\/\" \/>\n<meta property=\"og:site_name\" content=\"Vinilo Zona\" \/>\n<meta property=\"article:modified_time\" content=\"2024-12-18T03:03:58+00:00\" \/>\n<meta property=\"og:image\" content=\"https:\/\/vinilozona.lt\/wp-content\/uploads\/2024\/12\/R-1085898-1477757300-4521.jpg\" \/>\n\t<meta property=\"og:image:width\" content=\"600\" \/>\n\t<meta property=\"og:image:height\" content=\"587\" \/>\n\t<meta property=\"og:image:type\" content=\"image\/jpeg\" \/>\n<meta name=\"twitter:card\" content=\"summary_large_image\" \/>\n<meta name=\"twitter:label1\" content=\"Estimated reading time\" \/>\n\t<meta name=\"twitter:data1\" content=\"1 minute\" \/>\n<script type=\"application\/ld+json\" class=\"yoast-schema-graph\">{\"@context\":\"https:\/\/schema.org\",\"@graph\":[{\"@type\":\"WebPage\",\"@id\":\"https:\/\/vinilozona.lt\/parduotuve\/cd\/naudoti-cd\/rick-wakeman-return-to-the-centre-of-the-earth-cd\/\",\"url\":\"https:\/\/vinilozona.lt\/parduotuve\/cd\/naudoti-cd\/rick-wakeman-return-to-the-centre-of-the-earth-cd\/\",\"name\":\"Rick Wakeman \u2013 Return To The Centre Of The Earth CD Vinilin\u0117 Plok\u0161tel\u0117 | Vinilozona.lt\",\"isPartOf\":{\"@id\":\"https:\/\/vinilozona.lt\/#website\"},\"primaryImageOfPage\":{\"@id\":\"https:\/\/vinilozona.lt\/parduotuve\/cd\/naudoti-cd\/rick-wakeman-return-to-the-centre-of-the-earth-cd\/#primaryimage\"},\"image\":{\"@id\":\"https:\/\/vinilozona.lt\/parduotuve\/cd\/naudoti-cd\/rick-wakeman-return-to-the-centre-of-the-earth-cd\/#primaryimage\"},\"thumbnailUrl\":\"https:\/\/vinilozona.lt\/wp-content\/uploads\/2024\/12\/R-1085898-1477757300-4521.jpg\",\"datePublished\":\"2024-12-10T03:02:10+00:00\",\"dateModified\":\"2024-12-18T03:03:58+00:00\",\"breadcrumb\":{\"@id\":\"https:\/\/vinilozona.lt\/parduotuve\/cd\/naudoti-cd\/rick-wakeman-return-to-the-centre-of-the-earth-cd\/#breadcrumb\"},\"inLanguage\":\"en-GB\",\"potentialAction\":[{\"@type\":\"ReadAction\",\"target\":[\"https:\/\/vinilozona.lt\/parduotuve\/cd\/naudoti-cd\/rick-wakeman-return-to-the-centre-of-the-earth-cd\/\"]}]},{\"@type\":\"ImageObject\",\"inLanguage\":\"en-GB\",\"@id\":\"https:\/\/vinilozona.lt\/parduotuve\/cd\/naudoti-cd\/rick-wakeman-return-to-the-centre-of-the-earth-cd\/#primaryimage\",\"url\":\"https:\/\/vinilozona.lt\/wp-content\/uploads\/2024\/12\/R-1085898-1477757300-4521.jpg\",\"contentUrl\":\"https:\/\/vinilozona.lt\/wp-content\/uploads\/2024\/12\/R-1085898-1477757300-4521.jpg\",\"width\":600,\"height\":587},{\"@type\":\"BreadcrumbList\",\"@id\":\"https:\/\/vinilozona.lt\/parduotuve\/cd\/naudoti-cd\/rick-wakeman-return-to-the-centre-of-the-earth-cd\/#breadcrumb\",\"itemListElement\":[{\"@type\":\"ListItem\",\"position\":1,\"name\":\"Home\",\"item\":\"https:\/\/vinilozona.lt\/\"},{\"@type\":\"ListItem\",\"position\":2,\"name\":\"Parduotuv\u0117\",\"item\":\"https:\/\/vinilozona.lt\/parduotuve\/\"},{\"@type\":\"ListItem\",\"position\":3,\"name\":\"Rick Wakeman \u2013 Return To The Centre Of The Earth CD\"}]},{\"@type\":\"WebSite\",\"@id\":\"https:\/\/vinilozona.lt\/#website\",\"url\":\"https:\/\/vinilozona.lt\/\",\"name\":\"Vinilo Zona\",\"description\":\"Nup\u016bsk dulkes ir klausyk LP\",\"potentialAction\":[{\"@type\":\"SearchAction\",\"target\":{\"@type\":\"EntryPoint\",\"urlTemplate\":\"https:\/\/vinilozona.lt\/?s={search_term_string}\"},\"query-input\":{\"@type\":\"PropertyValueSpecification\",\"valueRequired\":true,\"valueName\":\"search_term_string\"}}],\"inLanguage\":\"en-GB\"}]}<\/script>\n<!-- \/ Yoast SEO plugin. -->","yoast_head_json":{"title":"Rick Wakeman \u2013 Return To The Centre Of The Earth CD Vinilin\u0117 Plok\u0161tel\u0117 | Vinilozona.lt","robots":{"index":"index","follow":"follow","max-snippet":"max-snippet:-1","max-image-preview":"max-image-preview:large","max-video-preview":"max-video-preview:-1"},"canonical":"https:\/\/vinilozona.lt\/en\/parduotuve\/cd\/naudoti-cd\/rick-wakeman-return-to-the-centre-of-the-earth-cd\/","og_locale":"en_GB","og_type":"article","og_title":"Rick Wakeman \u2013 Return To The Centre Of The Earth CD Vinilin\u0117 Plok\u0161tel\u0117 | Vinilozona.lt","og_description":"EMI Classics \u2013 7243 5 56763 2 0, EMI Classics \u2013 5 56763 2 Format: CD, Album, Stereo, Multichannel Country: Europe Released: 1999","og_url":"https:\/\/vinilozona.lt\/en\/parduotuve\/cd\/naudoti-cd\/rick-wakeman-return-to-the-centre-of-the-earth-cd\/","og_site_name":"Vinilo Zona","article_modified_time":"2024-12-18T03:03:58+00:00","og_image":[{"width":600,"height":587,"url":"https:\/\/vinilozona.lt\/wp-content\/uploads\/2024\/12\/R-1085898-1477757300-4521.jpg","type":"image\/jpeg"}],"twitter_card":"summary_large_image","twitter_misc":{"Estimated reading time":"1 minute"},"schema":{"@context":"https:\/\/schema.org","@graph":[{"@type":"WebPage","@id":"https:\/\/vinilozona.lt\/parduotuve\/cd\/naudoti-cd\/rick-wakeman-return-to-the-centre-of-the-earth-cd\/","url":"https:\/\/vinilozona.lt\/parduotuve\/cd\/naudoti-cd\/rick-wakeman-return-to-the-centre-of-the-earth-cd\/","name":"Rick Wakeman \u2013 Return To The Centre Of The Earth CD Vinilin\u0117 Plok\u0161tel\u0117 | Vinilozona.lt","isPartOf":{"@id":"https:\/\/vinilozona.lt\/#website"},"primaryImageOfPage":{"@id":"https:\/\/vinilozona.lt\/parduotuve\/cd\/naudoti-cd\/rick-wakeman-return-to-the-centre-of-the-earth-cd\/#primaryimage"},"image":{"@id":"https:\/\/vinilozona.lt\/parduotuve\/cd\/naudoti-cd\/rick-wakeman-return-to-the-centre-of-the-earth-cd\/#primaryimage"},"thumbnailUrl":"https:\/\/vinilozona.lt\/wp-content\/uploads\/2024\/12\/R-1085898-1477757300-4521.jpg","datePublished":"2024-12-10T03:02:10+00:00","dateModified":"2024-12-18T03:03:58+00:00","breadcrumb":{"@id":"https:\/\/vinilozona.lt\/parduotuve\/cd\/naudoti-cd\/rick-wakeman-return-to-the-centre-of-the-earth-cd\/#breadcrumb"},"inLanguage":"en-GB","potentialAction":[{"@type":"ReadAction","target":["https:\/\/vinilozona.lt\/parduotuve\/cd\/naudoti-cd\/rick-wakeman-return-to-the-centre-of-the-earth-cd\/"]}]},{"@type":"ImageObject","inLanguage":"en-GB","@id":"https:\/\/vinilozona.lt\/parduotuve\/cd\/naudoti-cd\/rick-wakeman-return-to-the-centre-of-the-earth-cd\/#primaryimage","url":"https:\/\/vinilozona.lt\/wp-content\/uploads\/2024\/12\/R-1085898-1477757300-4521.jpg","contentUrl":"https:\/\/vinilozona.lt\/wp-content\/uploads\/2024\/12\/R-1085898-1477757300-4521.jpg","width":600,"height":587},{"@type":"BreadcrumbList","@id":"https:\/\/vinilozona.lt\/parduotuve\/cd\/naudoti-cd\/rick-wakeman-return-to-the-centre-of-the-earth-cd\/#breadcrumb","itemListElement":[{"@type":"ListItem","position":1,"name":"Home","item":"https:\/\/vinilozona.lt\/"},{"@type":"ListItem","position":2,"name":"Parduotuv\u0117","item":"https:\/\/vinilozona.lt\/parduotuve\/"},{"@type":"ListItem","position":3,"name":"Rick Wakeman \u2013 Return To The Centre Of The Earth CD"}]},{"@type":"WebSite","@id":"https:\/\/vinilozona.lt\/#website","url":"https:\/\/vinilozona.lt\/","name":"Vinilo Zona","description":"Nup\u016bsk dulkes ir klausyk LP","potentialAction":[{"@type":"SearchAction","target":{"@type":"EntryPoint","urlTemplate":"https:\/\/vinilozona.lt\/?s={search_term_string}"},"query-input":{"@type":"PropertyValueSpecification","valueRequired":true,"valueName":"search_term_string"}}],"inLanguage":"en-GB"}]}},"_links":{"self":[{"href":"https:\/\/vinilozona.lt\/en\/wp-json\/wp\/v2\/product\/26782"}],"collection":[{"href":"https:\/\/vinilozona.lt\/en\/wp-json\/wp\/v2\/product"}],"about":[{"href":"https:\/\/vinilozona.lt\/en\/wp-json\/wp\/v2\/types\/product"}],"wp:featuredmedia":[{"embeddable":true,"href":"https:\/\/vinilozona.lt\/en\/wp-json\/wp\/v2\/media\/26783"}],"wp:attachment":[{"href":"https:\/\/vinilozona.lt\/en\/wp-json\/wp\/v2\/media?parent=26782"}],"wp:term":[{"taxonomy":"product_cat","embeddable":true,"href":"https:\/\/vinilozona.lt\/en\/wp-json\/wp\/v2\/product_cat?post=26782"},{"taxonomy":"product_tag","embeddable":true,"href":"https:\/\/vinilozona.lt\/en\/wp-json\/wp\/v2\/product_tag?post=26782"}],"curies":[{"name":"wp","href":"https:\/\/api.w.org\/{rel}","templated":true}]}}