{"id":26767,"date":"2024-09-09T06:56:02","date_gmt":"2024-09-09T03:56:02","guid":{"rendered":"https:\/\/vinilozona.lt\/?post_type=product&#038;p=26767"},"modified":"2024-12-09T06:58:54","modified_gmt":"2024-12-09T04:58:54","slug":"the-rolling-stones-your-poll-winners-the-rolling-stones-golden-album","status":"publish","type":"product","link":"https:\/\/vinilozona.lt\/en\/parduotuve\/made-in-japan\/the-rolling-stones-your-poll-winners-the-rolling-stones-golden-album\/","title":{"rendered":"The Rolling Stones \u2013 Your Poll Winners: The Rolling Stones Golden Album"},"content":{"rendered":"<p>Paint It, Black\t3:24<br \/>\nGet Off Of My Cloud\t2:57<br \/>\nRuby Tuesday\t3:18<br \/>\nAs Tears Go By\t2:42<br \/>\n19th Nervous Breakdown\t3:57<br \/>\nLet&#8217;s Spend The Night Together\t3:40<br \/>\n(I Can&#8217;t Get No) Satisfaction\t3:45<br \/>\nDandelion\t3:48<br \/>\nHave You Seen Your Mother, Baby, Standing In The Shadow?\t2:37<br \/>\nLady Jane\t3:09<br \/>\nTell Me\t3:47<br \/>\nWe Love You\t4:24<\/p>","protected":false},"excerpt":{"rendered":"<p>London Records \u2013 SLC 184, London Records \u2013 SLC-184<br \/>\nFormat:<br \/>\nVinyl, LP, Compilation, Stereo, Gatefold<br \/>\nCountry:<br \/>\nJapan<br \/>\nReleased:<br \/>\n1967<\/p>","protected":false},"featured_media":26768,"template":"","meta":[],"product_cat":[39],"product_tag":[239],"yoast_head":"<!-- This site is optimized with the Yoast SEO plugin v23.5 - https:\/\/yoast.com\/wordpress\/plugins\/seo\/ -->\n<title>The Rolling Stones \u2013 Your Poll Winners: The Rolling Stones Golden Album Vinilin\u0117 Plok\u0161tel\u0117 | Vinilozona.lt<\/title>\n<meta name=\"robots\" content=\"index, follow, max-snippet:-1, max-image-preview:large, max-video-preview:-1\" \/>\n<link rel=\"canonical\" href=\"https:\/\/vinilozona.lt\/en\/parduotuve\/made-in-japan\/the-rolling-stones-your-poll-winners-the-rolling-stones-golden-album\/\" \/>\n<meta property=\"og:locale\" content=\"en_GB\" \/>\n<meta property=\"og:type\" content=\"article\" \/>\n<meta property=\"og:title\" content=\"The Rolling Stones \u2013 Your Poll Winners: The Rolling Stones Golden Album Vinilin\u0117 Plok\u0161tel\u0117 | Vinilozona.lt\" \/>\n<meta property=\"og:description\" content=\"London Records \u2013 SLC 184, London Records \u2013 SLC-184 Format: Vinyl, LP, Compilation, Stereo, Gatefold Country: Japan Released: 1967\" \/>\n<meta property=\"og:url\" content=\"https:\/\/vinilozona.lt\/en\/parduotuve\/made-in-japan\/the-rolling-stones-your-poll-winners-the-rolling-stones-golden-album\/\" \/>\n<meta property=\"og:site_name\" content=\"Vinilo Zona\" \/>\n<meta property=\"article:modified_time\" content=\"2024-12-09T04:58:54+00:00\" \/>\n<meta property=\"og:image\" content=\"https:\/\/vinilozona.lt\/wp-content\/uploads\/2024\/12\/R-2290195-1413564168-7758.jpg\" \/>\n\t<meta property=\"og:image:width\" content=\"470\" \/>\n\t<meta property=\"og:image:height\" content=\"475\" \/>\n\t<meta property=\"og:image:type\" content=\"image\/jpeg\" \/>\n<meta name=\"twitter:card\" content=\"summary_large_image\" \/>\n<meta name=\"twitter:label1\" content=\"Estimated reading time\" \/>\n\t<meta name=\"twitter:data1\" content=\"1 minute\" \/>\n<script type=\"application\/ld+json\" class=\"yoast-schema-graph\">{\"@context\":\"https:\/\/schema.org\",\"@graph\":[{\"@type\":\"WebPage\",\"@id\":\"https:\/\/vinilozona.lt\/parduotuve\/made-in-japan\/the-rolling-stones-your-poll-winners-the-rolling-stones-golden-album\/\",\"url\":\"https:\/\/vinilozona.lt\/parduotuve\/made-in-japan\/the-rolling-stones-your-poll-winners-the-rolling-stones-golden-album\/\",\"name\":\"The Rolling Stones \u2013 Your Poll Winners: The Rolling Stones Golden Album Vinilin\u0117 Plok\u0161tel\u0117 | Vinilozona.lt\",\"isPartOf\":{\"@id\":\"https:\/\/vinilozona.lt\/#website\"},\"primaryImageOfPage\":{\"@id\":\"https:\/\/vinilozona.lt\/parduotuve\/made-in-japan\/the-rolling-stones-your-poll-winners-the-rolling-stones-golden-album\/#primaryimage\"},\"image\":{\"@id\":\"https:\/\/vinilozona.lt\/parduotuve\/made-in-japan\/the-rolling-stones-your-poll-winners-the-rolling-stones-golden-album\/#primaryimage\"},\"thumbnailUrl\":\"https:\/\/vinilozona.lt\/wp-content\/uploads\/2024\/12\/R-2290195-1413564168-7758.jpg\",\"datePublished\":\"2024-09-09T03:56:02+00:00\",\"dateModified\":\"2024-12-09T04:58:54+00:00\",\"breadcrumb\":{\"@id\":\"https:\/\/vinilozona.lt\/parduotuve\/made-in-japan\/the-rolling-stones-your-poll-winners-the-rolling-stones-golden-album\/#breadcrumb\"},\"inLanguage\":\"en-GB\",\"potentialAction\":[{\"@type\":\"ReadAction\",\"target\":[\"https:\/\/vinilozona.lt\/parduotuve\/made-in-japan\/the-rolling-stones-your-poll-winners-the-rolling-stones-golden-album\/\"]}]},{\"@type\":\"ImageObject\",\"inLanguage\":\"en-GB\",\"@id\":\"https:\/\/vinilozona.lt\/parduotuve\/made-in-japan\/the-rolling-stones-your-poll-winners-the-rolling-stones-golden-album\/#primaryimage\",\"url\":\"https:\/\/vinilozona.lt\/wp-content\/uploads\/2024\/12\/R-2290195-1413564168-7758.jpg\",\"contentUrl\":\"https:\/\/vinilozona.lt\/wp-content\/uploads\/2024\/12\/R-2290195-1413564168-7758.jpg\",\"width\":470,\"height\":475},{\"@type\":\"BreadcrumbList\",\"@id\":\"https:\/\/vinilozona.lt\/parduotuve\/made-in-japan\/the-rolling-stones-your-poll-winners-the-rolling-stones-golden-album\/#breadcrumb\",\"itemListElement\":[{\"@type\":\"ListItem\",\"position\":1,\"name\":\"Home\",\"item\":\"https:\/\/vinilozona.lt\/\"},{\"@type\":\"ListItem\",\"position\":2,\"name\":\"Parduotuv\u0117\",\"item\":\"https:\/\/vinilozona.lt\/parduotuve\/\"},{\"@type\":\"ListItem\",\"position\":3,\"name\":\"The Rolling Stones \u2013 Your Poll Winners: The Rolling Stones Golden Album\"}]},{\"@type\":\"WebSite\",\"@id\":\"https:\/\/vinilozona.lt\/#website\",\"url\":\"https:\/\/vinilozona.lt\/\",\"name\":\"Vinilo Zona\",\"description\":\"Nup\u016bsk dulkes ir klausyk LP\",\"potentialAction\":[{\"@type\":\"SearchAction\",\"target\":{\"@type\":\"EntryPoint\",\"urlTemplate\":\"https:\/\/vinilozona.lt\/?s={search_term_string}\"},\"query-input\":{\"@type\":\"PropertyValueSpecification\",\"valueRequired\":true,\"valueName\":\"search_term_string\"}}],\"inLanguage\":\"en-GB\"}]}<\/script>\n<!-- \/ Yoast SEO plugin. -->","yoast_head_json":{"title":"The Rolling Stones \u2013 Your Poll Winners: The Rolling Stones Golden Album Vinilin\u0117 Plok\u0161tel\u0117 | Vinilozona.lt","robots":{"index":"index","follow":"follow","max-snippet":"max-snippet:-1","max-image-preview":"max-image-preview:large","max-video-preview":"max-video-preview:-1"},"canonical":"https:\/\/vinilozona.lt\/en\/parduotuve\/made-in-japan\/the-rolling-stones-your-poll-winners-the-rolling-stones-golden-album\/","og_locale":"en_GB","og_type":"article","og_title":"The Rolling Stones \u2013 Your Poll Winners: The Rolling Stones Golden Album Vinilin\u0117 Plok\u0161tel\u0117 | Vinilozona.lt","og_description":"London Records \u2013 SLC 184, London Records \u2013 SLC-184 Format: Vinyl, LP, Compilation, Stereo, Gatefold Country: Japan Released: 1967","og_url":"https:\/\/vinilozona.lt\/en\/parduotuve\/made-in-japan\/the-rolling-stones-your-poll-winners-the-rolling-stones-golden-album\/","og_site_name":"Vinilo Zona","article_modified_time":"2024-12-09T04:58:54+00:00","og_image":[{"width":470,"height":475,"url":"https:\/\/vinilozona.lt\/wp-content\/uploads\/2024\/12\/R-2290195-1413564168-7758.jpg","type":"image\/jpeg"}],"twitter_card":"summary_large_image","twitter_misc":{"Estimated reading time":"1 minute"},"schema":{"@context":"https:\/\/schema.org","@graph":[{"@type":"WebPage","@id":"https:\/\/vinilozona.lt\/parduotuve\/made-in-japan\/the-rolling-stones-your-poll-winners-the-rolling-stones-golden-album\/","url":"https:\/\/vinilozona.lt\/parduotuve\/made-in-japan\/the-rolling-stones-your-poll-winners-the-rolling-stones-golden-album\/","name":"The Rolling Stones \u2013 Your Poll Winners: The Rolling Stones Golden Album Vinilin\u0117 Plok\u0161tel\u0117 | Vinilozona.lt","isPartOf":{"@id":"https:\/\/vinilozona.lt\/#website"},"primaryImageOfPage":{"@id":"https:\/\/vinilozona.lt\/parduotuve\/made-in-japan\/the-rolling-stones-your-poll-winners-the-rolling-stones-golden-album\/#primaryimage"},"image":{"@id":"https:\/\/vinilozona.lt\/parduotuve\/made-in-japan\/the-rolling-stones-your-poll-winners-the-rolling-stones-golden-album\/#primaryimage"},"thumbnailUrl":"https:\/\/vinilozona.lt\/wp-content\/uploads\/2024\/12\/R-2290195-1413564168-7758.jpg","datePublished":"2024-09-09T03:56:02+00:00","dateModified":"2024-12-09T04:58:54+00:00","breadcrumb":{"@id":"https:\/\/vinilozona.lt\/parduotuve\/made-in-japan\/the-rolling-stones-your-poll-winners-the-rolling-stones-golden-album\/#breadcrumb"},"inLanguage":"en-GB","potentialAction":[{"@type":"ReadAction","target":["https:\/\/vinilozona.lt\/parduotuve\/made-in-japan\/the-rolling-stones-your-poll-winners-the-rolling-stones-golden-album\/"]}]},{"@type":"ImageObject","inLanguage":"en-GB","@id":"https:\/\/vinilozona.lt\/parduotuve\/made-in-japan\/the-rolling-stones-your-poll-winners-the-rolling-stones-golden-album\/#primaryimage","url":"https:\/\/vinilozona.lt\/wp-content\/uploads\/2024\/12\/R-2290195-1413564168-7758.jpg","contentUrl":"https:\/\/vinilozona.lt\/wp-content\/uploads\/2024\/12\/R-2290195-1413564168-7758.jpg","width":470,"height":475},{"@type":"BreadcrumbList","@id":"https:\/\/vinilozona.lt\/parduotuve\/made-in-japan\/the-rolling-stones-your-poll-winners-the-rolling-stones-golden-album\/#breadcrumb","itemListElement":[{"@type":"ListItem","position":1,"name":"Home","item":"https:\/\/vinilozona.lt\/"},{"@type":"ListItem","position":2,"name":"Parduotuv\u0117","item":"https:\/\/vinilozona.lt\/parduotuve\/"},{"@type":"ListItem","position":3,"name":"The Rolling Stones \u2013 Your Poll Winners: The Rolling Stones Golden Album"}]},{"@type":"WebSite","@id":"https:\/\/vinilozona.lt\/#website","url":"https:\/\/vinilozona.lt\/","name":"Vinilo Zona","description":"Nup\u016bsk dulkes ir klausyk LP","potentialAction":[{"@type":"SearchAction","target":{"@type":"EntryPoint","urlTemplate":"https:\/\/vinilozona.lt\/?s={search_term_string}"},"query-input":{"@type":"PropertyValueSpecification","valueRequired":true,"valueName":"search_term_string"}}],"inLanguage":"en-GB"}]}},"_links":{"self":[{"href":"https:\/\/vinilozona.lt\/en\/wp-json\/wp\/v2\/product\/26767"}],"collection":[{"href":"https:\/\/vinilozona.lt\/en\/wp-json\/wp\/v2\/product"}],"about":[{"href":"https:\/\/vinilozona.lt\/en\/wp-json\/wp\/v2\/types\/product"}],"wp:featuredmedia":[{"embeddable":true,"href":"https:\/\/vinilozona.lt\/en\/wp-json\/wp\/v2\/media\/26768"}],"wp:attachment":[{"href":"https:\/\/vinilozona.lt\/en\/wp-json\/wp\/v2\/media?parent=26767"}],"wp:term":[{"taxonomy":"product_cat","embeddable":true,"href":"https:\/\/vinilozona.lt\/en\/wp-json\/wp\/v2\/product_cat?post=26767"},{"taxonomy":"product_tag","embeddable":true,"href":"https:\/\/vinilozona.lt\/en\/wp-json\/wp\/v2\/product_tag?post=26767"}],"curies":[{"name":"wp","href":"https:\/\/api.w.org\/{rel}","templated":true}]}}