{"id":26753,"date":"2024-04-08T16:47:23","date_gmt":"2024-04-08T13:47:23","guid":{"rendered":"https:\/\/vinilozona.lt\/?post_type=product&#038;p=26753"},"modified":"2024-12-08T16:50:38","modified_gmt":"2024-12-08T14:50:38","slug":"modern-jazz-quartet-blues-at-carnegie-hall","status":"publish","type":"product","link":"https:\/\/vinilozona.lt\/en\/parduotuve\/jazz\/modern-jazz-quartet-blues-at-carnegie-hall\/","title":{"rendered":"Modern Jazz Quartet \u2013 Blues At Carnegie Hall"},"content":{"rendered":"<p>Pyramid (Blues For Junior)\t7:42<br \/>\nThe Cylinder\t4:47<br \/>\nReally True Blues\t4:18<br \/>\nRalph&#8217;s New Blues\t5:30<br \/>\nMonterey Mist\t4:00<br \/>\nHome\t3:52<br \/>\nBlues Milanese\t6:01<br \/>\nBag&#8217;s Groove\t4:04<\/p>","protected":false},"excerpt":{"rendered":"<p>Philips \u2013 SFX-7069<br \/>\nFormat:<br \/>\nVinyl, LP, Album, Stereo, Gatefold<br \/>\nCountry:<br \/>\nJapan<br \/>\nReleased:<br \/>\n1967<\/p>","protected":false},"featured_media":26754,"template":"","meta":[],"product_cat":[20,39],"product_tag":[239],"yoast_head":"<!-- This site is optimized with the Yoast SEO plugin v23.5 - https:\/\/yoast.com\/wordpress\/plugins\/seo\/ -->\n<title>Modern Jazz Quartet \u2013 Blues At Carnegie Hall Vinilin\u0117 Plok\u0161tel\u0117 | Vinilozona.lt<\/title>\n<meta name=\"robots\" content=\"index, follow, max-snippet:-1, max-image-preview:large, max-video-preview:-1\" \/>\n<link rel=\"canonical\" href=\"https:\/\/vinilozona.lt\/en\/parduotuve\/jazz\/modern-jazz-quartet-blues-at-carnegie-hall\/\" \/>\n<meta property=\"og:locale\" content=\"en_GB\" \/>\n<meta property=\"og:type\" content=\"article\" \/>\n<meta property=\"og:title\" content=\"Modern Jazz Quartet \u2013 Blues At Carnegie Hall Vinilin\u0117 Plok\u0161tel\u0117 | Vinilozona.lt\" \/>\n<meta property=\"og:description\" content=\"Philips \u2013 SFX-7069 Format: Vinyl, LP, Album, Stereo, Gatefold Country: Japan Released: 1967\" \/>\n<meta property=\"og:url\" content=\"https:\/\/vinilozona.lt\/en\/parduotuve\/jazz\/modern-jazz-quartet-blues-at-carnegie-hall\/\" \/>\n<meta property=\"og:site_name\" content=\"Vinilo Zona\" \/>\n<meta property=\"article:modified_time\" content=\"2024-12-08T14:50:38+00:00\" \/>\n<meta property=\"og:image\" content=\"https:\/\/vinilozona.lt\/wp-content\/uploads\/2024\/12\/R-8061108-1481180488-3051.jpg\" \/>\n\t<meta property=\"og:image:width\" content=\"599\" \/>\n\t<meta property=\"og:image:height\" content=\"589\" \/>\n\t<meta property=\"og:image:type\" content=\"image\/jpeg\" \/>\n<meta name=\"twitter:card\" content=\"summary_large_image\" \/>\n<meta name=\"twitter:label1\" content=\"Estimated reading time\" \/>\n\t<meta name=\"twitter:data1\" content=\"1 minute\" \/>\n<script type=\"application\/ld+json\" class=\"yoast-schema-graph\">{\"@context\":\"https:\/\/schema.org\",\"@graph\":[{\"@type\":\"WebPage\",\"@id\":\"https:\/\/vinilozona.lt\/parduotuve\/jazz\/modern-jazz-quartet-blues-at-carnegie-hall\/\",\"url\":\"https:\/\/vinilozona.lt\/parduotuve\/jazz\/modern-jazz-quartet-blues-at-carnegie-hall\/\",\"name\":\"Modern Jazz Quartet \u2013 Blues At Carnegie Hall Vinilin\u0117 Plok\u0161tel\u0117 | Vinilozona.lt\",\"isPartOf\":{\"@id\":\"https:\/\/vinilozona.lt\/#website\"},\"primaryImageOfPage\":{\"@id\":\"https:\/\/vinilozona.lt\/parduotuve\/jazz\/modern-jazz-quartet-blues-at-carnegie-hall\/#primaryimage\"},\"image\":{\"@id\":\"https:\/\/vinilozona.lt\/parduotuve\/jazz\/modern-jazz-quartet-blues-at-carnegie-hall\/#primaryimage\"},\"thumbnailUrl\":\"https:\/\/vinilozona.lt\/wp-content\/uploads\/2024\/12\/R-8061108-1481180488-3051.jpg\",\"datePublished\":\"2024-04-08T13:47:23+00:00\",\"dateModified\":\"2024-12-08T14:50:38+00:00\",\"breadcrumb\":{\"@id\":\"https:\/\/vinilozona.lt\/parduotuve\/jazz\/modern-jazz-quartet-blues-at-carnegie-hall\/#breadcrumb\"},\"inLanguage\":\"en-GB\",\"potentialAction\":[{\"@type\":\"ReadAction\",\"target\":[\"https:\/\/vinilozona.lt\/parduotuve\/jazz\/modern-jazz-quartet-blues-at-carnegie-hall\/\"]}]},{\"@type\":\"ImageObject\",\"inLanguage\":\"en-GB\",\"@id\":\"https:\/\/vinilozona.lt\/parduotuve\/jazz\/modern-jazz-quartet-blues-at-carnegie-hall\/#primaryimage\",\"url\":\"https:\/\/vinilozona.lt\/wp-content\/uploads\/2024\/12\/R-8061108-1481180488-3051.jpg\",\"contentUrl\":\"https:\/\/vinilozona.lt\/wp-content\/uploads\/2024\/12\/R-8061108-1481180488-3051.jpg\",\"width\":599,\"height\":589},{\"@type\":\"BreadcrumbList\",\"@id\":\"https:\/\/vinilozona.lt\/parduotuve\/jazz\/modern-jazz-quartet-blues-at-carnegie-hall\/#breadcrumb\",\"itemListElement\":[{\"@type\":\"ListItem\",\"position\":1,\"name\":\"Home\",\"item\":\"https:\/\/vinilozona.lt\/\"},{\"@type\":\"ListItem\",\"position\":2,\"name\":\"Parduotuv\u0117\",\"item\":\"https:\/\/vinilozona.lt\/parduotuve\/\"},{\"@type\":\"ListItem\",\"position\":3,\"name\":\"Modern Jazz Quartet \u2013 Blues At Carnegie Hall\"}]},{\"@type\":\"WebSite\",\"@id\":\"https:\/\/vinilozona.lt\/#website\",\"url\":\"https:\/\/vinilozona.lt\/\",\"name\":\"Vinilo Zona\",\"description\":\"Nup\u016bsk dulkes ir klausyk LP\",\"potentialAction\":[{\"@type\":\"SearchAction\",\"target\":{\"@type\":\"EntryPoint\",\"urlTemplate\":\"https:\/\/vinilozona.lt\/?s={search_term_string}\"},\"query-input\":{\"@type\":\"PropertyValueSpecification\",\"valueRequired\":true,\"valueName\":\"search_term_string\"}}],\"inLanguage\":\"en-GB\"}]}<\/script>\n<!-- \/ Yoast SEO plugin. -->","yoast_head_json":{"title":"Modern Jazz Quartet \u2013 Blues At Carnegie Hall Vinilin\u0117 Plok\u0161tel\u0117 | Vinilozona.lt","robots":{"index":"index","follow":"follow","max-snippet":"max-snippet:-1","max-image-preview":"max-image-preview:large","max-video-preview":"max-video-preview:-1"},"canonical":"https:\/\/vinilozona.lt\/en\/parduotuve\/jazz\/modern-jazz-quartet-blues-at-carnegie-hall\/","og_locale":"en_GB","og_type":"article","og_title":"Modern Jazz Quartet \u2013 Blues At Carnegie Hall Vinilin\u0117 Plok\u0161tel\u0117 | Vinilozona.lt","og_description":"Philips \u2013 SFX-7069 Format: Vinyl, LP, Album, Stereo, Gatefold Country: Japan Released: 1967","og_url":"https:\/\/vinilozona.lt\/en\/parduotuve\/jazz\/modern-jazz-quartet-blues-at-carnegie-hall\/","og_site_name":"Vinilo Zona","article_modified_time":"2024-12-08T14:50:38+00:00","og_image":[{"width":599,"height":589,"url":"https:\/\/vinilozona.lt\/wp-content\/uploads\/2024\/12\/R-8061108-1481180488-3051.jpg","type":"image\/jpeg"}],"twitter_card":"summary_large_image","twitter_misc":{"Estimated reading time":"1 minute"},"schema":{"@context":"https:\/\/schema.org","@graph":[{"@type":"WebPage","@id":"https:\/\/vinilozona.lt\/parduotuve\/jazz\/modern-jazz-quartet-blues-at-carnegie-hall\/","url":"https:\/\/vinilozona.lt\/parduotuve\/jazz\/modern-jazz-quartet-blues-at-carnegie-hall\/","name":"Modern Jazz Quartet \u2013 Blues At Carnegie Hall Vinilin\u0117 Plok\u0161tel\u0117 | Vinilozona.lt","isPartOf":{"@id":"https:\/\/vinilozona.lt\/#website"},"primaryImageOfPage":{"@id":"https:\/\/vinilozona.lt\/parduotuve\/jazz\/modern-jazz-quartet-blues-at-carnegie-hall\/#primaryimage"},"image":{"@id":"https:\/\/vinilozona.lt\/parduotuve\/jazz\/modern-jazz-quartet-blues-at-carnegie-hall\/#primaryimage"},"thumbnailUrl":"https:\/\/vinilozona.lt\/wp-content\/uploads\/2024\/12\/R-8061108-1481180488-3051.jpg","datePublished":"2024-04-08T13:47:23+00:00","dateModified":"2024-12-08T14:50:38+00:00","breadcrumb":{"@id":"https:\/\/vinilozona.lt\/parduotuve\/jazz\/modern-jazz-quartet-blues-at-carnegie-hall\/#breadcrumb"},"inLanguage":"en-GB","potentialAction":[{"@type":"ReadAction","target":["https:\/\/vinilozona.lt\/parduotuve\/jazz\/modern-jazz-quartet-blues-at-carnegie-hall\/"]}]},{"@type":"ImageObject","inLanguage":"en-GB","@id":"https:\/\/vinilozona.lt\/parduotuve\/jazz\/modern-jazz-quartet-blues-at-carnegie-hall\/#primaryimage","url":"https:\/\/vinilozona.lt\/wp-content\/uploads\/2024\/12\/R-8061108-1481180488-3051.jpg","contentUrl":"https:\/\/vinilozona.lt\/wp-content\/uploads\/2024\/12\/R-8061108-1481180488-3051.jpg","width":599,"height":589},{"@type":"BreadcrumbList","@id":"https:\/\/vinilozona.lt\/parduotuve\/jazz\/modern-jazz-quartet-blues-at-carnegie-hall\/#breadcrumb","itemListElement":[{"@type":"ListItem","position":1,"name":"Home","item":"https:\/\/vinilozona.lt\/"},{"@type":"ListItem","position":2,"name":"Parduotuv\u0117","item":"https:\/\/vinilozona.lt\/parduotuve\/"},{"@type":"ListItem","position":3,"name":"Modern Jazz Quartet \u2013 Blues At Carnegie Hall"}]},{"@type":"WebSite","@id":"https:\/\/vinilozona.lt\/#website","url":"https:\/\/vinilozona.lt\/","name":"Vinilo Zona","description":"Nup\u016bsk dulkes ir klausyk LP","potentialAction":[{"@type":"SearchAction","target":{"@type":"EntryPoint","urlTemplate":"https:\/\/vinilozona.lt\/?s={search_term_string}"},"query-input":{"@type":"PropertyValueSpecification","valueRequired":true,"valueName":"search_term_string"}}],"inLanguage":"en-GB"}]}},"_links":{"self":[{"href":"https:\/\/vinilozona.lt\/en\/wp-json\/wp\/v2\/product\/26753"}],"collection":[{"href":"https:\/\/vinilozona.lt\/en\/wp-json\/wp\/v2\/product"}],"about":[{"href":"https:\/\/vinilozona.lt\/en\/wp-json\/wp\/v2\/types\/product"}],"wp:featuredmedia":[{"embeddable":true,"href":"https:\/\/vinilozona.lt\/en\/wp-json\/wp\/v2\/media\/26754"}],"wp:attachment":[{"href":"https:\/\/vinilozona.lt\/en\/wp-json\/wp\/v2\/media?parent=26753"}],"wp:term":[{"taxonomy":"product_cat","embeddable":true,"href":"https:\/\/vinilozona.lt\/en\/wp-json\/wp\/v2\/product_cat?post=26753"},{"taxonomy":"product_tag","embeddable":true,"href":"https:\/\/vinilozona.lt\/en\/wp-json\/wp\/v2\/product_tag?post=26753"}],"curies":[{"name":"wp","href":"https:\/\/api.w.org\/{rel}","templated":true}]}}