{"id":26721,"date":"2024-09-08T07:47:52","date_gmt":"2024-09-08T04:47:52","guid":{"rendered":"https:\/\/vinilozona.lt\/?post_type=product&#038;p=26721"},"modified":"2025-07-11T20:34:20","modified_gmt":"2025-07-11T17:34:20","slug":"beatles-magical-mystery-tour-%e3%83%9e%e3%82%b8%e3%82%ab%e3%83%ab%e3%83%bb%e3%83%9f%e3%82%b9%e3%83%86%e3%83%aa%e3%83%bc%e3%83%bb%e3%83%84%e3%82%a2%e3%83%bc","status":"publish","type":"product","link":"https:\/\/vinilozona.lt\/en\/parduotuve\/made-in-japan\/beatles-magical-mystery-tour-%e3%83%9e%e3%82%b8%e3%82%ab%e3%83%ab%e3%83%bb%e3%83%9f%e3%82%b9%e3%83%86%e3%83%aa%e3%83%bc%e3%83%bb%e3%83%84%e3%82%a2%e3%83%bc\/","title":{"rendered":"BEATLES \u2013 Magical Mystery Tour = \u30de\u30b8\u30ab\u30eb\u30fb\u30df\u30b9\u30c6\u30ea\u30fc\u30fb\u30c4\u30a2\u30fc"},"content":{"rendered":"<p>Magical Mystery Tour\t2:48<br \/>\nThe Fool On The Hill\t3:00<br \/>\nFlying\t2:16<br \/>\nBlue Jay Way\t3:50<br \/>\nYour Mother Should Know\t2:33<br \/>\nI Am The Walrus\t4:35<br \/>\nHello Goodbye\t3:24<br \/>\nStrawberry Fields Forever\t4:05<br \/>\nPenny Lane\t2:57<br \/>\nBaby You&#8217;re A Rich Man\t3:07<br \/>\nAll You Need Is Love\t3:57<\/p>","protected":false},"excerpt":{"rendered":"<p> Apple Records \u2013 AP-9728<br \/>\nFormat:<br \/>\nVinyl, LP, Compilation, Reissue, Stereo, Red, Gatefold<br \/>\nCountry:<br \/>\nJapan<br \/>\nReleased:<br \/>\n1969<\/p>","protected":false},"featured_media":26722,"template":"","meta":[],"product_cat":[39],"product_tag":[239],"yoast_head":"<!-- This site is optimized with the Yoast SEO plugin v23.5 - https:\/\/yoast.com\/wordpress\/plugins\/seo\/ -->\n<title>BEATLES \u2013 Magical Mystery Tour = \u30de\u30b8\u30ab\u30eb\u30fb\u30df\u30b9\u30c6\u30ea\u30fc\u30fb\u30c4\u30a2\u30fc Vinilin\u0117 Plok\u0161tel\u0117 | Vinilozona.lt<\/title>\n<meta name=\"robots\" content=\"index, follow, max-snippet:-1, max-image-preview:large, max-video-preview:-1\" \/>\n<link rel=\"canonical\" href=\"https:\/\/vinilozona.lt\/en\/parduotuve\/made-in-japan\/beatles-magical-mystery-tour-\u30de\u30b8\u30ab\u30eb\u30fb\u30df\u30b9\u30c6\u30ea\u30fc\u30fb\u30c4\u30a2\u30fc\/\" \/>\n<meta property=\"og:locale\" content=\"en_GB\" \/>\n<meta property=\"og:type\" content=\"article\" \/>\n<meta property=\"og:title\" content=\"BEATLES \u2013 Magical Mystery Tour = \u30de\u30b8\u30ab\u30eb\u30fb\u30df\u30b9\u30c6\u30ea\u30fc\u30fb\u30c4\u30a2\u30fc Vinilin\u0117 Plok\u0161tel\u0117 | Vinilozona.lt\" \/>\n<meta property=\"og:description\" content=\"Apple Records \u2013 AP-9728 Format: Vinyl, LP, Compilation, Reissue, Stereo, Red, Gatefold Country: Japan Released: 1969\" \/>\n<meta property=\"og:url\" content=\"https:\/\/vinilozona.lt\/en\/parduotuve\/made-in-japan\/beatles-magical-mystery-tour-\u30de\u30b8\u30ab\u30eb\u30fb\u30df\u30b9\u30c6\u30ea\u30fc\u30fb\u30c4\u30a2\u30fc\/\" \/>\n<meta property=\"og:site_name\" content=\"Vinilo Zona\" \/>\n<meta property=\"article:modified_time\" content=\"2025-07-11T17:34:20+00:00\" \/>\n<meta property=\"og:image\" content=\"https:\/\/vinilozona.lt\/wp-content\/uploads\/2024\/12\/R-3402809-1412351492-1224.jpg\" \/>\n\t<meta property=\"og:image:width\" content=\"599\" \/>\n\t<meta property=\"og:image:height\" content=\"600\" \/>\n\t<meta property=\"og:image:type\" content=\"image\/jpeg\" \/>\n<meta name=\"twitter:card\" content=\"summary_large_image\" \/>\n<meta name=\"twitter:label1\" content=\"Estimated reading time\" \/>\n\t<meta name=\"twitter:data1\" content=\"1 minute\" \/>\n<script type=\"application\/ld+json\" class=\"yoast-schema-graph\">{\"@context\":\"https:\/\/schema.org\",\"@graph\":[{\"@type\":\"WebPage\",\"@id\":\"https:\/\/vinilozona.lt\/parduotuve\/made-in-japan\/beatles-magical-mystery-tour-%e3%83%9e%e3%82%b8%e3%82%ab%e3%83%ab%e3%83%bb%e3%83%9f%e3%82%b9%e3%83%86%e3%83%aa%e3%83%bc%e3%83%bb%e3%83%84%e3%82%a2%e3%83%bc\/\",\"url\":\"https:\/\/vinilozona.lt\/parduotuve\/made-in-japan\/beatles-magical-mystery-tour-%e3%83%9e%e3%82%b8%e3%82%ab%e3%83%ab%e3%83%bb%e3%83%9f%e3%82%b9%e3%83%86%e3%83%aa%e3%83%bc%e3%83%bb%e3%83%84%e3%82%a2%e3%83%bc\/\",\"name\":\"BEATLES \u2013 Magical Mystery Tour = \u30de\u30b8\u30ab\u30eb\u30fb\u30df\u30b9\u30c6\u30ea\u30fc\u30fb\u30c4\u30a2\u30fc Vinilin\u0117 Plok\u0161tel\u0117 | Vinilozona.lt\",\"isPartOf\":{\"@id\":\"https:\/\/vinilozona.lt\/#website\"},\"primaryImageOfPage\":{\"@id\":\"https:\/\/vinilozona.lt\/parduotuve\/made-in-japan\/beatles-magical-mystery-tour-%e3%83%9e%e3%82%b8%e3%82%ab%e3%83%ab%e3%83%bb%e3%83%9f%e3%82%b9%e3%83%86%e3%83%aa%e3%83%bc%e3%83%bb%e3%83%84%e3%82%a2%e3%83%bc\/#primaryimage\"},\"image\":{\"@id\":\"https:\/\/vinilozona.lt\/parduotuve\/made-in-japan\/beatles-magical-mystery-tour-%e3%83%9e%e3%82%b8%e3%82%ab%e3%83%ab%e3%83%bb%e3%83%9f%e3%82%b9%e3%83%86%e3%83%aa%e3%83%bc%e3%83%bb%e3%83%84%e3%82%a2%e3%83%bc\/#primaryimage\"},\"thumbnailUrl\":\"https:\/\/vinilozona.lt\/wp-content\/uploads\/2024\/12\/R-3402809-1412351492-1224.jpg\",\"datePublished\":\"2024-09-08T04:47:52+00:00\",\"dateModified\":\"2025-07-11T17:34:20+00:00\",\"breadcrumb\":{\"@id\":\"https:\/\/vinilozona.lt\/parduotuve\/made-in-japan\/beatles-magical-mystery-tour-%e3%83%9e%e3%82%b8%e3%82%ab%e3%83%ab%e3%83%bb%e3%83%9f%e3%82%b9%e3%83%86%e3%83%aa%e3%83%bc%e3%83%bb%e3%83%84%e3%82%a2%e3%83%bc\/#breadcrumb\"},\"inLanguage\":\"en-GB\",\"potentialAction\":[{\"@type\":\"ReadAction\",\"target\":[\"https:\/\/vinilozona.lt\/parduotuve\/made-in-japan\/beatles-magical-mystery-tour-%e3%83%9e%e3%82%b8%e3%82%ab%e3%83%ab%e3%83%bb%e3%83%9f%e3%82%b9%e3%83%86%e3%83%aa%e3%83%bc%e3%83%bb%e3%83%84%e3%82%a2%e3%83%bc\/\"]}]},{\"@type\":\"ImageObject\",\"inLanguage\":\"en-GB\",\"@id\":\"https:\/\/vinilozona.lt\/parduotuve\/made-in-japan\/beatles-magical-mystery-tour-%e3%83%9e%e3%82%b8%e3%82%ab%e3%83%ab%e3%83%bb%e3%83%9f%e3%82%b9%e3%83%86%e3%83%aa%e3%83%bc%e3%83%bb%e3%83%84%e3%82%a2%e3%83%bc\/#primaryimage\",\"url\":\"https:\/\/vinilozona.lt\/wp-content\/uploads\/2024\/12\/R-3402809-1412351492-1224.jpg\",\"contentUrl\":\"https:\/\/vinilozona.lt\/wp-content\/uploads\/2024\/12\/R-3402809-1412351492-1224.jpg\",\"width\":599,\"height\":600},{\"@type\":\"BreadcrumbList\",\"@id\":\"https:\/\/vinilozona.lt\/parduotuve\/made-in-japan\/beatles-magical-mystery-tour-%e3%83%9e%e3%82%b8%e3%82%ab%e3%83%ab%e3%83%bb%e3%83%9f%e3%82%b9%e3%83%86%e3%83%aa%e3%83%bc%e3%83%bb%e3%83%84%e3%82%a2%e3%83%bc\/#breadcrumb\",\"itemListElement\":[{\"@type\":\"ListItem\",\"position\":1,\"name\":\"Home\",\"item\":\"https:\/\/vinilozona.lt\/\"},{\"@type\":\"ListItem\",\"position\":2,\"name\":\"Parduotuv\u0117\",\"item\":\"https:\/\/vinilozona.lt\/parduotuve\/\"},{\"@type\":\"ListItem\",\"position\":3,\"name\":\"BEATLES \u2013 Magical Mystery Tour = \u30de\u30b8\u30ab\u30eb\u30fb\u30df\u30b9\u30c6\u30ea\u30fc\u30fb\u30c4\u30a2\u30fc\"}]},{\"@type\":\"WebSite\",\"@id\":\"https:\/\/vinilozona.lt\/#website\",\"url\":\"https:\/\/vinilozona.lt\/\",\"name\":\"Vinilo Zona\",\"description\":\"Nup\u016bsk dulkes ir klausyk LP\",\"potentialAction\":[{\"@type\":\"SearchAction\",\"target\":{\"@type\":\"EntryPoint\",\"urlTemplate\":\"https:\/\/vinilozona.lt\/?s={search_term_string}\"},\"query-input\":{\"@type\":\"PropertyValueSpecification\",\"valueRequired\":true,\"valueName\":\"search_term_string\"}}],\"inLanguage\":\"en-GB\"}]}<\/script>\n<!-- \/ Yoast SEO plugin. -->","yoast_head_json":{"title":"BEATLES \u2013 Magical Mystery Tour = \u30de\u30b8\u30ab\u30eb\u30fb\u30df\u30b9\u30c6\u30ea\u30fc\u30fb\u30c4\u30a2\u30fc Vinilin\u0117 Plok\u0161tel\u0117 | Vinilozona.lt","robots":{"index":"index","follow":"follow","max-snippet":"max-snippet:-1","max-image-preview":"max-image-preview:large","max-video-preview":"max-video-preview:-1"},"canonical":"https:\/\/vinilozona.lt\/en\/parduotuve\/made-in-japan\/beatles-magical-mystery-tour-\u30de\u30b8\u30ab\u30eb\u30fb\u30df\u30b9\u30c6\u30ea\u30fc\u30fb\u30c4\u30a2\u30fc\/","og_locale":"en_GB","og_type":"article","og_title":"BEATLES \u2013 Magical Mystery Tour = \u30de\u30b8\u30ab\u30eb\u30fb\u30df\u30b9\u30c6\u30ea\u30fc\u30fb\u30c4\u30a2\u30fc Vinilin\u0117 Plok\u0161tel\u0117 | Vinilozona.lt","og_description":"Apple Records \u2013 AP-9728 Format: Vinyl, LP, Compilation, Reissue, Stereo, Red, Gatefold Country: Japan Released: 1969","og_url":"https:\/\/vinilozona.lt\/en\/parduotuve\/made-in-japan\/beatles-magical-mystery-tour-\u30de\u30b8\u30ab\u30eb\u30fb\u30df\u30b9\u30c6\u30ea\u30fc\u30fb\u30c4\u30a2\u30fc\/","og_site_name":"Vinilo Zona","article_modified_time":"2025-07-11T17:34:20+00:00","og_image":[{"width":599,"height":600,"url":"https:\/\/vinilozona.lt\/wp-content\/uploads\/2024\/12\/R-3402809-1412351492-1224.jpg","type":"image\/jpeg"}],"twitter_card":"summary_large_image","twitter_misc":{"Estimated reading time":"1 minute"},"schema":{"@context":"https:\/\/schema.org","@graph":[{"@type":"WebPage","@id":"https:\/\/vinilozona.lt\/parduotuve\/made-in-japan\/beatles-magical-mystery-tour-%e3%83%9e%e3%82%b8%e3%82%ab%e3%83%ab%e3%83%bb%e3%83%9f%e3%82%b9%e3%83%86%e3%83%aa%e3%83%bc%e3%83%bb%e3%83%84%e3%82%a2%e3%83%bc\/","url":"https:\/\/vinilozona.lt\/parduotuve\/made-in-japan\/beatles-magical-mystery-tour-%e3%83%9e%e3%82%b8%e3%82%ab%e3%83%ab%e3%83%bb%e3%83%9f%e3%82%b9%e3%83%86%e3%83%aa%e3%83%bc%e3%83%bb%e3%83%84%e3%82%a2%e3%83%bc\/","name":"BEATLES \u2013 Magical Mystery Tour = \u30de\u30b8\u30ab\u30eb\u30fb\u30df\u30b9\u30c6\u30ea\u30fc\u30fb\u30c4\u30a2\u30fc Vinilin\u0117 Plok\u0161tel\u0117 | Vinilozona.lt","isPartOf":{"@id":"https:\/\/vinilozona.lt\/#website"},"primaryImageOfPage":{"@id":"https:\/\/vinilozona.lt\/parduotuve\/made-in-japan\/beatles-magical-mystery-tour-%e3%83%9e%e3%82%b8%e3%82%ab%e3%83%ab%e3%83%bb%e3%83%9f%e3%82%b9%e3%83%86%e3%83%aa%e3%83%bc%e3%83%bb%e3%83%84%e3%82%a2%e3%83%bc\/#primaryimage"},"image":{"@id":"https:\/\/vinilozona.lt\/parduotuve\/made-in-japan\/beatles-magical-mystery-tour-%e3%83%9e%e3%82%b8%e3%82%ab%e3%83%ab%e3%83%bb%e3%83%9f%e3%82%b9%e3%83%86%e3%83%aa%e3%83%bc%e3%83%bb%e3%83%84%e3%82%a2%e3%83%bc\/#primaryimage"},"thumbnailUrl":"https:\/\/vinilozona.lt\/wp-content\/uploads\/2024\/12\/R-3402809-1412351492-1224.jpg","datePublished":"2024-09-08T04:47:52+00:00","dateModified":"2025-07-11T17:34:20+00:00","breadcrumb":{"@id":"https:\/\/vinilozona.lt\/parduotuve\/made-in-japan\/beatles-magical-mystery-tour-%e3%83%9e%e3%82%b8%e3%82%ab%e3%83%ab%e3%83%bb%e3%83%9f%e3%82%b9%e3%83%86%e3%83%aa%e3%83%bc%e3%83%bb%e3%83%84%e3%82%a2%e3%83%bc\/#breadcrumb"},"inLanguage":"en-GB","potentialAction":[{"@type":"ReadAction","target":["https:\/\/vinilozona.lt\/parduotuve\/made-in-japan\/beatles-magical-mystery-tour-%e3%83%9e%e3%82%b8%e3%82%ab%e3%83%ab%e3%83%bb%e3%83%9f%e3%82%b9%e3%83%86%e3%83%aa%e3%83%bc%e3%83%bb%e3%83%84%e3%82%a2%e3%83%bc\/"]}]},{"@type":"ImageObject","inLanguage":"en-GB","@id":"https:\/\/vinilozona.lt\/parduotuve\/made-in-japan\/beatles-magical-mystery-tour-%e3%83%9e%e3%82%b8%e3%82%ab%e3%83%ab%e3%83%bb%e3%83%9f%e3%82%b9%e3%83%86%e3%83%aa%e3%83%bc%e3%83%bb%e3%83%84%e3%82%a2%e3%83%bc\/#primaryimage","url":"https:\/\/vinilozona.lt\/wp-content\/uploads\/2024\/12\/R-3402809-1412351492-1224.jpg","contentUrl":"https:\/\/vinilozona.lt\/wp-content\/uploads\/2024\/12\/R-3402809-1412351492-1224.jpg","width":599,"height":600},{"@type":"BreadcrumbList","@id":"https:\/\/vinilozona.lt\/parduotuve\/made-in-japan\/beatles-magical-mystery-tour-%e3%83%9e%e3%82%b8%e3%82%ab%e3%83%ab%e3%83%bb%e3%83%9f%e3%82%b9%e3%83%86%e3%83%aa%e3%83%bc%e3%83%bb%e3%83%84%e3%82%a2%e3%83%bc\/#breadcrumb","itemListElement":[{"@type":"ListItem","position":1,"name":"Home","item":"https:\/\/vinilozona.lt\/"},{"@type":"ListItem","position":2,"name":"Parduotuv\u0117","item":"https:\/\/vinilozona.lt\/parduotuve\/"},{"@type":"ListItem","position":3,"name":"BEATLES \u2013 Magical Mystery Tour = \u30de\u30b8\u30ab\u30eb\u30fb\u30df\u30b9\u30c6\u30ea\u30fc\u30fb\u30c4\u30a2\u30fc"}]},{"@type":"WebSite","@id":"https:\/\/vinilozona.lt\/#website","url":"https:\/\/vinilozona.lt\/","name":"Vinilo Zona","description":"Nup\u016bsk dulkes ir klausyk LP","potentialAction":[{"@type":"SearchAction","target":{"@type":"EntryPoint","urlTemplate":"https:\/\/vinilozona.lt\/?s={search_term_string}"},"query-input":{"@type":"PropertyValueSpecification","valueRequired":true,"valueName":"search_term_string"}}],"inLanguage":"en-GB"}]}},"_links":{"self":[{"href":"https:\/\/vinilozona.lt\/en\/wp-json\/wp\/v2\/product\/26721"}],"collection":[{"href":"https:\/\/vinilozona.lt\/en\/wp-json\/wp\/v2\/product"}],"about":[{"href":"https:\/\/vinilozona.lt\/en\/wp-json\/wp\/v2\/types\/product"}],"wp:featuredmedia":[{"embeddable":true,"href":"https:\/\/vinilozona.lt\/en\/wp-json\/wp\/v2\/media\/26722"}],"wp:attachment":[{"href":"https:\/\/vinilozona.lt\/en\/wp-json\/wp\/v2\/media?parent=26721"}],"wp:term":[{"taxonomy":"product_cat","embeddable":true,"href":"https:\/\/vinilozona.lt\/en\/wp-json\/wp\/v2\/product_cat?post=26721"},{"taxonomy":"product_tag","embeddable":true,"href":"https:\/\/vinilozona.lt\/en\/wp-json\/wp\/v2\/product_tag?post=26721"}],"curies":[{"name":"wp","href":"https:\/\/api.w.org\/{rel}","templated":true}]}}