{"id":26704,"date":"2024-12-08T07:06:36","date_gmt":"2024-12-08T05:06:36","guid":{"rendered":"https:\/\/vinilozona.lt\/?post_type=product&#038;p=26704"},"modified":"2024-12-08T07:12:28","modified_gmt":"2024-12-08T05:12:28","slug":"the-beach-boys-%e3%83%93%e3%83%bc%e3%83%81%e3%83%bb%e3%83%9c%e3%83%bc%e3%82%a4%e3%82%ba-endless-summer-%e3%83%99%e3%82%b9%e3%83%8820-%e7%b5%82%e3%82%8f%e3%82%8a%e3%81%aa%e3%81%8d","status":"publish","type":"product","link":"https:\/\/vinilozona.lt\/en\/parduotuve\/made-in-japan\/the-beach-boys-%e3%83%93%e3%83%bc%e3%83%81%e3%83%bb%e3%83%9c%e3%83%bc%e3%82%a4%e3%82%ba-endless-summer-%e3%83%99%e3%82%b9%e3%83%8820-%e7%b5%82%e3%82%8f%e3%82%8a%e3%81%aa%e3%81%8d\/","title":{"rendered":"The Beach Boys = \u30d3\u30fc\u30c1\u30fb\u30dc\u30fc\u30a4\u30ba* \u2013 Endless Summer = \u30d9\u30b9\u30c820 \/ \u7d42\u308f\u308a\u306a\u304d\u590f"},"content":{"rendered":"<p>A1\t\tSurfin&#8217; Safari = \u30b5\u30fc\u30d5\u30a3\u30f3\u30fb\u30b5\u30d5\u30a1\u30ea  2:04<br \/>\nA2\t\tSurfer Girl = \u30b5\u30fc\u30d5\u30a1\u30fc\u30fb\u30ac\u30fc\u30eb  2:26<br \/>\nA3\t\tCatch A Wave = \u30ad\u30e3\u30c3\u30c1\u30fb\u30a2\u30fb\u30a6\u30a8\u30a4\u30f4  2:08<br \/>\nA4\t\tThe Warmth Of The Sun = \u592a\u967d\u306e\u6696\u304b\u3055  2:51<br \/>\nA5\t\tSurfin&#8217; U.S.A. = \u30b5\u30fc\u30d5\u30a3\u30f3\u30fbU.S.A.  2:27<br \/>\nA6\t\tCalifornia Girls = \u30ab\u30ea\u30d5\u30a9\u30eb\u30cb\u30a2\u30fb\u30ac\u30fc\u30eb\u30ba  2:37<br \/>\nA7\t\tGirl Don&#8217;t Tell Me = \u30ac\u30fc\u30eb\u30fb\u30c9\u30f3\u30c8\u30fb\u30c6\u30eb\u30fb\u30df\u30fc  2:18<br \/>\nA8\t\tHelp Me, Rhonda = \u30d8\u30eb\u30d7\u30fb\u30df\u30fc\u30fb\u30ed\u30f3\u30c0  3:07<br \/>\nA9\t\tYou&#8217;re So Good To Me = \u30e6\u30a2\u30fc\u30fb\u30bd\u30fc\u30fb\u30b0\u30c3\u30c9\u30fb\u30c8\u30a5\u30fb\u30df\u30fc  2:14<br \/>\nA10\t\tAll Summer Long = \u30aa\u30fc\u30eb\u30fb\u30b5\u30de\u30fc\u30fb\u30ed\u30f3\u30b0  2:06<br \/>\nB1\t\tBe True To Your School = \u30d3\u30fc\u30fb\u30c8\u30a5\u30eb\u30fc\u30fb\u30c8\u30a5\u30fb\u30e6\u30a2\u30fb\u30b9\u30af\u30fc\u30eb  2:04<br \/>\nB2\t\tLittle Deuce Coupe = \u30ea\u30c8\u30eb\u30fb\u30c9\u30a5\u30fc\u30b9\u30fb\u30af\u30fc\u30da  1:38<br \/>\nB3\t\tIn My Room = \u30a4\u30f3\u30fb\u30de\u30a4\u30fb\u30eb\u30fc\u30e0  2:11<br \/>\nB4\t\tShut Down = \u30b7\u30e3\u30c3\u30c8\u30fb\u30c0\u30a6\u30f3  1:49<br \/>\nB5\t\tFun, Fun, Fun = \u30d5\u30a1\u30f3\u30fb\u30d5\u30a1\u30f3\u30fb\u30d5\u30a1\u30f3  2:02<br \/>\nB6\t\tI Get Around = \u30a2\u30a4\u30fb\u30b2\u30c3\u30c8\u30fb\u30a2\u30e9\u30a6\u30f3\u30c9  2:11<br \/>\nB7\t\tGirls On The Beach = \u6d5c\u8fba\u306e\u4e59\u5973  2:23<br \/>\nB8\t\tWendy = \u30a6\u30a8\u30f3\u30c7\u30a3  2:14<br \/>\nB9\t\tLet Him Run Wild = \u30ec\u30c3\u30c8\u30fb\u30d2\u30e0\u30fb\u30e9\u30f3\u30fb\u30ef\u30a4\u30eb\u30c9  2:20<br \/>\nB10\t\tDon&#8217;t Worry Baby = \u30c9\u30f3\u30c8\u30fb\u30a6\u30a9\u30ea\u30fc\u30fb\u30d9\u30a4\u30d3\u30fc  2:46<\/p>","protected":false},"excerpt":{"rendered":"<p>Capitol Records \u2013 ECS-90022<br \/>\nSeries:<br \/>\n\u30d3\u30fc\u30c1\u30fb\u30dc\u30fc\u30a4\u30ba\u30fb\u30b4\u30fc\u30eb\u30c9\u30fb\u30a2\u30eb\u30d0\u30e0 \u2013 1<br \/>\nFormat:<br \/>\nVinyl, LP, Album, Compilation, Stereo<br \/>\nCountry:<br \/>\nJapan<br \/>\nReleased:<br \/>\nMay 1975<\/p>","protected":false},"featured_media":26705,"template":"","meta":[],"product_cat":[39],"product_tag":[239],"yoast_head":"<!-- This site is optimized with the Yoast SEO plugin v23.5 - https:\/\/yoast.com\/wordpress\/plugins\/seo\/ -->\n<title>The Beach Boys = \u30d3\u30fc\u30c1\u30fb\u30dc\u30fc\u30a4\u30ba* \u2013 Endless Summer = \u30d9\u30b9\u30c820 \/ \u7d42\u308f\u308a\u306a\u304d\u590f Vinilin\u0117 Plok\u0161tel\u0117 | Vinilozona.lt<\/title>\n<meta name=\"robots\" content=\"index, follow, max-snippet:-1, max-image-preview:large, max-video-preview:-1\" \/>\n<link rel=\"canonical\" href=\"https:\/\/vinilozona.lt\/en\/parduotuve\/made-in-japan\/the-beach-boys-\u30d3\u30fc\u30c1\u30fb\u30dc\u30fc\u30a4\u30ba-endless-summer-\u30d9\u30b9\u30c820-\u7d42\u308f\u308a\u306a\u304d\/\" \/>\n<meta property=\"og:locale\" content=\"en_GB\" \/>\n<meta property=\"og:type\" content=\"article\" \/>\n<meta property=\"og:title\" content=\"The Beach Boys = \u30d3\u30fc\u30c1\u30fb\u30dc\u30fc\u30a4\u30ba* \u2013 Endless Summer = \u30d9\u30b9\u30c820 \/ \u7d42\u308f\u308a\u306a\u304d\u590f Vinilin\u0117 Plok\u0161tel\u0117 | Vinilozona.lt\" \/>\n<meta property=\"og:description\" content=\"Capitol Records \u2013 ECS-90022 Series: \u30d3\u30fc\u30c1\u30fb\u30dc\u30fc\u30a4\u30ba\u30fb\u30b4\u30fc\u30eb\u30c9\u30fb\u30a2\u30eb\u30d0\u30e0 \u2013 1 Format: Vinyl, LP, Album, Compilation, Stereo Country: Japan Released: May 1975\" \/>\n<meta property=\"og:url\" content=\"https:\/\/vinilozona.lt\/en\/parduotuve\/made-in-japan\/the-beach-boys-\u30d3\u30fc\u30c1\u30fb\u30dc\u30fc\u30a4\u30ba-endless-summer-\u30d9\u30b9\u30c820-\u7d42\u308f\u308a\u306a\u304d\/\" \/>\n<meta property=\"og:site_name\" content=\"Vinilo Zona\" \/>\n<meta property=\"article:modified_time\" content=\"2024-12-08T05:12:28+00:00\" \/>\n<meta property=\"og:image\" content=\"https:\/\/vinilozona.lt\/wp-content\/uploads\/2024\/12\/R-2401422-1429057111-5203.jpg\" \/>\n\t<meta property=\"og:image:width\" content=\"598\" \/>\n\t<meta property=\"og:image:height\" content=\"600\" \/>\n\t<meta property=\"og:image:type\" content=\"image\/jpeg\" \/>\n<meta name=\"twitter:card\" content=\"summary_large_image\" \/>\n<meta name=\"twitter:label1\" content=\"Estimated reading time\" \/>\n\t<meta name=\"twitter:data1\" content=\"1 minute\" \/>\n<script type=\"application\/ld+json\" class=\"yoast-schema-graph\">{\"@context\":\"https:\/\/schema.org\",\"@graph\":[{\"@type\":\"WebPage\",\"@id\":\"https:\/\/vinilozona.lt\/parduotuve\/made-in-japan\/the-beach-boys-%e3%83%93%e3%83%bc%e3%83%81%e3%83%bb%e3%83%9c%e3%83%bc%e3%82%a4%e3%82%ba-endless-summer-%e3%83%99%e3%82%b9%e3%83%8820-%e7%b5%82%e3%82%8f%e3%82%8a%e3%81%aa%e3%81%8d\/\",\"url\":\"https:\/\/vinilozona.lt\/parduotuve\/made-in-japan\/the-beach-boys-%e3%83%93%e3%83%bc%e3%83%81%e3%83%bb%e3%83%9c%e3%83%bc%e3%82%a4%e3%82%ba-endless-summer-%e3%83%99%e3%82%b9%e3%83%8820-%e7%b5%82%e3%82%8f%e3%82%8a%e3%81%aa%e3%81%8d\/\",\"name\":\"The Beach Boys = \u30d3\u30fc\u30c1\u30fb\u30dc\u30fc\u30a4\u30ba* \u2013 Endless Summer = \u30d9\u30b9\u30c820 \/ \u7d42\u308f\u308a\u306a\u304d\u590f Vinilin\u0117 Plok\u0161tel\u0117 | Vinilozona.lt\",\"isPartOf\":{\"@id\":\"https:\/\/vinilozona.lt\/#website\"},\"primaryImageOfPage\":{\"@id\":\"https:\/\/vinilozona.lt\/parduotuve\/made-in-japan\/the-beach-boys-%e3%83%93%e3%83%bc%e3%83%81%e3%83%bb%e3%83%9c%e3%83%bc%e3%82%a4%e3%82%ba-endless-summer-%e3%83%99%e3%82%b9%e3%83%8820-%e7%b5%82%e3%82%8f%e3%82%8a%e3%81%aa%e3%81%8d\/#primaryimage\"},\"image\":{\"@id\":\"https:\/\/vinilozona.lt\/parduotuve\/made-in-japan\/the-beach-boys-%e3%83%93%e3%83%bc%e3%83%81%e3%83%bb%e3%83%9c%e3%83%bc%e3%82%a4%e3%82%ba-endless-summer-%e3%83%99%e3%82%b9%e3%83%8820-%e7%b5%82%e3%82%8f%e3%82%8a%e3%81%aa%e3%81%8d\/#primaryimage\"},\"thumbnailUrl\":\"https:\/\/vinilozona.lt\/wp-content\/uploads\/2024\/12\/R-2401422-1429057111-5203.jpg\",\"datePublished\":\"2024-12-08T05:06:36+00:00\",\"dateModified\":\"2024-12-08T05:12:28+00:00\",\"breadcrumb\":{\"@id\":\"https:\/\/vinilozona.lt\/parduotuve\/made-in-japan\/the-beach-boys-%e3%83%93%e3%83%bc%e3%83%81%e3%83%bb%e3%83%9c%e3%83%bc%e3%82%a4%e3%82%ba-endless-summer-%e3%83%99%e3%82%b9%e3%83%8820-%e7%b5%82%e3%82%8f%e3%82%8a%e3%81%aa%e3%81%8d\/#breadcrumb\"},\"inLanguage\":\"en-GB\",\"potentialAction\":[{\"@type\":\"ReadAction\",\"target\":[\"https:\/\/vinilozona.lt\/parduotuve\/made-in-japan\/the-beach-boys-%e3%83%93%e3%83%bc%e3%83%81%e3%83%bb%e3%83%9c%e3%83%bc%e3%82%a4%e3%82%ba-endless-summer-%e3%83%99%e3%82%b9%e3%83%8820-%e7%b5%82%e3%82%8f%e3%82%8a%e3%81%aa%e3%81%8d\/\"]}]},{\"@type\":\"ImageObject\",\"inLanguage\":\"en-GB\",\"@id\":\"https:\/\/vinilozona.lt\/parduotuve\/made-in-japan\/the-beach-boys-%e3%83%93%e3%83%bc%e3%83%81%e3%83%bb%e3%83%9c%e3%83%bc%e3%82%a4%e3%82%ba-endless-summer-%e3%83%99%e3%82%b9%e3%83%8820-%e7%b5%82%e3%82%8f%e3%82%8a%e3%81%aa%e3%81%8d\/#primaryimage\",\"url\":\"https:\/\/vinilozona.lt\/wp-content\/uploads\/2024\/12\/R-2401422-1429057111-5203.jpg\",\"contentUrl\":\"https:\/\/vinilozona.lt\/wp-content\/uploads\/2024\/12\/R-2401422-1429057111-5203.jpg\",\"width\":598,\"height\":600},{\"@type\":\"BreadcrumbList\",\"@id\":\"https:\/\/vinilozona.lt\/parduotuve\/made-in-japan\/the-beach-boys-%e3%83%93%e3%83%bc%e3%83%81%e3%83%bb%e3%83%9c%e3%83%bc%e3%82%a4%e3%82%ba-endless-summer-%e3%83%99%e3%82%b9%e3%83%8820-%e7%b5%82%e3%82%8f%e3%82%8a%e3%81%aa%e3%81%8d\/#breadcrumb\",\"itemListElement\":[{\"@type\":\"ListItem\",\"position\":1,\"name\":\"Home\",\"item\":\"https:\/\/vinilozona.lt\/\"},{\"@type\":\"ListItem\",\"position\":2,\"name\":\"Parduotuv\u0117\",\"item\":\"https:\/\/vinilozona.lt\/parduotuve\/\"},{\"@type\":\"ListItem\",\"position\":3,\"name\":\"The Beach Boys = \u30d3\u30fc\u30c1\u30fb\u30dc\u30fc\u30a4\u30ba* \u2013 Endless Summer = \u30d9\u30b9\u30c820 \/ \u7d42\u308f\u308a\u306a\u304d\u590f\"}]},{\"@type\":\"WebSite\",\"@id\":\"https:\/\/vinilozona.lt\/#website\",\"url\":\"https:\/\/vinilozona.lt\/\",\"name\":\"Vinilo Zona\",\"description\":\"Nup\u016bsk dulkes ir klausyk LP\",\"potentialAction\":[{\"@type\":\"SearchAction\",\"target\":{\"@type\":\"EntryPoint\",\"urlTemplate\":\"https:\/\/vinilozona.lt\/?s={search_term_string}\"},\"query-input\":{\"@type\":\"PropertyValueSpecification\",\"valueRequired\":true,\"valueName\":\"search_term_string\"}}],\"inLanguage\":\"en-GB\"}]}<\/script>\n<!-- \/ Yoast SEO plugin. -->","yoast_head_json":{"title":"The Beach Boys = \u30d3\u30fc\u30c1\u30fb\u30dc\u30fc\u30a4\u30ba* \u2013 Endless Summer = \u30d9\u30b9\u30c820 \/ \u7d42\u308f\u308a\u306a\u304d\u590f Vinilin\u0117 Plok\u0161tel\u0117 | Vinilozona.lt","robots":{"index":"index","follow":"follow","max-snippet":"max-snippet:-1","max-image-preview":"max-image-preview:large","max-video-preview":"max-video-preview:-1"},"canonical":"https:\/\/vinilozona.lt\/en\/parduotuve\/made-in-japan\/the-beach-boys-\u30d3\u30fc\u30c1\u30fb\u30dc\u30fc\u30a4\u30ba-endless-summer-\u30d9\u30b9\u30c820-\u7d42\u308f\u308a\u306a\u304d\/","og_locale":"en_GB","og_type":"article","og_title":"The Beach Boys = \u30d3\u30fc\u30c1\u30fb\u30dc\u30fc\u30a4\u30ba* \u2013 Endless Summer = \u30d9\u30b9\u30c820 \/ \u7d42\u308f\u308a\u306a\u304d\u590f Vinilin\u0117 Plok\u0161tel\u0117 | Vinilozona.lt","og_description":"Capitol Records \u2013 ECS-90022 Series: \u30d3\u30fc\u30c1\u30fb\u30dc\u30fc\u30a4\u30ba\u30fb\u30b4\u30fc\u30eb\u30c9\u30fb\u30a2\u30eb\u30d0\u30e0 \u2013 1 Format: Vinyl, LP, Album, Compilation, Stereo Country: Japan Released: May 1975","og_url":"https:\/\/vinilozona.lt\/en\/parduotuve\/made-in-japan\/the-beach-boys-\u30d3\u30fc\u30c1\u30fb\u30dc\u30fc\u30a4\u30ba-endless-summer-\u30d9\u30b9\u30c820-\u7d42\u308f\u308a\u306a\u304d\/","og_site_name":"Vinilo Zona","article_modified_time":"2024-12-08T05:12:28+00:00","og_image":[{"width":598,"height":600,"url":"https:\/\/vinilozona.lt\/wp-content\/uploads\/2024\/12\/R-2401422-1429057111-5203.jpg","type":"image\/jpeg"}],"twitter_card":"summary_large_image","twitter_misc":{"Estimated reading time":"1 minute"},"schema":{"@context":"https:\/\/schema.org","@graph":[{"@type":"WebPage","@id":"https:\/\/vinilozona.lt\/parduotuve\/made-in-japan\/the-beach-boys-%e3%83%93%e3%83%bc%e3%83%81%e3%83%bb%e3%83%9c%e3%83%bc%e3%82%a4%e3%82%ba-endless-summer-%e3%83%99%e3%82%b9%e3%83%8820-%e7%b5%82%e3%82%8f%e3%82%8a%e3%81%aa%e3%81%8d\/","url":"https:\/\/vinilozona.lt\/parduotuve\/made-in-japan\/the-beach-boys-%e3%83%93%e3%83%bc%e3%83%81%e3%83%bb%e3%83%9c%e3%83%bc%e3%82%a4%e3%82%ba-endless-summer-%e3%83%99%e3%82%b9%e3%83%8820-%e7%b5%82%e3%82%8f%e3%82%8a%e3%81%aa%e3%81%8d\/","name":"The Beach Boys = \u30d3\u30fc\u30c1\u30fb\u30dc\u30fc\u30a4\u30ba* \u2013 Endless Summer = \u30d9\u30b9\u30c820 \/ \u7d42\u308f\u308a\u306a\u304d\u590f Vinilin\u0117 Plok\u0161tel\u0117 | Vinilozona.lt","isPartOf":{"@id":"https:\/\/vinilozona.lt\/#website"},"primaryImageOfPage":{"@id":"https:\/\/vinilozona.lt\/parduotuve\/made-in-japan\/the-beach-boys-%e3%83%93%e3%83%bc%e3%83%81%e3%83%bb%e3%83%9c%e3%83%bc%e3%82%a4%e3%82%ba-endless-summer-%e3%83%99%e3%82%b9%e3%83%8820-%e7%b5%82%e3%82%8f%e3%82%8a%e3%81%aa%e3%81%8d\/#primaryimage"},"image":{"@id":"https:\/\/vinilozona.lt\/parduotuve\/made-in-japan\/the-beach-boys-%e3%83%93%e3%83%bc%e3%83%81%e3%83%bb%e3%83%9c%e3%83%bc%e3%82%a4%e3%82%ba-endless-summer-%e3%83%99%e3%82%b9%e3%83%8820-%e7%b5%82%e3%82%8f%e3%82%8a%e3%81%aa%e3%81%8d\/#primaryimage"},"thumbnailUrl":"https:\/\/vinilozona.lt\/wp-content\/uploads\/2024\/12\/R-2401422-1429057111-5203.jpg","datePublished":"2024-12-08T05:06:36+00:00","dateModified":"2024-12-08T05:12:28+00:00","breadcrumb":{"@id":"https:\/\/vinilozona.lt\/parduotuve\/made-in-japan\/the-beach-boys-%e3%83%93%e3%83%bc%e3%83%81%e3%83%bb%e3%83%9c%e3%83%bc%e3%82%a4%e3%82%ba-endless-summer-%e3%83%99%e3%82%b9%e3%83%8820-%e7%b5%82%e3%82%8f%e3%82%8a%e3%81%aa%e3%81%8d\/#breadcrumb"},"inLanguage":"en-GB","potentialAction":[{"@type":"ReadAction","target":["https:\/\/vinilozona.lt\/parduotuve\/made-in-japan\/the-beach-boys-%e3%83%93%e3%83%bc%e3%83%81%e3%83%bb%e3%83%9c%e3%83%bc%e3%82%a4%e3%82%ba-endless-summer-%e3%83%99%e3%82%b9%e3%83%8820-%e7%b5%82%e3%82%8f%e3%82%8a%e3%81%aa%e3%81%8d\/"]}]},{"@type":"ImageObject","inLanguage":"en-GB","@id":"https:\/\/vinilozona.lt\/parduotuve\/made-in-japan\/the-beach-boys-%e3%83%93%e3%83%bc%e3%83%81%e3%83%bb%e3%83%9c%e3%83%bc%e3%82%a4%e3%82%ba-endless-summer-%e3%83%99%e3%82%b9%e3%83%8820-%e7%b5%82%e3%82%8f%e3%82%8a%e3%81%aa%e3%81%8d\/#primaryimage","url":"https:\/\/vinilozona.lt\/wp-content\/uploads\/2024\/12\/R-2401422-1429057111-5203.jpg","contentUrl":"https:\/\/vinilozona.lt\/wp-content\/uploads\/2024\/12\/R-2401422-1429057111-5203.jpg","width":598,"height":600},{"@type":"BreadcrumbList","@id":"https:\/\/vinilozona.lt\/parduotuve\/made-in-japan\/the-beach-boys-%e3%83%93%e3%83%bc%e3%83%81%e3%83%bb%e3%83%9c%e3%83%bc%e3%82%a4%e3%82%ba-endless-summer-%e3%83%99%e3%82%b9%e3%83%8820-%e7%b5%82%e3%82%8f%e3%82%8a%e3%81%aa%e3%81%8d\/#breadcrumb","itemListElement":[{"@type":"ListItem","position":1,"name":"Home","item":"https:\/\/vinilozona.lt\/"},{"@type":"ListItem","position":2,"name":"Parduotuv\u0117","item":"https:\/\/vinilozona.lt\/parduotuve\/"},{"@type":"ListItem","position":3,"name":"The Beach Boys = \u30d3\u30fc\u30c1\u30fb\u30dc\u30fc\u30a4\u30ba* \u2013 Endless Summer = \u30d9\u30b9\u30c820 \/ \u7d42\u308f\u308a\u306a\u304d\u590f"}]},{"@type":"WebSite","@id":"https:\/\/vinilozona.lt\/#website","url":"https:\/\/vinilozona.lt\/","name":"Vinilo Zona","description":"Nup\u016bsk dulkes ir klausyk LP","potentialAction":[{"@type":"SearchAction","target":{"@type":"EntryPoint","urlTemplate":"https:\/\/vinilozona.lt\/?s={search_term_string}"},"query-input":{"@type":"PropertyValueSpecification","valueRequired":true,"valueName":"search_term_string"}}],"inLanguage":"en-GB"}]}},"_links":{"self":[{"href":"https:\/\/vinilozona.lt\/en\/wp-json\/wp\/v2\/product\/26704"}],"collection":[{"href":"https:\/\/vinilozona.lt\/en\/wp-json\/wp\/v2\/product"}],"about":[{"href":"https:\/\/vinilozona.lt\/en\/wp-json\/wp\/v2\/types\/product"}],"wp:featuredmedia":[{"embeddable":true,"href":"https:\/\/vinilozona.lt\/en\/wp-json\/wp\/v2\/media\/26705"}],"wp:attachment":[{"href":"https:\/\/vinilozona.lt\/en\/wp-json\/wp\/v2\/media?parent=26704"}],"wp:term":[{"taxonomy":"product_cat","embeddable":true,"href":"https:\/\/vinilozona.lt\/en\/wp-json\/wp\/v2\/product_cat?post=26704"},{"taxonomy":"product_tag","embeddable":true,"href":"https:\/\/vinilozona.lt\/en\/wp-json\/wp\/v2\/product_tag?post=26704"}],"curies":[{"name":"wp","href":"https:\/\/api.w.org\/{rel}","templated":true}]}}