{"id":26674,"date":"2024-12-01T05:02:26","date_gmt":"2024-12-01T03:02:26","guid":{"rendered":"https:\/\/vinilozona.lt\/?post_type=product&#038;p=26674"},"modified":"2024-12-07T19:55:32","modified_gmt":"2024-12-07T17:55:32","slug":"abba-%e3%82%a2%e3%83%90-voulez-vous-%e3%83%b4%e3%83%bc%e3%83%ac%e3%83%bb%e3%83%b4%e3%83%bc","status":"publish","type":"product","link":"https:\/\/vinilozona.lt\/en\/parduotuve\/made-in-japan\/abba-%e3%82%a2%e3%83%90-voulez-vous-%e3%83%b4%e3%83%bc%e3%83%ac%e3%83%bb%e3%83%b4%e3%83%bc\/","title":{"rendered":"ABBA = \u30a2\u30d0* \u2013 Voulez-Vous = \u30f4\u30fc\u30ec\u30fb\u30f4\u30fc"},"content":{"rendered":"<p>As Good As New\t3:22<br \/>\nVoulez-Vous\t5:11<br \/>\nI Have A Dream\t4:44<br \/>\nAngeleyes\t4:20<br \/>\nThe King Has Lost His Crown\t3:30<br \/>\nDoes Your Mother Know\t3:13<br \/>\nIf It Wasn&#8217;t For The Nights\t5:13<br \/>\nChiquitita\t5:26<br \/>\nLovers (Live A Little Longer)\t3:28<br \/>\nKisses Of Fire\t3:16<\/p>","protected":false},"excerpt":{"rendered":"<p>Discomate \u2013 DSP-5110<br \/>\nFormat:<br \/>\nVinyl, LP, Album, Stereo<br \/>\nCountry:<br \/>\nJapan<br \/>\nReleased:<br \/>\n1979<\/p>","protected":false},"featured_media":26675,"template":"","meta":[],"product_cat":[39],"product_tag":[239],"yoast_head":"<!-- This site is optimized with the Yoast SEO plugin v23.5 - https:\/\/yoast.com\/wordpress\/plugins\/seo\/ -->\n<title>ABBA = \u30a2\u30d0* \u2013 Voulez-Vous = \u30f4\u30fc\u30ec\u30fb\u30f4\u30fc Vinilin\u0117 Plok\u0161tel\u0117 | Vinilozona.lt<\/title>\n<meta name=\"robots\" content=\"index, follow, max-snippet:-1, max-image-preview:large, max-video-preview:-1\" \/>\n<link rel=\"canonical\" href=\"https:\/\/vinilozona.lt\/en\/parduotuve\/made-in-japan\/abba-\u30a2\u30d0-voulez-vous-\u30f4\u30fc\u30ec\u30fb\u30f4\u30fc\/\" \/>\n<meta property=\"og:locale\" content=\"en_GB\" \/>\n<meta property=\"og:type\" content=\"article\" \/>\n<meta property=\"og:title\" content=\"ABBA = \u30a2\u30d0* \u2013 Voulez-Vous = \u30f4\u30fc\u30ec\u30fb\u30f4\u30fc Vinilin\u0117 Plok\u0161tel\u0117 | Vinilozona.lt\" \/>\n<meta property=\"og:description\" content=\"Discomate \u2013 DSP-5110 Format: Vinyl, LP, Album, Stereo Country: Japan Released: 1979\" \/>\n<meta property=\"og:url\" content=\"https:\/\/vinilozona.lt\/en\/parduotuve\/made-in-japan\/abba-\u30a2\u30d0-voulez-vous-\u30f4\u30fc\u30ec\u30fb\u30f4\u30fc\/\" \/>\n<meta property=\"og:site_name\" content=\"Vinilo Zona\" \/>\n<meta property=\"article:modified_time\" content=\"2024-12-07T17:55:32+00:00\" \/>\n<meta property=\"og:image\" content=\"https:\/\/vinilozona.lt\/wp-content\/uploads\/2024\/12\/R-2469084-1285774018.jpg\" \/>\n\t<meta property=\"og:image:width\" content=\"450\" \/>\n\t<meta property=\"og:image:height\" content=\"450\" \/>\n\t<meta property=\"og:image:type\" content=\"image\/jpeg\" \/>\n<meta name=\"twitter:card\" content=\"summary_large_image\" \/>\n<meta name=\"twitter:label1\" content=\"Estimated reading time\" \/>\n\t<meta name=\"twitter:data1\" content=\"1 minute\" \/>\n<script type=\"application\/ld+json\" class=\"yoast-schema-graph\">{\"@context\":\"https:\/\/schema.org\",\"@graph\":[{\"@type\":\"WebPage\",\"@id\":\"https:\/\/vinilozona.lt\/parduotuve\/made-in-japan\/abba-%e3%82%a2%e3%83%90-voulez-vous-%e3%83%b4%e3%83%bc%e3%83%ac%e3%83%bb%e3%83%b4%e3%83%bc\/\",\"url\":\"https:\/\/vinilozona.lt\/parduotuve\/made-in-japan\/abba-%e3%82%a2%e3%83%90-voulez-vous-%e3%83%b4%e3%83%bc%e3%83%ac%e3%83%bb%e3%83%b4%e3%83%bc\/\",\"name\":\"ABBA = \u30a2\u30d0* \u2013 Voulez-Vous = \u30f4\u30fc\u30ec\u30fb\u30f4\u30fc Vinilin\u0117 Plok\u0161tel\u0117 | Vinilozona.lt\",\"isPartOf\":{\"@id\":\"https:\/\/vinilozona.lt\/#website\"},\"primaryImageOfPage\":{\"@id\":\"https:\/\/vinilozona.lt\/parduotuve\/made-in-japan\/abba-%e3%82%a2%e3%83%90-voulez-vous-%e3%83%b4%e3%83%bc%e3%83%ac%e3%83%bb%e3%83%b4%e3%83%bc\/#primaryimage\"},\"image\":{\"@id\":\"https:\/\/vinilozona.lt\/parduotuve\/made-in-japan\/abba-%e3%82%a2%e3%83%90-voulez-vous-%e3%83%b4%e3%83%bc%e3%83%ac%e3%83%bb%e3%83%b4%e3%83%bc\/#primaryimage\"},\"thumbnailUrl\":\"https:\/\/vinilozona.lt\/wp-content\/uploads\/2024\/12\/R-2469084-1285774018.jpg\",\"datePublished\":\"2024-12-01T03:02:26+00:00\",\"dateModified\":\"2024-12-07T17:55:32+00:00\",\"breadcrumb\":{\"@id\":\"https:\/\/vinilozona.lt\/parduotuve\/made-in-japan\/abba-%e3%82%a2%e3%83%90-voulez-vous-%e3%83%b4%e3%83%bc%e3%83%ac%e3%83%bb%e3%83%b4%e3%83%bc\/#breadcrumb\"},\"inLanguage\":\"en-GB\",\"potentialAction\":[{\"@type\":\"ReadAction\",\"target\":[\"https:\/\/vinilozona.lt\/parduotuve\/made-in-japan\/abba-%e3%82%a2%e3%83%90-voulez-vous-%e3%83%b4%e3%83%bc%e3%83%ac%e3%83%bb%e3%83%b4%e3%83%bc\/\"]}]},{\"@type\":\"ImageObject\",\"inLanguage\":\"en-GB\",\"@id\":\"https:\/\/vinilozona.lt\/parduotuve\/made-in-japan\/abba-%e3%82%a2%e3%83%90-voulez-vous-%e3%83%b4%e3%83%bc%e3%83%ac%e3%83%bb%e3%83%b4%e3%83%bc\/#primaryimage\",\"url\":\"https:\/\/vinilozona.lt\/wp-content\/uploads\/2024\/12\/R-2469084-1285774018.jpg\",\"contentUrl\":\"https:\/\/vinilozona.lt\/wp-content\/uploads\/2024\/12\/R-2469084-1285774018.jpg\",\"width\":450,\"height\":450},{\"@type\":\"BreadcrumbList\",\"@id\":\"https:\/\/vinilozona.lt\/parduotuve\/made-in-japan\/abba-%e3%82%a2%e3%83%90-voulez-vous-%e3%83%b4%e3%83%bc%e3%83%ac%e3%83%bb%e3%83%b4%e3%83%bc\/#breadcrumb\",\"itemListElement\":[{\"@type\":\"ListItem\",\"position\":1,\"name\":\"Home\",\"item\":\"https:\/\/vinilozona.lt\/\"},{\"@type\":\"ListItem\",\"position\":2,\"name\":\"Parduotuv\u0117\",\"item\":\"https:\/\/vinilozona.lt\/parduotuve\/\"},{\"@type\":\"ListItem\",\"position\":3,\"name\":\"ABBA = \u30a2\u30d0* \u2013 Voulez-Vous = \u30f4\u30fc\u30ec\u30fb\u30f4\u30fc\"}]},{\"@type\":\"WebSite\",\"@id\":\"https:\/\/vinilozona.lt\/#website\",\"url\":\"https:\/\/vinilozona.lt\/\",\"name\":\"Vinilo Zona\",\"description\":\"Nup\u016bsk dulkes ir klausyk LP\",\"potentialAction\":[{\"@type\":\"SearchAction\",\"target\":{\"@type\":\"EntryPoint\",\"urlTemplate\":\"https:\/\/vinilozona.lt\/?s={search_term_string}\"},\"query-input\":{\"@type\":\"PropertyValueSpecification\",\"valueRequired\":true,\"valueName\":\"search_term_string\"}}],\"inLanguage\":\"en-GB\"}]}<\/script>\n<!-- \/ Yoast SEO plugin. -->","yoast_head_json":{"title":"ABBA = \u30a2\u30d0* \u2013 Voulez-Vous = \u30f4\u30fc\u30ec\u30fb\u30f4\u30fc Vinilin\u0117 Plok\u0161tel\u0117 | Vinilozona.lt","robots":{"index":"index","follow":"follow","max-snippet":"max-snippet:-1","max-image-preview":"max-image-preview:large","max-video-preview":"max-video-preview:-1"},"canonical":"https:\/\/vinilozona.lt\/en\/parduotuve\/made-in-japan\/abba-\u30a2\u30d0-voulez-vous-\u30f4\u30fc\u30ec\u30fb\u30f4\u30fc\/","og_locale":"en_GB","og_type":"article","og_title":"ABBA = \u30a2\u30d0* \u2013 Voulez-Vous = \u30f4\u30fc\u30ec\u30fb\u30f4\u30fc Vinilin\u0117 Plok\u0161tel\u0117 | Vinilozona.lt","og_description":"Discomate \u2013 DSP-5110 Format: Vinyl, LP, Album, Stereo Country: Japan Released: 1979","og_url":"https:\/\/vinilozona.lt\/en\/parduotuve\/made-in-japan\/abba-\u30a2\u30d0-voulez-vous-\u30f4\u30fc\u30ec\u30fb\u30f4\u30fc\/","og_site_name":"Vinilo Zona","article_modified_time":"2024-12-07T17:55:32+00:00","og_image":[{"width":450,"height":450,"url":"https:\/\/vinilozona.lt\/wp-content\/uploads\/2024\/12\/R-2469084-1285774018.jpg","type":"image\/jpeg"}],"twitter_card":"summary_large_image","twitter_misc":{"Estimated reading time":"1 minute"},"schema":{"@context":"https:\/\/schema.org","@graph":[{"@type":"WebPage","@id":"https:\/\/vinilozona.lt\/parduotuve\/made-in-japan\/abba-%e3%82%a2%e3%83%90-voulez-vous-%e3%83%b4%e3%83%bc%e3%83%ac%e3%83%bb%e3%83%b4%e3%83%bc\/","url":"https:\/\/vinilozona.lt\/parduotuve\/made-in-japan\/abba-%e3%82%a2%e3%83%90-voulez-vous-%e3%83%b4%e3%83%bc%e3%83%ac%e3%83%bb%e3%83%b4%e3%83%bc\/","name":"ABBA = \u30a2\u30d0* \u2013 Voulez-Vous = \u30f4\u30fc\u30ec\u30fb\u30f4\u30fc Vinilin\u0117 Plok\u0161tel\u0117 | Vinilozona.lt","isPartOf":{"@id":"https:\/\/vinilozona.lt\/#website"},"primaryImageOfPage":{"@id":"https:\/\/vinilozona.lt\/parduotuve\/made-in-japan\/abba-%e3%82%a2%e3%83%90-voulez-vous-%e3%83%b4%e3%83%bc%e3%83%ac%e3%83%bb%e3%83%b4%e3%83%bc\/#primaryimage"},"image":{"@id":"https:\/\/vinilozona.lt\/parduotuve\/made-in-japan\/abba-%e3%82%a2%e3%83%90-voulez-vous-%e3%83%b4%e3%83%bc%e3%83%ac%e3%83%bb%e3%83%b4%e3%83%bc\/#primaryimage"},"thumbnailUrl":"https:\/\/vinilozona.lt\/wp-content\/uploads\/2024\/12\/R-2469084-1285774018.jpg","datePublished":"2024-12-01T03:02:26+00:00","dateModified":"2024-12-07T17:55:32+00:00","breadcrumb":{"@id":"https:\/\/vinilozona.lt\/parduotuve\/made-in-japan\/abba-%e3%82%a2%e3%83%90-voulez-vous-%e3%83%b4%e3%83%bc%e3%83%ac%e3%83%bb%e3%83%b4%e3%83%bc\/#breadcrumb"},"inLanguage":"en-GB","potentialAction":[{"@type":"ReadAction","target":["https:\/\/vinilozona.lt\/parduotuve\/made-in-japan\/abba-%e3%82%a2%e3%83%90-voulez-vous-%e3%83%b4%e3%83%bc%e3%83%ac%e3%83%bb%e3%83%b4%e3%83%bc\/"]}]},{"@type":"ImageObject","inLanguage":"en-GB","@id":"https:\/\/vinilozona.lt\/parduotuve\/made-in-japan\/abba-%e3%82%a2%e3%83%90-voulez-vous-%e3%83%b4%e3%83%bc%e3%83%ac%e3%83%bb%e3%83%b4%e3%83%bc\/#primaryimage","url":"https:\/\/vinilozona.lt\/wp-content\/uploads\/2024\/12\/R-2469084-1285774018.jpg","contentUrl":"https:\/\/vinilozona.lt\/wp-content\/uploads\/2024\/12\/R-2469084-1285774018.jpg","width":450,"height":450},{"@type":"BreadcrumbList","@id":"https:\/\/vinilozona.lt\/parduotuve\/made-in-japan\/abba-%e3%82%a2%e3%83%90-voulez-vous-%e3%83%b4%e3%83%bc%e3%83%ac%e3%83%bb%e3%83%b4%e3%83%bc\/#breadcrumb","itemListElement":[{"@type":"ListItem","position":1,"name":"Home","item":"https:\/\/vinilozona.lt\/"},{"@type":"ListItem","position":2,"name":"Parduotuv\u0117","item":"https:\/\/vinilozona.lt\/parduotuve\/"},{"@type":"ListItem","position":3,"name":"ABBA = \u30a2\u30d0* \u2013 Voulez-Vous = \u30f4\u30fc\u30ec\u30fb\u30f4\u30fc"}]},{"@type":"WebSite","@id":"https:\/\/vinilozona.lt\/#website","url":"https:\/\/vinilozona.lt\/","name":"Vinilo Zona","description":"Nup\u016bsk dulkes ir klausyk LP","potentialAction":[{"@type":"SearchAction","target":{"@type":"EntryPoint","urlTemplate":"https:\/\/vinilozona.lt\/?s={search_term_string}"},"query-input":{"@type":"PropertyValueSpecification","valueRequired":true,"valueName":"search_term_string"}}],"inLanguage":"en-GB"}]}},"_links":{"self":[{"href":"https:\/\/vinilozona.lt\/en\/wp-json\/wp\/v2\/product\/26674"}],"collection":[{"href":"https:\/\/vinilozona.lt\/en\/wp-json\/wp\/v2\/product"}],"about":[{"href":"https:\/\/vinilozona.lt\/en\/wp-json\/wp\/v2\/types\/product"}],"wp:featuredmedia":[{"embeddable":true,"href":"https:\/\/vinilozona.lt\/en\/wp-json\/wp\/v2\/media\/26675"}],"wp:attachment":[{"href":"https:\/\/vinilozona.lt\/en\/wp-json\/wp\/v2\/media?parent=26674"}],"wp:term":[{"taxonomy":"product_cat","embeddable":true,"href":"https:\/\/vinilozona.lt\/en\/wp-json\/wp\/v2\/product_cat?post=26674"},{"taxonomy":"product_tag","embeddable":true,"href":"https:\/\/vinilozona.lt\/en\/wp-json\/wp\/v2\/product_tag?post=26674"}],"curies":[{"name":"wp","href":"https:\/\/api.w.org\/{rel}","templated":true}]}}