{"id":26670,"date":"2024-12-01T05:00:38","date_gmt":"2024-12-01T03:00:38","guid":{"rendered":"https:\/\/vinilozona.lt\/?post_type=product&#038;p=26670"},"modified":"2024-12-07T19:47:08","modified_gmt":"2024-12-07T17:47:08","slug":"abba-%e3%82%a2%e3%83%90-the-visitors-%e3%82%b6%e3%83%bb%e3%83%93%e3%82%b8%e3%82%bf%e3%83%bc%e3%82%ba","status":"publish","type":"product","link":"https:\/\/vinilozona.lt\/en\/parduotuve\/made-in-japan\/abba-%e3%82%a2%e3%83%90-the-visitors-%e3%82%b6%e3%83%bb%e3%83%93%e3%82%b8%e3%82%bf%e3%83%bc%e3%82%ba\/","title":{"rendered":"ABBA = \u30a2\u30d0 \u2013 The Visitors = \u30b6\u30fb\u30d3\u30b8\u30bf\u30fc\u30ba"},"content":{"rendered":"<p>A1\t\tThe Visitors = \u30b6\u30fb\u30d3\u30b8\u30bf\u30fc\u30ba  5:49<br \/>\nA2\t\tHead Over Heels = \u30d8\u30c3\u30c9\u30fb\u30aa\u30fc\u30f4\u30a1\u30fc\u30fb\u30d2\u30fc\u30eb\u30ba\t3:45<br \/>\nA3\t\tWhen All Is Said And Done = \u30db\u30a8\u30f3\u30fb\u30aa\u30fc\u30eb\u30fb\u30a4\u30ba\u30fb\u30bb\u30a4\u30c9\u30fb\u30a2\u30f3\u30c9\u30fb\u30c0\u30f3\t3:20<br \/>\nA4\t\tSoldiers = \u30bd\u30eb\u30b8\u30e3\u30fc\u30ba  4:38<br \/>\nB1\t\tI Let The Music Speak = \u30a2\u30a4\u30fb\u30ec\u30c3\u30c8\u30fb\u30b6\u30fb\u30df\u30e5\u30fc\u30b8\u30c3\u30af\u30fb\u30b9\u30d4\u30fc\u30af  5:20<br \/>\nB2\t\tOne Of Us = \u30ef\u30f3\u30fb\u30aa\u30f4\u30fb\u30a2\u30b9  3:55<br \/>\nB3\t\tTwo For The Price Of One = \u30c8\u30a5\u30fc\u30fb\u30d5\u30a9\u30fc\u30fb\u30b6\u30fb\u30d7\u30e9\u30a4\u30b9\u30fb\u30aa\u30f4\u30fb\u30ef\u30f3\t3:36<br \/>\nB4\t\tSlipping Through My Fingers = \u30b9\u30ea\u30c3\u30d4\u30f3\u30b0\u30fb\u30b9\u30eb\u30fc\t3:51<br \/>\nB5\t\tLike An Angel Passing Through My Room = \u30e9\u30a4\u30af\u30fb\u30a2\u30f3\u30fb\u30a8\u30f3\u30b8\u30a7\u30eb \uff5e\u5922\u3046\u3064\u308d\uff5e\t3:25<\/p>","protected":false},"excerpt":{"rendered":"<p>Discomate \u2013 DSP-8006<br \/>\nFormat:<br \/>\nVinyl, LP, Album, Stereo<br \/>\nCountry:<br \/>\nJapan<br \/>\nReleased:<br \/>\nDec 1981<\/p>","protected":false},"featured_media":26671,"template":"","meta":[],"product_cat":[39],"product_tag":[239],"yoast_head":"<!-- This site is optimized with the Yoast SEO plugin v23.5 - https:\/\/yoast.com\/wordpress\/plugins\/seo\/ -->\n<title>ABBA = \u30a2\u30d0 \u2013 The Visitors = \u30b6\u30fb\u30d3\u30b8\u30bf\u30fc\u30ba Vinilin\u0117 Plok\u0161tel\u0117 | Vinilozona.lt<\/title>\n<meta name=\"robots\" content=\"index, follow, max-snippet:-1, max-image-preview:large, max-video-preview:-1\" \/>\n<link rel=\"canonical\" href=\"https:\/\/vinilozona.lt\/en\/parduotuve\/made-in-japan\/abba-\u30a2\u30d0-the-visitors-\u30b6\u30fb\u30d3\u30b8\u30bf\u30fc\u30ba\/\" \/>\n<meta property=\"og:locale\" content=\"en_GB\" \/>\n<meta property=\"og:type\" content=\"article\" \/>\n<meta property=\"og:title\" content=\"ABBA = \u30a2\u30d0 \u2013 The Visitors = \u30b6\u30fb\u30d3\u30b8\u30bf\u30fc\u30ba Vinilin\u0117 Plok\u0161tel\u0117 | Vinilozona.lt\" \/>\n<meta property=\"og:description\" content=\"Discomate \u2013 DSP-8006 Format: Vinyl, LP, Album, Stereo Country: Japan Released: Dec 1981\" \/>\n<meta property=\"og:url\" content=\"https:\/\/vinilozona.lt\/en\/parduotuve\/made-in-japan\/abba-\u30a2\u30d0-the-visitors-\u30b6\u30fb\u30d3\u30b8\u30bf\u30fc\u30ba\/\" \/>\n<meta property=\"og:site_name\" content=\"Vinilo Zona\" \/>\n<meta property=\"article:modified_time\" content=\"2024-12-07T17:47:08+00:00\" \/>\n<meta property=\"og:image\" content=\"https:\/\/vinilozona.lt\/wp-content\/uploads\/2024\/12\/R-2469071-1451695093-5008.jpg\" \/>\n\t<meta property=\"og:image:width\" content=\"597\" \/>\n\t<meta property=\"og:image:height\" content=\"600\" \/>\n\t<meta property=\"og:image:type\" content=\"image\/jpeg\" \/>\n<meta name=\"twitter:card\" content=\"summary_large_image\" \/>\n<meta name=\"twitter:label1\" content=\"Estimated reading time\" \/>\n\t<meta name=\"twitter:data1\" content=\"1 minute\" \/>\n<script type=\"application\/ld+json\" class=\"yoast-schema-graph\">{\"@context\":\"https:\/\/schema.org\",\"@graph\":[{\"@type\":\"WebPage\",\"@id\":\"https:\/\/vinilozona.lt\/parduotuve\/made-in-japan\/abba-%e3%82%a2%e3%83%90-the-visitors-%e3%82%b6%e3%83%bb%e3%83%93%e3%82%b8%e3%82%bf%e3%83%bc%e3%82%ba\/\",\"url\":\"https:\/\/vinilozona.lt\/parduotuve\/made-in-japan\/abba-%e3%82%a2%e3%83%90-the-visitors-%e3%82%b6%e3%83%bb%e3%83%93%e3%82%b8%e3%82%bf%e3%83%bc%e3%82%ba\/\",\"name\":\"ABBA = \u30a2\u30d0 \u2013 The Visitors = \u30b6\u30fb\u30d3\u30b8\u30bf\u30fc\u30ba Vinilin\u0117 Plok\u0161tel\u0117 | Vinilozona.lt\",\"isPartOf\":{\"@id\":\"https:\/\/vinilozona.lt\/#website\"},\"primaryImageOfPage\":{\"@id\":\"https:\/\/vinilozona.lt\/parduotuve\/made-in-japan\/abba-%e3%82%a2%e3%83%90-the-visitors-%e3%82%b6%e3%83%bb%e3%83%93%e3%82%b8%e3%82%bf%e3%83%bc%e3%82%ba\/#primaryimage\"},\"image\":{\"@id\":\"https:\/\/vinilozona.lt\/parduotuve\/made-in-japan\/abba-%e3%82%a2%e3%83%90-the-visitors-%e3%82%b6%e3%83%bb%e3%83%93%e3%82%b8%e3%82%bf%e3%83%bc%e3%82%ba\/#primaryimage\"},\"thumbnailUrl\":\"https:\/\/vinilozona.lt\/wp-content\/uploads\/2024\/12\/R-2469071-1451695093-5008.jpg\",\"datePublished\":\"2024-12-01T03:00:38+00:00\",\"dateModified\":\"2024-12-07T17:47:08+00:00\",\"breadcrumb\":{\"@id\":\"https:\/\/vinilozona.lt\/parduotuve\/made-in-japan\/abba-%e3%82%a2%e3%83%90-the-visitors-%e3%82%b6%e3%83%bb%e3%83%93%e3%82%b8%e3%82%bf%e3%83%bc%e3%82%ba\/#breadcrumb\"},\"inLanguage\":\"en-GB\",\"potentialAction\":[{\"@type\":\"ReadAction\",\"target\":[\"https:\/\/vinilozona.lt\/parduotuve\/made-in-japan\/abba-%e3%82%a2%e3%83%90-the-visitors-%e3%82%b6%e3%83%bb%e3%83%93%e3%82%b8%e3%82%bf%e3%83%bc%e3%82%ba\/\"]}]},{\"@type\":\"ImageObject\",\"inLanguage\":\"en-GB\",\"@id\":\"https:\/\/vinilozona.lt\/parduotuve\/made-in-japan\/abba-%e3%82%a2%e3%83%90-the-visitors-%e3%82%b6%e3%83%bb%e3%83%93%e3%82%b8%e3%82%bf%e3%83%bc%e3%82%ba\/#primaryimage\",\"url\":\"https:\/\/vinilozona.lt\/wp-content\/uploads\/2024\/12\/R-2469071-1451695093-5008.jpg\",\"contentUrl\":\"https:\/\/vinilozona.lt\/wp-content\/uploads\/2024\/12\/R-2469071-1451695093-5008.jpg\",\"width\":597,\"height\":600},{\"@type\":\"BreadcrumbList\",\"@id\":\"https:\/\/vinilozona.lt\/parduotuve\/made-in-japan\/abba-%e3%82%a2%e3%83%90-the-visitors-%e3%82%b6%e3%83%bb%e3%83%93%e3%82%b8%e3%82%bf%e3%83%bc%e3%82%ba\/#breadcrumb\",\"itemListElement\":[{\"@type\":\"ListItem\",\"position\":1,\"name\":\"Home\",\"item\":\"https:\/\/vinilozona.lt\/\"},{\"@type\":\"ListItem\",\"position\":2,\"name\":\"Parduotuv\u0117\",\"item\":\"https:\/\/vinilozona.lt\/parduotuve\/\"},{\"@type\":\"ListItem\",\"position\":3,\"name\":\"ABBA = \u30a2\u30d0 \u2013 The Visitors = \u30b6\u30fb\u30d3\u30b8\u30bf\u30fc\u30ba\"}]},{\"@type\":\"WebSite\",\"@id\":\"https:\/\/vinilozona.lt\/#website\",\"url\":\"https:\/\/vinilozona.lt\/\",\"name\":\"Vinilo Zona\",\"description\":\"Nup\u016bsk dulkes ir klausyk LP\",\"potentialAction\":[{\"@type\":\"SearchAction\",\"target\":{\"@type\":\"EntryPoint\",\"urlTemplate\":\"https:\/\/vinilozona.lt\/?s={search_term_string}\"},\"query-input\":{\"@type\":\"PropertyValueSpecification\",\"valueRequired\":true,\"valueName\":\"search_term_string\"}}],\"inLanguage\":\"en-GB\"}]}<\/script>\n<!-- \/ Yoast SEO plugin. -->","yoast_head_json":{"title":"ABBA = \u30a2\u30d0 \u2013 The Visitors = \u30b6\u30fb\u30d3\u30b8\u30bf\u30fc\u30ba Vinilin\u0117 Plok\u0161tel\u0117 | Vinilozona.lt","robots":{"index":"index","follow":"follow","max-snippet":"max-snippet:-1","max-image-preview":"max-image-preview:large","max-video-preview":"max-video-preview:-1"},"canonical":"https:\/\/vinilozona.lt\/en\/parduotuve\/made-in-japan\/abba-\u30a2\u30d0-the-visitors-\u30b6\u30fb\u30d3\u30b8\u30bf\u30fc\u30ba\/","og_locale":"en_GB","og_type":"article","og_title":"ABBA = \u30a2\u30d0 \u2013 The Visitors = \u30b6\u30fb\u30d3\u30b8\u30bf\u30fc\u30ba Vinilin\u0117 Plok\u0161tel\u0117 | Vinilozona.lt","og_description":"Discomate \u2013 DSP-8006 Format: Vinyl, LP, Album, Stereo Country: Japan Released: Dec 1981","og_url":"https:\/\/vinilozona.lt\/en\/parduotuve\/made-in-japan\/abba-\u30a2\u30d0-the-visitors-\u30b6\u30fb\u30d3\u30b8\u30bf\u30fc\u30ba\/","og_site_name":"Vinilo Zona","article_modified_time":"2024-12-07T17:47:08+00:00","og_image":[{"width":597,"height":600,"url":"https:\/\/vinilozona.lt\/wp-content\/uploads\/2024\/12\/R-2469071-1451695093-5008.jpg","type":"image\/jpeg"}],"twitter_card":"summary_large_image","twitter_misc":{"Estimated reading time":"1 minute"},"schema":{"@context":"https:\/\/schema.org","@graph":[{"@type":"WebPage","@id":"https:\/\/vinilozona.lt\/parduotuve\/made-in-japan\/abba-%e3%82%a2%e3%83%90-the-visitors-%e3%82%b6%e3%83%bb%e3%83%93%e3%82%b8%e3%82%bf%e3%83%bc%e3%82%ba\/","url":"https:\/\/vinilozona.lt\/parduotuve\/made-in-japan\/abba-%e3%82%a2%e3%83%90-the-visitors-%e3%82%b6%e3%83%bb%e3%83%93%e3%82%b8%e3%82%bf%e3%83%bc%e3%82%ba\/","name":"ABBA = \u30a2\u30d0 \u2013 The Visitors = \u30b6\u30fb\u30d3\u30b8\u30bf\u30fc\u30ba Vinilin\u0117 Plok\u0161tel\u0117 | Vinilozona.lt","isPartOf":{"@id":"https:\/\/vinilozona.lt\/#website"},"primaryImageOfPage":{"@id":"https:\/\/vinilozona.lt\/parduotuve\/made-in-japan\/abba-%e3%82%a2%e3%83%90-the-visitors-%e3%82%b6%e3%83%bb%e3%83%93%e3%82%b8%e3%82%bf%e3%83%bc%e3%82%ba\/#primaryimage"},"image":{"@id":"https:\/\/vinilozona.lt\/parduotuve\/made-in-japan\/abba-%e3%82%a2%e3%83%90-the-visitors-%e3%82%b6%e3%83%bb%e3%83%93%e3%82%b8%e3%82%bf%e3%83%bc%e3%82%ba\/#primaryimage"},"thumbnailUrl":"https:\/\/vinilozona.lt\/wp-content\/uploads\/2024\/12\/R-2469071-1451695093-5008.jpg","datePublished":"2024-12-01T03:00:38+00:00","dateModified":"2024-12-07T17:47:08+00:00","breadcrumb":{"@id":"https:\/\/vinilozona.lt\/parduotuve\/made-in-japan\/abba-%e3%82%a2%e3%83%90-the-visitors-%e3%82%b6%e3%83%bb%e3%83%93%e3%82%b8%e3%82%bf%e3%83%bc%e3%82%ba\/#breadcrumb"},"inLanguage":"en-GB","potentialAction":[{"@type":"ReadAction","target":["https:\/\/vinilozona.lt\/parduotuve\/made-in-japan\/abba-%e3%82%a2%e3%83%90-the-visitors-%e3%82%b6%e3%83%bb%e3%83%93%e3%82%b8%e3%82%bf%e3%83%bc%e3%82%ba\/"]}]},{"@type":"ImageObject","inLanguage":"en-GB","@id":"https:\/\/vinilozona.lt\/parduotuve\/made-in-japan\/abba-%e3%82%a2%e3%83%90-the-visitors-%e3%82%b6%e3%83%bb%e3%83%93%e3%82%b8%e3%82%bf%e3%83%bc%e3%82%ba\/#primaryimage","url":"https:\/\/vinilozona.lt\/wp-content\/uploads\/2024\/12\/R-2469071-1451695093-5008.jpg","contentUrl":"https:\/\/vinilozona.lt\/wp-content\/uploads\/2024\/12\/R-2469071-1451695093-5008.jpg","width":597,"height":600},{"@type":"BreadcrumbList","@id":"https:\/\/vinilozona.lt\/parduotuve\/made-in-japan\/abba-%e3%82%a2%e3%83%90-the-visitors-%e3%82%b6%e3%83%bb%e3%83%93%e3%82%b8%e3%82%bf%e3%83%bc%e3%82%ba\/#breadcrumb","itemListElement":[{"@type":"ListItem","position":1,"name":"Home","item":"https:\/\/vinilozona.lt\/"},{"@type":"ListItem","position":2,"name":"Parduotuv\u0117","item":"https:\/\/vinilozona.lt\/parduotuve\/"},{"@type":"ListItem","position":3,"name":"ABBA = \u30a2\u30d0 \u2013 The Visitors = \u30b6\u30fb\u30d3\u30b8\u30bf\u30fc\u30ba"}]},{"@type":"WebSite","@id":"https:\/\/vinilozona.lt\/#website","url":"https:\/\/vinilozona.lt\/","name":"Vinilo Zona","description":"Nup\u016bsk dulkes ir klausyk LP","potentialAction":[{"@type":"SearchAction","target":{"@type":"EntryPoint","urlTemplate":"https:\/\/vinilozona.lt\/?s={search_term_string}"},"query-input":{"@type":"PropertyValueSpecification","valueRequired":true,"valueName":"search_term_string"}}],"inLanguage":"en-GB"}]}},"_links":{"self":[{"href":"https:\/\/vinilozona.lt\/en\/wp-json\/wp\/v2\/product\/26670"}],"collection":[{"href":"https:\/\/vinilozona.lt\/en\/wp-json\/wp\/v2\/product"}],"about":[{"href":"https:\/\/vinilozona.lt\/en\/wp-json\/wp\/v2\/types\/product"}],"wp:featuredmedia":[{"embeddable":true,"href":"https:\/\/vinilozona.lt\/en\/wp-json\/wp\/v2\/media\/26671"}],"wp:attachment":[{"href":"https:\/\/vinilozona.lt\/en\/wp-json\/wp\/v2\/media?parent=26670"}],"wp:term":[{"taxonomy":"product_cat","embeddable":true,"href":"https:\/\/vinilozona.lt\/en\/wp-json\/wp\/v2\/product_cat?post=26670"},{"taxonomy":"product_tag","embeddable":true,"href":"https:\/\/vinilozona.lt\/en\/wp-json\/wp\/v2\/product_tag?post=26670"}],"curies":[{"name":"wp","href":"https:\/\/api.w.org\/{rel}","templated":true}]}}