{"id":26667,"date":"2024-12-08T05:00:59","date_gmt":"2024-12-08T03:00:59","guid":{"rendered":"https:\/\/vinilozona.lt\/?post_type=product&#038;p=26667"},"modified":"2025-01-29T11:00:00","modified_gmt":"2025-01-29T09:00:00","slug":"abba-%e3%82%a2%e3%83%90-arrival-%e3%82%a2%e3%83%a9%e3%82%a4%e3%83%90%e3%83%ab","status":"publish","type":"product","link":"https:\/\/vinilozona.lt\/en\/parduotuve\/made-in-japan\/abba-%e3%82%a2%e3%83%90-arrival-%e3%82%a2%e3%83%a9%e3%82%a4%e3%83%90%e3%83%ab\/","title":{"rendered":"ABBA = \u30a2\u30d0* \u2013 Arrival = \u30a2\u30e9\u30a4\u30d0\u30eb"},"content":{"rendered":"<p>A1\t\tWhen I Kissed The Teacher = \u30a6\u30a7\u30f3\u30fb\u30a2\u30a4\u30fb\u30ad\u30c3\u30b9\u30c8\u30fb\u30b6\u30fb\u30c6\u30a3\u30fc\u30c1\u30e3\u30fc\t3:00<br \/>\nA2\t\tDancing Queen = \u30c0\u30f3\u30b7\u30f3\u30b0\u30fb\u30af\u30a3\u30fc\u30f3\t3:50<br \/>\nA3\t\tMy Love, My Life = \u30de\u30a4\u30fb\u30e9\u30d6\u3001\u30de\u30a4\u30fb\u30e9\u30a4\u30d5\t3:52<br \/>\nA4\t\tDum Dum Diddle = \u30c0\u30e0\u30fb\u30c0\u30e0\u30fb\u30c7\u30a3\u30c9\u30a5\u30eb\t2:53<br \/>\nA5\t\tKnowing Me, Knowing You = \u30ce\u30a6\u30a4\u30f3\u30b0\u30fb\u30df\u30fc\u3001\u30ce\u30a6\u30a4\u30f3\u30b0\u30fb\u30e6\u30fc\t4:02<br \/>\nB1\t\tMoney, Money, Money = \u30de\u30cd\u30fc\u3001\u30de\u30cd\u30fc\u3001\u30de\u30cd\u30fc\t3:05<br \/>\nB2\t\tThat&#8217;s Me = \u30b6\u30c3\u30c4\u30fb\u30df\u30fc\t3:15<br \/>\nB3\t\tWhy Did It Have To Be Me = \u30db\u30ef\u30a4\u30fb\u30c7\u30a3\u30c9\u30a5\u30fb\u30a4\u30c3\u30c8\u30fb\u30cf\u30d6\u30fb\u30c8\u30a5\u30fb\u30d3\u30fc\u30fb\u30df\u30fc\t3:20<br \/>\nB4\t\tTiger = \u30bf\u30a4\u30ac\u30fc\t2:55<br \/>\nB5\t\tArrival = \u30a2\u30e9\u30a4\u30d0\u30eb\t3:00<\/p>","protected":false},"excerpt":{"rendered":"<p>Discomate \u2013 DSP-5102<br \/>\nFormat:<br \/>\nVinyl, LP, Album, Reissue<br \/>\nCountry:<br \/>\nJapan<br \/>\nReleased:<br \/>\n1978<\/p>","protected":false},"featured_media":26668,"template":"","meta":[],"product_cat":[39],"product_tag":[239],"yoast_head":"<!-- This site is optimized with the Yoast SEO plugin v23.5 - https:\/\/yoast.com\/wordpress\/plugins\/seo\/ -->\n<title>ABBA = \u30a2\u30d0* \u2013 Arrival = \u30a2\u30e9\u30a4\u30d0\u30eb Vinilin\u0117 Plok\u0161tel\u0117 | Vinilozona.lt<\/title>\n<meta name=\"robots\" content=\"index, follow, max-snippet:-1, max-image-preview:large, max-video-preview:-1\" \/>\n<link rel=\"canonical\" href=\"https:\/\/vinilozona.lt\/en\/parduotuve\/made-in-japan\/abba-\u30a2\u30d0-arrival-\u30a2\u30e9\u30a4\u30d0\u30eb\/\" \/>\n<meta property=\"og:locale\" content=\"en_GB\" \/>\n<meta property=\"og:type\" content=\"article\" \/>\n<meta property=\"og:title\" content=\"ABBA = \u30a2\u30d0* \u2013 Arrival = \u30a2\u30e9\u30a4\u30d0\u30eb Vinilin\u0117 Plok\u0161tel\u0117 | Vinilozona.lt\" \/>\n<meta property=\"og:description\" content=\"Discomate \u2013 DSP-5102 Format: Vinyl, LP, Album, Reissue Country: Japan Released: 1978\" \/>\n<meta property=\"og:url\" content=\"https:\/\/vinilozona.lt\/en\/parduotuve\/made-in-japan\/abba-\u30a2\u30d0-arrival-\u30a2\u30e9\u30a4\u30d0\u30eb\/\" \/>\n<meta property=\"og:site_name\" content=\"Vinilo Zona\" \/>\n<meta property=\"article:modified_time\" content=\"2025-01-29T09:00:00+00:00\" \/>\n<meta property=\"og:image\" content=\"https:\/\/vinilozona.lt\/wp-content\/uploads\/2024\/12\/R-5351728-1523801970-6139.jpg\" \/>\n\t<meta property=\"og:image:width\" content=\"450\" \/>\n\t<meta property=\"og:image:height\" content=\"449\" \/>\n\t<meta property=\"og:image:type\" content=\"image\/jpeg\" \/>\n<meta name=\"twitter:card\" content=\"summary_large_image\" \/>\n<meta name=\"twitter:label1\" content=\"Estimated reading time\" \/>\n\t<meta name=\"twitter:data1\" content=\"1 minute\" \/>\n<script type=\"application\/ld+json\" class=\"yoast-schema-graph\">{\"@context\":\"https:\/\/schema.org\",\"@graph\":[{\"@type\":\"WebPage\",\"@id\":\"https:\/\/vinilozona.lt\/parduotuve\/made-in-japan\/abba-%e3%82%a2%e3%83%90-arrival-%e3%82%a2%e3%83%a9%e3%82%a4%e3%83%90%e3%83%ab\/\",\"url\":\"https:\/\/vinilozona.lt\/parduotuve\/made-in-japan\/abba-%e3%82%a2%e3%83%90-arrival-%e3%82%a2%e3%83%a9%e3%82%a4%e3%83%90%e3%83%ab\/\",\"name\":\"ABBA = \u30a2\u30d0* \u2013 Arrival = \u30a2\u30e9\u30a4\u30d0\u30eb Vinilin\u0117 Plok\u0161tel\u0117 | Vinilozona.lt\",\"isPartOf\":{\"@id\":\"https:\/\/vinilozona.lt\/#website\"},\"primaryImageOfPage\":{\"@id\":\"https:\/\/vinilozona.lt\/parduotuve\/made-in-japan\/abba-%e3%82%a2%e3%83%90-arrival-%e3%82%a2%e3%83%a9%e3%82%a4%e3%83%90%e3%83%ab\/#primaryimage\"},\"image\":{\"@id\":\"https:\/\/vinilozona.lt\/parduotuve\/made-in-japan\/abba-%e3%82%a2%e3%83%90-arrival-%e3%82%a2%e3%83%a9%e3%82%a4%e3%83%90%e3%83%ab\/#primaryimage\"},\"thumbnailUrl\":\"https:\/\/vinilozona.lt\/wp-content\/uploads\/2024\/12\/R-5351728-1523801970-6139.jpg\",\"datePublished\":\"2024-12-08T03:00:59+00:00\",\"dateModified\":\"2025-01-29T09:00:00+00:00\",\"breadcrumb\":{\"@id\":\"https:\/\/vinilozona.lt\/parduotuve\/made-in-japan\/abba-%e3%82%a2%e3%83%90-arrival-%e3%82%a2%e3%83%a9%e3%82%a4%e3%83%90%e3%83%ab\/#breadcrumb\"},\"inLanguage\":\"en-GB\",\"potentialAction\":[{\"@type\":\"ReadAction\",\"target\":[\"https:\/\/vinilozona.lt\/parduotuve\/made-in-japan\/abba-%e3%82%a2%e3%83%90-arrival-%e3%82%a2%e3%83%a9%e3%82%a4%e3%83%90%e3%83%ab\/\"]}]},{\"@type\":\"ImageObject\",\"inLanguage\":\"en-GB\",\"@id\":\"https:\/\/vinilozona.lt\/parduotuve\/made-in-japan\/abba-%e3%82%a2%e3%83%90-arrival-%e3%82%a2%e3%83%a9%e3%82%a4%e3%83%90%e3%83%ab\/#primaryimage\",\"url\":\"https:\/\/vinilozona.lt\/wp-content\/uploads\/2024\/12\/R-5351728-1523801970-6139.jpg\",\"contentUrl\":\"https:\/\/vinilozona.lt\/wp-content\/uploads\/2024\/12\/R-5351728-1523801970-6139.jpg\",\"width\":450,\"height\":449},{\"@type\":\"BreadcrumbList\",\"@id\":\"https:\/\/vinilozona.lt\/parduotuve\/made-in-japan\/abba-%e3%82%a2%e3%83%90-arrival-%e3%82%a2%e3%83%a9%e3%82%a4%e3%83%90%e3%83%ab\/#breadcrumb\",\"itemListElement\":[{\"@type\":\"ListItem\",\"position\":1,\"name\":\"Home\",\"item\":\"https:\/\/vinilozona.lt\/\"},{\"@type\":\"ListItem\",\"position\":2,\"name\":\"Parduotuv\u0117\",\"item\":\"https:\/\/vinilozona.lt\/parduotuve\/\"},{\"@type\":\"ListItem\",\"position\":3,\"name\":\"ABBA = \u30a2\u30d0* \u2013 Arrival = \u30a2\u30e9\u30a4\u30d0\u30eb\"}]},{\"@type\":\"WebSite\",\"@id\":\"https:\/\/vinilozona.lt\/#website\",\"url\":\"https:\/\/vinilozona.lt\/\",\"name\":\"Vinilo Zona\",\"description\":\"Nup\u016bsk dulkes ir klausyk LP\",\"potentialAction\":[{\"@type\":\"SearchAction\",\"target\":{\"@type\":\"EntryPoint\",\"urlTemplate\":\"https:\/\/vinilozona.lt\/?s={search_term_string}\"},\"query-input\":{\"@type\":\"PropertyValueSpecification\",\"valueRequired\":true,\"valueName\":\"search_term_string\"}}],\"inLanguage\":\"en-GB\"}]}<\/script>\n<!-- \/ Yoast SEO plugin. -->","yoast_head_json":{"title":"ABBA = \u30a2\u30d0* \u2013 Arrival = \u30a2\u30e9\u30a4\u30d0\u30eb Vinilin\u0117 Plok\u0161tel\u0117 | Vinilozona.lt","robots":{"index":"index","follow":"follow","max-snippet":"max-snippet:-1","max-image-preview":"max-image-preview:large","max-video-preview":"max-video-preview:-1"},"canonical":"https:\/\/vinilozona.lt\/en\/parduotuve\/made-in-japan\/abba-\u30a2\u30d0-arrival-\u30a2\u30e9\u30a4\u30d0\u30eb\/","og_locale":"en_GB","og_type":"article","og_title":"ABBA = \u30a2\u30d0* \u2013 Arrival = \u30a2\u30e9\u30a4\u30d0\u30eb Vinilin\u0117 Plok\u0161tel\u0117 | Vinilozona.lt","og_description":"Discomate \u2013 DSP-5102 Format: Vinyl, LP, Album, Reissue Country: Japan Released: 1978","og_url":"https:\/\/vinilozona.lt\/en\/parduotuve\/made-in-japan\/abba-\u30a2\u30d0-arrival-\u30a2\u30e9\u30a4\u30d0\u30eb\/","og_site_name":"Vinilo Zona","article_modified_time":"2025-01-29T09:00:00+00:00","og_image":[{"width":450,"height":449,"url":"https:\/\/vinilozona.lt\/wp-content\/uploads\/2024\/12\/R-5351728-1523801970-6139.jpg","type":"image\/jpeg"}],"twitter_card":"summary_large_image","twitter_misc":{"Estimated reading time":"1 minute"},"schema":{"@context":"https:\/\/schema.org","@graph":[{"@type":"WebPage","@id":"https:\/\/vinilozona.lt\/parduotuve\/made-in-japan\/abba-%e3%82%a2%e3%83%90-arrival-%e3%82%a2%e3%83%a9%e3%82%a4%e3%83%90%e3%83%ab\/","url":"https:\/\/vinilozona.lt\/parduotuve\/made-in-japan\/abba-%e3%82%a2%e3%83%90-arrival-%e3%82%a2%e3%83%a9%e3%82%a4%e3%83%90%e3%83%ab\/","name":"ABBA = \u30a2\u30d0* \u2013 Arrival = \u30a2\u30e9\u30a4\u30d0\u30eb Vinilin\u0117 Plok\u0161tel\u0117 | Vinilozona.lt","isPartOf":{"@id":"https:\/\/vinilozona.lt\/#website"},"primaryImageOfPage":{"@id":"https:\/\/vinilozona.lt\/parduotuve\/made-in-japan\/abba-%e3%82%a2%e3%83%90-arrival-%e3%82%a2%e3%83%a9%e3%82%a4%e3%83%90%e3%83%ab\/#primaryimage"},"image":{"@id":"https:\/\/vinilozona.lt\/parduotuve\/made-in-japan\/abba-%e3%82%a2%e3%83%90-arrival-%e3%82%a2%e3%83%a9%e3%82%a4%e3%83%90%e3%83%ab\/#primaryimage"},"thumbnailUrl":"https:\/\/vinilozona.lt\/wp-content\/uploads\/2024\/12\/R-5351728-1523801970-6139.jpg","datePublished":"2024-12-08T03:00:59+00:00","dateModified":"2025-01-29T09:00:00+00:00","breadcrumb":{"@id":"https:\/\/vinilozona.lt\/parduotuve\/made-in-japan\/abba-%e3%82%a2%e3%83%90-arrival-%e3%82%a2%e3%83%a9%e3%82%a4%e3%83%90%e3%83%ab\/#breadcrumb"},"inLanguage":"en-GB","potentialAction":[{"@type":"ReadAction","target":["https:\/\/vinilozona.lt\/parduotuve\/made-in-japan\/abba-%e3%82%a2%e3%83%90-arrival-%e3%82%a2%e3%83%a9%e3%82%a4%e3%83%90%e3%83%ab\/"]}]},{"@type":"ImageObject","inLanguage":"en-GB","@id":"https:\/\/vinilozona.lt\/parduotuve\/made-in-japan\/abba-%e3%82%a2%e3%83%90-arrival-%e3%82%a2%e3%83%a9%e3%82%a4%e3%83%90%e3%83%ab\/#primaryimage","url":"https:\/\/vinilozona.lt\/wp-content\/uploads\/2024\/12\/R-5351728-1523801970-6139.jpg","contentUrl":"https:\/\/vinilozona.lt\/wp-content\/uploads\/2024\/12\/R-5351728-1523801970-6139.jpg","width":450,"height":449},{"@type":"BreadcrumbList","@id":"https:\/\/vinilozona.lt\/parduotuve\/made-in-japan\/abba-%e3%82%a2%e3%83%90-arrival-%e3%82%a2%e3%83%a9%e3%82%a4%e3%83%90%e3%83%ab\/#breadcrumb","itemListElement":[{"@type":"ListItem","position":1,"name":"Home","item":"https:\/\/vinilozona.lt\/"},{"@type":"ListItem","position":2,"name":"Parduotuv\u0117","item":"https:\/\/vinilozona.lt\/parduotuve\/"},{"@type":"ListItem","position":3,"name":"ABBA = \u30a2\u30d0* \u2013 Arrival = \u30a2\u30e9\u30a4\u30d0\u30eb"}]},{"@type":"WebSite","@id":"https:\/\/vinilozona.lt\/#website","url":"https:\/\/vinilozona.lt\/","name":"Vinilo Zona","description":"Nup\u016bsk dulkes ir klausyk LP","potentialAction":[{"@type":"SearchAction","target":{"@type":"EntryPoint","urlTemplate":"https:\/\/vinilozona.lt\/?s={search_term_string}"},"query-input":{"@type":"PropertyValueSpecification","valueRequired":true,"valueName":"search_term_string"}}],"inLanguage":"en-GB"}]}},"_links":{"self":[{"href":"https:\/\/vinilozona.lt\/en\/wp-json\/wp\/v2\/product\/26667"}],"collection":[{"href":"https:\/\/vinilozona.lt\/en\/wp-json\/wp\/v2\/product"}],"about":[{"href":"https:\/\/vinilozona.lt\/en\/wp-json\/wp\/v2\/types\/product"}],"wp:featuredmedia":[{"embeddable":true,"href":"https:\/\/vinilozona.lt\/en\/wp-json\/wp\/v2\/media\/26668"}],"wp:attachment":[{"href":"https:\/\/vinilozona.lt\/en\/wp-json\/wp\/v2\/media?parent=26667"}],"wp:term":[{"taxonomy":"product_cat","embeddable":true,"href":"https:\/\/vinilozona.lt\/en\/wp-json\/wp\/v2\/product_cat?post=26667"},{"taxonomy":"product_tag","embeddable":true,"href":"https:\/\/vinilozona.lt\/en\/wp-json\/wp\/v2\/product_tag?post=26667"}],"curies":[{"name":"wp","href":"https:\/\/api.w.org\/{rel}","templated":true}]}}