{"id":26633,"date":"2024-12-04T04:01:52","date_gmt":"2024-12-04T02:01:52","guid":{"rendered":"https:\/\/vinilozona.lt\/?post_type=product&#038;p=26633"},"modified":"2025-02-07T12:46:43","modified_gmt":"2025-02-07T10:46:43","slug":"queen-queen-on-fire-live-at-the-bowl-2cd","status":"publish","type":"product","link":"https:\/\/vinilozona.lt\/en\/parduotuve\/cd\/naudoti-cd\/queen-queen-on-fire-live-at-the-bowl-2cd\/","title":{"rendered":"Queen \u2013 Queen On Fire (Live At The Bowl)  2CD"},"content":{"rendered":"<p>Flash\t2:09<br \/>\nThe Hero\t1:29<br \/>\nWe Will Rock You (Fast)\t3:17<br \/>\nAction This Day\t4:52<br \/>\nPlay The Game\t4:30<br \/>\nStaying Power\t4:03<br \/>\nSomebody To Love\t7:53<br \/>\nNow I&#8217;m Here\t7:17<br \/>\nDragon Attack\t3:16<br \/>\nNow I&#8217;m Here (Reprise)\t1:00<br \/>\nLove Of My Life\t5:42<br \/>\nSave Me\t4:00<br \/>\nBack Chat\t5:00<br \/>\nGet Down Make Love\t3:39<br \/>\nGuitar Solo\t5:54<br \/>\nUnder Pressure\t4:15<br \/>\nFat Bottomed Girls\t5:25<br \/>\nCrazy Little Thing Called Love\t4:14<br \/>\nBohemian Rhapsody\t5:38<br \/>\nTie Your Mother Down\t4:09<br \/>\nAnother One Bites The Dust\t3:49<br \/>\nSheer Heart Attack\t3:25<br \/>\nWe Will Rock You\t2:08<br \/>\nWe Are The Champions\t3:28<br \/>\nGod Save The Queen\t1:24<\/p>","protected":false},"excerpt":{"rendered":"<p>Parlophone \u2013 7243 8 63214 2 8, Parlophone \u2013 8 63214 2, Parlophone \u2013 07243 8 63214 2 8<br \/>\nFormat:<br \/>\n2 x CD, Album, Copy Protected<br \/>\nCountry:<br \/>\nUK &#038; Europe<br \/>\nReleased:<br \/>\nOct 25, 2004<\/p>","protected":false},"featured_media":26634,"template":"","meta":[],"product_cat":[24,946],"product_tag":[44],"yoast_head":"<!-- This site is optimized with the Yoast SEO plugin v23.5 - https:\/\/yoast.com\/wordpress\/plugins\/seo\/ -->\n<title>Queen \u2013 Queen On Fire (Live At The Bowl) 2CD Vinilin\u0117 Plok\u0161tel\u0117 | Vinilozona.lt<\/title>\n<meta name=\"robots\" content=\"index, follow, max-snippet:-1, max-image-preview:large, max-video-preview:-1\" \/>\n<link rel=\"canonical\" href=\"https:\/\/vinilozona.lt\/en\/parduotuve\/cd\/naudoti-cd\/queen-queen-on-fire-live-at-the-bowl-2cd\/\" \/>\n<meta property=\"og:locale\" content=\"en_GB\" \/>\n<meta property=\"og:type\" content=\"article\" \/>\n<meta property=\"og:title\" content=\"Queen \u2013 Queen On Fire (Live At The Bowl) 2CD Vinilin\u0117 Plok\u0161tel\u0117 | Vinilozona.lt\" \/>\n<meta property=\"og:description\" content=\"Parlophone \u2013 7243 8 63214 2 8, Parlophone \u2013 8 63214 2, Parlophone \u2013 07243 8 63214 2 8 Format: 2 x CD, Album, Copy Protected Country: UK &amp; Europe Released: Oct 25, 2004\" \/>\n<meta property=\"og:url\" content=\"https:\/\/vinilozona.lt\/en\/parduotuve\/cd\/naudoti-cd\/queen-queen-on-fire-live-at-the-bowl-2cd\/\" \/>\n<meta property=\"og:site_name\" content=\"Vinilo Zona\" \/>\n<meta property=\"article:modified_time\" content=\"2025-02-07T10:46:43+00:00\" \/>\n<meta property=\"og:image\" content=\"https:\/\/vinilozona.lt\/wp-content\/uploads\/2024\/12\/R-1962323-1687973822-7226.jpg\" \/>\n\t<meta property=\"og:image:width\" content=\"597\" \/>\n\t<meta property=\"og:image:height\" content=\"600\" \/>\n\t<meta property=\"og:image:type\" content=\"image\/jpeg\" \/>\n<meta name=\"twitter:card\" content=\"summary_large_image\" \/>\n<meta name=\"twitter:label1\" content=\"Estimated reading time\" \/>\n\t<meta name=\"twitter:data1\" content=\"1 minute\" \/>\n<script type=\"application\/ld+json\" class=\"yoast-schema-graph\">{\"@context\":\"https:\/\/schema.org\",\"@graph\":[{\"@type\":\"WebPage\",\"@id\":\"https:\/\/vinilozona.lt\/parduotuve\/cd\/naudoti-cd\/queen-queen-on-fire-live-at-the-bowl-2cd\/\",\"url\":\"https:\/\/vinilozona.lt\/parduotuve\/cd\/naudoti-cd\/queen-queen-on-fire-live-at-the-bowl-2cd\/\",\"name\":\"Queen \u2013 Queen On Fire (Live At The Bowl) 2CD Vinilin\u0117 Plok\u0161tel\u0117 | Vinilozona.lt\",\"isPartOf\":{\"@id\":\"https:\/\/vinilozona.lt\/#website\"},\"primaryImageOfPage\":{\"@id\":\"https:\/\/vinilozona.lt\/parduotuve\/cd\/naudoti-cd\/queen-queen-on-fire-live-at-the-bowl-2cd\/#primaryimage\"},\"image\":{\"@id\":\"https:\/\/vinilozona.lt\/parduotuve\/cd\/naudoti-cd\/queen-queen-on-fire-live-at-the-bowl-2cd\/#primaryimage\"},\"thumbnailUrl\":\"https:\/\/vinilozona.lt\/wp-content\/uploads\/2024\/12\/R-1962323-1687973822-7226.jpg\",\"datePublished\":\"2024-12-04T02:01:52+00:00\",\"dateModified\":\"2025-02-07T10:46:43+00:00\",\"breadcrumb\":{\"@id\":\"https:\/\/vinilozona.lt\/parduotuve\/cd\/naudoti-cd\/queen-queen-on-fire-live-at-the-bowl-2cd\/#breadcrumb\"},\"inLanguage\":\"en-GB\",\"potentialAction\":[{\"@type\":\"ReadAction\",\"target\":[\"https:\/\/vinilozona.lt\/parduotuve\/cd\/naudoti-cd\/queen-queen-on-fire-live-at-the-bowl-2cd\/\"]}]},{\"@type\":\"ImageObject\",\"inLanguage\":\"en-GB\",\"@id\":\"https:\/\/vinilozona.lt\/parduotuve\/cd\/naudoti-cd\/queen-queen-on-fire-live-at-the-bowl-2cd\/#primaryimage\",\"url\":\"https:\/\/vinilozona.lt\/wp-content\/uploads\/2024\/12\/R-1962323-1687973822-7226.jpg\",\"contentUrl\":\"https:\/\/vinilozona.lt\/wp-content\/uploads\/2024\/12\/R-1962323-1687973822-7226.jpg\",\"width\":597,\"height\":600},{\"@type\":\"BreadcrumbList\",\"@id\":\"https:\/\/vinilozona.lt\/parduotuve\/cd\/naudoti-cd\/queen-queen-on-fire-live-at-the-bowl-2cd\/#breadcrumb\",\"itemListElement\":[{\"@type\":\"ListItem\",\"position\":1,\"name\":\"Home\",\"item\":\"https:\/\/vinilozona.lt\/\"},{\"@type\":\"ListItem\",\"position\":2,\"name\":\"Parduotuv\u0117\",\"item\":\"https:\/\/vinilozona.lt\/parduotuve\/\"},{\"@type\":\"ListItem\",\"position\":3,\"name\":\"Queen \u2013 Queen On Fire (Live At The Bowl) 2CD\"}]},{\"@type\":\"WebSite\",\"@id\":\"https:\/\/vinilozona.lt\/#website\",\"url\":\"https:\/\/vinilozona.lt\/\",\"name\":\"Vinilo Zona\",\"description\":\"Nup\u016bsk dulkes ir klausyk LP\",\"potentialAction\":[{\"@type\":\"SearchAction\",\"target\":{\"@type\":\"EntryPoint\",\"urlTemplate\":\"https:\/\/vinilozona.lt\/?s={search_term_string}\"},\"query-input\":{\"@type\":\"PropertyValueSpecification\",\"valueRequired\":true,\"valueName\":\"search_term_string\"}}],\"inLanguage\":\"en-GB\"}]}<\/script>\n<!-- \/ Yoast SEO plugin. -->","yoast_head_json":{"title":"Queen \u2013 Queen On Fire (Live At The Bowl) 2CD Vinilin\u0117 Plok\u0161tel\u0117 | Vinilozona.lt","robots":{"index":"index","follow":"follow","max-snippet":"max-snippet:-1","max-image-preview":"max-image-preview:large","max-video-preview":"max-video-preview:-1"},"canonical":"https:\/\/vinilozona.lt\/en\/parduotuve\/cd\/naudoti-cd\/queen-queen-on-fire-live-at-the-bowl-2cd\/","og_locale":"en_GB","og_type":"article","og_title":"Queen \u2013 Queen On Fire (Live At The Bowl) 2CD Vinilin\u0117 Plok\u0161tel\u0117 | Vinilozona.lt","og_description":"Parlophone \u2013 7243 8 63214 2 8, Parlophone \u2013 8 63214 2, Parlophone \u2013 07243 8 63214 2 8 Format: 2 x CD, Album, Copy Protected Country: UK & Europe Released: Oct 25, 2004","og_url":"https:\/\/vinilozona.lt\/en\/parduotuve\/cd\/naudoti-cd\/queen-queen-on-fire-live-at-the-bowl-2cd\/","og_site_name":"Vinilo Zona","article_modified_time":"2025-02-07T10:46:43+00:00","og_image":[{"width":597,"height":600,"url":"https:\/\/vinilozona.lt\/wp-content\/uploads\/2024\/12\/R-1962323-1687973822-7226.jpg","type":"image\/jpeg"}],"twitter_card":"summary_large_image","twitter_misc":{"Estimated reading time":"1 minute"},"schema":{"@context":"https:\/\/schema.org","@graph":[{"@type":"WebPage","@id":"https:\/\/vinilozona.lt\/parduotuve\/cd\/naudoti-cd\/queen-queen-on-fire-live-at-the-bowl-2cd\/","url":"https:\/\/vinilozona.lt\/parduotuve\/cd\/naudoti-cd\/queen-queen-on-fire-live-at-the-bowl-2cd\/","name":"Queen \u2013 Queen On Fire (Live At The Bowl) 2CD Vinilin\u0117 Plok\u0161tel\u0117 | Vinilozona.lt","isPartOf":{"@id":"https:\/\/vinilozona.lt\/#website"},"primaryImageOfPage":{"@id":"https:\/\/vinilozona.lt\/parduotuve\/cd\/naudoti-cd\/queen-queen-on-fire-live-at-the-bowl-2cd\/#primaryimage"},"image":{"@id":"https:\/\/vinilozona.lt\/parduotuve\/cd\/naudoti-cd\/queen-queen-on-fire-live-at-the-bowl-2cd\/#primaryimage"},"thumbnailUrl":"https:\/\/vinilozona.lt\/wp-content\/uploads\/2024\/12\/R-1962323-1687973822-7226.jpg","datePublished":"2024-12-04T02:01:52+00:00","dateModified":"2025-02-07T10:46:43+00:00","breadcrumb":{"@id":"https:\/\/vinilozona.lt\/parduotuve\/cd\/naudoti-cd\/queen-queen-on-fire-live-at-the-bowl-2cd\/#breadcrumb"},"inLanguage":"en-GB","potentialAction":[{"@type":"ReadAction","target":["https:\/\/vinilozona.lt\/parduotuve\/cd\/naudoti-cd\/queen-queen-on-fire-live-at-the-bowl-2cd\/"]}]},{"@type":"ImageObject","inLanguage":"en-GB","@id":"https:\/\/vinilozona.lt\/parduotuve\/cd\/naudoti-cd\/queen-queen-on-fire-live-at-the-bowl-2cd\/#primaryimage","url":"https:\/\/vinilozona.lt\/wp-content\/uploads\/2024\/12\/R-1962323-1687973822-7226.jpg","contentUrl":"https:\/\/vinilozona.lt\/wp-content\/uploads\/2024\/12\/R-1962323-1687973822-7226.jpg","width":597,"height":600},{"@type":"BreadcrumbList","@id":"https:\/\/vinilozona.lt\/parduotuve\/cd\/naudoti-cd\/queen-queen-on-fire-live-at-the-bowl-2cd\/#breadcrumb","itemListElement":[{"@type":"ListItem","position":1,"name":"Home","item":"https:\/\/vinilozona.lt\/"},{"@type":"ListItem","position":2,"name":"Parduotuv\u0117","item":"https:\/\/vinilozona.lt\/parduotuve\/"},{"@type":"ListItem","position":3,"name":"Queen \u2013 Queen On Fire (Live At The Bowl) 2CD"}]},{"@type":"WebSite","@id":"https:\/\/vinilozona.lt\/#website","url":"https:\/\/vinilozona.lt\/","name":"Vinilo Zona","description":"Nup\u016bsk dulkes ir klausyk LP","potentialAction":[{"@type":"SearchAction","target":{"@type":"EntryPoint","urlTemplate":"https:\/\/vinilozona.lt\/?s={search_term_string}"},"query-input":{"@type":"PropertyValueSpecification","valueRequired":true,"valueName":"search_term_string"}}],"inLanguage":"en-GB"}]}},"_links":{"self":[{"href":"https:\/\/vinilozona.lt\/en\/wp-json\/wp\/v2\/product\/26633"}],"collection":[{"href":"https:\/\/vinilozona.lt\/en\/wp-json\/wp\/v2\/product"}],"about":[{"href":"https:\/\/vinilozona.lt\/en\/wp-json\/wp\/v2\/types\/product"}],"wp:featuredmedia":[{"embeddable":true,"href":"https:\/\/vinilozona.lt\/en\/wp-json\/wp\/v2\/media\/26634"}],"wp:attachment":[{"href":"https:\/\/vinilozona.lt\/en\/wp-json\/wp\/v2\/media?parent=26633"}],"wp:term":[{"taxonomy":"product_cat","embeddable":true,"href":"https:\/\/vinilozona.lt\/en\/wp-json\/wp\/v2\/product_cat?post=26633"},{"taxonomy":"product_tag","embeddable":true,"href":"https:\/\/vinilozona.lt\/en\/wp-json\/wp\/v2\/product_tag?post=26633"}],"curies":[{"name":"wp","href":"https:\/\/api.w.org\/{rel}","templated":true}]}}