{"id":26618,"date":"2024-12-05T05:13:23","date_gmt":"2024-12-05T03:13:23","guid":{"rendered":"https:\/\/vinilozona.lt\/?post_type=product&#038;p=26618"},"modified":"2025-06-15T12:08:07","modified_gmt":"2025-06-15T09:08:07","slug":"bing-crosby-a-legendary-performer","status":"publish","type":"product","link":"https:\/\/vinilozona.lt\/en\/parduotuve\/rock-pop\/bing-crosby-a-legendary-performer\/","title":{"rendered":"Bing Crosby \u2013 A Legendary Performer"},"content":{"rendered":"<p>Bing Crosby With Paul Whiteman And His Orchestra\u2013\tOl&#8217; Man River\t3:11<br \/>\nDuke Ellington And His Orchestra\u2013\tThree Little Words\t3:03<br \/>\nBing Crosby With Gus Arnheim And His Cocoanut Grove Orchestra*\u2013\tIt Must Be True\t3:07<br \/>\nBing Crosby With Gus Arnheim And His Cocoanut Grove Orchestra*\u2013\tWrap Your Troubles In Dreams (And Dream Your Troubles Away)\t3:20<br \/>\nBing Crosby With Gus Arnheim And His Cocoanut Grove Orchestra*\u2013\tJust A Gigolo\t3:18<br \/>\nBing Crosby\u2013\tI&#8217;m Through With Love\t3:11<br \/>\nBing Crosby\u2013\tJust One More Chance\t3:14<br \/>\nBing Crosby With Bob Scobey&#8217;s Frisco Jazz Band*\u2013\tSome Sunny Day\t2:49<br \/>\nBing Crosby With Bob Scobey&#8217;s Frisco Jazz Band*\u2013\tI&#8217;m Gonna Sit Right Down And Write Myself A Letter\t3:00<br \/>\nBing Crosby With Bob Scobey&#8217;s Frisco Jazz Band*\u2013\tMack The Knife\t3:54<br \/>\nBing Crosby With Bob Scobey&#8217;s Frisco Jazz Band*\u2013\tDream A Little Dream Of Me\t2:39<br \/>\nBing Crosby With Bob Scobey&#8217;s Frisco Jazz Band*\u2013\tWhispering\t3:25<br \/>\nBing Crosby With Bob Scobey&#8217;s Frisco Jazz Band*\u2013\tDown Among The Sheltering Palms\t3:14<\/p>","protected":false},"excerpt":{"rendered":"<p>RCA \u2013 CPL1-2086(e)<br \/>\nSeries:<br \/>\nA Legendary Performer<br \/>\nFormat:<br \/>\nVinyl, LP, Compilation, Reissue<br \/>\nCountry:<br \/>\nCanada<br \/>\nReleased:<br \/>\n1977<\/p>","protected":false},"featured_media":26619,"template":"","meta":[],"product_cat":[15,20],"product_tag":[44],"yoast_head":"<!-- This site is optimized with the Yoast SEO plugin v23.5 - https:\/\/yoast.com\/wordpress\/plugins\/seo\/ -->\n<title>Bing Crosby \u2013 A Legendary Performer Vinilin\u0117 Plok\u0161tel\u0117 | Vinilozona.lt<\/title>\n<meta name=\"robots\" content=\"index, follow, max-snippet:-1, max-image-preview:large, max-video-preview:-1\" \/>\n<link rel=\"canonical\" href=\"https:\/\/vinilozona.lt\/en\/parduotuve\/rock-pop\/bing-crosby-a-legendary-performer\/\" \/>\n<meta property=\"og:locale\" content=\"en_GB\" \/>\n<meta property=\"og:type\" content=\"article\" \/>\n<meta property=\"og:title\" content=\"Bing Crosby \u2013 A Legendary Performer Vinilin\u0117 Plok\u0161tel\u0117 | Vinilozona.lt\" \/>\n<meta property=\"og:description\" content=\"RCA \u2013 CPL1-2086(e) Series: A Legendary Performer Format: Vinyl, LP, Compilation, Reissue Country: Canada Released: 1977\" \/>\n<meta property=\"og:url\" content=\"https:\/\/vinilozona.lt\/en\/parduotuve\/rock-pop\/bing-crosby-a-legendary-performer\/\" \/>\n<meta property=\"og:site_name\" content=\"Vinilo Zona\" \/>\n<meta property=\"article:modified_time\" content=\"2025-06-15T09:08:07+00:00\" \/>\n<meta property=\"og:image\" content=\"https:\/\/vinilozona.lt\/wp-content\/uploads\/2024\/12\/R-8426840-1463762776-3301.jpg\" \/>\n\t<meta property=\"og:image:width\" content=\"600\" \/>\n\t<meta property=\"og:image:height\" content=\"600\" \/>\n\t<meta property=\"og:image:type\" content=\"image\/jpeg\" \/>\n<meta name=\"twitter:card\" content=\"summary_large_image\" \/>\n<meta name=\"twitter:label1\" content=\"Estimated reading time\" \/>\n\t<meta name=\"twitter:data1\" content=\"1 minute\" \/>\n<script type=\"application\/ld+json\" class=\"yoast-schema-graph\">{\"@context\":\"https:\/\/schema.org\",\"@graph\":[{\"@type\":\"WebPage\",\"@id\":\"https:\/\/vinilozona.lt\/parduotuve\/rock-pop\/bing-crosby-a-legendary-performer\/\",\"url\":\"https:\/\/vinilozona.lt\/parduotuve\/rock-pop\/bing-crosby-a-legendary-performer\/\",\"name\":\"Bing Crosby \u2013 A Legendary Performer Vinilin\u0117 Plok\u0161tel\u0117 | Vinilozona.lt\",\"isPartOf\":{\"@id\":\"https:\/\/vinilozona.lt\/#website\"},\"primaryImageOfPage\":{\"@id\":\"https:\/\/vinilozona.lt\/parduotuve\/rock-pop\/bing-crosby-a-legendary-performer\/#primaryimage\"},\"image\":{\"@id\":\"https:\/\/vinilozona.lt\/parduotuve\/rock-pop\/bing-crosby-a-legendary-performer\/#primaryimage\"},\"thumbnailUrl\":\"https:\/\/vinilozona.lt\/wp-content\/uploads\/2024\/12\/R-8426840-1463762776-3301.jpg\",\"datePublished\":\"2024-12-05T03:13:23+00:00\",\"dateModified\":\"2025-06-15T09:08:07+00:00\",\"breadcrumb\":{\"@id\":\"https:\/\/vinilozona.lt\/parduotuve\/rock-pop\/bing-crosby-a-legendary-performer\/#breadcrumb\"},\"inLanguage\":\"en-GB\",\"potentialAction\":[{\"@type\":\"ReadAction\",\"target\":[\"https:\/\/vinilozona.lt\/parduotuve\/rock-pop\/bing-crosby-a-legendary-performer\/\"]}]},{\"@type\":\"ImageObject\",\"inLanguage\":\"en-GB\",\"@id\":\"https:\/\/vinilozona.lt\/parduotuve\/rock-pop\/bing-crosby-a-legendary-performer\/#primaryimage\",\"url\":\"https:\/\/vinilozona.lt\/wp-content\/uploads\/2024\/12\/R-8426840-1463762776-3301.jpg\",\"contentUrl\":\"https:\/\/vinilozona.lt\/wp-content\/uploads\/2024\/12\/R-8426840-1463762776-3301.jpg\",\"width\":600,\"height\":600},{\"@type\":\"BreadcrumbList\",\"@id\":\"https:\/\/vinilozona.lt\/parduotuve\/rock-pop\/bing-crosby-a-legendary-performer\/#breadcrumb\",\"itemListElement\":[{\"@type\":\"ListItem\",\"position\":1,\"name\":\"Home\",\"item\":\"https:\/\/vinilozona.lt\/\"},{\"@type\":\"ListItem\",\"position\":2,\"name\":\"Parduotuv\u0117\",\"item\":\"https:\/\/vinilozona.lt\/parduotuve\/\"},{\"@type\":\"ListItem\",\"position\":3,\"name\":\"Bing Crosby \u2013 A Legendary Performer\"}]},{\"@type\":\"WebSite\",\"@id\":\"https:\/\/vinilozona.lt\/#website\",\"url\":\"https:\/\/vinilozona.lt\/\",\"name\":\"Vinilo Zona\",\"description\":\"Nup\u016bsk dulkes ir klausyk LP\",\"potentialAction\":[{\"@type\":\"SearchAction\",\"target\":{\"@type\":\"EntryPoint\",\"urlTemplate\":\"https:\/\/vinilozona.lt\/?s={search_term_string}\"},\"query-input\":{\"@type\":\"PropertyValueSpecification\",\"valueRequired\":true,\"valueName\":\"search_term_string\"}}],\"inLanguage\":\"en-GB\"}]}<\/script>\n<!-- \/ Yoast SEO plugin. -->","yoast_head_json":{"title":"Bing Crosby \u2013 A Legendary Performer Vinilin\u0117 Plok\u0161tel\u0117 | Vinilozona.lt","robots":{"index":"index","follow":"follow","max-snippet":"max-snippet:-1","max-image-preview":"max-image-preview:large","max-video-preview":"max-video-preview:-1"},"canonical":"https:\/\/vinilozona.lt\/en\/parduotuve\/rock-pop\/bing-crosby-a-legendary-performer\/","og_locale":"en_GB","og_type":"article","og_title":"Bing Crosby \u2013 A Legendary Performer Vinilin\u0117 Plok\u0161tel\u0117 | Vinilozona.lt","og_description":"RCA \u2013 CPL1-2086(e) Series: A Legendary Performer Format: Vinyl, LP, Compilation, Reissue Country: Canada Released: 1977","og_url":"https:\/\/vinilozona.lt\/en\/parduotuve\/rock-pop\/bing-crosby-a-legendary-performer\/","og_site_name":"Vinilo Zona","article_modified_time":"2025-06-15T09:08:07+00:00","og_image":[{"width":600,"height":600,"url":"https:\/\/vinilozona.lt\/wp-content\/uploads\/2024\/12\/R-8426840-1463762776-3301.jpg","type":"image\/jpeg"}],"twitter_card":"summary_large_image","twitter_misc":{"Estimated reading time":"1 minute"},"schema":{"@context":"https:\/\/schema.org","@graph":[{"@type":"WebPage","@id":"https:\/\/vinilozona.lt\/parduotuve\/rock-pop\/bing-crosby-a-legendary-performer\/","url":"https:\/\/vinilozona.lt\/parduotuve\/rock-pop\/bing-crosby-a-legendary-performer\/","name":"Bing Crosby \u2013 A Legendary Performer Vinilin\u0117 Plok\u0161tel\u0117 | Vinilozona.lt","isPartOf":{"@id":"https:\/\/vinilozona.lt\/#website"},"primaryImageOfPage":{"@id":"https:\/\/vinilozona.lt\/parduotuve\/rock-pop\/bing-crosby-a-legendary-performer\/#primaryimage"},"image":{"@id":"https:\/\/vinilozona.lt\/parduotuve\/rock-pop\/bing-crosby-a-legendary-performer\/#primaryimage"},"thumbnailUrl":"https:\/\/vinilozona.lt\/wp-content\/uploads\/2024\/12\/R-8426840-1463762776-3301.jpg","datePublished":"2024-12-05T03:13:23+00:00","dateModified":"2025-06-15T09:08:07+00:00","breadcrumb":{"@id":"https:\/\/vinilozona.lt\/parduotuve\/rock-pop\/bing-crosby-a-legendary-performer\/#breadcrumb"},"inLanguage":"en-GB","potentialAction":[{"@type":"ReadAction","target":["https:\/\/vinilozona.lt\/parduotuve\/rock-pop\/bing-crosby-a-legendary-performer\/"]}]},{"@type":"ImageObject","inLanguage":"en-GB","@id":"https:\/\/vinilozona.lt\/parduotuve\/rock-pop\/bing-crosby-a-legendary-performer\/#primaryimage","url":"https:\/\/vinilozona.lt\/wp-content\/uploads\/2024\/12\/R-8426840-1463762776-3301.jpg","contentUrl":"https:\/\/vinilozona.lt\/wp-content\/uploads\/2024\/12\/R-8426840-1463762776-3301.jpg","width":600,"height":600},{"@type":"BreadcrumbList","@id":"https:\/\/vinilozona.lt\/parduotuve\/rock-pop\/bing-crosby-a-legendary-performer\/#breadcrumb","itemListElement":[{"@type":"ListItem","position":1,"name":"Home","item":"https:\/\/vinilozona.lt\/"},{"@type":"ListItem","position":2,"name":"Parduotuv\u0117","item":"https:\/\/vinilozona.lt\/parduotuve\/"},{"@type":"ListItem","position":3,"name":"Bing Crosby \u2013 A Legendary Performer"}]},{"@type":"WebSite","@id":"https:\/\/vinilozona.lt\/#website","url":"https:\/\/vinilozona.lt\/","name":"Vinilo Zona","description":"Nup\u016bsk dulkes ir klausyk LP","potentialAction":[{"@type":"SearchAction","target":{"@type":"EntryPoint","urlTemplate":"https:\/\/vinilozona.lt\/?s={search_term_string}"},"query-input":{"@type":"PropertyValueSpecification","valueRequired":true,"valueName":"search_term_string"}}],"inLanguage":"en-GB"}]}},"_links":{"self":[{"href":"https:\/\/vinilozona.lt\/en\/wp-json\/wp\/v2\/product\/26618"}],"collection":[{"href":"https:\/\/vinilozona.lt\/en\/wp-json\/wp\/v2\/product"}],"about":[{"href":"https:\/\/vinilozona.lt\/en\/wp-json\/wp\/v2\/types\/product"}],"wp:featuredmedia":[{"embeddable":true,"href":"https:\/\/vinilozona.lt\/en\/wp-json\/wp\/v2\/media\/26619"}],"wp:attachment":[{"href":"https:\/\/vinilozona.lt\/en\/wp-json\/wp\/v2\/media?parent=26618"}],"wp:term":[{"taxonomy":"product_cat","embeddable":true,"href":"https:\/\/vinilozona.lt\/en\/wp-json\/wp\/v2\/product_cat?post=26618"},{"taxonomy":"product_tag","embeddable":true,"href":"https:\/\/vinilozona.lt\/en\/wp-json\/wp\/v2\/product_tag?post=26618"}],"curies":[{"name":"wp","href":"https:\/\/api.w.org\/{rel}","templated":true}]}}