{"id":26563,"date":"2024-11-30T05:03:10","date_gmt":"2024-11-30T03:03:10","guid":{"rendered":"https:\/\/vinilozona.lt\/?post_type=product&#038;p=26563"},"modified":"2024-11-28T06:59:45","modified_gmt":"2024-11-28T04:59:45","slug":"prince-live-in-rotterdam-28-5-1992-2cd","status":"publish","type":"product","link":"https:\/\/vinilozona.lt\/en\/parduotuve\/cd\/naudoti-cd\/prince-live-in-rotterdam-28-5-1992-2cd\/","title":{"rendered":"Prince \u2013 Live In Rotterdam 28.5.1992  2CD"},"content":{"rendered":"<p>Intro\t4:25<br \/>\nThunder\t4:12<br \/>\nDaddy Pop\t7:01<br \/>\nDiamonds And Pearls\t6:32<br \/>\nLet&#8217;s Go Crazy\t2:23<br \/>\nKiss\t4:53<br \/>\nJughead\t6:32<br \/>\nPurple Rain\t8:42<br \/>\nLive 4 Love\t6:41<br \/>\nWilling And Able\t6:30<br \/>\nDamn U\t7:16<br \/>\nSexy MF\t5:32<br \/>\nThieves In The Temple \/ Arabic Instrumental \/ It\t10:46<br \/>\nA Night In Tunisia\t1:59<br \/>\nStrollin&#8217;\t0:55<br \/>\nInsatiable\t5:54<br \/>\nGett Off\t6:12<br \/>\nGett Off (Houstyle)\t3:25<br \/>\nThe Flow\t5:26<br \/>\nCream\t5:53<br \/>\nDr. Feelgood\t5:42<br \/>\n1999\t3:39<br \/>\nBaby I&#8217;m A Star\t1:09<br \/>\nPush\t3:46<br \/>\nEnd Instrumental\t2:40<\/p>","protected":false},"excerpt":{"rendered":"<p>High Quality Limited \u2013 HQL CD 1108\/9<br \/>\nFormat:<br \/>\n2 x CD, Unofficial Release<br \/>\nCountry:  EU<\/p>","protected":false},"featured_media":26565,"template":"","meta":[],"product_cat":[24,946],"product_tag":[44],"yoast_head":"<!-- This site is optimized with the Yoast SEO plugin v23.5 - https:\/\/yoast.com\/wordpress\/plugins\/seo\/ -->\n<title>Prince \u2013 Live In Rotterdam 28.5.1992 2CD Vinilin\u0117 Plok\u0161tel\u0117 | Vinilozona.lt<\/title>\n<meta name=\"robots\" content=\"index, follow, max-snippet:-1, max-image-preview:large, max-video-preview:-1\" \/>\n<link rel=\"canonical\" href=\"https:\/\/vinilozona.lt\/en\/parduotuve\/cd\/naudoti-cd\/prince-live-in-rotterdam-28-5-1992-2cd\/\" \/>\n<meta property=\"og:locale\" content=\"en_GB\" \/>\n<meta property=\"og:type\" content=\"article\" \/>\n<meta property=\"og:title\" content=\"Prince \u2013 Live In Rotterdam 28.5.1992 2CD Vinilin\u0117 Plok\u0161tel\u0117 | Vinilozona.lt\" \/>\n<meta property=\"og:description\" content=\"High Quality Limited \u2013 HQL CD 1108\/9 Format: 2 x CD, Unofficial Release Country: EU\" \/>\n<meta property=\"og:url\" content=\"https:\/\/vinilozona.lt\/en\/parduotuve\/cd\/naudoti-cd\/prince-live-in-rotterdam-28-5-1992-2cd\/\" \/>\n<meta property=\"og:site_name\" content=\"Vinilo Zona\" \/>\n<meta property=\"article:modified_time\" content=\"2024-11-28T04:59:45+00:00\" \/>\n<meta property=\"og:image\" content=\"https:\/\/vinilozona.lt\/wp-content\/uploads\/2024\/11\/R-8451885-1538776562-3737.jpg\" \/>\n\t<meta property=\"og:image:width\" content=\"198\" \/>\n\t<meta property=\"og:image:height\" content=\"254\" \/>\n\t<meta property=\"og:image:type\" content=\"image\/jpeg\" \/>\n<meta name=\"twitter:card\" content=\"summary_large_image\" \/>\n<meta name=\"twitter:label1\" content=\"Estimated reading time\" \/>\n\t<meta name=\"twitter:data1\" content=\"1 minute\" \/>\n<script type=\"application\/ld+json\" class=\"yoast-schema-graph\">{\"@context\":\"https:\/\/schema.org\",\"@graph\":[{\"@type\":\"WebPage\",\"@id\":\"https:\/\/vinilozona.lt\/parduotuve\/cd\/naudoti-cd\/prince-live-in-rotterdam-28-5-1992-2cd\/\",\"url\":\"https:\/\/vinilozona.lt\/parduotuve\/cd\/naudoti-cd\/prince-live-in-rotterdam-28-5-1992-2cd\/\",\"name\":\"Prince \u2013 Live In Rotterdam 28.5.1992 2CD Vinilin\u0117 Plok\u0161tel\u0117 | Vinilozona.lt\",\"isPartOf\":{\"@id\":\"https:\/\/vinilozona.lt\/#website\"},\"primaryImageOfPage\":{\"@id\":\"https:\/\/vinilozona.lt\/parduotuve\/cd\/naudoti-cd\/prince-live-in-rotterdam-28-5-1992-2cd\/#primaryimage\"},\"image\":{\"@id\":\"https:\/\/vinilozona.lt\/parduotuve\/cd\/naudoti-cd\/prince-live-in-rotterdam-28-5-1992-2cd\/#primaryimage\"},\"thumbnailUrl\":\"https:\/\/vinilozona.lt\/wp-content\/uploads\/2024\/11\/R-8451885-1538776562-3737.jpg\",\"datePublished\":\"2024-11-30T03:03:10+00:00\",\"dateModified\":\"2024-11-28T04:59:45+00:00\",\"breadcrumb\":{\"@id\":\"https:\/\/vinilozona.lt\/parduotuve\/cd\/naudoti-cd\/prince-live-in-rotterdam-28-5-1992-2cd\/#breadcrumb\"},\"inLanguage\":\"en-GB\",\"potentialAction\":[{\"@type\":\"ReadAction\",\"target\":[\"https:\/\/vinilozona.lt\/parduotuve\/cd\/naudoti-cd\/prince-live-in-rotterdam-28-5-1992-2cd\/\"]}]},{\"@type\":\"ImageObject\",\"inLanguage\":\"en-GB\",\"@id\":\"https:\/\/vinilozona.lt\/parduotuve\/cd\/naudoti-cd\/prince-live-in-rotterdam-28-5-1992-2cd\/#primaryimage\",\"url\":\"https:\/\/vinilozona.lt\/wp-content\/uploads\/2024\/11\/R-8451885-1538776562-3737.jpg\",\"contentUrl\":\"https:\/\/vinilozona.lt\/wp-content\/uploads\/2024\/11\/R-8451885-1538776562-3737.jpg\",\"width\":198,\"height\":254},{\"@type\":\"BreadcrumbList\",\"@id\":\"https:\/\/vinilozona.lt\/parduotuve\/cd\/naudoti-cd\/prince-live-in-rotterdam-28-5-1992-2cd\/#breadcrumb\",\"itemListElement\":[{\"@type\":\"ListItem\",\"position\":1,\"name\":\"Home\",\"item\":\"https:\/\/vinilozona.lt\/\"},{\"@type\":\"ListItem\",\"position\":2,\"name\":\"Parduotuv\u0117\",\"item\":\"https:\/\/vinilozona.lt\/parduotuve\/\"},{\"@type\":\"ListItem\",\"position\":3,\"name\":\"Prince \u2013 Live In Rotterdam 28.5.1992 2CD\"}]},{\"@type\":\"WebSite\",\"@id\":\"https:\/\/vinilozona.lt\/#website\",\"url\":\"https:\/\/vinilozona.lt\/\",\"name\":\"Vinilo Zona\",\"description\":\"Nup\u016bsk dulkes ir klausyk LP\",\"potentialAction\":[{\"@type\":\"SearchAction\",\"target\":{\"@type\":\"EntryPoint\",\"urlTemplate\":\"https:\/\/vinilozona.lt\/?s={search_term_string}\"},\"query-input\":{\"@type\":\"PropertyValueSpecification\",\"valueRequired\":true,\"valueName\":\"search_term_string\"}}],\"inLanguage\":\"en-GB\"}]}<\/script>\n<!-- \/ Yoast SEO plugin. -->","yoast_head_json":{"title":"Prince \u2013 Live In Rotterdam 28.5.1992 2CD Vinilin\u0117 Plok\u0161tel\u0117 | Vinilozona.lt","robots":{"index":"index","follow":"follow","max-snippet":"max-snippet:-1","max-image-preview":"max-image-preview:large","max-video-preview":"max-video-preview:-1"},"canonical":"https:\/\/vinilozona.lt\/en\/parduotuve\/cd\/naudoti-cd\/prince-live-in-rotterdam-28-5-1992-2cd\/","og_locale":"en_GB","og_type":"article","og_title":"Prince \u2013 Live In Rotterdam 28.5.1992 2CD Vinilin\u0117 Plok\u0161tel\u0117 | Vinilozona.lt","og_description":"High Quality Limited \u2013 HQL CD 1108\/9 Format: 2 x CD, Unofficial Release Country: EU","og_url":"https:\/\/vinilozona.lt\/en\/parduotuve\/cd\/naudoti-cd\/prince-live-in-rotterdam-28-5-1992-2cd\/","og_site_name":"Vinilo Zona","article_modified_time":"2024-11-28T04:59:45+00:00","og_image":[{"width":198,"height":254,"url":"https:\/\/vinilozona.lt\/wp-content\/uploads\/2024\/11\/R-8451885-1538776562-3737.jpg","type":"image\/jpeg"}],"twitter_card":"summary_large_image","twitter_misc":{"Estimated reading time":"1 minute"},"schema":{"@context":"https:\/\/schema.org","@graph":[{"@type":"WebPage","@id":"https:\/\/vinilozona.lt\/parduotuve\/cd\/naudoti-cd\/prince-live-in-rotterdam-28-5-1992-2cd\/","url":"https:\/\/vinilozona.lt\/parduotuve\/cd\/naudoti-cd\/prince-live-in-rotterdam-28-5-1992-2cd\/","name":"Prince \u2013 Live In Rotterdam 28.5.1992 2CD Vinilin\u0117 Plok\u0161tel\u0117 | Vinilozona.lt","isPartOf":{"@id":"https:\/\/vinilozona.lt\/#website"},"primaryImageOfPage":{"@id":"https:\/\/vinilozona.lt\/parduotuve\/cd\/naudoti-cd\/prince-live-in-rotterdam-28-5-1992-2cd\/#primaryimage"},"image":{"@id":"https:\/\/vinilozona.lt\/parduotuve\/cd\/naudoti-cd\/prince-live-in-rotterdam-28-5-1992-2cd\/#primaryimage"},"thumbnailUrl":"https:\/\/vinilozona.lt\/wp-content\/uploads\/2024\/11\/R-8451885-1538776562-3737.jpg","datePublished":"2024-11-30T03:03:10+00:00","dateModified":"2024-11-28T04:59:45+00:00","breadcrumb":{"@id":"https:\/\/vinilozona.lt\/parduotuve\/cd\/naudoti-cd\/prince-live-in-rotterdam-28-5-1992-2cd\/#breadcrumb"},"inLanguage":"en-GB","potentialAction":[{"@type":"ReadAction","target":["https:\/\/vinilozona.lt\/parduotuve\/cd\/naudoti-cd\/prince-live-in-rotterdam-28-5-1992-2cd\/"]}]},{"@type":"ImageObject","inLanguage":"en-GB","@id":"https:\/\/vinilozona.lt\/parduotuve\/cd\/naudoti-cd\/prince-live-in-rotterdam-28-5-1992-2cd\/#primaryimage","url":"https:\/\/vinilozona.lt\/wp-content\/uploads\/2024\/11\/R-8451885-1538776562-3737.jpg","contentUrl":"https:\/\/vinilozona.lt\/wp-content\/uploads\/2024\/11\/R-8451885-1538776562-3737.jpg","width":198,"height":254},{"@type":"BreadcrumbList","@id":"https:\/\/vinilozona.lt\/parduotuve\/cd\/naudoti-cd\/prince-live-in-rotterdam-28-5-1992-2cd\/#breadcrumb","itemListElement":[{"@type":"ListItem","position":1,"name":"Home","item":"https:\/\/vinilozona.lt\/"},{"@type":"ListItem","position":2,"name":"Parduotuv\u0117","item":"https:\/\/vinilozona.lt\/parduotuve\/"},{"@type":"ListItem","position":3,"name":"Prince \u2013 Live In Rotterdam 28.5.1992 2CD"}]},{"@type":"WebSite","@id":"https:\/\/vinilozona.lt\/#website","url":"https:\/\/vinilozona.lt\/","name":"Vinilo Zona","description":"Nup\u016bsk dulkes ir klausyk LP","potentialAction":[{"@type":"SearchAction","target":{"@type":"EntryPoint","urlTemplate":"https:\/\/vinilozona.lt\/?s={search_term_string}"},"query-input":{"@type":"PropertyValueSpecification","valueRequired":true,"valueName":"search_term_string"}}],"inLanguage":"en-GB"}]}},"_links":{"self":[{"href":"https:\/\/vinilozona.lt\/en\/wp-json\/wp\/v2\/product\/26563"}],"collection":[{"href":"https:\/\/vinilozona.lt\/en\/wp-json\/wp\/v2\/product"}],"about":[{"href":"https:\/\/vinilozona.lt\/en\/wp-json\/wp\/v2\/types\/product"}],"wp:featuredmedia":[{"embeddable":true,"href":"https:\/\/vinilozona.lt\/en\/wp-json\/wp\/v2\/media\/26565"}],"wp:attachment":[{"href":"https:\/\/vinilozona.lt\/en\/wp-json\/wp\/v2\/media?parent=26563"}],"wp:term":[{"taxonomy":"product_cat","embeddable":true,"href":"https:\/\/vinilozona.lt\/en\/wp-json\/wp\/v2\/product_cat?post=26563"},{"taxonomy":"product_tag","embeddable":true,"href":"https:\/\/vinilozona.lt\/en\/wp-json\/wp\/v2\/product_tag?post=26563"}],"curies":[{"name":"wp","href":"https:\/\/api.w.org\/{rel}","templated":true}]}}