{"id":26550,"date":"2024-11-27T05:20:01","date_gmt":"2024-11-27T03:20:01","guid":{"rendered":"https:\/\/vinilozona.lt\/?post_type=product&#038;p=26550"},"modified":"2024-12-16T16:26:49","modified_gmt":"2024-12-16T14:26:49","slug":"jon-anderson-1000-hands-chapter-one-cd","status":"publish","type":"product","link":"https:\/\/vinilozona.lt\/en\/parduotuve\/cd\/nauji-cd\/jon-anderson-1000-hands-chapter-one-cd\/","title":{"rendered":"Jon Anderson \u2013 1000 Hands (Chapter One)  CD"},"content":{"rendered":"<p>Now\t1:13<br \/>\nRamalama\t3:48<br \/>\nFirst Born Leaders\t5:21<br \/>\nActivate\t8:50<br \/>\nMakes Me Happy\t5:30<br \/>\nNow Variations\t1:02<br \/>\nI Found Myself\t5:05<br \/>\nTwice In A Lifetime\t5:05<br \/>\nWDMCF\t4:13<br \/>\n1000 Hands (Come Up)\t8:20<br \/>\nNow And Again\t3:39<\/p>","protected":false},"excerpt":{"rendered":"<p>Blue \u00c9lan Records \u2013 BER1266<br \/>\nFormat:<br \/>\nCD, Album, Reissue<br \/>\nCountry:<br \/>\nUS<br \/>\nReleased:<br \/>\nJul 31, 2020<\/p>","protected":false},"featured_media":26551,"template":"","meta":[],"product_cat":[24,947],"product_tag":[44],"yoast_head":"<!-- This site is optimized with the Yoast SEO plugin v23.5 - https:\/\/yoast.com\/wordpress\/plugins\/seo\/ -->\n<title>Jon Anderson \u2013 1000 Hands (Chapter One) CD Vinilin\u0117 Plok\u0161tel\u0117 | Vinilozona.lt<\/title>\n<meta name=\"robots\" content=\"index, follow, max-snippet:-1, max-image-preview:large, max-video-preview:-1\" \/>\n<link rel=\"canonical\" href=\"https:\/\/vinilozona.lt\/en\/parduotuve\/cd\/nauji-cd\/jon-anderson-1000-hands-chapter-one-cd\/\" \/>\n<meta property=\"og:locale\" content=\"en_GB\" \/>\n<meta property=\"og:type\" content=\"article\" \/>\n<meta property=\"og:title\" content=\"Jon Anderson \u2013 1000 Hands (Chapter One) CD Vinilin\u0117 Plok\u0161tel\u0117 | Vinilozona.lt\" \/>\n<meta property=\"og:description\" content=\"Blue \u00c9lan Records \u2013 BER1266 Format: CD, Album, Reissue Country: US Released: Jul 31, 2020\" \/>\n<meta property=\"og:url\" content=\"https:\/\/vinilozona.lt\/en\/parduotuve\/cd\/nauji-cd\/jon-anderson-1000-hands-chapter-one-cd\/\" \/>\n<meta property=\"og:site_name\" content=\"Vinilo Zona\" \/>\n<meta property=\"article:modified_time\" content=\"2024-12-16T14:26:49+00:00\" \/>\n<meta property=\"og:image\" content=\"https:\/\/vinilozona.lt\/wp-content\/uploads\/2024\/11\/R-13485251-1556828689-6573.jpg\" \/>\n\t<meta property=\"og:image:width\" content=\"599\" \/>\n\t<meta property=\"og:image:height\" content=\"536\" \/>\n\t<meta property=\"og:image:type\" content=\"image\/jpeg\" \/>\n<meta name=\"twitter:card\" content=\"summary_large_image\" \/>\n<meta name=\"twitter:label1\" content=\"Estimated reading time\" \/>\n\t<meta name=\"twitter:data1\" content=\"1 minute\" \/>\n<script type=\"application\/ld+json\" class=\"yoast-schema-graph\">{\"@context\":\"https:\/\/schema.org\",\"@graph\":[{\"@type\":\"WebPage\",\"@id\":\"https:\/\/vinilozona.lt\/parduotuve\/cd\/nauji-cd\/jon-anderson-1000-hands-chapter-one-cd\/\",\"url\":\"https:\/\/vinilozona.lt\/parduotuve\/cd\/nauji-cd\/jon-anderson-1000-hands-chapter-one-cd\/\",\"name\":\"Jon Anderson \u2013 1000 Hands (Chapter One) CD Vinilin\u0117 Plok\u0161tel\u0117 | Vinilozona.lt\",\"isPartOf\":{\"@id\":\"https:\/\/vinilozona.lt\/#website\"},\"primaryImageOfPage\":{\"@id\":\"https:\/\/vinilozona.lt\/parduotuve\/cd\/nauji-cd\/jon-anderson-1000-hands-chapter-one-cd\/#primaryimage\"},\"image\":{\"@id\":\"https:\/\/vinilozona.lt\/parduotuve\/cd\/nauji-cd\/jon-anderson-1000-hands-chapter-one-cd\/#primaryimage\"},\"thumbnailUrl\":\"https:\/\/vinilozona.lt\/wp-content\/uploads\/2024\/11\/R-13485251-1556828689-6573.jpg\",\"datePublished\":\"2024-11-27T03:20:01+00:00\",\"dateModified\":\"2024-12-16T14:26:49+00:00\",\"breadcrumb\":{\"@id\":\"https:\/\/vinilozona.lt\/parduotuve\/cd\/nauji-cd\/jon-anderson-1000-hands-chapter-one-cd\/#breadcrumb\"},\"inLanguage\":\"en-GB\",\"potentialAction\":[{\"@type\":\"ReadAction\",\"target\":[\"https:\/\/vinilozona.lt\/parduotuve\/cd\/nauji-cd\/jon-anderson-1000-hands-chapter-one-cd\/\"]}]},{\"@type\":\"ImageObject\",\"inLanguage\":\"en-GB\",\"@id\":\"https:\/\/vinilozona.lt\/parduotuve\/cd\/nauji-cd\/jon-anderson-1000-hands-chapter-one-cd\/#primaryimage\",\"url\":\"https:\/\/vinilozona.lt\/wp-content\/uploads\/2024\/11\/R-13485251-1556828689-6573.jpg\",\"contentUrl\":\"https:\/\/vinilozona.lt\/wp-content\/uploads\/2024\/11\/R-13485251-1556828689-6573.jpg\",\"width\":599,\"height\":536},{\"@type\":\"BreadcrumbList\",\"@id\":\"https:\/\/vinilozona.lt\/parduotuve\/cd\/nauji-cd\/jon-anderson-1000-hands-chapter-one-cd\/#breadcrumb\",\"itemListElement\":[{\"@type\":\"ListItem\",\"position\":1,\"name\":\"Home\",\"item\":\"https:\/\/vinilozona.lt\/\"},{\"@type\":\"ListItem\",\"position\":2,\"name\":\"Parduotuv\u0117\",\"item\":\"https:\/\/vinilozona.lt\/parduotuve\/\"},{\"@type\":\"ListItem\",\"position\":3,\"name\":\"Jon Anderson \u2013 1000 Hands (Chapter One) CD\"}]},{\"@type\":\"WebSite\",\"@id\":\"https:\/\/vinilozona.lt\/#website\",\"url\":\"https:\/\/vinilozona.lt\/\",\"name\":\"Vinilo Zona\",\"description\":\"Nup\u016bsk dulkes ir klausyk LP\",\"potentialAction\":[{\"@type\":\"SearchAction\",\"target\":{\"@type\":\"EntryPoint\",\"urlTemplate\":\"https:\/\/vinilozona.lt\/?s={search_term_string}\"},\"query-input\":{\"@type\":\"PropertyValueSpecification\",\"valueRequired\":true,\"valueName\":\"search_term_string\"}}],\"inLanguage\":\"en-GB\"}]}<\/script>\n<!-- \/ Yoast SEO plugin. -->","yoast_head_json":{"title":"Jon Anderson \u2013 1000 Hands (Chapter One) CD Vinilin\u0117 Plok\u0161tel\u0117 | Vinilozona.lt","robots":{"index":"index","follow":"follow","max-snippet":"max-snippet:-1","max-image-preview":"max-image-preview:large","max-video-preview":"max-video-preview:-1"},"canonical":"https:\/\/vinilozona.lt\/en\/parduotuve\/cd\/nauji-cd\/jon-anderson-1000-hands-chapter-one-cd\/","og_locale":"en_GB","og_type":"article","og_title":"Jon Anderson \u2013 1000 Hands (Chapter One) CD Vinilin\u0117 Plok\u0161tel\u0117 | Vinilozona.lt","og_description":"Blue \u00c9lan Records \u2013 BER1266 Format: CD, Album, Reissue Country: US Released: Jul 31, 2020","og_url":"https:\/\/vinilozona.lt\/en\/parduotuve\/cd\/nauji-cd\/jon-anderson-1000-hands-chapter-one-cd\/","og_site_name":"Vinilo Zona","article_modified_time":"2024-12-16T14:26:49+00:00","og_image":[{"width":599,"height":536,"url":"https:\/\/vinilozona.lt\/wp-content\/uploads\/2024\/11\/R-13485251-1556828689-6573.jpg","type":"image\/jpeg"}],"twitter_card":"summary_large_image","twitter_misc":{"Estimated reading time":"1 minute"},"schema":{"@context":"https:\/\/schema.org","@graph":[{"@type":"WebPage","@id":"https:\/\/vinilozona.lt\/parduotuve\/cd\/nauji-cd\/jon-anderson-1000-hands-chapter-one-cd\/","url":"https:\/\/vinilozona.lt\/parduotuve\/cd\/nauji-cd\/jon-anderson-1000-hands-chapter-one-cd\/","name":"Jon Anderson \u2013 1000 Hands (Chapter One) CD Vinilin\u0117 Plok\u0161tel\u0117 | Vinilozona.lt","isPartOf":{"@id":"https:\/\/vinilozona.lt\/#website"},"primaryImageOfPage":{"@id":"https:\/\/vinilozona.lt\/parduotuve\/cd\/nauji-cd\/jon-anderson-1000-hands-chapter-one-cd\/#primaryimage"},"image":{"@id":"https:\/\/vinilozona.lt\/parduotuve\/cd\/nauji-cd\/jon-anderson-1000-hands-chapter-one-cd\/#primaryimage"},"thumbnailUrl":"https:\/\/vinilozona.lt\/wp-content\/uploads\/2024\/11\/R-13485251-1556828689-6573.jpg","datePublished":"2024-11-27T03:20:01+00:00","dateModified":"2024-12-16T14:26:49+00:00","breadcrumb":{"@id":"https:\/\/vinilozona.lt\/parduotuve\/cd\/nauji-cd\/jon-anderson-1000-hands-chapter-one-cd\/#breadcrumb"},"inLanguage":"en-GB","potentialAction":[{"@type":"ReadAction","target":["https:\/\/vinilozona.lt\/parduotuve\/cd\/nauji-cd\/jon-anderson-1000-hands-chapter-one-cd\/"]}]},{"@type":"ImageObject","inLanguage":"en-GB","@id":"https:\/\/vinilozona.lt\/parduotuve\/cd\/nauji-cd\/jon-anderson-1000-hands-chapter-one-cd\/#primaryimage","url":"https:\/\/vinilozona.lt\/wp-content\/uploads\/2024\/11\/R-13485251-1556828689-6573.jpg","contentUrl":"https:\/\/vinilozona.lt\/wp-content\/uploads\/2024\/11\/R-13485251-1556828689-6573.jpg","width":599,"height":536},{"@type":"BreadcrumbList","@id":"https:\/\/vinilozona.lt\/parduotuve\/cd\/nauji-cd\/jon-anderson-1000-hands-chapter-one-cd\/#breadcrumb","itemListElement":[{"@type":"ListItem","position":1,"name":"Home","item":"https:\/\/vinilozona.lt\/"},{"@type":"ListItem","position":2,"name":"Parduotuv\u0117","item":"https:\/\/vinilozona.lt\/parduotuve\/"},{"@type":"ListItem","position":3,"name":"Jon Anderson \u2013 1000 Hands (Chapter One) CD"}]},{"@type":"WebSite","@id":"https:\/\/vinilozona.lt\/#website","url":"https:\/\/vinilozona.lt\/","name":"Vinilo Zona","description":"Nup\u016bsk dulkes ir klausyk LP","potentialAction":[{"@type":"SearchAction","target":{"@type":"EntryPoint","urlTemplate":"https:\/\/vinilozona.lt\/?s={search_term_string}"},"query-input":{"@type":"PropertyValueSpecification","valueRequired":true,"valueName":"search_term_string"}}],"inLanguage":"en-GB"}]}},"_links":{"self":[{"href":"https:\/\/vinilozona.lt\/en\/wp-json\/wp\/v2\/product\/26550"}],"collection":[{"href":"https:\/\/vinilozona.lt\/en\/wp-json\/wp\/v2\/product"}],"about":[{"href":"https:\/\/vinilozona.lt\/en\/wp-json\/wp\/v2\/types\/product"}],"wp:featuredmedia":[{"embeddable":true,"href":"https:\/\/vinilozona.lt\/en\/wp-json\/wp\/v2\/media\/26551"}],"wp:attachment":[{"href":"https:\/\/vinilozona.lt\/en\/wp-json\/wp\/v2\/media?parent=26550"}],"wp:term":[{"taxonomy":"product_cat","embeddable":true,"href":"https:\/\/vinilozona.lt\/en\/wp-json\/wp\/v2\/product_cat?post=26550"},{"taxonomy":"product_tag","embeddable":true,"href":"https:\/\/vinilozona.lt\/en\/wp-json\/wp\/v2\/product_tag?post=26550"}],"curies":[{"name":"wp","href":"https:\/\/api.w.org\/{rel}","templated":true}]}}