{"id":26535,"date":"2024-11-27T05:05:19","date_gmt":"2024-11-27T03:05:19","guid":{"rendered":"https:\/\/vinilozona.lt\/?post_type=product&#038;p=26535"},"modified":"2024-11-25T20:19:38","modified_gmt":"2024-11-25T18:19:38","slug":"howlin-wolf-howlin-wolf","status":"publish","type":"product","link":"https:\/\/vinilozona.lt\/en\/parduotuve\/naujos-lp\/howlin-wolf-howlin-wolf\/","title":{"rendered":"Howlin&#8217; Wolf \u2013 Howlin&#8217; Wolf"},"content":{"rendered":"<p>Shake For Me\t2:12<br \/>\nThe Red Rooster\t2:22<br \/>\nYou&#8217;ll Be Mine\t2:23<br \/>\nWho&#8217;s Been Talkin&#8217;\t2:18<br \/>\nWang-Dang Doodle\t2:18<br \/>\nLittle Baby\t2:43<br \/>\nSpoonful\t2:42<br \/>\nGoing Down Slow\t3:18<br \/>\nDown In The Bottom\t2:05<br \/>\nBack Door Man\t2:45<br \/>\nHowlin&#8217; For My Baby\t2:28<br \/>\nTell Me\t2:52<\/p>","protected":false},"excerpt":{"rendered":"<p>Chess \u2013 none, Geffen Records \u2013 none<br \/>\nFormat:<br \/>\nVinyl, LP, Album<br \/>\nCountry:<br \/>\nEurope<br \/>\nReleased:  2022<\/p>","protected":false},"featured_media":26536,"template":"","meta":[],"product_cat":[23],"product_tag":[74],"yoast_head":"<!-- This site is optimized with the Yoast SEO plugin v23.5 - https:\/\/yoast.com\/wordpress\/plugins\/seo\/ -->\n<title>Howlin&#039; Wolf \u2013 Howlin&#039; Wolf Vinilin\u0117 Plok\u0161tel\u0117 | Vinilozona.lt<\/title>\n<meta name=\"robots\" content=\"index, follow, max-snippet:-1, max-image-preview:large, max-video-preview:-1\" \/>\n<link rel=\"canonical\" href=\"https:\/\/vinilozona.lt\/en\/parduotuve\/naujos-lp\/howlin-wolf-howlin-wolf\/\" \/>\n<meta property=\"og:locale\" content=\"en_GB\" \/>\n<meta property=\"og:type\" content=\"article\" \/>\n<meta property=\"og:title\" content=\"Howlin&#039; Wolf \u2013 Howlin&#039; Wolf Vinilin\u0117 Plok\u0161tel\u0117 | Vinilozona.lt\" \/>\n<meta property=\"og:description\" content=\"Chess \u2013 none, Geffen Records \u2013 none Format: Vinyl, LP, Album Country: Europe Released: 2022\" \/>\n<meta property=\"og:url\" content=\"https:\/\/vinilozona.lt\/en\/parduotuve\/naujos-lp\/howlin-wolf-howlin-wolf\/\" \/>\n<meta property=\"og:site_name\" content=\"Vinilo Zona\" \/>\n<meta property=\"article:modified_time\" content=\"2024-11-25T18:19:38+00:00\" \/>\n<meta property=\"og:image\" content=\"https:\/\/vinilozona.lt\/wp-content\/uploads\/2024\/11\/R-31245955-1721223250-7403.jpg\" \/>\n\t<meta property=\"og:image:width\" content=\"599\" \/>\n\t<meta property=\"og:image:height\" content=\"582\" \/>\n\t<meta property=\"og:image:type\" content=\"image\/jpeg\" \/>\n<meta name=\"twitter:card\" content=\"summary_large_image\" \/>\n<meta name=\"twitter:label1\" content=\"Estimated reading time\" \/>\n\t<meta name=\"twitter:data1\" content=\"1 minute\" \/>\n<script type=\"application\/ld+json\" class=\"yoast-schema-graph\">{\"@context\":\"https:\/\/schema.org\",\"@graph\":[{\"@type\":\"WebPage\",\"@id\":\"https:\/\/vinilozona.lt\/parduotuve\/naujos-lp\/howlin-wolf-howlin-wolf\/\",\"url\":\"https:\/\/vinilozona.lt\/parduotuve\/naujos-lp\/howlin-wolf-howlin-wolf\/\",\"name\":\"Howlin' Wolf \u2013 Howlin' Wolf Vinilin\u0117 Plok\u0161tel\u0117 | Vinilozona.lt\",\"isPartOf\":{\"@id\":\"https:\/\/vinilozona.lt\/#website\"},\"primaryImageOfPage\":{\"@id\":\"https:\/\/vinilozona.lt\/parduotuve\/naujos-lp\/howlin-wolf-howlin-wolf\/#primaryimage\"},\"image\":{\"@id\":\"https:\/\/vinilozona.lt\/parduotuve\/naujos-lp\/howlin-wolf-howlin-wolf\/#primaryimage\"},\"thumbnailUrl\":\"https:\/\/vinilozona.lt\/wp-content\/uploads\/2024\/11\/R-31245955-1721223250-7403.jpg\",\"datePublished\":\"2024-11-27T03:05:19+00:00\",\"dateModified\":\"2024-11-25T18:19:38+00:00\",\"breadcrumb\":{\"@id\":\"https:\/\/vinilozona.lt\/parduotuve\/naujos-lp\/howlin-wolf-howlin-wolf\/#breadcrumb\"},\"inLanguage\":\"en-GB\",\"potentialAction\":[{\"@type\":\"ReadAction\",\"target\":[\"https:\/\/vinilozona.lt\/parduotuve\/naujos-lp\/howlin-wolf-howlin-wolf\/\"]}]},{\"@type\":\"ImageObject\",\"inLanguage\":\"en-GB\",\"@id\":\"https:\/\/vinilozona.lt\/parduotuve\/naujos-lp\/howlin-wolf-howlin-wolf\/#primaryimage\",\"url\":\"https:\/\/vinilozona.lt\/wp-content\/uploads\/2024\/11\/R-31245955-1721223250-7403.jpg\",\"contentUrl\":\"https:\/\/vinilozona.lt\/wp-content\/uploads\/2024\/11\/R-31245955-1721223250-7403.jpg\",\"width\":599,\"height\":582},{\"@type\":\"BreadcrumbList\",\"@id\":\"https:\/\/vinilozona.lt\/parduotuve\/naujos-lp\/howlin-wolf-howlin-wolf\/#breadcrumb\",\"itemListElement\":[{\"@type\":\"ListItem\",\"position\":1,\"name\":\"Home\",\"item\":\"https:\/\/vinilozona.lt\/\"},{\"@type\":\"ListItem\",\"position\":2,\"name\":\"Parduotuv\u0117\",\"item\":\"https:\/\/vinilozona.lt\/parduotuve\/\"},{\"@type\":\"ListItem\",\"position\":3,\"name\":\"Howlin&#8217; Wolf \u2013 Howlin&#8217; Wolf\"}]},{\"@type\":\"WebSite\",\"@id\":\"https:\/\/vinilozona.lt\/#website\",\"url\":\"https:\/\/vinilozona.lt\/\",\"name\":\"Vinilo Zona\",\"description\":\"Nup\u016bsk dulkes ir klausyk LP\",\"potentialAction\":[{\"@type\":\"SearchAction\",\"target\":{\"@type\":\"EntryPoint\",\"urlTemplate\":\"https:\/\/vinilozona.lt\/?s={search_term_string}\"},\"query-input\":{\"@type\":\"PropertyValueSpecification\",\"valueRequired\":true,\"valueName\":\"search_term_string\"}}],\"inLanguage\":\"en-GB\"}]}<\/script>\n<!-- \/ Yoast SEO plugin. -->","yoast_head_json":{"title":"Howlin' Wolf \u2013 Howlin' Wolf Vinilin\u0117 Plok\u0161tel\u0117 | Vinilozona.lt","robots":{"index":"index","follow":"follow","max-snippet":"max-snippet:-1","max-image-preview":"max-image-preview:large","max-video-preview":"max-video-preview:-1"},"canonical":"https:\/\/vinilozona.lt\/en\/parduotuve\/naujos-lp\/howlin-wolf-howlin-wolf\/","og_locale":"en_GB","og_type":"article","og_title":"Howlin' Wolf \u2013 Howlin' Wolf Vinilin\u0117 Plok\u0161tel\u0117 | Vinilozona.lt","og_description":"Chess \u2013 none, Geffen Records \u2013 none Format: Vinyl, LP, Album Country: Europe Released: 2022","og_url":"https:\/\/vinilozona.lt\/en\/parduotuve\/naujos-lp\/howlin-wolf-howlin-wolf\/","og_site_name":"Vinilo Zona","article_modified_time":"2024-11-25T18:19:38+00:00","og_image":[{"width":599,"height":582,"url":"https:\/\/vinilozona.lt\/wp-content\/uploads\/2024\/11\/R-31245955-1721223250-7403.jpg","type":"image\/jpeg"}],"twitter_card":"summary_large_image","twitter_misc":{"Estimated reading time":"1 minute"},"schema":{"@context":"https:\/\/schema.org","@graph":[{"@type":"WebPage","@id":"https:\/\/vinilozona.lt\/parduotuve\/naujos-lp\/howlin-wolf-howlin-wolf\/","url":"https:\/\/vinilozona.lt\/parduotuve\/naujos-lp\/howlin-wolf-howlin-wolf\/","name":"Howlin' Wolf \u2013 Howlin' Wolf Vinilin\u0117 Plok\u0161tel\u0117 | Vinilozona.lt","isPartOf":{"@id":"https:\/\/vinilozona.lt\/#website"},"primaryImageOfPage":{"@id":"https:\/\/vinilozona.lt\/parduotuve\/naujos-lp\/howlin-wolf-howlin-wolf\/#primaryimage"},"image":{"@id":"https:\/\/vinilozona.lt\/parduotuve\/naujos-lp\/howlin-wolf-howlin-wolf\/#primaryimage"},"thumbnailUrl":"https:\/\/vinilozona.lt\/wp-content\/uploads\/2024\/11\/R-31245955-1721223250-7403.jpg","datePublished":"2024-11-27T03:05:19+00:00","dateModified":"2024-11-25T18:19:38+00:00","breadcrumb":{"@id":"https:\/\/vinilozona.lt\/parduotuve\/naujos-lp\/howlin-wolf-howlin-wolf\/#breadcrumb"},"inLanguage":"en-GB","potentialAction":[{"@type":"ReadAction","target":["https:\/\/vinilozona.lt\/parduotuve\/naujos-lp\/howlin-wolf-howlin-wolf\/"]}]},{"@type":"ImageObject","inLanguage":"en-GB","@id":"https:\/\/vinilozona.lt\/parduotuve\/naujos-lp\/howlin-wolf-howlin-wolf\/#primaryimage","url":"https:\/\/vinilozona.lt\/wp-content\/uploads\/2024\/11\/R-31245955-1721223250-7403.jpg","contentUrl":"https:\/\/vinilozona.lt\/wp-content\/uploads\/2024\/11\/R-31245955-1721223250-7403.jpg","width":599,"height":582},{"@type":"BreadcrumbList","@id":"https:\/\/vinilozona.lt\/parduotuve\/naujos-lp\/howlin-wolf-howlin-wolf\/#breadcrumb","itemListElement":[{"@type":"ListItem","position":1,"name":"Home","item":"https:\/\/vinilozona.lt\/"},{"@type":"ListItem","position":2,"name":"Parduotuv\u0117","item":"https:\/\/vinilozona.lt\/parduotuve\/"},{"@type":"ListItem","position":3,"name":"Howlin&#8217; Wolf \u2013 Howlin&#8217; Wolf"}]},{"@type":"WebSite","@id":"https:\/\/vinilozona.lt\/#website","url":"https:\/\/vinilozona.lt\/","name":"Vinilo Zona","description":"Nup\u016bsk dulkes ir klausyk LP","potentialAction":[{"@type":"SearchAction","target":{"@type":"EntryPoint","urlTemplate":"https:\/\/vinilozona.lt\/?s={search_term_string}"},"query-input":{"@type":"PropertyValueSpecification","valueRequired":true,"valueName":"search_term_string"}}],"inLanguage":"en-GB"}]}},"_links":{"self":[{"href":"https:\/\/vinilozona.lt\/en\/wp-json\/wp\/v2\/product\/26535"}],"collection":[{"href":"https:\/\/vinilozona.lt\/en\/wp-json\/wp\/v2\/product"}],"about":[{"href":"https:\/\/vinilozona.lt\/en\/wp-json\/wp\/v2\/types\/product"}],"wp:featuredmedia":[{"embeddable":true,"href":"https:\/\/vinilozona.lt\/en\/wp-json\/wp\/v2\/media\/26536"}],"wp:attachment":[{"href":"https:\/\/vinilozona.lt\/en\/wp-json\/wp\/v2\/media?parent=26535"}],"wp:term":[{"taxonomy":"product_cat","embeddable":true,"href":"https:\/\/vinilozona.lt\/en\/wp-json\/wp\/v2\/product_cat?post=26535"},{"taxonomy":"product_tag","embeddable":true,"href":"https:\/\/vinilozona.lt\/en\/wp-json\/wp\/v2\/product_tag?post=26535"}],"curies":[{"name":"wp","href":"https:\/\/api.w.org\/{rel}","templated":true}]}}