{"id":26518,"date":"2025-07-21T05:32:53","date_gmt":"2025-07-21T02:32:53","guid":{"rendered":"https:\/\/vinilozona.lt\/?post_type=product&#038;p=26518"},"modified":"2025-07-21T06:43:54","modified_gmt":"2025-07-21T03:43:54","slug":"vaya-con-dios-the-best-of-cd-2","status":"publish","type":"product","link":"https:\/\/vinilozona.lt\/en\/parduotuve\/cd\/naudoti-cd\/vaya-con-dios-the-best-of-cd-2\/","title":{"rendered":"Vaya Con Dios \u2013 The Best Of  CD"},"content":{"rendered":"<p>Don&#8217;t Cry For Louie\t2:57<br \/>\nJust A Friend Of Mine\t3:18<br \/>\nPuerto Rico\t4:16<br \/>\nJohnny\t2:15<br \/>\nSomething&#8217;s Got A Hold On Me\t2:36<br \/>\nNah Neh Nah\t2:52<br \/>\nI Don&#8217;t Want To Know\t3:35<br \/>\nWhat&#8217;s A Woman?\t3:56<br \/>\nTime Flies\t3:39<br \/>\nFarewell Song\t3:09<br \/>\nHeading For A Fall\t3:42<br \/>\nAt The Parallel\t2:57<br \/>\nDon&#8217;t Break My Heart\t4:25<br \/>\nStay With Me\t3:42<br \/>\nLonely Feeling\t4:04<br \/>\nEvening Of Love\t3:46<\/p>","protected":false},"excerpt":{"rendered":"<p>BMG Ariola Belgium NV\/SA \u2013 74321 40986 2, Ariola \u2013 74321 40986 2<br \/>\nFormat:<br \/>\nCD, Compilation<br \/>\nCountry:<br \/>\nEurope<br \/>\nReleased:<br \/>\n1996<\/p>","protected":false},"featured_media":26519,"template":"","meta":[],"product_cat":[24,946],"product_tag":[44],"yoast_head":"<!-- This site is optimized with the Yoast SEO plugin v23.5 - https:\/\/yoast.com\/wordpress\/plugins\/seo\/ -->\n<title>Vaya Con Dios \u2013 The Best Of CD Vinilin\u0117 Plok\u0161tel\u0117 | Vinilozona.lt<\/title>\n<meta name=\"robots\" content=\"index, follow, max-snippet:-1, max-image-preview:large, max-video-preview:-1\" \/>\n<link rel=\"canonical\" href=\"https:\/\/vinilozona.lt\/en\/parduotuve\/cd\/naudoti-cd\/vaya-con-dios-the-best-of-cd-2\/\" \/>\n<meta property=\"og:locale\" content=\"en_GB\" \/>\n<meta property=\"og:type\" content=\"article\" \/>\n<meta property=\"og:title\" content=\"Vaya Con Dios \u2013 The Best Of CD Vinilin\u0117 Plok\u0161tel\u0117 | Vinilozona.lt\" \/>\n<meta property=\"og:description\" content=\"BMG Ariola Belgium NV\/SA \u2013 74321 40986 2, Ariola \u2013 74321 40986 2 Format: CD, Compilation Country: Europe Released: 1996\" \/>\n<meta property=\"og:url\" content=\"https:\/\/vinilozona.lt\/en\/parduotuve\/cd\/naudoti-cd\/vaya-con-dios-the-best-of-cd-2\/\" \/>\n<meta property=\"og:site_name\" content=\"Vinilo Zona\" \/>\n<meta property=\"article:modified_time\" content=\"2025-07-21T03:43:54+00:00\" \/>\n<meta property=\"og:image\" content=\"https:\/\/vinilozona.lt\/wp-content\/uploads\/2024\/11\/R-553070-1553445923-7393.jpg\" \/>\n\t<meta property=\"og:image:width\" content=\"600\" \/>\n\t<meta property=\"og:image:height\" content=\"600\" \/>\n\t<meta property=\"og:image:type\" content=\"image\/jpeg\" \/>\n<meta name=\"twitter:card\" content=\"summary_large_image\" \/>\n<meta name=\"twitter:label1\" content=\"Estimated reading time\" \/>\n\t<meta name=\"twitter:data1\" content=\"1 minute\" \/>\n<script type=\"application\/ld+json\" class=\"yoast-schema-graph\">{\"@context\":\"https:\/\/schema.org\",\"@graph\":[{\"@type\":\"WebPage\",\"@id\":\"https:\/\/vinilozona.lt\/parduotuve\/cd\/naudoti-cd\/vaya-con-dios-the-best-of-cd-2\/\",\"url\":\"https:\/\/vinilozona.lt\/parduotuve\/cd\/naudoti-cd\/vaya-con-dios-the-best-of-cd-2\/\",\"name\":\"Vaya Con Dios \u2013 The Best Of CD Vinilin\u0117 Plok\u0161tel\u0117 | Vinilozona.lt\",\"isPartOf\":{\"@id\":\"https:\/\/vinilozona.lt\/#website\"},\"primaryImageOfPage\":{\"@id\":\"https:\/\/vinilozona.lt\/parduotuve\/cd\/naudoti-cd\/vaya-con-dios-the-best-of-cd-2\/#primaryimage\"},\"image\":{\"@id\":\"https:\/\/vinilozona.lt\/parduotuve\/cd\/naudoti-cd\/vaya-con-dios-the-best-of-cd-2\/#primaryimage\"},\"thumbnailUrl\":\"https:\/\/vinilozona.lt\/wp-content\/uploads\/2024\/11\/R-553070-1553445923-7393.jpg\",\"datePublished\":\"2025-07-21T02:32:53+00:00\",\"dateModified\":\"2025-07-21T03:43:54+00:00\",\"breadcrumb\":{\"@id\":\"https:\/\/vinilozona.lt\/parduotuve\/cd\/naudoti-cd\/vaya-con-dios-the-best-of-cd-2\/#breadcrumb\"},\"inLanguage\":\"en-GB\",\"potentialAction\":[{\"@type\":\"ReadAction\",\"target\":[\"https:\/\/vinilozona.lt\/parduotuve\/cd\/naudoti-cd\/vaya-con-dios-the-best-of-cd-2\/\"]}]},{\"@type\":\"ImageObject\",\"inLanguage\":\"en-GB\",\"@id\":\"https:\/\/vinilozona.lt\/parduotuve\/cd\/naudoti-cd\/vaya-con-dios-the-best-of-cd-2\/#primaryimage\",\"url\":\"https:\/\/vinilozona.lt\/wp-content\/uploads\/2024\/11\/R-553070-1553445923-7393.jpg\",\"contentUrl\":\"https:\/\/vinilozona.lt\/wp-content\/uploads\/2024\/11\/R-553070-1553445923-7393.jpg\",\"width\":600,\"height\":600},{\"@type\":\"BreadcrumbList\",\"@id\":\"https:\/\/vinilozona.lt\/parduotuve\/cd\/naudoti-cd\/vaya-con-dios-the-best-of-cd-2\/#breadcrumb\",\"itemListElement\":[{\"@type\":\"ListItem\",\"position\":1,\"name\":\"Home\",\"item\":\"https:\/\/vinilozona.lt\/\"},{\"@type\":\"ListItem\",\"position\":2,\"name\":\"Parduotuv\u0117\",\"item\":\"https:\/\/vinilozona.lt\/parduotuve\/\"},{\"@type\":\"ListItem\",\"position\":3,\"name\":\"Vaya Con Dios \u2013 The Best Of CD\"}]},{\"@type\":\"WebSite\",\"@id\":\"https:\/\/vinilozona.lt\/#website\",\"url\":\"https:\/\/vinilozona.lt\/\",\"name\":\"Vinilo Zona\",\"description\":\"Nup\u016bsk dulkes ir klausyk LP\",\"potentialAction\":[{\"@type\":\"SearchAction\",\"target\":{\"@type\":\"EntryPoint\",\"urlTemplate\":\"https:\/\/vinilozona.lt\/?s={search_term_string}\"},\"query-input\":{\"@type\":\"PropertyValueSpecification\",\"valueRequired\":true,\"valueName\":\"search_term_string\"}}],\"inLanguage\":\"en-GB\"}]}<\/script>\n<!-- \/ Yoast SEO plugin. -->","yoast_head_json":{"title":"Vaya Con Dios \u2013 The Best Of CD Vinilin\u0117 Plok\u0161tel\u0117 | Vinilozona.lt","robots":{"index":"index","follow":"follow","max-snippet":"max-snippet:-1","max-image-preview":"max-image-preview:large","max-video-preview":"max-video-preview:-1"},"canonical":"https:\/\/vinilozona.lt\/en\/parduotuve\/cd\/naudoti-cd\/vaya-con-dios-the-best-of-cd-2\/","og_locale":"en_GB","og_type":"article","og_title":"Vaya Con Dios \u2013 The Best Of CD Vinilin\u0117 Plok\u0161tel\u0117 | Vinilozona.lt","og_description":"BMG Ariola Belgium NV\/SA \u2013 74321 40986 2, Ariola \u2013 74321 40986 2 Format: CD, Compilation Country: Europe Released: 1996","og_url":"https:\/\/vinilozona.lt\/en\/parduotuve\/cd\/naudoti-cd\/vaya-con-dios-the-best-of-cd-2\/","og_site_name":"Vinilo Zona","article_modified_time":"2025-07-21T03:43:54+00:00","og_image":[{"width":600,"height":600,"url":"https:\/\/vinilozona.lt\/wp-content\/uploads\/2024\/11\/R-553070-1553445923-7393.jpg","type":"image\/jpeg"}],"twitter_card":"summary_large_image","twitter_misc":{"Estimated reading time":"1 minute"},"schema":{"@context":"https:\/\/schema.org","@graph":[{"@type":"WebPage","@id":"https:\/\/vinilozona.lt\/parduotuve\/cd\/naudoti-cd\/vaya-con-dios-the-best-of-cd-2\/","url":"https:\/\/vinilozona.lt\/parduotuve\/cd\/naudoti-cd\/vaya-con-dios-the-best-of-cd-2\/","name":"Vaya Con Dios \u2013 The Best Of CD Vinilin\u0117 Plok\u0161tel\u0117 | Vinilozona.lt","isPartOf":{"@id":"https:\/\/vinilozona.lt\/#website"},"primaryImageOfPage":{"@id":"https:\/\/vinilozona.lt\/parduotuve\/cd\/naudoti-cd\/vaya-con-dios-the-best-of-cd-2\/#primaryimage"},"image":{"@id":"https:\/\/vinilozona.lt\/parduotuve\/cd\/naudoti-cd\/vaya-con-dios-the-best-of-cd-2\/#primaryimage"},"thumbnailUrl":"https:\/\/vinilozona.lt\/wp-content\/uploads\/2024\/11\/R-553070-1553445923-7393.jpg","datePublished":"2025-07-21T02:32:53+00:00","dateModified":"2025-07-21T03:43:54+00:00","breadcrumb":{"@id":"https:\/\/vinilozona.lt\/parduotuve\/cd\/naudoti-cd\/vaya-con-dios-the-best-of-cd-2\/#breadcrumb"},"inLanguage":"en-GB","potentialAction":[{"@type":"ReadAction","target":["https:\/\/vinilozona.lt\/parduotuve\/cd\/naudoti-cd\/vaya-con-dios-the-best-of-cd-2\/"]}]},{"@type":"ImageObject","inLanguage":"en-GB","@id":"https:\/\/vinilozona.lt\/parduotuve\/cd\/naudoti-cd\/vaya-con-dios-the-best-of-cd-2\/#primaryimage","url":"https:\/\/vinilozona.lt\/wp-content\/uploads\/2024\/11\/R-553070-1553445923-7393.jpg","contentUrl":"https:\/\/vinilozona.lt\/wp-content\/uploads\/2024\/11\/R-553070-1553445923-7393.jpg","width":600,"height":600},{"@type":"BreadcrumbList","@id":"https:\/\/vinilozona.lt\/parduotuve\/cd\/naudoti-cd\/vaya-con-dios-the-best-of-cd-2\/#breadcrumb","itemListElement":[{"@type":"ListItem","position":1,"name":"Home","item":"https:\/\/vinilozona.lt\/"},{"@type":"ListItem","position":2,"name":"Parduotuv\u0117","item":"https:\/\/vinilozona.lt\/parduotuve\/"},{"@type":"ListItem","position":3,"name":"Vaya Con Dios \u2013 The Best Of CD"}]},{"@type":"WebSite","@id":"https:\/\/vinilozona.lt\/#website","url":"https:\/\/vinilozona.lt\/","name":"Vinilo Zona","description":"Nup\u016bsk dulkes ir klausyk LP","potentialAction":[{"@type":"SearchAction","target":{"@type":"EntryPoint","urlTemplate":"https:\/\/vinilozona.lt\/?s={search_term_string}"},"query-input":{"@type":"PropertyValueSpecification","valueRequired":true,"valueName":"search_term_string"}}],"inLanguage":"en-GB"}]}},"_links":{"self":[{"href":"https:\/\/vinilozona.lt\/en\/wp-json\/wp\/v2\/product\/26518"}],"collection":[{"href":"https:\/\/vinilozona.lt\/en\/wp-json\/wp\/v2\/product"}],"about":[{"href":"https:\/\/vinilozona.lt\/en\/wp-json\/wp\/v2\/types\/product"}],"wp:featuredmedia":[{"embeddable":true,"href":"https:\/\/vinilozona.lt\/en\/wp-json\/wp\/v2\/media\/26519"}],"wp:attachment":[{"href":"https:\/\/vinilozona.lt\/en\/wp-json\/wp\/v2\/media?parent=26518"}],"wp:term":[{"taxonomy":"product_cat","embeddable":true,"href":"https:\/\/vinilozona.lt\/en\/wp-json\/wp\/v2\/product_cat?post=26518"},{"taxonomy":"product_tag","embeddable":true,"href":"https:\/\/vinilozona.lt\/en\/wp-json\/wp\/v2\/product_tag?post=26518"}],"curies":[{"name":"wp","href":"https:\/\/api.w.org\/{rel}","templated":true}]}}