{"id":26517,"date":"2023-11-23T08:16:53","date_gmt":"2023-11-23T06:16:53","guid":{"rendered":"https:\/\/vinilozona.lt\/?post_type=product&#038;p=26517"},"modified":"2025-06-07T06:53:57","modified_gmt":"2025-06-07T03:53:57","slug":"enya-paint-the-sky-with-stars-the-best-of-enya-cd","status":"publish","type":"product","link":"https:\/\/vinilozona.lt\/en\/parduotuve\/cd\/naudoti-cd\/enya-paint-the-sky-with-stars-the-best-of-enya-cd\/","title":{"rendered":"Enya \u2013 Paint The Sky With Stars (The Best Of Enya)  CD"},"content":{"rendered":"<p>Orinoco Flow\t4:26<br \/>\nCaribbean Blue\t3:58<br \/>\nBook Of Days\t2:53<br \/>\nAnywhere Is\t3:43<br \/>\nOnly If&#8230;\t3:17<br \/>\nThe Celts\t2:55<br \/>\nChina Roses\t4:40<br \/>\nShepherd Moons\t3:40<br \/>\nEbudae\t1:53<br \/>\nStorms In Africa\t4:10<br \/>\nWatermark\t2:24<br \/>\nPaint The Sky With Stars\t4:12<br \/>\nMarble Halls\t3:53<br \/>\nOn My Way Home\t3:35<br \/>\nThe Memory Of Trees\t4:16<br \/>\nBoadicea\t3:28<\/p>","protected":false},"excerpt":{"rendered":"<p>WEA \u2013 3984 20895 2<br \/>\nFormat:<br \/>\nCD, Compilation<br \/>\nCountry:<br \/>\nEurope<br \/>\nReleased:<br \/>\nNov 11, 1997<\/p>","protected":false},"featured_media":26521,"template":"","meta":[],"product_cat":[24,946],"product_tag":[44],"yoast_head":"<!-- This site is optimized with the Yoast SEO plugin v23.5 - https:\/\/yoast.com\/wordpress\/plugins\/seo\/ -->\n<title>Enya \u2013 Paint The Sky With Stars (The Best Of Enya) CD Vinilin\u0117 Plok\u0161tel\u0117 | Vinilozona.lt<\/title>\n<meta name=\"robots\" content=\"index, follow, max-snippet:-1, max-image-preview:large, max-video-preview:-1\" \/>\n<link rel=\"canonical\" href=\"https:\/\/vinilozona.lt\/en\/parduotuve\/cd\/naudoti-cd\/enya-paint-the-sky-with-stars-the-best-of-enya-cd\/\" \/>\n<meta property=\"og:locale\" content=\"en_GB\" \/>\n<meta property=\"og:type\" content=\"article\" \/>\n<meta property=\"og:title\" content=\"Enya \u2013 Paint The Sky With Stars (The Best Of Enya) CD Vinilin\u0117 Plok\u0161tel\u0117 | Vinilozona.lt\" \/>\n<meta property=\"og:description\" content=\"WEA \u2013 3984 20895 2 Format: CD, Compilation Country: Europe Released: Nov 11, 1997\" \/>\n<meta property=\"og:url\" content=\"https:\/\/vinilozona.lt\/en\/parduotuve\/cd\/naudoti-cd\/enya-paint-the-sky-with-stars-the-best-of-enya-cd\/\" \/>\n<meta property=\"og:site_name\" content=\"Vinilo Zona\" \/>\n<meta property=\"article:modified_time\" content=\"2025-06-07T03:53:57+00:00\" \/>\n<meta property=\"og:image\" content=\"https:\/\/vinilozona.lt\/wp-content\/uploads\/2024\/11\/R-636215-1557927312-7261.jpg\" \/>\n\t<meta property=\"og:image:width\" content=\"600\" \/>\n\t<meta property=\"og:image:height\" content=\"600\" \/>\n\t<meta property=\"og:image:type\" content=\"image\/jpeg\" \/>\n<meta name=\"twitter:card\" content=\"summary_large_image\" \/>\n<meta name=\"twitter:label1\" content=\"Estimated reading time\" \/>\n\t<meta name=\"twitter:data1\" content=\"1 minute\" \/>\n<script type=\"application\/ld+json\" class=\"yoast-schema-graph\">{\"@context\":\"https:\/\/schema.org\",\"@graph\":[{\"@type\":\"WebPage\",\"@id\":\"https:\/\/vinilozona.lt\/parduotuve\/cd\/naudoti-cd\/enya-paint-the-sky-with-stars-the-best-of-enya-cd\/\",\"url\":\"https:\/\/vinilozona.lt\/parduotuve\/cd\/naudoti-cd\/enya-paint-the-sky-with-stars-the-best-of-enya-cd\/\",\"name\":\"Enya \u2013 Paint The Sky With Stars (The Best Of Enya) CD Vinilin\u0117 Plok\u0161tel\u0117 | Vinilozona.lt\",\"isPartOf\":{\"@id\":\"https:\/\/vinilozona.lt\/#website\"},\"primaryImageOfPage\":{\"@id\":\"https:\/\/vinilozona.lt\/parduotuve\/cd\/naudoti-cd\/enya-paint-the-sky-with-stars-the-best-of-enya-cd\/#primaryimage\"},\"image\":{\"@id\":\"https:\/\/vinilozona.lt\/parduotuve\/cd\/naudoti-cd\/enya-paint-the-sky-with-stars-the-best-of-enya-cd\/#primaryimage\"},\"thumbnailUrl\":\"https:\/\/vinilozona.lt\/wp-content\/uploads\/2024\/11\/R-636215-1557927312-7261.jpg\",\"datePublished\":\"2023-11-23T06:16:53+00:00\",\"dateModified\":\"2025-06-07T03:53:57+00:00\",\"breadcrumb\":{\"@id\":\"https:\/\/vinilozona.lt\/parduotuve\/cd\/naudoti-cd\/enya-paint-the-sky-with-stars-the-best-of-enya-cd\/#breadcrumb\"},\"inLanguage\":\"en-GB\",\"potentialAction\":[{\"@type\":\"ReadAction\",\"target\":[\"https:\/\/vinilozona.lt\/parduotuve\/cd\/naudoti-cd\/enya-paint-the-sky-with-stars-the-best-of-enya-cd\/\"]}]},{\"@type\":\"ImageObject\",\"inLanguage\":\"en-GB\",\"@id\":\"https:\/\/vinilozona.lt\/parduotuve\/cd\/naudoti-cd\/enya-paint-the-sky-with-stars-the-best-of-enya-cd\/#primaryimage\",\"url\":\"https:\/\/vinilozona.lt\/wp-content\/uploads\/2024\/11\/R-636215-1557927312-7261.jpg\",\"contentUrl\":\"https:\/\/vinilozona.lt\/wp-content\/uploads\/2024\/11\/R-636215-1557927312-7261.jpg\",\"width\":600,\"height\":600},{\"@type\":\"BreadcrumbList\",\"@id\":\"https:\/\/vinilozona.lt\/parduotuve\/cd\/naudoti-cd\/enya-paint-the-sky-with-stars-the-best-of-enya-cd\/#breadcrumb\",\"itemListElement\":[{\"@type\":\"ListItem\",\"position\":1,\"name\":\"Home\",\"item\":\"https:\/\/vinilozona.lt\/\"},{\"@type\":\"ListItem\",\"position\":2,\"name\":\"Parduotuv\u0117\",\"item\":\"https:\/\/vinilozona.lt\/parduotuve\/\"},{\"@type\":\"ListItem\",\"position\":3,\"name\":\"Enya \u2013 Paint The Sky With Stars (The Best Of Enya) CD\"}]},{\"@type\":\"WebSite\",\"@id\":\"https:\/\/vinilozona.lt\/#website\",\"url\":\"https:\/\/vinilozona.lt\/\",\"name\":\"Vinilo Zona\",\"description\":\"Nup\u016bsk dulkes ir klausyk LP\",\"potentialAction\":[{\"@type\":\"SearchAction\",\"target\":{\"@type\":\"EntryPoint\",\"urlTemplate\":\"https:\/\/vinilozona.lt\/?s={search_term_string}\"},\"query-input\":{\"@type\":\"PropertyValueSpecification\",\"valueRequired\":true,\"valueName\":\"search_term_string\"}}],\"inLanguage\":\"en-GB\"}]}<\/script>\n<!-- \/ Yoast SEO plugin. -->","yoast_head_json":{"title":"Enya \u2013 Paint The Sky With Stars (The Best Of Enya) CD Vinilin\u0117 Plok\u0161tel\u0117 | Vinilozona.lt","robots":{"index":"index","follow":"follow","max-snippet":"max-snippet:-1","max-image-preview":"max-image-preview:large","max-video-preview":"max-video-preview:-1"},"canonical":"https:\/\/vinilozona.lt\/en\/parduotuve\/cd\/naudoti-cd\/enya-paint-the-sky-with-stars-the-best-of-enya-cd\/","og_locale":"en_GB","og_type":"article","og_title":"Enya \u2013 Paint The Sky With Stars (The Best Of Enya) CD Vinilin\u0117 Plok\u0161tel\u0117 | Vinilozona.lt","og_description":"WEA \u2013 3984 20895 2 Format: CD, Compilation Country: Europe Released: Nov 11, 1997","og_url":"https:\/\/vinilozona.lt\/en\/parduotuve\/cd\/naudoti-cd\/enya-paint-the-sky-with-stars-the-best-of-enya-cd\/","og_site_name":"Vinilo Zona","article_modified_time":"2025-06-07T03:53:57+00:00","og_image":[{"width":600,"height":600,"url":"https:\/\/vinilozona.lt\/wp-content\/uploads\/2024\/11\/R-636215-1557927312-7261.jpg","type":"image\/jpeg"}],"twitter_card":"summary_large_image","twitter_misc":{"Estimated reading time":"1 minute"},"schema":{"@context":"https:\/\/schema.org","@graph":[{"@type":"WebPage","@id":"https:\/\/vinilozona.lt\/parduotuve\/cd\/naudoti-cd\/enya-paint-the-sky-with-stars-the-best-of-enya-cd\/","url":"https:\/\/vinilozona.lt\/parduotuve\/cd\/naudoti-cd\/enya-paint-the-sky-with-stars-the-best-of-enya-cd\/","name":"Enya \u2013 Paint The Sky With Stars (The Best Of Enya) CD Vinilin\u0117 Plok\u0161tel\u0117 | Vinilozona.lt","isPartOf":{"@id":"https:\/\/vinilozona.lt\/#website"},"primaryImageOfPage":{"@id":"https:\/\/vinilozona.lt\/parduotuve\/cd\/naudoti-cd\/enya-paint-the-sky-with-stars-the-best-of-enya-cd\/#primaryimage"},"image":{"@id":"https:\/\/vinilozona.lt\/parduotuve\/cd\/naudoti-cd\/enya-paint-the-sky-with-stars-the-best-of-enya-cd\/#primaryimage"},"thumbnailUrl":"https:\/\/vinilozona.lt\/wp-content\/uploads\/2024\/11\/R-636215-1557927312-7261.jpg","datePublished":"2023-11-23T06:16:53+00:00","dateModified":"2025-06-07T03:53:57+00:00","breadcrumb":{"@id":"https:\/\/vinilozona.lt\/parduotuve\/cd\/naudoti-cd\/enya-paint-the-sky-with-stars-the-best-of-enya-cd\/#breadcrumb"},"inLanguage":"en-GB","potentialAction":[{"@type":"ReadAction","target":["https:\/\/vinilozona.lt\/parduotuve\/cd\/naudoti-cd\/enya-paint-the-sky-with-stars-the-best-of-enya-cd\/"]}]},{"@type":"ImageObject","inLanguage":"en-GB","@id":"https:\/\/vinilozona.lt\/parduotuve\/cd\/naudoti-cd\/enya-paint-the-sky-with-stars-the-best-of-enya-cd\/#primaryimage","url":"https:\/\/vinilozona.lt\/wp-content\/uploads\/2024\/11\/R-636215-1557927312-7261.jpg","contentUrl":"https:\/\/vinilozona.lt\/wp-content\/uploads\/2024\/11\/R-636215-1557927312-7261.jpg","width":600,"height":600},{"@type":"BreadcrumbList","@id":"https:\/\/vinilozona.lt\/parduotuve\/cd\/naudoti-cd\/enya-paint-the-sky-with-stars-the-best-of-enya-cd\/#breadcrumb","itemListElement":[{"@type":"ListItem","position":1,"name":"Home","item":"https:\/\/vinilozona.lt\/"},{"@type":"ListItem","position":2,"name":"Parduotuv\u0117","item":"https:\/\/vinilozona.lt\/parduotuve\/"},{"@type":"ListItem","position":3,"name":"Enya \u2013 Paint The Sky With Stars (The Best Of Enya) CD"}]},{"@type":"WebSite","@id":"https:\/\/vinilozona.lt\/#website","url":"https:\/\/vinilozona.lt\/","name":"Vinilo Zona","description":"Nup\u016bsk dulkes ir klausyk LP","potentialAction":[{"@type":"SearchAction","target":{"@type":"EntryPoint","urlTemplate":"https:\/\/vinilozona.lt\/?s={search_term_string}"},"query-input":{"@type":"PropertyValueSpecification","valueRequired":true,"valueName":"search_term_string"}}],"inLanguage":"en-GB"}]}},"_links":{"self":[{"href":"https:\/\/vinilozona.lt\/en\/wp-json\/wp\/v2\/product\/26517"}],"collection":[{"href":"https:\/\/vinilozona.lt\/en\/wp-json\/wp\/v2\/product"}],"about":[{"href":"https:\/\/vinilozona.lt\/en\/wp-json\/wp\/v2\/types\/product"}],"wp:featuredmedia":[{"embeddable":true,"href":"https:\/\/vinilozona.lt\/en\/wp-json\/wp\/v2\/media\/26521"}],"wp:attachment":[{"href":"https:\/\/vinilozona.lt\/en\/wp-json\/wp\/v2\/media?parent=26517"}],"wp:term":[{"taxonomy":"product_cat","embeddable":true,"href":"https:\/\/vinilozona.lt\/en\/wp-json\/wp\/v2\/product_cat?post=26517"},{"taxonomy":"product_tag","embeddable":true,"href":"https:\/\/vinilozona.lt\/en\/wp-json\/wp\/v2\/product_tag?post=26517"}],"curies":[{"name":"wp","href":"https:\/\/api.w.org\/{rel}","templated":true}]}}